{"id":1270,"date":"2018-06-29T18:27:33","date_gmt":"2018-06-29T21:27:33","guid":{"rendered":"https:\/\/esba-nqn.infd.edu.ar\/sitio\/elenco-esba\/"},"modified":"2024-08-27T11:38:59","modified_gmt":"2024-08-27T14:38:59","slug":"elenco-esba","status":"publish","type":"page","link":"https:\/\/esba-nqn.infd.edu.ar\/sitio\/elenco-esba\/","title":{"rendered":"Elenco ESBA"},"content":{"rendered":"<h5 class=\"wp-block-post-title\">Elenco ESBA<\/h5>\n\n\n<h3 class=\"wp-block-heading\">Conformaci\u00f3n Elenco Escuela de ESBA<\/h3>\n\n\n\n<figure class=\"wp-block-image size-full is-resized\"><img decoding=\"async\" loading=\"lazy\" src=\"https:\/\/esba-nqn.infd.edu.ar\/sitio\/wp-content\/uploads\/2024\/08\/elenco-3.png\" alt=\"\" class=\"wp-image-6664\" width=\"425\" height=\"532\" srcset=\"https:\/\/esba-nqn.infd.edu.ar\/sitio\/wp-content\/uploads\/2024\/08\/elenco-3.png 1080w, https:\/\/esba-nqn.infd.edu.ar\/sitio\/wp-content\/uploads\/2024\/08\/elenco-3-800x1000.png 800w, https:\/\/esba-nqn.infd.edu.ar\/sitio\/wp-content\/uploads\/2024\/08\/elenco-3-768x960.png 768w\" sizes=\"(max-width: 425px) 100vw, 425px\" \/><\/figure>\n\n\n\n<p>La ESBA Y el Departamento de Teatro dan la bienvenida al nuevo Elenco Escuela de ESBA que el 23 de Agosto de 2024 se conform\u00f3 en su totalidad. Valoramos la dedicaci\u00f3n de las veinticuatro personas que se inscribieron a esta convocatoria, y felicitamos a las y los integrantes seleccionados para el elenco:<br>Roc\u00edo Badoza,<br>Maria Bel\u00e9n Zerega<br>Leandro Mellado<br>Mariano Newen<br>Erika Perez<br>Julia Verussa<\/p>\n\n\n\n<p>Los integrantes del Elenco ser\u00e1n dirigidos por Diego Seage, que en esta convocatoria abierta y publica fue seleccionado con su proyecto.<\/p>\n\n\n\n<p>En estos tiempos que corren el ELENCO ESCUELA DE ESBA es y ser\u00e1 el lugar para el ARTE, LA EDUCACI\u00d3N P\u00daBLICA Y EL TEATRO.<\/p>\n\n\n\n<h3 class=\"wp-block-heading\"><strong>Entrevistas personales en la Convocatoria Elenco Escuela: Cargo Director\/Directora. | Departamento de Teatro<\/strong><\/h3>\n\n\n\n<p><strong>Resultado de las Entrevistas Personales y Orden de M\u00e9rito Definitivo.<\/strong><\/p>\n\n\n<div class=\"wp-block-image\">\n<figure class=\"alignleft size-full is-resized\"><img decoding=\"async\" loading=\"lazy\" src=\"https:\/\/esba-nqn.infd.edu.ar\/sitio\/wp-content\/uploads\/2024\/08\/convocatoria-director.png\" alt=\"\" class=\"wp-image-6615\" width=\"549\" height=\"685\" srcset=\"https:\/\/esba-nqn.infd.edu.ar\/sitio\/wp-content\/uploads\/2024\/08\/convocatoria-director.png 1080w, https:\/\/esba-nqn.infd.edu.ar\/sitio\/wp-content\/uploads\/2024\/08\/convocatoria-director-800x1000.png 800w, https:\/\/esba-nqn.infd.edu.ar\/sitio\/wp-content\/uploads\/2024\/08\/convocatoria-director-768x960.png 768w\" sizes=\"(max-width: 549px) 100vw, 549px\" \/><\/figure><\/div>\n\n\n<p>El d\u00eda 29 de Julio&nbsp; de 2024&nbsp; se llevaron a cabo las entrevistas personales destinadas a cubrir el cargo de Director\/Directora del Elenco Escuela.&nbsp;<\/p>\n\n\n\n<p>El acto fue presidido por el tribunal evaluador compuesto por:&nbsp;Elizabet Navarro, coordinadora del Departamento de Teatro; Pablo Aguirre, coordinador del \u00c1rea de Formaci\u00f3n Espec\u00edfica; Javier Santanera, profesor del \u00c1rea de Formaci\u00f3n Espec\u00edfica; Fernanda Turkalj, del estamento de graduados; y Yamila Woresky, estudiante avanzada.<\/p>\n\n\n\n<p>En primer lugar se realiz\u00f3 una entrevista virtual a Gerardo Herrera, que reside en Mendoza. En segundo lugar se realiz\u00f3 la entrevista a Luciana Berrutti,&nbsp; en tercer lugar a B\u00e1rbara Visnevetsky y en cuarto lugar a Diego Seage. Las \u00faltimas tres entrevistas fueron de manera presencial.&nbsp;<\/p>\n\n\n\n<p>Se elabor\u00f3 un \u00f3rden de m\u00e9rito definitivo:<\/p>\n\n\n\n<p>Diego Seage 30.055.377<br>B\u00e1rbara Visnevetsky 25.725.441<br>Luciana Berrutti 31.965.201<br>Gerardo Herrera 22.705.085<\/p>\n\n\n\n<p><\/p>\n\n\n\n<p><\/p>\n\n\n\n<p>El jurado fundament\u00f3 su decisi\u00f3n en:<\/p>\n\n\n\n<p>Viabilidad de los proyectos presentados<br>Experiencia en el campo espec\u00edfico<br>Desempe\u00f1o en las entrevistas y defensa del proyecto.&nbsp;<br>Adecuaci\u00f3n de las expectativas del proyecto a la realidad de la Escuela.<br><br>Agradecemos a todas las personas concursantes, y <strong>felicitamos a Diego Seage quien ha sido seleccionado por el Tribunal Evaluador para el cargo del Director del Elenco Escuela de la ESBA.<\/strong><br><br>Acta: <a href=\"https:\/\/drive.google.com\/file\/d\/15NjxPntT01fUUvzPc9YROiD-T1w5Fe2C\/view?usp=sharing\">https:\/\/drive.google.com\/file\/d\/15NjxPntT01fUUvzPc9YROiD-T1w5Fe2C\/view?usp=sharing<\/a><\/p>\n\n\n\n<p><\/p>\n\n\n\n<p><\/p>\n\n\n<h2 class=\"wp-block-post-title\">Elenco ESBA<\/h2>\n\n\n<h3 class=\"wp-block-heading\"><strong>Nueva fecha l\u00edmite de Inscripci\u00f3n para la Convocatoria Elenco Escuela.<\/strong><\/h3>\n\n\n\n<div class=\"wp-block-media-text alignwide is-stacked-on-mobile is-vertically-aligned-top\"><figure class=\"wp-block-media-text__media\"><img decoding=\"async\" loading=\"lazy\" width=\"1080\" height=\"1350\" src=\"https:\/\/esba-nqn.infd.edu.ar\/sitio\/wp-content\/uploads\/2024\/06\/entrega-de-documentacion-1-3.png\" alt=\"\" class=\"wp-image-6505 size-full\" srcset=\"https:\/\/esba-nqn.infd.edu.ar\/sitio\/wp-content\/uploads\/2024\/06\/entrega-de-documentacion-1-3.png 1080w, https:\/\/esba-nqn.infd.edu.ar\/sitio\/wp-content\/uploads\/2024\/06\/entrega-de-documentacion-1-3-800x1000.png 800w, https:\/\/esba-nqn.infd.edu.ar\/sitio\/wp-content\/uploads\/2024\/06\/entrega-de-documentacion-1-3-768x960.png 768w\" sizes=\"(max-width: 1080px) 100vw, 1080px\" \/><\/figure><div class=\"wp-block-media-text__content\">\n<p><br><br><strong>El Departamento de Teatro de la ESBA anuncia nueva fecha l\u00edmite de Inscripci\u00f3n para la Convocatoria Elenco Escuela.<\/strong><br>Desde el <strong>Viernes 28 de Junio y hasta el lunes 1 de julio 2024 <\/strong>se podr\u00e1 entregar la documentaci\u00f3n requerida. La entrega de documentaci\u00f3n se realiza por correo electr\u00f3nico a elencoteatroesbanqn@gmail.com &#8211; en formato PDF &#8211;<br>y de forma presencial <strong>de 16 a 18 horas<\/strong> en Secretar\u00eda de la Escuela Superior de Bellas Artes, Lan\u00edn 1947 Ciudad de Neuqu\u00e9n.<\/p>\n\n\n\n<p>Documentaci\u00f3n requerida<br>\u2022directora\/director: cv + documentaci\u00f3n respaldatoria + proyecto<br>\u2022actriz\/actor: cv + documentaci\u00f3n respaldatoria<\/p>\n\n\n\n<p>&#x1f4cc;Para las postulaciones de los proyectos de direcci\u00f3n, presentar Curr\u00edculum Vitae, formaci\u00f3n acad\u00e9mica de los\/as postulantes, cursos de capacitaci\u00f3n, experiencia profesional, publicaciones realizadas, obras trabajadas, en proceso o estrenadas y todo elemento que permita al Equipo Evaluador aquilatar la idoneidad de los\/as mismos\/as. El proyecto de direcci\u00f3n deber\u00e1 cumplir con lo solicitado en el Reglamento . Entregar dos (2) copias del proyecto en papel en la escuela y lo mismo en un archivo en PDF al correo elencoteatroesbanqn@gmail.com<\/p>\n\n\n\n<p>&#x1f4cc; Para los cargos de Actuaci\u00f3n presentar : Curr\u00edculum Vitae, formaci\u00f3n acad\u00e9mica, cursos de capacitaci\u00f3n, experiencia profesional, publicaciones realizadas, obras trabajadas y estrenadas y todo elemento que permita al equipo evaluador aquilatar la idoneidad del\/la postulante. Entregar una (1)copia en papel en la Escuela y lo mismo en un archivo en PDF al correo elencoteatroesbanqn@gmail.com<\/p>\n\n\n\n<p><strong>Aclaraci\u00f3n: Los\/as postulantes deber\u00e1n leer el reglamento del elenco para conocer las misiones y funciones, requisitos y pautas de valoraci\u00f3n<\/strong>, para la presentaci\u00f3n de los proyectos tanto para la convocatoria del cargo de Direcci\u00f3n, como as\u00ed tambi\u00e9n de los cargos de actrices\/actores.<\/p>\n\n\n\n<p><strong>Link para la descarga<\/strong> de CONVOCATORIA, RESOLUCI\u00d3N Y REGLAMENTO DEL ELENCO ESBA: <a href=\"https:\/\/drive.google.com\/drive\/folders\/1p7c_bBgWDS9MiqFhKRz4J0gV7K5ENYLn?usp=drive_link\" target=\"_blank\" rel=\"noreferrer noopener\">https:\/\/drive.google.com\/drive\/folders\/1p7c_bBgWDS9MiqFhKRz4J0gV7K5ENYLn?usp=drive_link<\/a><\/p>\n\n\n\n<p><strong>Correo Electr\u00f3nico para consultas: <\/strong><a href=\"mailto:elencoteatroesbanqn@gmail.com\" target=\"_blank\" rel=\"noreferrer noopener\">elencoteatroesbanqn@gmail.com<\/a><br><br>Importante: esta informaci\u00f3n tiene por objetivo simplificar la informaci\u00f3n pero no reemplaza la lectura de los documentos.<\/p>\n<\/div><\/div>\n\n\n\n<figure class=\"wp-block-image size-full\"><img decoding=\"async\" loading=\"lazy\" width=\"1080\" height=\"1350\" src=\"https:\/\/esba-nqn.infd.edu.ar\/sitio\/wp-content\/uploads\/2024\/06\/WhatsApp-Image-2024-06-18-at-13.39.20-1.jpeg\" alt=\"\" class=\"wp-image-6421\" srcset=\"https:\/\/esba-nqn.infd.edu.ar\/sitio\/wp-content\/uploads\/2024\/06\/WhatsApp-Image-2024-06-18-at-13.39.20-1.jpeg 1080w, https:\/\/esba-nqn.infd.edu.ar\/sitio\/wp-content\/uploads\/2024\/06\/WhatsApp-Image-2024-06-18-at-13.39.20-1-800x1000.jpeg 800w, https:\/\/esba-nqn.infd.edu.ar\/sitio\/wp-content\/uploads\/2024\/06\/WhatsApp-Image-2024-06-18-at-13.39.20-1-768x960.jpeg 768w\" sizes=\"(max-width: 1080px) 100vw, 1080px\" \/><\/figure>\n\n\n\n<p>CONVOCATORIA ABIERTA ELENCO ESCUELA ESBA 2024<\/p>\n\n\n\n<p>El departamento de Teatro de la ESBA informa que se abre la convocatoria para cubrir <strong>CARGO DE DIRECTOR\/A, ACTRIZ\/ACTOR DE ELENCO Junio 2024.<\/strong><br>La convocatoria estar\u00e1 abierta desde del 4 de junio hasta el 26 de junio del 2024<\/p>\n\n\n\n<p>Link para la descarga de la CONVOCATORIA, RESOLUCI\u00d3N Y REGLAMENTO DEL ELENCO ESBA: <a href=\"https:\/\/drive.google.com\/drive\/folders\/1p7c_bBgWDS9MiqFhKRz4J0gV7K5ENYLn?usp=drive_link\">https:\/\/drive.google.com\/drive\/folders\/1p7c_bBgWDS9MiqFhKRz4J0gV7K5ENYLn?usp=drive_link<\/a><\/p>\n\n\n\n<p>Correo Electr\u00f3nico para consultas sobre la convocatoria: <a href=\"mailto:elencoteatroesbanqn@gmail.com\">elencoteatroesbanqn@gmail.com<\/a><br><br><\/p>\n\n\n\n<p><strong>Entrega de documentaci\u00f3n para la convocatoria PARA CUBRIR CARGO DE DIRECTOR\/A, ACTRIZ\/ACTOR DE ELENCO<\/strong><\/p>\n\n\n\n<p>Entrega de documentaci\u00f3n: De lunes a jueves de 16 a 18 hs hasta el 26 de Junio de 2024 inclusive, en Secretar\u00eda de la Escuela Superior de Bellas Artes, Lan\u00edn 1947 de Neuqu\u00e9n. La documentaci\u00f3n se entregar\u00e1 en sobre cerrado con Apellido y Nombre.<\/p>\n\n\n\n<p>&#x1f4cc;<strong> Para las postulaciones de los proyectos de direcci\u00f3n,<\/strong> presentar Curr\u00edculum Vitae, formaci\u00f3n acad\u00e9mica de los\/as postulantes, cursos de capacitaci\u00f3n, experiencia profesional, publicaciones realizadas, obras trabajadas, en proceso o estrenadas y todo elemento que permita al Equipo Evaluador aquilatar la idoneidad de los\/as mismos\/as. El proyecto de direcci\u00f3n deber\u00e1 cumplir con lo solicitado en el Reglamento . Entregar dos (2) copias del proyecto en papel en la escuela y lo mismo en un archivo en PDF al correo elencoteatroesbanqn@gmail.com<\/p>\n\n\n\n<p>&#x1f4cc; <strong>Para los cargos de Actuaci\u00f3n<\/strong> presentar : Curr\u00edculum Vitae, formaci\u00f3n acad\u00e9mica, cursos de capacitaci\u00f3n, experiencia profesional, publicaciones realizadas, obras trabajadas y estrenadas y todo elemento que permita al equipo evaluador aquilatar la idoneidad del\/la postulante. Entregar una (1)copia en papel en la Escuela y lo mismo en un archivo en PDF al correo elencoteatroesbanqn@gmail.com<\/p>\n\n\n\n<p><strong>Aclaraci\u00f3n:<\/strong> Los\/as postulantes deber\u00e1n leer el reglamento del elenco para conocer las misiones y funciones, requisitos y pautas de valoraci\u00f3n, para la presentaci\u00f3n de los proyectos tanto para la convocatoria del cargo de Direcci\u00f3n, como as\u00ed tambi\u00e9n de los cargos de actrices\/actores.<\/p>\n\n\n\n<p>Link para la descarga de la CONVOCATORIA, RESOLUCI\u00d3N Y REGLAMENTO DEL ELENCO ESBA: https:\/\/drive.google.com\/drive\/folders\/1p7c_bBgWDS9MiqFhKRz4J0gV7K5ENYLn?usp=drive_link<\/p>\n\n\n\n<p>Correo Electr\u00f3nico para consultas sobre la convocatoria: elencoteatroesbanqn@gmail.com<\/p>\n\n\n\n<p><strong>Importante:<\/strong> esta informaci\u00f3n tiene por objetivo simplificar la informaci\u00f3n pero no reemplaza la lectura de la CONVOCATORIA, RESOLUCI\u00d3N Y REGLAMENTO DEL ELENCO ESBA.<\/p>\n\n\n\n<p><\/p>\n\n\n\n<h2 class=\"wp-block-heading\">ELENCO ESTABLE ESBA<\/h2>\n\n\n\n<p>TERCER ELENCO ESCUELA 2019\/2023<\/p>\n\n\n\n<figure class=\"wp-block-image\"><img decoding=\"async\" loading=\"lazy\" width=\"1425\" height=\"1900\" src=\"https:\/\/esba-nqn.infd.edu.ar\/sitio\/wp-content\/uploads\/2022\/04\/elenco-esba-1425x1900.jpg\" alt=\"\" class=\"wp-image-4313\" srcset=\"https:\/\/esba-nqn.infd.edu.ar\/sitio\/wp-content\/uploads\/2022\/04\/elenco-esba-1425x1900.jpg 1425w, https:\/\/esba-nqn.infd.edu.ar\/sitio\/wp-content\/uploads\/2022\/04\/elenco-esba-750x1000.jpg 750w, https:\/\/esba-nqn.infd.edu.ar\/sitio\/wp-content\/uploads\/2022\/04\/elenco-esba-768x1024.jpg 768w, https:\/\/esba-nqn.infd.edu.ar\/sitio\/wp-content\/uploads\/2022\/04\/elenco-esba-1152x1536.jpg 1152w, https:\/\/esba-nqn.infd.edu.ar\/sitio\/wp-content\/uploads\/2022\/04\/elenco-esba-1536x2048.jpg 1536w, https:\/\/esba-nqn.infd.edu.ar\/sitio\/wp-content\/uploads\/2022\/04\/elenco-esba-scaled.jpg 1920w\" sizes=\"(max-width: 1425px) 100vw, 1425px\" \/><\/figure>\n\n\n\n<div dir=\"auto\">&nbsp;<\/div>\n\n\n\n<div dir=\"auto\">Direcci\u00f3n: Sofy Avila<\/div>\n\n\n\n<div dir=\"auto\">Int\u00e9rpretes:<\/div>\n\n\n\n<div dir=\"auto\">Ayel\u00e9n Painebilo<\/div>\n\n\n\n<div dir=\"auto\">Tulio Hajos<\/div>\n\n\n\n<div dir=\"auto\">Zoxy Elizalde<\/div>\n\n\n\n<div dir=\"auto\">Rayen Calf\u00fa<\/div>\n\n\n\n<div dir=\"auto\">Belu Bijarra<\/div>\n\n\n\n<div dir=\"auto\">Elu Beltr\u00e1n<\/div>\n\n\n\n<div dir=\"auto\">&nbsp;<\/div>\n\n\n\n<div dir=\"auto\">&nbsp;<\/div>\n\n\n\n<div dir=\"auto\">Tercera formaci\u00f3n del Elenco Escuela ESBA.<\/div>\n\n\n\n<div dir=\"auto\">En diciembre de 2021 estren\u00f3 su primera producci\u00f3n teatral: \u00abEl Mirlo Bolichecheno canta hasta quedar af\u00f3nico\u00bb, adaptaci\u00f3n del texto de Fer Avila.<\/div>\n\n\n\n<div dir=\"auto\">Actualmente se encuentra realizando funciones, y en proceso creativo de su pr\u00f3xima producci\u00f3n: \u00abGrotesco Kerm\u00e9s: la grand\u00edsima instituci\u00f3n\u00bb, a estrenarse en Agosto de 2022.<\/div>\n\n\n\n<div dir=\"auto\">&nbsp;<\/div>\n\n\n\n<div dir=\"auto\">&nbsp;<\/div>\n\n\n\n<div dir=\"auto\">&nbsp;<\/div>\n\n\n\n<p>_______________________________<\/p>\n\n\n\n<p>SEGUNDO ELENCO ESCUELA 2017\/2019.-&nbsp;Dir. Gustavo Urrutia<\/p>\n\n\n\n<p>La Escuela Superior de Bellas Artes a trav\u00e9s del Departamento de Teatro se complace en informar que qued\u00f3 nombrado en su totalidad el segundo grupo de trabajo como elenco escuela para el ciclo 2017\/2019. El d\u00eda 24 de Noviembre como indica el acta n\u00b032 el equipo evaluador defini\u00f3 los 6 (seis) cargos de \u201cintegrante de elenco escuela\u201d titulares y estableci\u00f3 la correspondiente n\u00f3mina de integrantes suplentes por personaje , para casos de ausencia de una o m\u00e1s mujeres y por orden de m\u00e9rito.<\/p>\n\n\n\n<p>Celebramos la formaci\u00f3n de un nuevo grupo, que contar\u00e1 con el recorrido del grupo anterior en el amplio sentido de la palabra: Lo art\u00edstico, la producci\u00f3n, la gesti\u00f3n, la escuela. Antes de concluir su tarea este equipo evaluador se compromete a elaborar una lista de aportes al \u201creglamento del elenco\u201d que ayude a ir encontrando m\u00e1s y mejores respuestas a las necesidades reales y complejas que contiene la actualidad como as\u00ed tambi\u00e9n revisar la tabla de valoraci\u00f3n para presentaci\u00f3n de proyecto y el marco normativo para selecci\u00f3n de equipo evaluador, funcionamiento, posibilidades de reemplazo o ausencia, etc. (adjuntamos el acta n\u00b0 32)<\/p>\n\n\n\n<p>__________________________<\/p>\n\n\n\n<p>Elenco Estable de la ESBA 2017<\/p>\n\n\n\n<figure class=\"wp-block-image\"><img decoding=\"async\" src=\"https:\/\/esba-nqn.infd.edu.ar\/sitio\/wp-content\/uploads\/2018\/06\/Elenco_ESBA_02._Dia_1_2.jpg\" alt=\"\"\/><\/figure>\n\n\n\n<p id=\"yui_3_16_0_ym19_1_1512571058142_9667\"><span id=\"yui_3_16_0_ym19_1_1512571058142_9666\" style=\"font-family: Arial, sans-serif;\"><span id=\"yui_3_16_0_ym19_1_1512571058142_9665\" style=\"font-size: medium;\"><strong id=\"yui_3_16_0_ym19_1_1512571058142_9664\">-Luciana Victoria Berrutti (actuaci\u00f3n)<\/strong><\/span><\/span><\/p>\n\n\n\n<p id=\"yui_3_16_0_ym19_1_1512571058142_9732\"><span id=\"yui_3_16_0_ym19_1_1512571058142_9731\" style=\"font-family: Arial, sans-serif;\"><span id=\"yui_3_16_0_ym19_1_1512571058142_9730\" style=\"font-size: medium;\"><strong id=\"yui_3_16_0_ym19_1_1512571058142_9729\">-Denise Araceli Gonzalez (actuaci\u00f3n)<\/strong><\/span><\/span><\/p>\n\n\n\n<p id=\"yui_3_16_0_ym19_1_1512571058142_9737\"><span id=\"yui_3_16_0_ym19_1_1512571058142_9736\" style=\"font-family: Arial, sans-serif;\"><span id=\"yui_3_16_0_ym19_1_1512571058142_9735\" style=\"font-size: medium;\"><strong id=\"yui_3_16_0_ym19_1_1512571058142_9734\">-Cecilia Sof\u00eda Micci (actuaci\u00f3n)<\/strong><\/span><\/span><\/p>\n\n\n\n<p id=\"yui_3_16_0_ym19_1_1512571058142_9739\"><span id=\"yui_3_16_0_ym19_1_1512571058142_9743\" style=\"font-family: Arial, sans-serif;\"><span id=\"yui_3_16_0_ym19_1_1512571058142_9742\" style=\"font-size: medium;\"><strong id=\"yui_3_16_0_ym19_1_1512571058142_9741\">-Diego Sim\u00f3n Jofr\u00e9 (actuaci\u00f3n)<\/strong><\/span><\/span><\/p>\n\n\n\n<p id=\"yui_3_16_0_ym19_1_1512571058142_9709\"><span style=\"font-family: Arial, sans-serif;\"><span style=\"font-size: medium;\"><strong>-Diego Nicol\u00e1s Seage (actuaci\u00f3n)<\/strong><\/span><\/span><\/p>\n\n\n\n<p id=\"yui_3_16_0_ym19_1_1512571058142_9745\"><span style=\"font-family: Arial, sans-serif;\"><span style=\"font-size: medium;\"><strong>-Manuel Ignacio Trovato (actuaci\u00f3n)<\/strong><\/span><\/span><\/p>\n\n\n\n<p id=\"yui_3_16_0_ym19_1_1512571058142_9714\"><span id=\"yui_3_16_0_ym19_1_1512571058142_9713\" style=\"font-family: Arial, sans-serif;\"><span id=\"yui_3_16_0_ym19_1_1512571058142_9712\" style=\"font-size: medium;\"><strong id=\"yui_3_16_0_ym19_1_1512571058142_9711\">-Gustavo Omar Urrutia (direcci\u00f3n)<\/strong><\/span><\/span><\/p>\n\n\n\n<p id=\"yui_3_16_0_ym19_1_1512571058142_9747\"><span style=\"font-family: Arial, sans-serif;\"><span style=\"font-size: medium;\"><strong>&nbsp;<\/strong><\/span><\/span><\/p>\n\n\n\n<p id=\"yui_3_16_0_ym19_1_1512571058142_9749\"><span id=\"yui_3_16_0_ym19_1_1512571058142_9777\" style=\"font-family: Arial, sans-serif;\"><span id=\"yui_3_16_0_ym19_1_1512571058142_9776\" style=\"font-size: medium;\"><strong id=\"yui_3_16_0_ym19_1_1512571058142_9775\">Facebook: Elenco ESBA<\/strong><\/span><\/span><\/p>\n\n\n\n<p id=\"yui_3_16_0_ym19_1_1512571058142_9773\"><span id=\"yui_3_16_0_ym19_1_1512571058142_9772\" style=\"font-family: Arial, sans-serif;\"><span id=\"yui_3_16_0_ym19_1_1512571058142_9771\" style=\"font-size: medium;\"><strong id=\"yui_3_16_0_ym19_1_1512571058142_9770\">Instagram: ElencoEsba<\/strong><\/span><\/span><\/p>\n\n\n\n<p id=\"yui_3_16_0_ym19_1_1512571058142_9759\"><span id=\"yui_3_16_0_ym19_1_1512571058142_9768\" style=\"font-family: Arial, sans-serif;\"><span id=\"yui_3_16_0_ym19_1_1512571058142_9767\" style=\"font-size: medium;\"><strong id=\"yui_3_16_0_ym19_1_1512571058142_9766\">Correo:&nbsp;<a id=\"yui_3_16_0_ym19_1_1512571058142_9765\" href=\"mailto:esbaelenco@gmail.com\" target=\"_blank\" rel=\"nofollow noopener\">esbaelenco@gmail.com<\/a><\/strong><\/span><\/span><\/p>\n\n\n\n<div class=\"wp-block-media-text alignwide is-stacked-on-mobile\"><figure class=\"wp-block-media-text__media\"><\/figure><div class=\"wp-block-media-text__content\">\n<p><\/p>\n<\/div><\/div>\n\n\n\n<div class=\"wp-block-media-text alignwide is-stacked-on-mobile\"><figure class=\"wp-block-media-text__media\"><\/figure><div class=\"wp-block-media-text__content\">\n<p><\/p>\n<\/div><\/div>\n\n\n\n<div class=\"wp-block-media-text alignwide is-stacked-on-mobile\"><figure class=\"wp-block-media-text__media\"><\/figure><div class=\"wp-block-media-text__content\">\n<p><\/p>\n<\/div><\/div>\n\n\n\n<h2 class=\"wp-block-heading\"><\/h2>\n\n\n\n<p><\/p>\n\n\n\n<h2 class=\"wp-block-heading\"><\/h2>\n","protected":false},"excerpt":{"rendered":"<p>Conformaci\u00f3n Elenco Escuela de ESBA La ESBA Y el Departamento de Teatro dan la bienvenida al nuevo Elenco Escuela de ESBA que el 23 de Agosto de 2024 se conform\u00f3 en su totalidad. Valoramos la dedicaci\u00f3n de las veinticuatro personas que se inscribieron a esta convocatoria, y felicitamos a las y los integrantes seleccionados para &#8230; <a title=\"Elenco ESBA\" class=\"read-more\" href=\"https:\/\/esba-nqn.infd.edu.ar\/sitio\/elenco-esba\/\" aria-label=\"More on Elenco ESBA\">[+]<\/a><\/p>\n","protected":false},"author":778,"featured_media":0,"parent":0,"menu_order":0,"comment_status":"closed","ping_status":"closed","template":"","meta":[],"acf":[],"_links":{"self":[{"href":"https:\/\/esba-nqn.infd.edu.ar\/sitio\/wp-json\/wp\/v2\/pages\/1270"}],"collection":[{"href":"https:\/\/esba-nqn.infd.edu.ar\/sitio\/wp-json\/wp\/v2\/pages"}],"about":[{"href":"https:\/\/esba-nqn.infd.edu.ar\/sitio\/wp-json\/wp\/v2\/types\/page"}],"author":[{"embeddable":true,"href":"https:\/\/esba-nqn.infd.edu.ar\/sitio\/wp-json\/wp\/v2\/users\/778"}],"replies":[{"embeddable":true,"href":"https:\/\/esba-nqn.infd.edu.ar\/sitio\/wp-json\/wp\/v2\/comments?post=1270"}],"version-history":[{"count":14,"href":"https:\/\/esba-nqn.infd.edu.ar\/sitio\/wp-json\/wp\/v2\/pages\/1270\/revisions"}],"predecessor-version":[{"id":6665,"href":"https:\/\/esba-nqn.infd.edu.ar\/sitio\/wp-json\/wp\/v2\/pages\/1270\/revisions\/6665"}],"wp:attachment":[{"href":"https:\/\/esba-nqn.infd.edu.ar\/sitio\/wp-json\/wp\/v2\/media?parent=1270"}],"curies":[{"name":"wp","href":"https:\/\/api.w.org\/{rel}","templated":true}]}}