{"id":1273,"date":"2018-06-29T18:27:34","date_gmt":"2018-06-29T21:27:34","guid":{"rendered":"https:\/\/esba-nqn.infd.edu.ar\/sitio\/datos-institucionales\/"},"modified":"2024-09-05T04:14:07","modified_gmt":"2024-09-05T07:14:07","slug":"datos-institucionales","status":"publish","type":"page","link":"https:\/\/esba-nqn.infd.edu.ar\/sitio\/datos-institucionales\/","title":{"rendered":"Contacto"},"content":{"rendered":"<p style=\"text-align: center;\">&#x2709;&#xfe0f; Email: <a href=\"informacion.esba@gmail.com\">informacion.esba@gmail.com<\/a><\/p>\n<div style=\"text-align: center;\">&#x1f4cd;Direcci\u00f3n:<a href=\"https:\/\/maps.app.goo.gl\/ZViN9KBKYkPqadUn8\"> Lan\u00edn 1947, Ciudad de Neuqu\u00e9n. CP 8300<\/a><\/div>\n<div><\/div>\n<div><\/div>\n<div style=\"text-align: center;\">&#x260e;&#xfe0f; Tel\u00e9fonos: 0299-4434369 \/ 4474925<\/p>\n<p class=\"mb-0\">Atenci\u00f3n al p\u00fablico: De Lunes a Viernes\u00a0 de 8 a 23 hs.<\/p>\n<p class=\"mb-0\">Nuestras redes sociales:<\/p>\n<p class=\"mb-0\">Facebook: <a href=\"https:\/\/m.facebook.com\/esba.nqn\/\">@esba.neuquen<\/a><br \/>\nInstagram: <a href=\"https:\/\/www.instagram.com\/esba.nqn\/?hl=es\">@esba.neuquen<\/a><\/p>\n<\/div>\n<div><\/div>\n<p style=\"text-align: center;\"><a href=\"https:\/\/esba-nqn.infd.edu.ar\/sitio\/contactos-institucionales\/\">Click aqu\u00ed para otros contactos institucionales<\/a><\/p>\n<div style=\"text-align: center;\">\n<p style=\"text-align: center;\"><span style=\"font-size: revert;\">__________________________________<\/span><\/p>\n<\/div>\n<div><\/div>\n<div style=\"text-align: center;\"><\/div>\n<div><\/div>\n<div><\/div>\n","protected":false},"excerpt":{"rendered":"<p>&#x2709;&#xfe0f; Email: informacion.esba@gmail.com &#x1f4cd;Direcci\u00f3n: Lan\u00edn 1947, Ciudad de Neuqu\u00e9n. CP 8300 &#x260e;&#xfe0f; Tel\u00e9fonos: 0299-4434369 \/ 4474925 Atenci\u00f3n al p\u00fablico: De Lunes a Viernes\u00a0 de 8 a 23 hs. Nuestras redes sociales: Facebook: @esba.neuquen Instagram: @esba.neuquen Click aqu\u00ed para otros contactos institucionales __________________________________<\/p>\n","protected":false},"author":778,"featured_media":0,"parent":0,"menu_order":0,"comment_status":"closed","ping_status":"closed","template":"","meta":[],"acf":[],"_links":{"self":[{"href":"https:\/\/esba-nqn.infd.edu.ar\/sitio\/wp-json\/wp\/v2\/pages\/1273"}],"collection":[{"href":"https:\/\/esba-nqn.infd.edu.ar\/sitio\/wp-json\/wp\/v2\/pages"}],"about":[{"href":"https:\/\/esba-nqn.infd.edu.ar\/sitio\/wp-json\/wp\/v2\/types\/page"}],"author":[{"embeddable":true,"href":"https:\/\/esba-nqn.infd.edu.ar\/sitio\/wp-json\/wp\/v2\/users\/778"}],"replies":[{"embeddable":true,"href":"https:\/\/esba-nqn.infd.edu.ar\/sitio\/wp-json\/wp\/v2\/comments?post=1273"}],"version-history":[{"count":20,"href":"https:\/\/esba-nqn.infd.edu.ar\/sitio\/wp-json\/wp\/v2\/pages\/1273\/revisions"}],"predecessor-version":[{"id":6702,"href":"https:\/\/esba-nqn.infd.edu.ar\/sitio\/wp-json\/wp\/v2\/pages\/1273\/revisions\/6702"}],"wp:attachment":[{"href":"https:\/\/esba-nqn.infd.edu.ar\/sitio\/wp-json\/wp\/v2\/media?parent=1273"}],"curies":[{"name":"wp","href":"https:\/\/api.w.org\/{rel}","templated":true}]}}