{"id":1280,"date":"2018-06-29T18:27:38","date_gmt":"2018-06-29T21:27:38","guid":{"rendered":"https:\/\/esba-nqn.infd.edu.ar\/sitio\/autoridades\/"},"modified":"2025-02-25T22:01:19","modified_gmt":"2025-02-26T01:01:19","slug":"autoridades","status":"publish","type":"page","link":"https:\/\/esba-nqn.infd.edu.ar\/sitio\/autoridades\/","title":{"rendered":"Autoridades, \u00d3rganos de Gobierno y contactos"},"content":{"rendered":"<p><img decoding=\"async\" loading=\"lazy\" class=\"alignnone size-medium wp-image-2354\" src=\"https:\/\/esba-nqn.infd.edu.ar\/sitio\/wp-content\/uploads\/2019\/04\/organo-de-gobierno-2019-esba-765x1000.jpg\" alt=\"\" width=\"765\" height=\"1000\" srcset=\"https:\/\/esba-nqn.infd.edu.ar\/sitio\/wp-content\/uploads\/2019\/04\/organo-de-gobierno-2019-esba-765x1000.jpg 765w, https:\/\/esba-nqn.infd.edu.ar\/sitio\/wp-content\/uploads\/2019\/04\/organo-de-gobierno-2019-esba-768x1004.jpg 768w, https:\/\/esba-nqn.infd.edu.ar\/sitio\/wp-content\/uploads\/2019\/04\/organo-de-gobierno-2019-esba-1454x1900.jpg 1454w\" sizes=\"(max-width: 765px) 100vw, 765px\" \/><\/p>\n<p><strong>Descargar <a href=\"https:\/\/esba-nqn.infd.edu.ar\/sitio\/wp-content\/uploads\/2020\/08\/CPE_Neuquen_Resolucion_1063_13_ROM.pdf\">Reglamento Org\u00e1nico Marco (ROM), Res. 1063\/13<\/a>.<\/strong><\/p>\n<h4><strong>Equipx Directivx:<\/strong><\/h4>\n<ul>\n<li style=\"text-align: left;\">\n<h6><span style=\"font-size: 10pt;\"><strong><span style=\"font-family: arial, helvetica, sans-serif;\">RECTORA :<\/span><\/strong> Prof. Casco, Romina <a href=\"mailto:bellasartesneuquen@gmail.com\">bellasartesneuquen@gmail.com\u00a0<\/a><\/span><\/h6>\n<\/li>\n<li style=\"text-align: left;\">\n<h6><span style=\"font-size: 10pt;\"><strong><span style=\"font-family: arial, helvetica, sans-serif;\">VICERRECTORA<\/span> :<\/strong> Prof. Marina Vago <a href=\"mailto:vicerrectoriaesba@gmail.com\">vicerrectoriaesba@gmail.com<\/a><\/span><\/h6>\n<\/li>\n<li>\n<h6><span style=\"font-size: 10pt;\"><strong><span style=\"font-family: arial, helvetica, sans-serif;\">VICERRECTOR<\/span>: <\/strong>Lic. Macia, I\u00f1aki\u00a0 \u00a0<a href=\"mailto:vicerrectoriaesba@gmail.com\">vicerrectoriaesba@gmail.com<\/a><\/span><\/h6>\n<\/li>\n<li style=\"text-align: left;\">\n<h6><span style=\"font-size: 10pt;\"><span style=\"font-size: 10pt;\"><strong><span style=\"font-family: arial, helvetica, sans-serif;\">SECRETAR\u00cdA ACAD\u00c9MICA<\/span> :<\/strong> Prof. Gabriel Gonzalez <a href=\"mailto:secretariaacademicaesba@gmail.com\">secretariaacademicaesba@gmail.com<\/a>\u00a0<\/span><\/span><\/h6>\n<\/li>\n<li style=\"text-align: left;\">\n<h6><span style=\"font-size: 10pt;\"><strong><span style=\"font-family: arial, helvetica, sans-serif;\">DIRECTORA CEA Y TOD<\/span> :<\/strong> Prof. Riquelme, Gloria\u00a0 ceatodbellasartes@gmail.com<\/span><\/h6>\n<\/li>\n<li>\n<h6><span style=\"font-size: 10pt;\"><strong><span style=\"font-family: arial, helvetica, sans-serif;\">VICEDIRECTORA CEA Y TOD: Prof. Liliana Virues <\/span><\/strong><\/span><span style=\"font-size: 10pt;\">ceatodbellasartes@gmail.com<\/span><\/h6>\n<\/li>\n<\/ul>\n<h4 style=\"text-align: left;\"><span style=\"font-size: 10pt;\">\u00a0<\/span><strong>Coordinaciones:<\/strong><\/h4>\n<h5 style=\"text-align: left;\"><span style=\"font-size: 10pt;\"><span style=\"font-family: arial, helvetica, sans-serif;\"><strong>COORDINACI\u00d3N DE CARRERA DE\u00a0 ARTES VISUALES:\u00a0 Prof. Mart\u00edn Motta\u00a0 deptovisualesesba@gmail.com<\/strong><\/span><\/span><\/h5>\n<h3 style=\"text-align: left;\"><strong style=\"font-size: 10pt;\">COORDINACIONES DE \u00c1REA ARTES VISUALES:\u00a0<\/strong><\/h3>\n<ul>\n<li style=\"text-align: left;\"><span style=\"font-size: 10pt;\">\u00c1rea Pr\u00e1ctica y Residencia Docente: Prof. Roxana Garre <a href=\"mailto:coordinacionpracticaesba@gmail.com\">coordinacionpracticaesba@gmail.com<\/a><br \/>\n<\/span><\/li>\n<li style=\"text-align: left;\"><span style=\"font-size: 10pt;\">\u00c1rea Disc. Socio Hist\u00f3ricas: Prof. Maximiliano Navarrete <a href=\"mailto:sociohistorica.visuales.esba@gmail.com\">sociohistorica.visuales.esba@gmail.com<\/a>\u00a0<\/span><\/li>\n<li style=\"text-align: left;\"><span style=\"font-size: 10pt;\">\u00c1rea Producci\u00f3n Art\u00edstica:Prof.\u00a0 Mauro Pehuen Rosas <\/span><a href=\"mailto:coordinacionproduccionvisuales@gmail.com\"><span class=\"s2\">coordinacionproduccionvisuales@gmail.com<\/span><\/a><\/li>\n<li style=\"text-align: left;\"><span style=\"font-size: 10pt;\">\u00c1rea Fundamentaci\u00f3n D\/ Lenguaje Visual: Prof. Andrea Polito <a href=\"mailto:fundamentacion.esba@gmail.com\">fundamentacion.esba@gmail.com\u00a0<\/a><\/span><\/li>\n<\/ul>\n<h3 style=\"text-align: left;\"><span style=\"font-size: 10pt;\"><span style=\"font-family: arial, helvetica, sans-serif;\"><strong><span style=\"font-size: 10pt;\">COORDINACI\u00d3N DE CARRERA\u00a0<\/span>DE ARTE DRAMATICO: <\/strong>Prof. Elizabeth Navarro<\/span><\/span><\/h3>\n<p style=\"text-align: left; padding-left: 30px;\"><span style=\"font-size: 10pt;\"><strong>COORDINACIONES DE\u00a0AREA ARTE DRAMATICO<\/strong><\/span><\/p>\n<ul>\n<li style=\"text-align: left;\"><span style=\"font-size: 10pt;\">\u00c1rea Formaci\u00f3n Espec\u00edfica: Prof. Pablo Aguirre <a href=\"mailto:coordinacionproduccionteatro@gmail.com\">coordinacionproduccionteatro@gmail.com<\/a><\/span><\/li>\n<li style=\"text-align: left;\"><span style=\"font-size: 10pt;\">\u00c1rea T\u00e9cnica: Prof. Cintia Ullua <a href=\"mailto:areatecnicateatro@gmail.com\">areatecnicateatro@gmail.com<\/a><\/span><\/li>\n<li style=\"text-align: left;\"><span style=\"font-size: 10pt;\"> \u00c1rea de Formaci\u00f3n General:\u00a0 \u00a0Judith Del Pino<\/span><\/li>\n<li style=\"text-align: left;\"><span style=\"font-size: 10pt;\"> \u00c1rea de Pr\u00e1ctica y Residencia: Prof. Emilse Giardili <a href=\"mailto:coord.practicas.teatro@gmail.com\">coord.practicas.teatro@gmail.com\u00a0<\/a><\/span><\/li>\n<\/ul>\n<p style=\"text-align: left;\"><strong style=\"font-size: 10pt;\">COORDINACIONES DE CARRERA DE FOLKLORE: Prof. Paola C\u00e1rdenas<\/strong><span style=\"font-size: 10pt;\">\u00a0<\/span><a href=\"mailto:coordinacionfolklore2020esba@gmail.com\">coordinacionfolklore2020esba@gmail.com<\/a><\/p>\n<h4>Secretar\u00edas:<\/h4>\n<p><span style=\"font-size: 10pt;\"><strong><span style=\"font-family: arial, helvetica, sans-serif;\">SECRETAR\u00cdA DE INVESTIGACI\u00d3N<\/span>:Prof. Gabrielle Ibach <\/strong><a href=\"mailto:si.artesnqn@gmail.com\">si.artesnqn@gmail.com\u00a0<\/a><\/span><\/p>\n<p><span style=\"font-size: 10pt;\"><strong><span style=\"font-family: arial, helvetica, sans-serif;\">SECRETAR\u00cdA DE EXTENSI\u00d3N:<\/span> \u00a0<\/strong> <strong>Lic. Ayel\u00e9n Sep\u00falveda<\/strong>\u00a0<a href=\"mailto:bellasartesextension@gmail.com\">bellasartesextension@gmail.com\u00a0<\/a><\/span><\/p>\n<p style=\"text-align: left; padding-left: 30px;\"><span style=\"font-size: 10pt;\">\u00a0<\/span><span style=\"font-size: 10pt;\"><strong>COORDINACIONES DE \u00a0\u00c1REA SECRETAR\u00cdA DE EXTENSI\u00d3N:<\/strong><\/span><\/p>\n<ul>\n<li style=\"text-align: left;\"><span style=\"font-size: 10pt;\">\u00c1rea Circulaci\u00f3n de Espect\u00e1culos: Prof. Javier Santanera<a href=\"mailto:circulacionespectaculosesba@gmail.com\">\u00a0circulacionespectaculosesba@gmail.com<\/a><\/span><\/li>\n<li><span style=\"font-size: 10pt;\">\u00c1rea Circulaci\u00f3n Obra de Arte: Prof. Roxana Ferreyra <a href=\"mailto:circulacionobradearteesba@gmail.com\">circulacionobradearteesba@gmail.com\u00a0<\/a><\/span><\/li>\n<li style=\"text-align: left;\"><span style=\"font-size: 10pt;\">\u00c1rea Formaci\u00f3n Docente Continua: Prof.Vanina Bradach\u00a0 <\/span><a href=\"mailto:formaciondocenteesba@gmail.com\">formaciondocenteesba@gmail.com<\/a><\/li>\n<li style=\"text-align: left;\"><span style=\"font-size: 10pt;\">\u00c1rea Vinculaci\u00f3n Extensi\u00f3n y Comunicaci\u00f3n: Mg. In\u00e9s Ibarra <a href=\"mailto:informacion.esba@gmail.com\">informacion.esba@gmail.com\u00a0<\/a><\/span><br \/>\n<hr \/>\n<\/li>\n<\/ul>\n<h6>GABINETES:<\/h6>\n<p style=\"text-align: left;\"><span style=\"font-size: 10pt;\"><strong>GABINETE EN TECNOLOG\u00cdAS DIGITALES<\/strong>: Prof.\u00a0 Enzo Vaccaro\u00a0 \u00a0&#8211; Alejandro Dur\u00e1n <\/span><a href=\"mailto:serviciotecnicoesba@gmail.com\">serviciotecnicoesba@gmail.com<\/a><span style=\"font-size: 10pt;\">\u00a0 \u00a0 \u00a0 \u00a0 \u00a0 \u00a0<\/span><\/p>\n<p style=\"text-align: left;\"><span style=\"font-size: 10pt;\"><strong>GABINETE DE T\u00c9CNICAS DE ESTUDIO<\/strong>:\u00a0 <a href=\"mailto:gabinete.tecnicas.estudio.esba@gmail.com\">gabinete.tecnicas.estudio.esba@gmail.com\u00a0<\/a><\/span><\/p>\n<p style=\"text-align: left;\"><span style=\"font-size: 10pt;\"><strong>GABINETE DE LENGUAS EXTRANJERAS: Prof. Valeria Morales<\/strong>\u00a0\u00a0<a href=\"mailto:lenguasextranjerasesba20@gmail.com\">lenguasextranjerasesba20@gmail.com\u00a0<\/a><\/span><\/p>\n<ul>\n<li style=\"text-align: left;\"><\/li>\n<\/ul>\n<p style=\"text-align: left;\"><span style=\"font-size: 10pt;\">\u00a0<\/span><\/p>\n","protected":false},"excerpt":{"rendered":"<p>Descargar Reglamento Org\u00e1nico Marco (ROM), Res. 1063\/13. Equipx Directivx: RECTORA : Prof. Casco, Romina bellasartesneuquen@gmail.com\u00a0 VICERRECTORA : Prof. Marina Vago vicerrectoriaesba@gmail.com VICERRECTOR: Lic. Macia, I\u00f1aki\u00a0 \u00a0vicerrectoriaesba@gmail.com SECRETAR\u00cdA ACAD\u00c9MICA : Prof. Gabriel Gonzalez secretariaacademicaesba@gmail.com\u00a0 DIRECTORA CEA Y TOD : Prof. Riquelme, Gloria\u00a0 ceatodbellasartes@gmail.com VICEDIRECTORA CEA Y TOD: Prof. Liliana Virues ceatodbellasartes@gmail.com \u00a0Coordinaciones: COORDINACI\u00d3N DE CARRERA DE\u00a0 &#8230; <a title=\"Autoridades, \u00d3rganos de Gobierno y contactos\" class=\"read-more\" href=\"https:\/\/esba-nqn.infd.edu.ar\/sitio\/autoridades\/\" aria-label=\"More on Autoridades, \u00d3rganos de Gobierno y contactos\">[+]<\/a><\/p>\n","protected":false},"author":986,"featured_media":0,"parent":0,"menu_order":0,"comment_status":"closed","ping_status":"closed","template":"","meta":[],"acf":[],"_links":{"self":[{"href":"https:\/\/esba-nqn.infd.edu.ar\/sitio\/wp-json\/wp\/v2\/pages\/1280"}],"collection":[{"href":"https:\/\/esba-nqn.infd.edu.ar\/sitio\/wp-json\/wp\/v2\/pages"}],"about":[{"href":"https:\/\/esba-nqn.infd.edu.ar\/sitio\/wp-json\/wp\/v2\/types\/page"}],"author":[{"embeddable":true,"href":"https:\/\/esba-nqn.infd.edu.ar\/sitio\/wp-json\/wp\/v2\/users\/986"}],"replies":[{"embeddable":true,"href":"https:\/\/esba-nqn.infd.edu.ar\/sitio\/wp-json\/wp\/v2\/comments?post=1280"}],"version-history":[{"count":34,"href":"https:\/\/esba-nqn.infd.edu.ar\/sitio\/wp-json\/wp\/v2\/pages\/1280\/revisions"}],"predecessor-version":[{"id":7054,"href":"https:\/\/esba-nqn.infd.edu.ar\/sitio\/wp-json\/wp\/v2\/pages\/1280\/revisions\/7054"}],"wp:attachment":[{"href":"https:\/\/esba-nqn.infd.edu.ar\/sitio\/wp-json\/wp\/v2\/media?parent=1280"}],"curies":[{"name":"wp","href":"https:\/\/api.w.org\/{rel}","templated":true}]}}