{"id":1290,"date":"2018-06-29T18:27:42","date_gmt":"2018-06-29T21:27:42","guid":{"rendered":"https:\/\/esba-nqn.infd.edu.ar\/sitio\/c-e-a-y-t-o-d\/"},"modified":"2024-12-17T20:59:58","modified_gmt":"2024-12-17T23:59:58","slug":"c-e-a-y-t-o-d","status":"publish","type":"page","link":"https:\/\/esba-nqn.infd.edu.ar\/sitio\/c-e-a-y-t-o-d\/","title":{"rendered":"C.E.A. y T.O.D."},"content":{"rendered":"\n<h2 class=\"wp-block-heading\" id=\"ni\u00f1osasyadolescentes\">Matriculaci\u00f3n ni\u00f1os, ni\u00f1as y adolescentes<\/h2>\n\n\n\n<figure class=\"wp-block-image is-resized\"><img decoding=\"async\" loading=\"lazy\" src=\"https:\/\/esba-nqn.infd.edu.ar\/sitio\/wp-content\/uploads\/2024\/12\/WhatsApp-Image-2024-12-02-at-11.49.42.jpeg\" alt=\"\" class=\"wp-image-6982\" width=\"930\" height=\"1162\" srcset=\"https:\/\/esba-nqn.infd.edu.ar\/sitio\/wp-content\/uploads\/2024\/12\/WhatsApp-Image-2024-12-02-at-11.49.42.jpeg 1080w, https:\/\/esba-nqn.infd.edu.ar\/sitio\/wp-content\/uploads\/2024\/12\/WhatsApp-Image-2024-12-02-at-11.49.42-800x1000.jpeg 800w, https:\/\/esba-nqn.infd.edu.ar\/sitio\/wp-content\/uploads\/2024\/12\/WhatsApp-Image-2024-12-02-at-11.49.42-768x960.jpeg 768w\" sizes=\"(max-width: 930px) 100vw, 930px\" \/><\/figure>\n\n\n\n<p>El Ciclo Educaci\u00f3n por el Arte (CEA) les brinda a ni\u00f1as y ni\u00f1os las herramientas para desarrollar su imaginaci\u00f3n, sensibilidad, creaci\u00f3n y expresi\u00f3n. Las infancias realizan talleres de ARTES VISUALES, TEATRO, EXPRESI\u00d3N MUSICAL Y DANZAS FOLKL\u00d3RICAS. Estos talleres fueron creados en 1960 Bajo Decreto N\u00ba 0487\/1960 y desde el a\u00f1o 2017 tambi\u00e9n se realizan en la Escuela 348.<\/p>\n\n\n\n<p><strong>Pre \u2013 Inscripciones<\/strong><\/p>\n\n\n\n<p>A partir del&nbsp;<strong>27 de noviembre de 2024<\/strong>&nbsp;se encuentran habilitados los formularios para pre-inscribir a ni\u00f1as y ni\u00f1os al Ciclo lectivo 2025.<\/p>\n\n\n\n<p>La pre-inscripci\u00f3n es por Formulario de Google que debe completar el adulto responsable, y la inscripci\u00f3n definitiva se realizar\u00e1 con la entrega de la documentaci\u00f3n en el mes de Febrero (fecha a confirmar).<\/p>\n\n\n\n<p>CEA LANIN \u2013 ESBA: Lanin 1947, Neuqu\u00e9n.<br>Horarios a contraturno de la escuela:<br>Turno Ma\u00f1ana: de 8:30 A 11:20 hs.<br>Turno Tarde: de 14:30 A 17:20 hs.<br>Formulario de Pre-Inscripci\u00f3n<br><a href=\"https:\/\/forms.gle\/Z7Ta8H1E2pniAMvZ9\" target=\"_blank\" rel=\"noreferrer noopener\">https:\/\/forms.gle\/Z7Ta8H1E2pniAMvZ9<\/a><\/p>\n\n\n\n<p>CEA OESTE \u2013 Escuela 348: Casimiro Gomez 2200, Neuqu\u00e9n.<br>Horario vespertino: de18:00 A 20:50<br>Formulario de Pre-Inscripci\u00f3n<br><a href=\"https:\/\/forms.gle\/JFuF7C7WjR7Wmw6k8\" target=\"_blank\" rel=\"noreferrer noopener\">https:\/\/forms.gle\/JFuF7C7WjR7Wmw6k8<\/a><\/p>\n\n\n\n<p>m\u00e1s informaci\u00f3n:<br><a href=\"mailto:preceptoriacea@gmail.com\" target=\"_blank\" rel=\"noreferrer noopener\">preceptoriacea@gmail.com<\/a><\/p>\n\n\n\n<p>*Los Talleres son para Ni\u00f1as y Ni\u00f1os de 2do a 7mo grado en el ciclo lectivo 2025<\/p>\n\n\n\n<figure class=\"wp-block-image\"><img decoding=\"async\" loading=\"lazy\" width=\"1080\" height=\"1350\" src=\"https:\/\/esba-nqn.infd.edu.ar\/sitio\/wp-content\/uploads\/2024\/12\/WhatsApp-Image-2024-12-02-at-12.16.00.jpeg\" alt=\"\" class=\"wp-image-6987\" srcset=\"https:\/\/esba-nqn.infd.edu.ar\/sitio\/wp-content\/uploads\/2024\/12\/WhatsApp-Image-2024-12-02-at-12.16.00.jpeg 1080w, https:\/\/esba-nqn.infd.edu.ar\/sitio\/wp-content\/uploads\/2024\/12\/WhatsApp-Image-2024-12-02-at-12.16.00-800x1000.jpeg 800w, https:\/\/esba-nqn.infd.edu.ar\/sitio\/wp-content\/uploads\/2024\/12\/WhatsApp-Image-2024-12-02-at-12.16.00-768x960.jpeg 768w\" sizes=\"(max-width: 1080px) 100vw, 1080px\" \/><\/figure>\n\n\n\n<p>Los Talleres de Orientaci\u00f3n Definida (TOD) son talleres abiertos y gratuitos para adolescentes de 13 a 17 a\u00f1os y se realizan en el horario vespertino, entre las 18 a 20:30 hs. Hay talleres de Artes Visuales, Expresi\u00f3n Corporal, Folklore y Teatro.<\/p>\n\n\n\n<p><strong>Pre \u2013 Inscripciones<\/strong><\/p>\n\n\n\n<p>A partir del&nbsp;<strong>27 de noviembre<\/strong>&nbsp;<strong>de 2024<\/strong>&nbsp;se encuentran habilitados los formularios para pre-inscribir a j\u00f3venes al Ciclo lectivo 2025.<\/p>\n\n\n\n<p>La pre-inscripci\u00f3n es por Formulario de Google que debe completar el adulto responsable y la inscripci\u00f3n definitiva se realizar\u00e1 con la entrega de la documentaci\u00f3n en el mes de Febrero (fecha a confirmar).<\/p>\n\n\n\n<p>EXPRESI\u00d3N CORPORAL \u2013 TALLER GRATUITO PARA ADOLESCENTES DE 13 A 17 A\u00d1OS<br><a href=\"https:\/\/forms.gle\/mg2m37W6ttWTVQER7\" target=\"_blank\" rel=\"noreferrer noopener\">https:\/\/forms.gle\/mg2m37W6ttWTVQER7<\/a><\/p>\n\n\n\n<p>FOLKLORE \u2013 TALLER GRATUITO PARA ADOLESCENTES DE 13 A 17 A\u00d1OS<br><a href=\"https:\/\/forms.gle\/UVqYCqw6DwsGnmjo8\" target=\"_blank\" rel=\"noreferrer noopener\">https:\/\/forms.gle\/UVqYCqw6DwsGnmjo8<\/a><\/p>\n\n\n\n<p>PL\u00c1STICA \u2013 TALLER GRATUITO PARA ADOLESCENTES DE 13 A 17 A\u00d1OS<br><a href=\"https:\/\/forms.gle\/3nTZj8G94m9pMNqf9\" target=\"_blank\" rel=\"noreferrer noopener\">https:\/\/forms.gle\/3nTZj8G94m9pMNqf9<\/a><\/p>\n\n\n\n<p>TEATRO \u2013 TALLER GRATUITO PARA ADOLESCENTES DE 13 A 17 A\u00d1OS<br><a href=\"https:\/\/forms.gle\/j7yqX8kSfpGuG5kC9\" target=\"_blank\" rel=\"noreferrer noopener\">https:\/\/forms.gle\/j7yqX8kSfpGuG5kC9<\/a><\/p>\n\n\n<p><img decoding=\"async\" style=\"display: block; margin-left: auto; margin-right: auto;\" src=\"http:\/\/3.bp.blogspot.com\/_X8gZpAzJOnI\/TQUID52IILI\/AAAAAAAAAeI\/DWWxhA85iHg\/s1600\/cumplelu2010+034.jpg\" width=\"300\" border=\"0\" \/><\/p>","protected":false},"excerpt":{"rendered":"<p>Matriculaci\u00f3n ni\u00f1os, ni\u00f1as y adolescentes El Ciclo Educaci\u00f3n por el Arte (CEA) les brinda a ni\u00f1as y ni\u00f1os las herramientas para desarrollar su imaginaci\u00f3n, sensibilidad, creaci\u00f3n y expresi\u00f3n. Las infancias realizan talleres de ARTES VISUALES, TEATRO, EXPRESI\u00d3N MUSICAL Y DANZAS FOLKL\u00d3RICAS. Estos talleres fueron creados en 1960 Bajo Decreto N\u00ba 0487\/1960 y desde el a\u00f1o &#8230; <a title=\"C.E.A. y T.O.D.\" class=\"read-more\" href=\"https:\/\/esba-nqn.infd.edu.ar\/sitio\/c-e-a-y-t-o-d\/\" aria-label=\"More on C.E.A. y T.O.D.\">[+]<\/a><\/p>\n","protected":false},"author":778,"featured_media":0,"parent":0,"menu_order":0,"comment_status":"closed","ping_status":"closed","template":"","meta":[],"acf":[],"_links":{"self":[{"href":"https:\/\/esba-nqn.infd.edu.ar\/sitio\/wp-json\/wp\/v2\/pages\/1290"}],"collection":[{"href":"https:\/\/esba-nqn.infd.edu.ar\/sitio\/wp-json\/wp\/v2\/pages"}],"about":[{"href":"https:\/\/esba-nqn.infd.edu.ar\/sitio\/wp-json\/wp\/v2\/types\/page"}],"author":[{"embeddable":true,"href":"https:\/\/esba-nqn.infd.edu.ar\/sitio\/wp-json\/wp\/v2\/users\/778"}],"replies":[{"embeddable":true,"href":"https:\/\/esba-nqn.infd.edu.ar\/sitio\/wp-json\/wp\/v2\/comments?post=1290"}],"version-history":[{"count":1,"href":"https:\/\/esba-nqn.infd.edu.ar\/sitio\/wp-json\/wp\/v2\/pages\/1290\/revisions"}],"predecessor-version":[{"id":7006,"href":"https:\/\/esba-nqn.infd.edu.ar\/sitio\/wp-json\/wp\/v2\/pages\/1290\/revisions\/7006"}],"wp:attachment":[{"href":"https:\/\/esba-nqn.infd.edu.ar\/sitio\/wp-json\/wp\/v2\/media?parent=1290"}],"curies":[{"name":"wp","href":"https:\/\/api.w.org\/{rel}","templated":true}]}}