{"id":1300,"date":"2018-06-29T18:27:46","date_gmt":"2018-06-29T21:27:46","guid":{"rendered":"https:\/\/esba-nqn.infd.edu.ar\/sitio\/comodato-netbook\/"},"modified":"2026-03-16T09:14:55","modified_gmt":"2026-03-16T12:14:55","slug":"equivalencias-2","status":"publish","type":"page","link":"https:\/\/esba-nqn.infd.edu.ar\/sitio\/equivalencias-2\/","title":{"rendered":"Equivalencias"},"content":{"rendered":"<h4><\/h4>\n<h5><b>\u00a0Si estas cursando un plan de estudios en la ESBA y ten\u00e9s materias acreditadas con nota num\u00e9rica<\/b><span style=\"font-weight: 400;\"> en otra carrera\/plan af\u00edn de la misma instituci\u00f3n u otra, podes pedir equivalencias.\u00a0<\/span><\/h5>\n<h4><em><b>Una equivalencia es un documento expuesto por una universidad o Instituto que da validez a materias que hayas cursado y aprobado en otra instituci\u00f3n de educaci\u00f3n superior, es decir, se trata del reconocimiento de tu trayectoria acad\u00e9mica bajo ciertas condiciones.<\/b><\/em><\/h4>\n<h4><b>Normativa vigente para equivalencias:<\/b><\/h4>\n<p><a href=\"https:\/\/drive.google.com\/drive\/folders\/17GAN_UJEojgSxltiRE4miFvFKdXrHHLz?usp=sharing\" target=\"_blank\" rel=\"noopener\">Normativa equivalencias CPE Neuqu\u00e9n<\/a><\/p>\n<p>Te recomendamos que descargues la normativa y la leas.<\/p>\n<h4><b>Fechas de solicitud de equivalencias:<\/b><\/h4>\n<p>Se establecen en calendario acad\u00e9mico:<\/p>\n<div>\n<p><span style=\"font-weight: 400; color: #ff6600;\">\u2af8\u2af8\u2af8\u2af8 Desde el 16 hasta el 20 de marzo del <strong>2026 <\/strong>\u2af7\u2af7\u2af7\u2af7<\/span><\/p>\n<\/div>\n<p><em><span style=\"font-weight: 400;\">Ser\u00e1n desestimados los pedidos que se reciban fuera de esas fechas.<\/span><\/em><\/p>\n<h4><b>Tipos de equivalencias:<\/b><\/h4>\n<ul>\n<li aria-level=\"1\"><b>INTERNAS <span style=\"color: #339966;\">\u2550\u2550\u2550\u2550\u2550\u2550\u2550\u2550\u2550\u2550\u2550\u2550\u2550\u2550<\/span><\/b><\/li>\n<\/ul>\n<p style=\"padding-left: 40px;\"><strong>Entre carreras de la ESBA<\/strong><\/p>\n<p style=\"padding-left: 40px;\"><img decoding=\"async\" loading=\"lazy\" class=\"alignleft  wp-image-5344\" src=\"https:\/\/esba-nqn.infd.edu.ar\/sitio\/wp-content\/uploads\/2023\/07\/Captura-de-pantalla-2023-07-07-164347-517x1000.png\" alt=\"equivalencias entre planes incluidos en las disposiciones\" width=\"291\" height=\"563\" srcset=\"https:\/\/esba-nqn.infd.edu.ar\/sitio\/wp-content\/uploads\/2023\/07\/Captura-de-pantalla-2023-07-07-164347-517x1000.png 517w, https:\/\/esba-nqn.infd.edu.ar\/sitio\/wp-content\/uploads\/2023\/07\/Captura-de-pantalla-2023-07-07-164347-768x1485.png 768w, https:\/\/esba-nqn.infd.edu.ar\/sitio\/wp-content\/uploads\/2023\/07\/Captura-de-pantalla-2023-07-07-164347-795x1536.png 795w, https:\/\/esba-nqn.infd.edu.ar\/sitio\/wp-content\/uploads\/2023\/07\/Captura-de-pantalla-2023-07-07-164347.png 866w\" sizes=\"(max-width: 291px) 100vw, 291px\" \/>Se elaboran a partir de tablas matrices preestablecidas de equivalencias entre espacios curriculares de planes de estudio de la ESBA. Si ten\u00e9s acreditados los espacios mencionados en la grilla, se te van a otorgar los espacios equivalentes.<\/p>\n<p style=\"padding-left: 40px;\">En las siguientes disposiciones vigentes podes encontrar las grillas de equivalencias entre planes de estudios avaladas por la Direcci\u00f3n Provincial de Nivel Superior.<\/p>\n<p style=\"padding-left: 40px;\">Ley\u00e9ndolas podr\u00e1s saber que materias se te van a otorgar, cuales no y as\u00ed organizar tu trayectoria acad\u00e9mica.<\/p>\n<p><a href=\"https:\/\/drive.google.com\/drive\/folders\/1GpHA7DZFWf1oLlD2SY4CFeJT8EmWgvio?usp=sharing\">Normativas. Disposiciones de equivalencias internas ESBA<\/a><\/p>\n<h5>Para solicitar Equivalencias Internas complet\u00e1 el siguiente formulario que estar\u00e1 abierto en las fechas estipuladas.<\/h5>\n<p><a href=\"https:\/\/forms.gle\/F3qHr32QozNJpGLP7\">Formulario Solicitud Equivalencias INTERNAS<\/a><\/p>\n<h4><\/h4>\n<p>.<\/p>\n<p>.<\/p>\n<p>.<\/p>\n<ul>\n<li aria-level=\"1\"><b>EXTERNAS<span style=\"color: #cc99ff;\"> \u2550\u2550\u2550\u2550\u2550\u2550\u2550\u2550\u2550\u2550\u2550\u2550\u2550\u2550<\/span><\/b><\/li>\n<\/ul>\n<p style=\"padding-left: 80px;\">Si cursaste otra carrera af\u00edn en otra instituci\u00f3n educativa de nivel terciario o universitario.<\/p>\n<p style=\"padding-left: 40px;\"><b>DOCUMENTACI\u00d3N A PRESENTAR:<\/b><\/p>\n<p style=\"padding-left: 40px;\"><span style=\"font-weight: 400;\">La <\/span><b>documentaci\u00f3n debe estar digitalizada de forma legible y en formato PDF. Cada una en un archivo diferente.<\/b><\/p>\n<p style=\"padding-left: 40px;\"><span style=\"font-weight: 400;\">1 &#8211; Fotocopia DNI actualizado y legalizado<\/span><\/p>\n<p style=\"padding-left: 40px;\"><span style=\"font-weight: 400;\">2 &#8211; Fotocopia Partida de Nacimiento actualizada y legalizada<\/span><\/p>\n<p style=\"padding-left: 40px;\"><span style=\"font-weight: 400;\">3 &#8211; Rendimiento acad\u00e9mico original o legalizado<\/span><\/p>\n<p style=\"padding-left: 40px;\"><span style=\"font-weight: 400;\">4 &#8211; Plan de Estudios de la carrera de origen certificado<\/span><\/p>\n<p style=\"padding-left: 40px;\"><span style=\"font-weight: 400;\">5 &#8211; Programas de estudio de cada Asignatura o espacio curricular acreditado con una antig\u00fcedad menor o igual a 8 (a\u00f1os). Estos programas deben corresponder al a\u00f1o de acreditaci\u00f3n.<\/span><\/p>\n<h5 style=\"padding-left: 40px;\">Para solicitar Equivalencias Externas, complet\u00e1 el siguiente formulario que permanecer\u00e1 abierto en las fechas estipuladas. Ten\u00e9 en cuenta que al momento de completar el formulario deber\u00e1s tener disponible toda la documentaci\u00f3n solicitada para poder adjuntarla.<\/h5>\n<p style=\"padding-left: 40px;\"><a href=\"https:\/\/forms.gle\/7wwbsuNp5kk6MDZv8\" target=\"_blank\" rel=\"noopener\">Formulario Solicitud Equivalencias<\/a><\/p>\n<hr \/>\n<p style=\"padding-left: 80px;\">Si estudiaste en ESBA y queres tramitar equivalencias hacia otra instituci\u00f3n:<\/p>\n<p style=\"padding-left: 80px;\">Es la otra instituci\u00f3n la que lleva adelante el tr\u00e1mite y establece los requisitos y documentaci\u00f3n a presentar.<\/p>\n<p style=\"padding-left: 80px;\">Para solicitar documentaci\u00f3n complet\u00e1 el siguiente formulario con la debida anticipaci\u00f3n:<\/p>\n<p><a href=\"https:\/\/docs.google.com\/forms\/d\/e\/1FAIpQLSfvPA9bi9ceGfW19nqL3f6FpdPwMnKAauDYcbS8WS0Yc19gIA\/viewform?usp=header\">https:\/\/docs.google.com\/forms\/d\/e\/1FAIpQLSfvPA9bi9ceGfW19nqL3f6FpdPwMnKAauDYcbS8WS0Yc19gIA\/viewform?usp=header<\/a><\/p>\n<hr \/>\n","protected":false},"excerpt":{"rendered":"<p>\u00a0Si estas cursando un plan de estudios en la ESBA y ten\u00e9s materias acreditadas con nota num\u00e9rica en otra carrera\/plan af\u00edn de la misma instituci\u00f3n u otra, podes pedir equivalencias.\u00a0 Una equivalencia es un documento expuesto por una universidad o Instituto que da validez a materias que hayas cursado y aprobado en otra instituci\u00f3n de &#8230; <a title=\"Equivalencias\" class=\"read-more\" href=\"https:\/\/esba-nqn.infd.edu.ar\/sitio\/equivalencias-2\/\" aria-label=\"More on Equivalencias\">[+]<\/a><\/p>\n","protected":false},"author":986,"featured_media":0,"parent":0,"menu_order":0,"comment_status":"closed","ping_status":"closed","template":"","meta":[],"acf":[],"_links":{"self":[{"href":"https:\/\/esba-nqn.infd.edu.ar\/sitio\/wp-json\/wp\/v2\/pages\/1300"}],"collection":[{"href":"https:\/\/esba-nqn.infd.edu.ar\/sitio\/wp-json\/wp\/v2\/pages"}],"about":[{"href":"https:\/\/esba-nqn.infd.edu.ar\/sitio\/wp-json\/wp\/v2\/types\/page"}],"author":[{"embeddable":true,"href":"https:\/\/esba-nqn.infd.edu.ar\/sitio\/wp-json\/wp\/v2\/users\/986"}],"replies":[{"embeddable":true,"href":"https:\/\/esba-nqn.infd.edu.ar\/sitio\/wp-json\/wp\/v2\/comments?post=1300"}],"version-history":[{"count":34,"href":"https:\/\/esba-nqn.infd.edu.ar\/sitio\/wp-json\/wp\/v2\/pages\/1300\/revisions"}],"predecessor-version":[{"id":7506,"href":"https:\/\/esba-nqn.infd.edu.ar\/sitio\/wp-json\/wp\/v2\/pages\/1300\/revisions\/7506"}],"wp:attachment":[{"href":"https:\/\/esba-nqn.infd.edu.ar\/sitio\/wp-json\/wp\/v2\/media?parent=1300"}],"curies":[{"name":"wp","href":"https:\/\/api.w.org\/{rel}","templated":true}]}}