{"id":1302,"date":"2018-06-29T18:27:47","date_gmt":"2018-06-29T21:27:47","guid":{"rendered":"https:\/\/esba-nqn.infd.edu.ar\/sitio\/normativas-generales\/"},"modified":"2021-06-18T22:22:19","modified_gmt":"2021-06-19T01:22:19","slug":"normativas-generales","status":"publish","type":"page","link":"https:\/\/esba-nqn.infd.edu.ar\/sitio\/normativas-generales\/","title":{"rendered":"Normativas Generales"},"content":{"rendered":"<ul>\n<li><span style=\"font-size: 10pt;\">El pasado 30 de agosto el Consejo Provincial de Educaci\u00f3n de la provincia de Neuqu\u00e9n, aprob\u00f3 con la Resoluci\u00f3n N\u00b0 1063 (Expediente N\u00b0 5721-002368\/12) el Reglamento Org\u00e1nico Marco (<strong>ROM),<\/strong>\u00a0para Institutos y Escuelas Superiores de Formaci\u00f3n Docente de gesti\u00f3n estatal.<\/span><\/li>\n<\/ul>\n<p style=\"text-align: justify;\"><span style=\"font-size: 10pt; font-family: verdana,geneva;\"><span style=\"font-size: 10pt;\">\u00a0 \u00a0 \u00a0 \u00a0 \u00a0 \u00a0 \u00a0 \u00a0 \u00a0 \u00a0 \u00a0 \u00a0 \u00a0 \u00a0 \u00a0 \u00a0 \u00a0 \u00a0 \u00a0 \u00a0 \u00a0 \u00a0 \u00a0 \u00a0 \u00a0<\/span> \u00a0<strong><a title=\"Reglamento Org\u00e1nico Marco\" href=\"upload\/ROM_r_1063_13.pdf\" target=\"_blank\" rel=\"noopener\">\u00a0DESCARGAR REGLAMENTO ORG\u00c1NICO MARCO (ROM) Res. N\u00ba 1063\/13<\/a><\/strong>\u00a0<\/span><\/p>\n<p style=\"text-align: justify;\"><span style=\"font-size: 10pt; font-family: verdana,geneva;\">\u00a0<\/span><\/p>\n<p style=\"text-align: justify;\"><span style=\"font-size: 10pt; font-family: verdana,geneva;\">*<\/span><span style=\"font-family: verdana, geneva; font-size: 10pt;\">Se les recuerda a todos los\/as estudiantes del instituto, que la <\/span><strong style=\"font-family: verdana, geneva; font-size: 10pt;\">documentaci\u00f3n obligatoria<\/strong><span style=\"font-family: verdana, geneva; font-size: 10pt;\"><strong> para presentarse a las mesas de examen<\/strong> son:<\/span><\/p>\n<ul>\n<li style=\"text-align: justify;\"><span style=\"font-size: 10pt; font-family: verdana,geneva;\">D.N.I:\u00a0 <strong>(secretar\u00eda y bedel\u00eda no realizan copias)<\/strong><\/span><\/li>\n<li><span style=\"font-size: 10pt; font-family: verdana,geneva;\">Programa de examen.<\/span><\/li>\n<li><span style=\"font-size: 10pt; font-family: verdana,geneva;\">Permiso de examen.<\/span><\/li>\n<\/ul>\n<p style=\"text-align: justify;\"><span style=\"font-size: 10pt;\"><span style=\"font-family: verdana,geneva;\">\u00a0*<\/span><span style=\"font-family: verdana,geneva;\"><span style=\"font-family: verdana, geneva;\"><span style=\"font-size: 10pt;\">\u00a0Se pone a <\/span><span style=\"font-size: 13.3333px;\">Disposici\u00f3n<\/span><span style=\"font-size: 10pt;\">\u00a0de los\/as estudiantes el<\/span><\/span> <b style=\"font-family: verdana, geneva; font-size: 10pt;\">Reglamento <\/b><span style=\"font-family: verdana, geneva;\"><span style=\"font-size: 13.3333px;\"><b>Acad\u00e9mico<\/b><\/span><\/span><b style=\"font-family: verdana, geneva; font-size: 10pt;\">\u00a0Marco (RAM) Res. N\u00ba 1011\/11<\/b><span style=\"font-family: verdana, geneva;\"><span style=\"font-size: 10pt;\">.Se les recuerda que es fundamental su conocimiento ya que&#8230; \u00abes el conjunto de normas que regula las pr\u00e1cticas de los distintos actores institucionales en orden de posibilitar los recorridos de los\/as estudiantes por las distintas unidades que los dise\u00f1os curriculares proponen llevar a cabo en el proceso de <\/span><span style=\"font-size: 13.3333px;\">formaci\u00f3n<\/span><span style=\"font-size: 10pt;\">\u00ab.<\/span><\/span><\/span><\/span><\/p>\n<p style=\"text-align: justify; padding-left: 210px;\"><a href=\"https:\/\/dgns-nqn.infd.edu.ar\/sitio\/resoluciones-provinciales\/upload\/r_1011_11.pdf\">DESCARGAR REGLAMENTO ACAD\u00c9MICO MARCO (RAM) RES. N\u00ba 1011\/11\u00a0<\/a><\/p>\n<ul>\n<li><span style=\"font-size: 10pt;\"><strong>Se incorpora la Disposici\u00f3n 006\/12(15\/8\/2012) sobre Reglamentaciones para Inscripciones de estudiantes en calidad de \u00abLibre\u00bb-\u00abVocacional\u00bb y de \u00abFormaci\u00f3n Continua \u00ab<a class=\"LinkModi\" href=\"https:\/\/esba-nqn.infd.edu.ar\/aula\/archivos\/repositorio\/\/0\/121\/dispo_6_capac_continua.pdf\" target=\"_NEW\"><strong>dispo_6_capac_continua.pdf<\/strong><\/a><br \/>\n<\/strong><\/span><\/li>\n<\/ul>\n","protected":false},"excerpt":{"rendered":"<p>El pasado 30 de agosto el Consejo Provincial de Educaci\u00f3n de la provincia de Neuqu\u00e9n, aprob\u00f3 con la Resoluci\u00f3n N\u00b0 1063 (Expediente N\u00b0 5721-002368\/12) el Reglamento Org\u00e1nico Marco (ROM),\u00a0para Institutos y Escuelas Superiores de Formaci\u00f3n Docente de gesti\u00f3n estatal. \u00a0 \u00a0 \u00a0 \u00a0 \u00a0 \u00a0 \u00a0 \u00a0 \u00a0 \u00a0 \u00a0 \u00a0 \u00a0 \u00a0 \u00a0 \u00a0 &#8230; <a title=\"Normativas Generales\" class=\"read-more\" href=\"https:\/\/esba-nqn.infd.edu.ar\/sitio\/normativas-generales\/\" aria-label=\"More on Normativas Generales\">[+]<\/a><\/p>\n","protected":false},"author":778,"featured_media":0,"parent":0,"menu_order":0,"comment_status":"closed","ping_status":"closed","template":"","meta":[],"acf":[],"_links":{"self":[{"href":"https:\/\/esba-nqn.infd.edu.ar\/sitio\/wp-json\/wp\/v2\/pages\/1302"}],"collection":[{"href":"https:\/\/esba-nqn.infd.edu.ar\/sitio\/wp-json\/wp\/v2\/pages"}],"about":[{"href":"https:\/\/esba-nqn.infd.edu.ar\/sitio\/wp-json\/wp\/v2\/types\/page"}],"author":[{"embeddable":true,"href":"https:\/\/esba-nqn.infd.edu.ar\/sitio\/wp-json\/wp\/v2\/users\/778"}],"replies":[{"embeddable":true,"href":"https:\/\/esba-nqn.infd.edu.ar\/sitio\/wp-json\/wp\/v2\/comments?post=1302"}],"version-history":[{"count":4,"href":"https:\/\/esba-nqn.infd.edu.ar\/sitio\/wp-json\/wp\/v2\/pages\/1302\/revisions"}],"predecessor-version":[{"id":3850,"href":"https:\/\/esba-nqn.infd.edu.ar\/sitio\/wp-json\/wp\/v2\/pages\/1302\/revisions\/3850"}],"wp:attachment":[{"href":"https:\/\/esba-nqn.infd.edu.ar\/sitio\/wp-json\/wp\/v2\/media?parent=1302"}],"curies":[{"name":"wp","href":"https:\/\/api.w.org\/{rel}","templated":true}]}}