{"id":1352,"date":"2018-06-29T18:28:06","date_gmt":"2018-06-29T21:28:06","guid":{"rendered":"https:\/\/esba-nqn.infd.edu.ar\/sitio\/formulario-de-mesas-examen-prof-danzasfolklore\/"},"modified":"2024-11-20T11:22:21","modified_gmt":"2024-11-20T14:22:21","slug":"formulario-de-mesas-examen-prof-danzasfolklore","status":"publish","type":"page","link":"https:\/\/esba-nqn.infd.edu.ar\/sitio\/formulario-de-mesas-examen-prof-danzasfolklore\/","title":{"rendered":"Formulario de Mesas Examen -Prof. Danzas Folklore"},"content":{"rendered":"<h4><\/h4>\n<div><\/div>\n<div>\n<h4>CONSIDERACIONES SOBRE EL LLAMADO A MESAS DE EXAMEN<\/h4>\n<div>\n<p>Regulares y Libres<\/p>\n<ul>\n<li>Es\u00a0importante tener copia del Programa de examen\u00a0<b>regular\u00a0<\/b>para ajustar el examen a los requisitos del a\u00f1o de cursado del Espacio Curricular<\/li>\n<li>Ex\u00e1menes Libres:\u00a0los programas est\u00e1n publicados en\u00a0<a href=\"https:\/\/esba-nqn.infd.edu.ar\/sitio\/programas-de-examen-libre\/\" target=\"_blank\" rel=\"noopener\" data-saferedirecturl=\"https:\/\/www.google.com\/url?q=https:\/\/esba-nqn.infd.edu.ar\/sitio\/programas-de-examen-libre\/&amp;source=gmail&amp;ust=1668893034146000&amp;usg=AOvVaw2NexrXVW4bEz4ItHFl-2ZX\">https:\/\/esba-nqn.infd.edu.<wbr \/>ar\/sitio\/programas-de-examen-<wbr \/>libre\/<\/a>. En caso de que no est\u00e9 publicado el que necesitan, informar a la brevedad a la Secretar\u00eda Acad\u00e9mica (\u00a0<a href=\"mailto:secretariaacademicaesba@gmail.com\" target=\"_blank\" rel=\"noopener\">secretariaacademicaesba@<wbr \/>gmail.com<\/a>)<\/li>\n<li>Quienes se inscriban a las mesas de ex\u00e1menes por favor tomar contacto con los\/as\/les docentes a cargo del espacio curricular que van a rendir<\/li>\n<li>Tener en cuenta que hay dos llamados a ex\u00e1menes por lo que tienen que se\u00f1alar en cu\u00e1l de los dos llamados se presentar\u00edan\u00a0al examen.<\/li>\n<\/ul>\n<p><strong>INSCRIPCI\u00d3N ON LINE\u00a0 (Recuerden que deben inscribirse con una anticipaci\u00f3n de al menos 72 hs. h\u00e1biles en la mesa que deseen rendir)<\/strong><\/p>\n<p><strong>Record\u00e1 que los links de inscripci\u00f3n se habilitan en cada fecha estipulada en el Calendario Acad\u00e9mico.<\/strong><\/p>\n<p>a) Antes de inscribirse en la mesa de examen\u00a0revisar las correlatividades\u00a0ya que los espacios curriculares correlativos tienen que estar aprobadas por promoci\u00f3n o examen final, quienes no cumplan con este requisito ser\u00e1n dados de baja en la inscripci\u00f3n de la mesa de examen<br \/>\nb)\u00a0Completar el formulario de inscripci\u00f3n seg\u00fan carrera y turno\u00a0en el que se haya cursado el espacio curricular. Los formularios estar\u00e1n publicados en la p\u00e1gina web.<br \/>\nc) En el caso de los espacios curriculares de\u00a0Idiomas y Lengua Extranjera\u00a0(seg\u00fan denominaci\u00f3n en el plan de estudios)\u00a0estar\u00e1n en un formulario diferente\u00a0al de los otros espacios curriculares.<br \/>\nd)\u00a0Reservar el email enviado por el formulario de confirmaci\u00f3n de la inscripci\u00f3n\u00a0porque es el comprobante de haber cumplimentado el tr\u00e1mite por cualquier dificultad que surgiera. Revisar si figuran todos los espacios curriculares que quiera\u00a0rendir.<br \/>\ne)\u00a0Importante: completar el formulario web en tiempo y forma es requisito indispensable para rendir los espacios curriculares, de lo contrario no podr\u00e1n rendir, sin excepci\u00f3n.<\/p>\n<p><strong>Cualquier consulta, error o problema con las inscripciones a mesas, por favor contactate\u00a0 v\u00eda mail con tu bedel.<\/strong><\/p>\n<\/div>\n<\/div>\n<table style=\"height: 418px;\" width=\"1317\">\n<tbody>\n<tr>\n<td colspan=\"4\" width=\"651\"><span style=\"color: #ff6600;\"><strong>DEPARTAMENTO DE FOLKLORE<\/strong><\/span><\/td>\n<\/tr>\n<tr>\n<td rowspan=\"3\" width=\"113\">CARRERA: PROFESORADO DE DANZAS CON ORIENTACI\u00d3N EN DANZAS FOLKL\u00d3RICAS (PF)<\/td>\n<td rowspan=\"3\" width=\"76\">PLAN N\u00ba 611<\/td>\n<td width=\"123\"><strong>CURSOS:<\/strong><\/td>\n<td width=\"340\"><strong>LINK DE INSCRIPCI\u00d3N<\/strong><\/td>\n<\/tr>\n<tr>\n<td width=\"123\">1\u00ba A 4\u00ba<\/td>\n<td width=\"340\"><a href=\"https:\/\/docs.google.com\/forms\/d\/1d3IUe2CCGTTO8qmv-6h92PwozApQVsydfZFfN3Eb3nQ\/edit\">https:\/\/docs.google.com\/forms\/d\/1d3IUe2CCGTTO8qmv-6h92PwozApQVsydfZFfN3Eb3nQ\/edit<\/a><\/td>\n<\/tr>\n<tr>\n<td width=\"123\">LENGUA EXTRANJERA<\/td>\n<td width=\"340\"><a href=\"https:\/\/docs.google.com\/forms\/d\/1NEc6tr00N6WZdKJ7wGBG95d2G0L9gJSpobUY9sM7F2s\/edit\">https:\/\/docs.google.com\/forms\/d\/1NEc6tr00N6WZdKJ7wGBG95d2G0L9gJSpobUY9sM7F2s\/edit<\/a><\/td>\n<\/tr>\n<\/tbody>\n<\/table>\n<p><u>\u00a0<\/u><\/p>\n","protected":false},"excerpt":{"rendered":"<p>CONSIDERACIONES SOBRE EL LLAMADO A MESAS DE EXAMEN Regulares y Libres Es\u00a0importante tener copia del Programa de examen\u00a0regular\u00a0para ajustar el examen a los requisitos del a\u00f1o de cursado del Espacio Curricular Ex\u00e1menes Libres:\u00a0los programas est\u00e1n publicados en\u00a0https:\/\/esba-nqn.infd.edu.ar\/sitio\/programas-de-examen-libre\/. En caso de que no est\u00e9 publicado el que necesitan, informar a la brevedad a la Secretar\u00eda Acad\u00e9mica &#8230; <a title=\"Formulario de Mesas Examen -Prof. Danzas Folklore\" class=\"read-more\" href=\"https:\/\/esba-nqn.infd.edu.ar\/sitio\/formulario-de-mesas-examen-prof-danzasfolklore\/\" aria-label=\"More on Formulario de Mesas Examen -Prof. Danzas Folklore\">[+]<\/a><\/p>\n","protected":false},"author":778,"featured_media":0,"parent":0,"menu_order":0,"comment_status":"closed","ping_status":"closed","template":"","meta":[],"acf":[],"_links":{"self":[{"href":"https:\/\/esba-nqn.infd.edu.ar\/sitio\/wp-json\/wp\/v2\/pages\/1352"}],"collection":[{"href":"https:\/\/esba-nqn.infd.edu.ar\/sitio\/wp-json\/wp\/v2\/pages"}],"about":[{"href":"https:\/\/esba-nqn.infd.edu.ar\/sitio\/wp-json\/wp\/v2\/types\/page"}],"author":[{"embeddable":true,"href":"https:\/\/esba-nqn.infd.edu.ar\/sitio\/wp-json\/wp\/v2\/users\/778"}],"replies":[{"embeddable":true,"href":"https:\/\/esba-nqn.infd.edu.ar\/sitio\/wp-json\/wp\/v2\/comments?post=1352"}],"version-history":[{"count":32,"href":"https:\/\/esba-nqn.infd.edu.ar\/sitio\/wp-json\/wp\/v2\/pages\/1352\/revisions"}],"predecessor-version":[{"id":6900,"href":"https:\/\/esba-nqn.infd.edu.ar\/sitio\/wp-json\/wp\/v2\/pages\/1352\/revisions\/6900"}],"wp:attachment":[{"href":"https:\/\/esba-nqn.infd.edu.ar\/sitio\/wp-json\/wp\/v2\/media?parent=1352"}],"curies":[{"name":"wp","href":"https:\/\/api.w.org\/{rel}","templated":true}]}}