{"id":1363,"date":"2018-06-29T18:28:11","date_gmt":"2018-06-29T21:28:11","guid":{"rendered":"https:\/\/esba-nqn.infd.edu.ar\/sitio\/normativa-resoluciones-disposiciones\/"},"modified":"2025-04-15T12:11:17","modified_gmt":"2025-04-15T15:11:17","slug":"normativa-resoluciones-disposiciones","status":"publish","type":"page","link":"https:\/\/esba-nqn.infd.edu.ar\/sitio\/normativa-resoluciones-disposiciones\/","title":{"rendered":"Normativa. Resoluciones\/Disposiciones"},"content":{"rendered":"\n<h4 class=\"wp-block-heading\"><strong>En esta secci\u00f3n del sitio se alojar\u00e1n documentos digitales con normativas de diversa \u00edndole, resoluciones, disposiciones etc, de inter\u00e9s para la comunidad educativa.<\/strong><\/h4>\n\n\n\n<p><strong>Nacionales<\/strong><\/p>\n\n\n\n<ul>\n<li>Rep\u00fablica Argentina (2006).<strong> Ley de Educaci\u00f3n Nacional N\u00ba 26.206\/06<\/strong>. <em>Disponible en:<\/em> <a href=\"https:\/\/www.argentina.gob.ar\/sites\/default\/files\/ley-de-educ-nac-58ac89392ea4c.pdf\">https:\/\/www.argentina.gob.ar\/sites\/default\/files\/ley-de-educ-nac-58ac89392ea4c.pdf<\/a>&nbsp;<\/li>\n\n\n\n<li>Rep\u00fablica Argentina (1995). <strong>Ley de Educaci\u00f3n Superior N\u00ba 24.521\/95<\/strong>. <em>Disponible en:<\/em> <a href=\"https:\/\/servicios.infoleg.gob.ar\/infolegInternet\/anexos\/25000-29999\/25394\/texact.htm\">https:\/\/servicios.infoleg.gob.ar\/infolegInternet\/anexos\/25000-29999\/25394\/texact.htm<\/a>&nbsp;<\/li>\n\n\n\n<li>Rep\u00fablica Argentina (2002). <strong>Ley de Educaci\u00f3n Superior N\u00ba 25.273\/02<\/strong>. <strong>Modificaci\u00f3n de la Ley N\u00ba 24.521\/95.<\/strong> <em>Disponible en:<\/em> <em>Click<\/em> <a href=\"https:\/\/drive.google.com\/drive\/folders\/15UVGWQ9PWvHnJpp5fSjTnj8M4vvyhr_o?hl=es\"><strong>aqu\u00ed<\/strong><\/a> <em>para leer y\/o descargar.<\/em><\/li>\n\n\n\n<li>Rep\u00fablica Argentina (2004). <strong>Ley 26.002\/04-R\u00e9gimen de T\u00edtulos. Modificaci\u00f3n de la Ley N\u00ba 24.521<\/strong>. <em>Click<\/em> <a href=\"https:\/\/drive.google.com\/file\/d\/1i2ywcGZuEgM8dYVq52Axs9MoQ_rRpX83\/view?usp=sharing\"><strong>aqu\u00ed<\/strong><\/a> <em>para leer y\/o descargar.<\/em><\/li>\n\n\n\n<li>Consejo Federal Educaci\u00f3n-Argentina (2007). <strong>Lineamientos Curriculares Nacionales Formaci\u00f3n Docente Inicial.<\/strong> <strong>Resol.N\u00ba 24-07.<\/strong> <em>Disponible en:<\/em> <a href=\"http:\/\/www.bnm.me.gov.ar\/giga1\/normas\/RCFE_24-07.pdf\">http:\/\/www.bnm.me.gov.ar\/giga1\/normas\/RCFE_24-07.pdf<\/a>&nbsp;<\/li>\n\n\n\n<li>Ministerio de Educaci\u00f3n y Deporte (2016).<strong> Validez Nacional de T\u00edtulos y Certificados<\/strong>. Resoluci\u00f3n 1892\/16. <em>Disponible en:<\/em><a href=\"http:\/\/servicios.infoleg.gob.ar\/infolegInternet\/anexos\/265000-269999\/267197\/texact.htm\"><em> <\/em>http:\/\/servicios.infoleg.gob.ar\/infolegInternet\/anexos\/265000-269999\/267197\/texact.htm<\/a><\/li>\n\n\n\n<li>Ministerio de Educaci\u00f3n y Deporte (2017).<strong> Resoluci\u00f3n N\u00ba 2470\/17. Modificaci\u00f3n Validez Nacional de T\u00edtulos y Certificados. <\/strong><em>Disponible en:<\/em> <a href=\"http:\/\/servicios.infoleg.gob.ar\/infolegInternet\/anexos\/275000-279999\/275467\/norma.htm\">http:\/\/servicios.infoleg.gob.ar\/infolegInternet\/anexos\/275000-279999\/275467\/norma.htm<\/a><\/li>\n\n\n\n<li>Rep\u00fablica Argentina (2013). <strong>Ley 26.877\/13-Centros de Estudiantes.<\/strong> <em>Click <\/em><a href=\"https:\/\/drive.google.com\/file\/d\/1Q6CuxvuD_FuijczrBpwyFP3eL3n_EZTK\/view?usp=sharing\"><strong>aqu\u00ed<\/strong><\/a> <em>para leer y\/o descargar.<\/em><\/li>\n<\/ul>\n\n\n\n<p><strong>De la Provincia de Neuqu\u00e9n<\/strong><\/p>\n\n\n\n<ul>\n<li>Consejo Provincial Educaci\u00f3n Neuqu\u00e9n (2011). <strong>Reglamento Administrativo Marco (RAM)<\/strong>. Resoluci\u00f3n N\u00ba 1011\/11. <em>Click<\/em><strong><em> <\/em><\/strong><a href=\"https:\/\/drive.google.com\/file\/d\/15OcGivlQdxdFIOqz0TGvj-sk1dDQASlN\/view?usp=sharing\"><strong><em>aqu\u00ed<\/em><\/strong><\/a><strong><em> <\/em><\/strong><em>para leer y\/o descargar.<\/em><\/li>\n\n\n\n<li>Consejo Provincial Educaci\u00f3n de Neuqu\u00e9n (2013). <strong>Reglamento Org\u00e1nico Marco (ROM)<\/strong>. Resoluci\u00f3n N\u00ba 1063\/13. <em>Click<\/em><strong><em> <\/em><\/strong><a href=\"https:\/\/drive.google.com\/file\/d\/1jGyBgmJoe73sGurIMYMQi8F4AYuMNkpC\/view?usp=sharing\"><strong><em>aqu\u00ed<\/em><\/strong><\/a><strong><em> <\/em><\/strong><em>para leer y\/o descargar.<\/em><\/li>\n\n\n\n<li>Consejo Provincial Educaci\u00f3n Neuqu\u00e9n (2013). <strong>Reglamento General para las Pr\u00e1cticas de Ense\u00f1anza y Residencia Docente.<\/strong> <em>Click<\/em><strong><em> <\/em><\/strong><a href=\"https:\/\/drive.google.com\/file\/d\/1pEgOSq2-s_9ptpgRAA8vMSAgkucIKa_1\/view?usp=sharing\"><strong><em>aqu\u00ed <\/em><\/strong><\/a><em>para leer y\/o descargar.<\/em><\/li>\n\n\n\n<li>Consejo Provincial Educaci\u00f3n Neuqu\u00e9n (2014). <strong>R\u00e9gimen de Correlatividades.<\/strong> Resoluci\u00f3n N\u00ba 0661\/14. <em>Click<\/em><strong><em> <\/em><\/strong><a href=\"https:\/\/drive.google.com\/file\/d\/1scmYMX735G3yUOczkKDEHNpd8IQJ_NBK\/view?usp=sharing\"><strong><em>aqu\u00ed<\/em><\/strong><\/a><strong><em> <\/em><\/strong><em>para leer y\/o descargar.<\/em><\/li>\n\n\n\n<li>Provincia de Neuqu\u00e9n (2004). <strong>R\u00e9gimen de Inasistencias Justificadas por Razones de Gravidez.<\/strong> Ley N\u00ba 2479\/04. <em>Click <\/em><a href=\"https:\/\/ifd6-nqn.infd.edu.ar\/sitio\/normativas-vigentes\/upload\/PROVINCIA_NEUQUEN_LEY_2479-2004_RegimenInasistenciasJustificadasRazonesGravidez.pdf\"><strong><em>aqu\u00ed <\/em><\/strong><\/a><em>para leer y\/o descargar.<\/em><\/li>\n\n\n\n<li>Consejo Provincial Educaci\u00f3n Neuqu\u00e9n (2005). <strong>R\u00e9gimen de Inasistencias Justificadas no computables por razones de Gravidez<\/strong>. Resoluci\u00f3n N\u00ba 1646\/05. <em>Click <\/em><a href=\"https:\/\/drive.google.com\/file\/d\/1AwF5icyDMyWpUZjXFgJmmyiGwVzPi3vD\/view?usp=sharing\"><strong><em>aqu\u00ed<\/em><\/strong><\/a><strong><em> <\/em><\/strong><em>para leer y\/o descargar.<\/em><\/li>\n<\/ul>\n\n\n\n<p><strong>De la Escuela Superior de Bellas Artes<\/strong><\/p>\n\n\n\n<ul>\n<li><strong>Reglamento General para las Pr\u00e1cticas de Ense\u00f1anza y Residencia Docente<br><\/strong>Depto Teatro <em>Click <\/em><a href=\"https:\/\/drive.google.com\/file\/d\/1aLrCXu8fha5zsY5aNY3l48OA-7bUw_Jd\/view?usp=sharing\"><strong>aqu\u00ed<\/strong><\/a> <em>para leer y\/o descargar.<\/em><br>Depto Visuales <em>Click <\/em><a href=\"https:\/\/drive.google.com\/file\/d\/1aJ19kihHWClh7-1mg8aciguMGpm4a7cv\/view?usp=sharing\"><strong>aqu\u00ed<\/strong> <\/a><em>para leer y\/o descargar.<br><\/em>Depto Folklore <em>Click <\/em><a href=\"https:\/\/drive.google.com\/file\/d\/1Pqsa8U_e_XZz0e7YUxEYSrTrFbxwWIWc\/view?usp=sharing\"><strong>aqu\u00ed<\/strong> <\/a><em>para leer y\/o descargar.<\/em><\/li>\n\n\n\n<li><strong>RAI <\/strong><em>Click <\/em><a href=\"https:\/\/drive.google.com\/file\/d\/12QZiSmVgn2WrgFyTYJ_hIsycKKmYj3wr\/view?usp=sharing\"><strong>aqu\u00ed<\/strong><\/a> <em>para leer y\/o descargar.<\/em><\/li>\n\n\n\n<li><strong>Protocolo de G\u00e9nero<\/strong>  <em>Click<a href=\"https:\/\/drive.google.com\/file\/d\/11yRpimcHgbIlzPlPJpHNntIk7FBXH6nB\/view?usp=sharing\"> aqu\u00ed <\/a>para leer y\/o descargar.<\/em><\/li>\n<\/ul>\n","protected":false},"excerpt":{"rendered":"<p>En esta secci\u00f3n del sitio se alojar\u00e1n documentos digitales con normativas de diversa \u00edndole, resoluciones, disposiciones etc, de inter\u00e9s para la comunidad educativa. Nacionales De la Provincia de Neuqu\u00e9n De la Escuela Superior de Bellas Artes<\/p>\n","protected":false},"author":778,"featured_media":0,"parent":0,"menu_order":0,"comment_status":"closed","ping_status":"closed","template":"","meta":[],"acf":[],"_links":{"self":[{"href":"https:\/\/esba-nqn.infd.edu.ar\/sitio\/wp-json\/wp\/v2\/pages\/1363"}],"collection":[{"href":"https:\/\/esba-nqn.infd.edu.ar\/sitio\/wp-json\/wp\/v2\/pages"}],"about":[{"href":"https:\/\/esba-nqn.infd.edu.ar\/sitio\/wp-json\/wp\/v2\/types\/page"}],"author":[{"embeddable":true,"href":"https:\/\/esba-nqn.infd.edu.ar\/sitio\/wp-json\/wp\/v2\/users\/778"}],"replies":[{"embeddable":true,"href":"https:\/\/esba-nqn.infd.edu.ar\/sitio\/wp-json\/wp\/v2\/comments?post=1363"}],"version-history":[{"count":11,"href":"https:\/\/esba-nqn.infd.edu.ar\/sitio\/wp-json\/wp\/v2\/pages\/1363\/revisions"}],"predecessor-version":[{"id":7224,"href":"https:\/\/esba-nqn.infd.edu.ar\/sitio\/wp-json\/wp\/v2\/pages\/1363\/revisions\/7224"}],"wp:attachment":[{"href":"https:\/\/esba-nqn.infd.edu.ar\/sitio\/wp-json\/wp\/v2\/media?parent=1363"}],"curies":[{"name":"wp","href":"https:\/\/api.w.org\/{rel}","templated":true}]}}