{"id":1367,"date":"2018-06-29T18:28:13","date_gmt":"2018-06-29T21:28:13","guid":{"rendered":"https:\/\/esba-nqn.infd.edu.ar\/sitio\/diseno-curricular-plan-122\/"},"modified":"2022-03-16T11:00:39","modified_gmt":"2022-03-16T14:00:39","slug":"tecnicatura-superior-actuacion","status":"publish","type":"page","link":"https:\/\/esba-nqn.infd.edu.ar\/sitio\/tecnicatura-superior-actuacion\/","title":{"rendered":"&#x2714; Tecnicatura  Superior en Actuaci\u00f3n"},"content":{"rendered":"<header class=\"entry-header\">\n<h3 class=\"entry-title\"><span style=\"color: #8b0af5;\">Tecnicatura Superior en Actuaci\u00f3n\u00a0Plan N\u00ba 712<\/span><\/h3>\n<\/header>\n<div class=\"entry-content\">\n<div class=\"addtoany_share_save_container addtoany_content addtoany_content_top\">\n<div class=\"a2a_kit a2a_kit_size_32 addtoany_list\" data-a2a-url=\"https:\/\/esba-nqn.infd.edu.ar\/sitio\/plan-712-tecnicatura-superior-en-actuacion\/\" data-a2a-title=\"Plan 712 Tecnicatura Superior en Actuaci\u00f3n\"><\/div>\n<\/div>\n<\/div>\n<p><a href=\"https:\/\/drive.google.com\/file\/d\/1FEoxWkalDUL7p9gvB37dafKwPGTNbpdo\/view?usp=sharing\">Resoluci\u00f3n Plan 712<\/a><\/p>\n<p><a href=\"https:\/\/drive.google.com\/file\/d\/1SS2nLpQQOcPjygquETFqgwdg6xEL4LlD\/view?usp=sharing\">Plan de correlatividades Plan 712<\/a><\/p>\n<p><strong>Horarios:<\/strong>\u00a0<a href=\"https:\/\/docs.google.com\/document\/d\/1jk8nbryH1sdL1yj3PI3cZQAgG36SeC4I\/edit\">https:\/\/docs.google.com\/document\/d\/1jk8nbryH1sdL1yj3PI3cZQAgG36SeC4I\/edit<\/a><\/p>\n<table width=\"100%\">\n<tbody>\n<tr>\n<td><strong>TECNICATURA SUPERIOR EN ACTUACI\u00d3N |\u00a0<\/strong><strong>PLAN DE ESTUDIO N\u00ba 712 Res. N\u00b0 0640\/19<\/strong><\/td>\n<\/tr>\n<\/tbody>\n<\/table>\n<p><strong>Denominaci\u00f3n de la Carrera: <\/strong>Tecnicatura Superior en Actuaci\u00f3n<\/p>\n<p><strong>Nivel: <\/strong>Superior<\/p>\n<p><strong>Especialidad: <\/strong>T\u00e9cnica<\/p>\n<p><strong>Duraci\u00f3n: <\/strong>Tres (3) a\u00f1os<\/p>\n<p><strong>Cursado: <\/strong>Presencial<\/p>\n<p><strong>T\u00edtulo a otorgar: <\/strong>\u201cT\u00e9cnico\/a Superior en Actuaci\u00f3n\u201d<\/p>\n<p><strong>Condiciones de Ingreso: <\/strong>Estudios secundarios completos.<\/p>\n<p><strong><u>Perfil Profesional:\u00a0<\/u><\/strong>El T\u00e9cnico Superior en Actuaci\u00f3n apunta a la formaci\u00f3n de un\/a actor\/actriz integral que reconozca su funci\u00f3n social, pol\u00edtica y cultural dentro de la comunidad. Que integre las ramas fundamentales del hecho esc\u00e9nico -el aspecto est\u00e9tico expresivo, las t\u00e9cnicas de las disciplinas complementarias y el basamento te\u00f3rico que las sustenta para trabajar de acuerdo a las exigencias de diversos proyectos como as\u00ed tambi\u00e9n construir los propios desde una perspectiva art\u00edstica singular. Fuerte formaci\u00f3n para desempe\u00f1arse en la actuaci\u00f3n.<\/p>\n<p><strong>\u00a0<\/strong><\/p>\n<p style=\"text-align: center;\"><strong>Tecnicatura Superior en Actuaci\u00f3n.\u00a0<\/strong><strong>Plan de Estudio N\u00b0 712<\/strong><strong>\u00a0<\/strong><\/p>\n<table style=\"height: 1497px;\" width=\"1163\">\n<tbody>\n<tr>\n<td><strong>Primer a\u00f1o<\/strong><\/td>\n<td><strong>\u00a0Anual<\/strong><\/td>\n<td width=\"23%\"><strong>Horas semanales<\/strong><\/td>\n<\/tr>\n<tr>\n<td>T\u00e9cnica de Actuaci\u00f3n I<\/td>\n<td>\u2022<\/td>\n<td width=\"23%\">8<\/td>\n<\/tr>\n<tr>\n<td>Entrenamiento actoral I<\/td>\n<td>\u2022<\/td>\n<td width=\"23%\">6<\/td>\n<\/tr>\n<tr>\n<td>Educaci\u00f3n Vocal<\/td>\n<td>\u2022<\/td>\n<td width=\"23%\">3<\/td>\n<\/tr>\n<tr>\n<td>Historia del Teatro I<\/td>\n<td>\u2022<\/td>\n<td width=\"23%\">2<\/td>\n<\/tr>\n<tr>\n<td>An\u00e1lisis de Texto<\/td>\n<td>\u00a0\u2022<\/td>\n<td width=\"23%\">3<\/td>\n<\/tr>\n<tr>\n<td>Practica Profesionalizante I<\/td>\n<td>\u00a0 \u2022<\/td>\n<td width=\"23%\">3<\/td>\n<\/tr>\n<tr>\n<td><strong>Segundo a\u00f1o<\/strong><\/td>\n<td><strong>Anual<\/strong><\/td>\n<td width=\"23%\"><\/td>\n<\/tr>\n<tr>\n<td>T\u00e9cnica de Actuaci\u00f3n II<\/td>\n<td>\u2022<\/td>\n<td width=\"23%\">8<\/td>\n<\/tr>\n<tr>\n<td>Entrenamiento actoral II<\/td>\n<td>\u2022<\/td>\n<td width=\"23%\">6<\/td>\n<\/tr>\n<tr>\n<td>T\u00e9cnica Vocal I<\/td>\n<td>\u2022<\/td>\n<td width=\"23%\">3<\/td>\n<\/tr>\n<tr>\n<td>Historia del Teatro II<\/td>\n<td>\u2022<\/td>\n<td width=\"23%\">2<\/td>\n<\/tr>\n<tr>\n<td>Teor\u00edas Esc\u00e9nicas<\/td>\n<td>\u2022<\/td>\n<td width=\"23%\">3<\/td>\n<\/tr>\n<tr>\n<td>Pr\u00e1ctica profesionalizante II<\/td>\n<td>\u2022<\/td>\n<td width=\"23%\">3<\/td>\n<\/tr>\n<tr>\n<td>\u00a0<strong>Tercer A\u00f1o<\/strong><\/td>\n<td><strong>Anual<\/strong><\/td>\n<td width=\"23%\"><\/td>\n<\/tr>\n<tr>\n<td>T\u00e9cnica de Actuaci\u00f3n III<\/td>\n<td>\u2022<\/td>\n<td width=\"23%\">8<\/td>\n<\/tr>\n<tr>\n<td>Entrenamiento actoral III<\/td>\n<td>\u2022<\/td>\n<td width=\"23%\">6<\/td>\n<\/tr>\n<tr>\n<td>T\u00e9cnica Vocal II<\/td>\n<td>\u2022<\/td>\n<td width=\"23%\">3<\/td>\n<\/tr>\n<tr>\n<td>Historia del Teatro III<\/td>\n<td>\u2022<\/td>\n<td width=\"23%\">2<\/td>\n<\/tr>\n<tr>\n<td>Dramaturgia<\/td>\n<td>\u2022<\/td>\n<td width=\"23%\">4<\/td>\n<\/tr>\n<tr>\n<td>\u00c9tica y Derechos Laborales<\/td>\n<td>\u2022<\/td>\n<td width=\"23%\">3<\/td>\n<\/tr>\n<tr>\n<td>Pr\u00e1cticas profesionalizantes III<\/td>\n<td>\u2022<\/td>\n<td width=\"23%\">4<\/td>\n<\/tr>\n<\/tbody>\n<\/table>\n<h3><span style=\"font-family: arial, helvetica, sans-serif;\"><span style=\"font-size: 13.3333px;\">\/\/\/\/\/\/\/\/\/\/\/\/\/\/\/\/\/\/\/\/\/\/\/\/\/\/\/\/\/\/\/\/\/\/\/\/\/\/\/\/\/\/\/\/\/\/\/\/\/\/\/\/<\/span><\/span><span style=\"font-family: arial, helvetica, sans-serif;\"><span style=\"font-size: 13.3333px;\">\/\/\/\/\/\/\/\/\/\/\/\/\/\/\/\/\/\/\/\/\/\/\/\/\/\/\/\/\/\/\/\/\/\/\/\/\/\/\/\/\/\/\/\/\/\/\/\/\/\/\/\/<\/span><\/span><span style=\"font-family: arial, helvetica, sans-serif;\"><span style=\"font-size: 13.3333px;\">\/\/\/\/\/\/\/\/\/\/\/\/\/\/\/\/\/\/\/\/\/\/\/\/\/\/\/\/\/\/\/\/\/\/\/\/\/\/\/\/\/\/\/\/\/\/\/\/\/\/\/\/<\/span><\/span><\/h3>\n<h3><span style=\"color: #8802f5;\">Actor\/Actriz Plan N\u00ba 122<\/span><\/h3>\n<p><span style=\"color: #000000;\"><strong>Tecnicatura Actor\/Actriz Plan N\u00ba 122, Resoluci\u00f3n 2333\/90:<\/strong><\/span><\/p>\n<p>Descargar Plan N\u00ba 122:<\/p>\n<p style=\"padding-left: 30px;\"><a href=\"https:\/\/drive.google.com\/file\/d\/1aYglG9AknfoSbi8eTmslmzfdViz89G6u\/view?usp=sharing\">Plan 122 Parte 1<\/a><\/p>\n<p style=\"padding-left: 30px;\"><a href=\"https:\/\/drive.google.com\/file\/d\/1XBh9fKYSFUWT44-LsJAotfN4D2X2Rnve\/view?usp=sharing\">Plan 122 Parte 2<\/a><\/p>\n<p style=\"padding-left: 30px;\"><a href=\"https:\/\/drive.google.com\/file\/d\/1Dl3C9tMVuXr6cIvldF5dxWYOVvzj70HC\/view?usp=sharing\">Plan 122 Parte 3<\/a><\/p>\n<p>Descargar correlatividades:\u00a0<a href=\"https:\/\/drive.google.com\/file\/d\/1HhTnmmtEMQPQIISWAIrFMEU6QWbWTSpA\/view?usp=sharing\">Correlatividades<\/a><\/p>\n<p><span style=\"color: #8802f5;\"><strong>Horarios de cursado del 122:<\/strong><\/span>\u00a0<a href=\"https:\/\/docs.google.com\/document\/d\/1GS741CGlnKcWgL8loHbh0dhpEpnhJVQw4QLTlXbf8LI\/edit\">https:\/\/docs.google.com\/document\/d\/1GS741CGlnKcWgL8loHbh0dhpEpnhJVQw4QLTlXbf8LI\/edit<\/a><\/p>\n<p>Horario 4\u00b0 a\u00f1o del 122: <a href=\"https:\/\/docs.google.com\/document\/d\/1GS741CGlnKcWgL8loHbh0dhpEpnhJVQw4QLTlXbf8LI\/edit\">https:\/\/docs.google.com\/document\/d\/1GS741CGlnKcWgL8loHbh0dhpEpnhJVQw4QLTlXbf8LI\/edit<\/a><\/p>\n<table border=\"1\" cellspacing=\"0\" cellpadding=\"0\" align=\"center\">\n<tbody>\n<tr>\n<td valign=\"top\"><span style=\"font-size: 12pt;\">ACTOR- ACTRIZ\u00a0(Plan 122)<\/span><\/p>\n<p style=\"text-align: center;\"><span style=\"font-size: 12pt;\">Res N\u00ba 2333\/90<\/span><\/p>\n<\/td>\n<\/tr>\n<\/tbody>\n<tbody>\n<tr align=\"center\" valign=\"middle\">\n<td style=\"background-color: #ffff66;\"><span style=\"font-size: 10pt;\">Primer a\u00f1o<\/span><\/td>\n<td style=\"background-color: #ffff66; text-align: center;\"><span style=\"font-size: 10pt;\">\u00a0Anual<\/span><\/td>\n<td style=\"background-color: #ffff66; text-align: center;\"><span style=\"font-size: 10pt;\">1\u00b0cuat.<\/span><\/td>\n<td style=\"border: 1px solid #050404; background-color: #ffff33; text-align: center;\"><span style=\"font-size: 10pt;\">2<sup>o<\/sup>\u00a0cuat.<\/span><\/td>\n<\/tr>\n<tr align=\"center\" valign=\"middle\">\n<td style=\"background-color: #ffffff; text-align: center;\"><span style=\"font-size: 10pt;\">Actuaci\u00f3n I<\/span><\/td>\n<td style=\"background-color: #ffffff; text-align: center;\"><span style=\"font-size: 10pt;\">\u2022<\/span><\/td>\n<td style=\"background-color: #ffffff; text-align: center;\"><span style=\"font-size: 10pt;\">\u00a0<\/span><\/td>\n<td style=\"background-color: #ffffff; text-align: center;\"><span style=\"font-size: 10pt;\">\u00a0<\/span><\/td>\n<\/tr>\n<tr style=\"background-color: #fffaea;\">\n<td style=\"background-color: #ffffff; text-align: center;\"><span style=\"font-size: 10pt;\">T\u00e9cnica de la voz I<\/span><\/td>\n<td style=\"background-color: #ffffff; text-align: center;\"><span style=\"font-size: 10pt;\">\u00a0<\/span><span style=\"font-size: 10pt;\">\u2022<\/span><\/td>\n<td style=\"background-color: #ffffff; text-align: center;\"><span style=\"font-size: 10pt;\">\u00a0<\/span><\/td>\n<td style=\"background-color: #ffffff; text-align: center;\"><span style=\"font-size: 10pt;\">\u00a0<\/span><\/td>\n<\/tr>\n<tr style=\"background-color: #fffaea;\">\n<td style=\"background-color: #ffffff; text-align: center;\"><span style=\"font-size: 10pt;\">Audioperceptiva<\/span><\/td>\n<td style=\"background-color: #ffffff; text-align: center;\"><span style=\"font-size: 10pt;\">\u00a0\u2022<\/span><\/td>\n<td style=\"background-color: #ffffff; text-align: center;\"><span style=\"font-size: 10pt;\">\u00a0<\/span><\/td>\n<td style=\"background-color: #ffffff; text-align: center;\"><span style=\"font-size: 10pt;\">\u00a0<\/span><\/td>\n<\/tr>\n<tr style=\"background-color: #fffaea;\">\n<td style=\"background-color: #ffffff; text-align: center;\"><span style=\"font-size: 10pt;\">Trabajo Corporal<\/span><\/td>\n<td style=\"background-color: #ffffff; text-align: center;\"><span style=\"font-size: 10pt;\">\u00a0\u2022<\/span><\/td>\n<td style=\"background-color: #ffffff; text-align: center;\"><span style=\"font-size: 10pt;\">\u00a0<\/span><\/td>\n<td style=\"background-color: #ffffff; text-align: center;\"><span style=\"font-size: 10pt;\">\u00a0<\/span><\/td>\n<\/tr>\n<tr style=\"background-color: #fffaea;\">\n<td style=\"background-color: #ffffff; text-align: center;\"><span style=\"font-size: 10pt;\">An\u00e1lisis de Texto<\/span><\/td>\n<td style=\"background-color: #ffffff; text-align: center;\"><span style=\"font-size: 10pt;\">\u00a0\u2022<\/span><\/td>\n<td style=\"background-color: #ffffff; text-align: center;\"><span style=\"font-size: 10pt;\">\u00a0<\/span><\/td>\n<td style=\"background-color: #ffffff; text-align: center;\"><span style=\"font-size: 10pt;\">\u00a0<\/span><\/td>\n<\/tr>\n<tr style=\"background-color: #fffaea;\">\n<td style=\"background-color: #ffffff; text-align: center;\"><span style=\"font-size: 10pt;\">Historia del Teatro Argentino y Latinoamericano<\/span><\/td>\n<td style=\"background-color: #ffffff; text-align: center;\"><span style=\"font-size: 10pt;\">\u00a0\u2022<\/span><\/td>\n<td style=\"background-color: #ffffff; text-align: center;\"><span style=\"font-size: 10pt;\">\u00a0<\/span><\/td>\n<td style=\"background-color: #ffffff; text-align: center;\"><span style=\"font-size: 10pt;\">\u00a0<\/span><\/td>\n<\/tr>\n<tr align=\"center\" valign=\"middle\">\n<td style=\"border: 1px solid #050404; background-color: #9cc6f0;\"><span style=\"font-size: 10pt;\">Segundo a\u00f1o<\/span><\/td>\n<td style=\"border: 1px solid #050404; background-color: #9cc6f0; text-align: center;\"><span style=\"font-size: 10pt;\">Anual<\/span><\/td>\n<td style=\"border: 1px solid #050404; background-color: #9cc6f0; text-align: center;\"><span style=\"font-size: 10pt;\">1\u00b0\u00a0<sup>\u00a0<\/sup>cuat.<\/span><\/td>\n<td style=\"border: 1px solid #050404; background-color: #9cc6f0; text-align: center;\"><span style=\"font-size: 10pt;\">2<sup>o<\/sup>\u00a0cuat.<\/span><\/td>\n<\/tr>\n<tr align=\"center\" valign=\"middle\">\n<td style=\"background-color: #ffffff; text-align: center;\"><span style=\"font-size: 10pt;\">Actuaci\u00f3n II\u00a0<\/span><\/td>\n<td style=\"background-color: #ffffff; text-align: center;\"><span style=\"font-size: 10pt;\">\u2022\u00a0<\/span><\/td>\n<td style=\"background-color: #ffffff; text-align: center;\"><span style=\"font-size: 10pt;\">\u00a0<\/span><\/td>\n<td style=\"background-color: #ffffff; text-align: center;\"><span style=\"font-size: 10pt;\">\u00a0<\/span><\/td>\n<\/tr>\n<tr align=\"center\" valign=\"middle\">\n<td style=\"background-color: #ffffff; text-align: center;\"><span style=\"font-size: 10pt;\">T\u00e9cnica de la Voz II\u00a0<\/span><\/td>\n<td style=\"background-color: #ffffff; text-align: center;\"><span style=\"font-size: 10pt;\">\u00a0<\/span><\/td>\n<td style=\"background-color: #ffffff; text-align: center;\"><span style=\"font-size: 10pt;\">\u2022\u00a0<\/span><\/td>\n<td style=\"background-color: #ffffff; text-align: center;\"><span style=\"font-size: 10pt;\">\u00a0<\/span><\/td>\n<\/tr>\n<tr align=\"center\" valign=\"middle\">\n<td style=\"background-color: #ffffff; text-align: center;\"><span style=\"font-size: 10pt;\">Entrenamiento Expresivo I\u00a0<\/span><\/td>\n<td style=\"background-color: #ffffff; text-align: center;\"><span style=\"font-size: 10pt;\">\u00a0\u2022<\/span><\/td>\n<td style=\"background-color: #ffffff; text-align: center;\"><span style=\"font-size: 10pt;\">\u00a0<\/span><\/td>\n<td style=\"background-color: #ffffff; text-align: center;\"><span style=\"font-size: 10pt;\">\u00a0<\/span><\/td>\n<\/tr>\n<tr align=\"center\" valign=\"middle\">\n<td style=\"background-color: #ffffff;\">\n<p style=\"text-align: center;\"><span style=\"font-size: 10pt;\">Maquillaje\u00a0<\/span><span style=\"font-size: 10pt;\">Caracterizaci\u00f3n Vestuario y M\u00e1scara\u00a0<\/span><\/p>\n<\/td>\n<td style=\"background-color: #ffffff; text-align: center;\"><span style=\"font-size: 10pt;\">\u00a0\u2022<\/span><\/td>\n<td style=\"background-color: #ffffff; text-align: center;\"><span style=\"font-size: 10pt;\">\u00a0<\/span><\/td>\n<td style=\"background-color: #ffffff; text-align: center;\"><span style=\"font-size: 10pt;\">\u00a0<\/span><\/td>\n<\/tr>\n<tr align=\"center\" valign=\"middle\">\n<td style=\"background-color: #ffffff;\"><\/td>\n<td style=\"background-color: #ffffff; text-align: center;\"><\/td>\n<td style=\"background-color: #ffffff; text-align: center;\"><\/td>\n<td style=\"background-color: #ffffff; text-align: center;\"><\/td>\n<\/tr>\n<tr align=\"center\" valign=\"middle\">\n<td style=\"background-color: #ffffff;\">\n<p style=\"text-align: center;\"><span style=\"font-size: 10pt;\">Semiolog\u00eda del espect\u00e1culo\u00a0<\/span><\/p>\n<\/td>\n<td style=\"background-color: #ffffff; text-align: center;\"><span style=\"font-size: 8pt;\">\u2022<\/span><\/td>\n<td style=\"background-color: #ffffff; text-align: center;\"><span style=\"font-size: 10pt;\">\u00a0<\/span><\/td>\n<td style=\"background-color: #ffffff; text-align: center;\"><span style=\"font-size: 10pt;\">\u00a0<\/span><\/td>\n<\/tr>\n<tr align=\"center\" valign=\"middle\">\n<td style=\"background-color: #ffffff; text-align: center;\"><span style=\"font-size: 10pt;\">Escenograf\u00eda, Iluminotecnia y Sonido I \u00a0 \u00a0 \u00a0<\/span><\/p>\n<p><span style=\"font-size: 10pt;\">\u00a0\u00a0<\/span><\/td>\n<td style=\"background-color: #ffffff; text-align: center;\"><span style=\"font-size: 10pt;\">\u00a0\u2022<\/span><\/td>\n<td style=\"background-color: #ffffff; text-align: center;\"><span style=\"font-size: 10pt;\">\u00a0<\/span><\/td>\n<td style=\"background-color: #ffffff; text-align: center;\"><span style=\"font-size: 10pt;\">\u00a0<\/span><\/td>\n<\/tr>\n<tr align=\"center\" valign=\"middle\">\n<td style=\"background-color: #ffffff;\"><span style=\"font-size: 10pt;\">Historia del Teatro<\/span><\/p>\n<p><span style=\"font-size: 10pt;\">Universal I\u00a0<\/span><\/td>\n<td style=\"background-color: #ffffff; text-align: center;\"><span style=\"font-size: 10pt;\">\u00a0<\/span><\/td>\n<td style=\"background-color: #ffffff; text-align: center;\"><span style=\"font-size: 10pt;\">\u00a0<\/span><\/td>\n<td style=\"background-color: #ffffff; text-align: center;\"><span style=\"font-size: 10pt;\">\u2022\u00a0<\/span><\/td>\n<\/tr>\n<tr align=\"center\" valign=\"middle\">\n<td style=\"background-color: #ffffff;\"><span style=\"font-size: 10pt;\">Canto I\u00a0<\/span><\/td>\n<td style=\"background-color: #ffffff; text-align: center;\"><span style=\"font-size: 10pt;\">\u00a0<\/span><\/td>\n<td style=\"background-color: #ffffff; text-align: center;\"><span style=\"font-size: 10pt;\">\u00a0<\/span><\/td>\n<td style=\"background-color: #ffffff; text-align: center;\"><span style=\"font-size: 10pt;\">\u2022\u00a0<\/span><\/td>\n<\/tr>\n<tr align=\"center\" valign=\"middle\">\n<td style=\"background-color: #20fd59;\"><span style=\"font-size: 10pt;\">\u00a0Tercer A\u00f1o<\/span><\/td>\n<td style=\"background-color: #20fd59; text-align: center;\"><span style=\"font-size: 10pt;\">Anual<\/span><\/td>\n<td style=\"background-color: #20fd59; text-align: center;\"><span style=\"font-size: 10pt;\">1<sup>\u00b0<\/sup>cuat.<\/span><\/td>\n<td style=\"background-color: #20fd59; text-align: center;\"><span style=\"font-size: 10pt;\">2<sup>\u00b0<\/sup>cuat.\u00a0<\/span><\/td>\n<\/tr>\n<tr align=\"center\" valign=\"middle\">\n<td style=\"background-color: #ffffff;\">\n<p style=\"text-align: center;\"><span style=\"font-size: 10pt;\">Actuaci\u00f3n III<\/span><\/p>\n<\/td>\n<td style=\"background-color: #ffffff; text-align: center;\"><span style=\"font-size: 10pt;\">\u2022<br \/>\n<\/span><\/td>\n<td style=\"background-color: #ffffff; text-align: center;\"><span style=\"font-size: 10pt;\">\u00a0<\/span><\/td>\n<td style=\"background-color: #ffffff; text-align: center;\"><span style=\"font-size: 10pt;\">\u00a0<\/span><\/td>\n<\/tr>\n<tr align=\"center\" valign=\"middle\">\n<td style=\"background-color: #ffffff;\">\n<p style=\"text-align: center;\"><span style=\"font-size: 10pt;\">Canto II<\/span><\/p>\n<p style=\"text-align: center;\">\n<\/td>\n<td style=\"background-color: #ffffff; text-align: center;\"><\/td>\n<td style=\"background-color: #ffffff; text-align: center;\"><span style=\"font-size: 10pt;\">\u2022\u00a0<\/span><\/td>\n<td style=\"background-color: #ffffff; text-align: center;\"><span style=\"font-size: 10pt;\">\u00a0<\/span><\/td>\n<\/tr>\n<tr align=\"center\" valign=\"middle\">\n<td style=\"background-color: #ffffff;\">\n<p style=\"text-align: center;\"><span style=\"font-size: 10pt;\">Entrenamiento Expresivo II<\/span><\/p>\n<p style=\"text-align: center;\">\n<\/td>\n<td style=\"background-color: #ffffff; text-align: center;\"><span style=\"font-size: 10pt;\">\u00a0\u2022<\/span><\/td>\n<td style=\"background-color: #ffffff; text-align: center;\"><span style=\"font-size: 10pt;\">\u00a0<\/span><\/td>\n<td style=\"background-color: #ffffff; text-align: center;\"><span style=\"font-size: 10pt;\">\u00a0<\/span><\/td>\n<\/tr>\n<tr align=\"center\" valign=\"middle\">\n<td style=\"background-color: #ffffff;\">\n<p style=\"text-align: center;\"><span style=\"font-size: 10pt;\">Escenograf\u00eda Iluminotecnia y Sonido II<\/span><\/p>\n<p style=\"text-align: center;\">\n<\/td>\n<td style=\"background-color: #ffffff; text-align: center;\"><span style=\"font-size: 8pt;\">\u00a0<\/span><\/td>\n<td style=\"background-color: #ffffff; text-align: center;\"><span style=\"font-size: 8pt;\">\u00a0\u2022<\/span><\/td>\n<td style=\"background-color: #ffffff; text-align: center;\"><span style=\"font-size: 8pt;\">\u00a0<\/span><\/td>\n<\/tr>\n<tr align=\"center\" valign=\"middle\">\n<td style=\"background-color: #ffffff;\">\n<p style=\"text-align: center;\"><span style=\"font-size: 10pt;\">Historia del Teatro\u00a0<\/span><\/p>\n<p style=\"text-align: center;\"><span style=\"font-size: 10pt;\">Universal II\u00a0\u00a0<\/span><\/p>\n<p style=\"text-align: center;\">\n<\/td>\n<td style=\"background-color: #ffffff; text-align: center;\"><span style=\"font-size: 10pt;\"><span style=\"font-size: 8pt;\">\u2022<\/span><br \/>\n<\/span><\/td>\n<td style=\"background-color: #ffffff; text-align: center;\"><span style=\"font-size: 10pt;\">\u00a0<\/span><\/td>\n<td style=\"background-color: #ffffff; text-align: center;\"><span style=\"font-size: 10pt;\">\u00a0<\/span><\/td>\n<\/tr>\n<tr align=\"center\" valign=\"middle\">\n<td style=\"background-color: #ffffff;\">\n<p style=\"text-align: center;\"><span style=\"font-size: 10pt;\">Montaje<\/span><\/p>\n<p style=\"text-align: center;\">\n<\/td>\n<td style=\"background-color: #ffffff; text-align: center;\"><span style=\"font-size: 10pt;\">\u00a0<\/span><\/td>\n<td style=\"background-color: #ffffff; text-align: center;\"><span style=\"font-size: 10pt;\">\u00a0<\/span><\/td>\n<td style=\"background-color: #ffffff; text-align: center;\"><span style=\"font-size: 10pt;\">\u2022\u00a0<\/span><\/td>\n<\/tr>\n<tr align=\"center\" valign=\"middle\">\n<td style=\"background-color: #ffffff;\"><span style=\"font-size: 10pt;\">Producci\u00f3n de Espect\u00e1culos\u00a0\u00a0\u00a0\u00a0<\/span><\/td>\n<td style=\"background-color: #ffffff; text-align: center;\"><span style=\"font-size: 10pt;\">\u00a0<\/span><\/td>\n<td style=\"background-color: #ffffff; text-align: center;\"><span style=\"font-size: 10pt;\">\u00a0<\/span><\/td>\n<td style=\"background-color: #ffffff; text-align: center;\"><span style=\"font-size: 10pt;\">\u00a0\u2022<\/span><\/td>\n<\/tr>\n<tr align=\"center\" valign=\"middle\">\n<td style=\"background-color: #fd8e3e;\"><span style=\"font-size: 10pt;\">\u00a0Cuarto A\u00f1o<\/span><\/td>\n<td style=\"background-color: #fd8e3e; text-align: center;\"><span style=\"font-size: 10pt;\">Anual\u00a0<\/span><\/td>\n<td style=\"background-color: #fd8e3e; text-align: center;\"><span style=\"font-size: 10pt;\">1\u00b0cuat.<\/span><\/td>\n<td style=\"background-color: #fd8e3e; text-align: center;\"><span style=\"font-size: 10pt;\">\u00a02<sup>\u00b0<\/sup>cuat.<\/span><\/td>\n<\/tr>\n<tr align=\"center\" valign=\"middle\">\n<td style=\"background-color: #ffffff;\">\n<p style=\"text-align: center;\"><span style=\"font-size: 10pt;\">\u00a0Actuaci\u00f3n IV<\/span><\/p>\n<p style=\"text-align: left;\">\n<\/td>\n<td style=\"background-color: #ffffff; text-align: center;\"><span style=\"font-size: 8pt;\">\u2022<\/span><\/td>\n<td style=\"background-color: #ffffff; text-align: center;\"><span style=\"font-size: 10pt;\">\u00a0<\/span><\/td>\n<td style=\"background-color: #ffffff; text-align: center;\"><span style=\"font-size: 10pt;\">\u00a0<\/span><\/td>\n<\/tr>\n<tr align=\"center\" valign=\"middle\">\n<td style=\"background-color: #ffffff;\">\n<p style=\"text-align: center;\"><span style=\"font-size: 10pt;\">Entrenamiento Expresivo III<\/span><\/p>\n<p style=\"text-align: left;\">\n<\/td>\n<td style=\"background-color: #ffffff; text-align: center;\"><span style=\"font-size: 10pt;\">\u2022\u00a0<\/span><\/td>\n<td style=\"background-color: #ffffff; text-align: center;\"><span style=\"font-size: 10pt;\">\u00a0<\/span><\/td>\n<td style=\"background-color: #ffffff; text-align: center;\"><span style=\"font-size: 10pt;\">\u00a0<\/span><\/td>\n<\/tr>\n<tr align=\"center\" valign=\"middle\">\n<td style=\"background-color: #ffffff;\">\n<p style=\"text-align: center;\"><span style=\"font-size: 10pt;\">Puesta en Escena\u00a0<\/span><\/p>\n<p style=\"text-align: center;\">\n<\/td>\n<td style=\"background-color: #ffffff; text-align: center;\"><span style=\"font-size: 10pt;\">\u2022\u00a0<\/span><\/td>\n<td style=\"background-color: #ffffff; text-align: center;\"><span style=\"font-size: 10pt;\">\u00a0<\/span><\/td>\n<td style=\"background-color: #ffffff; text-align: center;\"><span style=\"font-size: 10pt;\">\u00a0<\/span><\/td>\n<\/tr>\n<tr align=\"center\" valign=\"middle\">\n<td style=\"background-color: #ffffff;\">\n<p style=\"text-align: center;\"><span style=\"font-size: 10pt;\">\u00c9tica<\/span><\/p>\n<p style=\"text-align: left;\">\n<\/td>\n<td style=\"background-color: #ffffff; text-align: center;\"><span style=\"font-size: 10pt;\">\u2022\u00a0<\/span><\/td>\n<td style=\"background-color: #ffffff; text-align: center;\"><span style=\"font-size: 10pt;\">\u00a0<\/span><\/td>\n<td style=\"background-color: #ffffff; text-align: center;\"><span style=\"font-size: 10pt;\">\u00a0<\/span><\/td>\n<\/tr>\n<tr align=\"center\" valign=\"middle\">\n<td style=\"background-color: #ffffff;\"><span style=\"font-size: 10pt;\">\u00a0Dramaturgia<\/span><\/td>\n<td style=\"background-color: #ffffff; text-align: center;\">\u00a0\u2022<\/td>\n<td style=\"background-color: #ffffff; text-align: center;\"><span style=\"font-size: 10pt;\">\u00a0<\/span><\/td>\n<td style=\"background-color: #ffffff; text-align: center;\"><span style=\"font-size: 10pt;\">\u00a0<\/span><\/td>\n<\/tr>\n<\/tbody>\n<\/table>\n","protected":false},"excerpt":{"rendered":"<p>Tecnicatura Superior en Actuaci\u00f3n\u00a0Plan N\u00ba 712 Resoluci\u00f3n Plan 712 Plan de correlatividades Plan 712 Horarios:\u00a0https:\/\/docs.google.com\/document\/d\/1jk8nbryH1sdL1yj3PI3cZQAgG36SeC4I\/edit TECNICATURA SUPERIOR EN ACTUACI\u00d3N |\u00a0PLAN DE ESTUDIO N\u00ba 712 Res. N\u00b0 0640\/19 Denominaci\u00f3n de la Carrera: Tecnicatura Superior en Actuaci\u00f3n Nivel: Superior Especialidad: T\u00e9cnica Duraci\u00f3n: Tres (3) a\u00f1os Cursado: Presencial T\u00edtulo a otorgar: \u201cT\u00e9cnico\/a Superior en Actuaci\u00f3n\u201d Condiciones de Ingreso: &#8230; <a title=\"&#x2714; Tecnicatura  Superior en Actuaci\u00f3n\" class=\"read-more\" href=\"https:\/\/esba-nqn.infd.edu.ar\/sitio\/tecnicatura-superior-actuacion\/\" aria-label=\"More on &#x2714; Tecnicatura  Superior en Actuaci\u00f3n\">[+]<\/a><\/p>\n","protected":false},"author":778,"featured_media":0,"parent":0,"menu_order":0,"comment_status":"closed","ping_status":"closed","template":"","meta":[],"acf":[],"_links":{"self":[{"href":"https:\/\/esba-nqn.infd.edu.ar\/sitio\/wp-json\/wp\/v2\/pages\/1367"}],"collection":[{"href":"https:\/\/esba-nqn.infd.edu.ar\/sitio\/wp-json\/wp\/v2\/pages"}],"about":[{"href":"https:\/\/esba-nqn.infd.edu.ar\/sitio\/wp-json\/wp\/v2\/types\/page"}],"author":[{"embeddable":true,"href":"https:\/\/esba-nqn.infd.edu.ar\/sitio\/wp-json\/wp\/v2\/users\/778"}],"replies":[{"embeddable":true,"href":"https:\/\/esba-nqn.infd.edu.ar\/sitio\/wp-json\/wp\/v2\/comments?post=1367"}],"version-history":[{"count":18,"href":"https:\/\/esba-nqn.infd.edu.ar\/sitio\/wp-json\/wp\/v2\/pages\/1367\/revisions"}],"predecessor-version":[{"id":4269,"href":"https:\/\/esba-nqn.infd.edu.ar\/sitio\/wp-json\/wp\/v2\/pages\/1367\/revisions\/4269"}],"wp:attachment":[{"href":"https:\/\/esba-nqn.infd.edu.ar\/sitio\/wp-json\/wp\/v2\/media?parent=1367"}],"curies":[{"name":"wp","href":"https:\/\/api.w.org\/{rel}","templated":true}]}}