{"id":1376,"date":"2018-06-29T18:28:18","date_gmt":"2018-06-29T21:28:18","guid":{"rendered":"https:\/\/esba-nqn.infd.edu.ar\/sitio\/diseno-curricular\/"},"modified":"2021-06-16T18:10:19","modified_gmt":"2021-06-16T21:10:19","slug":"diseno-curricular","status":"publish","type":"page","link":"https:\/\/esba-nqn.infd.edu.ar\/sitio\/diseno-curricular\/","title":{"rendered":"&#x2714; Dise\u00f1o Curricular"},"content":{"rendered":"<h3 style=\"text-align: center;\"><strong>PROFESORADO DE TEATRO<\/strong><\/h3>\n<h3 style=\"text-align: center;\"><strong>PLAN N\u00ba 659 RESOLUCI\u00d3N 0227\/17<\/strong><\/h3>\n<table style=\"width: 605px;\" border=\"1\" cellspacing=\"0\" cellpadding=\"0\">\n<tbody>\n<tr>\n<td style=\"background-color: #fee270;\"><strong>DENOMINACI\u00d3N DE LA CARRERA<\/strong><\/td>\n<td valign=\"top\" width=\"387\"><strong><em>Profesorado de Teatro<\/em><\/strong><\/td>\n<\/tr>\n<tr>\n<td style=\"background-color: #fee270;\"><strong>T\u00cdTULO A OTORGAR<\/strong><\/td>\n<td valign=\"top\" width=\"387\"><strong>Profesor\/a\u00a0\u00a0 de Teatro<\/strong><\/td>\n<\/tr>\n<tr>\n<td style=\"background-color: #fee270;\"><strong>DURACI\u00d3N DE LA CARRERA <\/strong><\/td>\n<td valign=\"top\" width=\"387\"><strong><em>4 a\u00f1os<\/em><\/strong><\/td>\n<\/tr>\n<\/tbody>\n<\/table>\n<p>&nbsp;<\/p>\n<h4><strong><span style=\"font-size: 12pt;\">Descargar Plan de Estudio N\u00ba 659:<\/span><\/strong><\/h4>\n<h4><strong><a href=\"https:\/\/drive.google.com\/file\/d\/1mlN064NQlVYRZEfqKMJW9_8kFq8QmBH7\/view?usp=sharing\"><span style=\"font-size: 12pt;\"> Plan N\u00ba 659\u00a0 &#8211; Parte 1<\/span><\/a><\/strong><\/h4>\n<h4><strong><a href=\"https:\/\/drive.google.com\/file\/d\/1HEsGLd9rQiNjCP9DPTzfFQaJmsLvMLYU\/view?usp=sharing\"><span style=\"font-size: 12pt;\">Plan N\u00ba 659\u00a0 &#8211; Parte 2<\/span><\/a><\/strong><\/h4>\n<h4><strong><a href=\"https:\/\/drive.google.com\/file\/d\/1ba_1Jy4NuRrV-2bBo6XJnO4IhfXTb442\/view?usp=sharing\"><span style=\"font-size: 12pt;\">Plan N\u00ba 659\u00a0 &#8211; Parte 3<\/span><\/a><\/strong><\/h4>\n<p><strong><a href=\"https:\/\/drive.google.com\/file\/d\/1OPdbjC2joKlseL1MqRnxHAWe1US5RGb-\/view?usp=sharing\">Correlatividades Plan N\u00ba 659<\/a><\/strong><\/p>\n<p><strong>Horarios del Profesorado de Teatro (Plan 659)<\/strong><\/p>\n<p><strong>1\u00ba a 4\u00ba a\u00f1o:<\/strong>\u00a0<a href=\"https:\/\/docs.google.com\/document\/d\/12aicmA_svEb7vqas2ygdbplE8TwG-Tc_s1ZP2sKvfgc\/edit\" target=\"_blank\" rel=\"noopener\" data-saferedirecturl=\"https:\/\/www.google.com\/url?q=https:\/\/docs.google.com\/document\/d\/12aicmA_svEb7vqas2ygdbplE8TwG-Tc_s1ZP2sKvfgc\/edit&amp;source=gmail&amp;ust=1585862981089000&amp;usg=AFQjCNHrsHh2HffgTRReJ28MKrOevGJraA\">https:\/\/docs.google.com\/<wbr \/>document\/d\/12aicmA_<wbr \/>svEb7vqas2ygdbplE8TwG-Tc_<wbr \/>s1ZP2sKvfgc\/edit<\/a><\/p>\n<p>&nbsp;<\/p>\n<p><strong>Horario de Idiomas: Franc\u00e9s o Ingl\u00e9s\u00a0<\/strong><\/p>\n<p><a href=\"https:\/\/docs.google.com\/document\/d\/1BsOpYNIhIfX3sXddBUfkWH5Ba281H8W8\/edit\">https:\/\/docs.google.com\/document\/d\/1BsOpYNIhIfX3sXddBUfkWH5Ba281H8W8\/edit<\/a><\/p>\n<p>&nbsp;<\/p>\n<table border=\"1\" cellspacing=\"0\" cellpadding=\"0\" align=\"center\">\n<tbody>\n<tr align=\"center\" valign=\"middle\">\n<td style=\"background-color: #fdbe67;\"><strong>Primer a\u00f1o<\/strong><\/td>\n<td style=\"background-color: #fdbe67;\">Anual<\/td>\n<td style=\"background-color: #fdbe67;\">1er Cuatrim.<\/td>\n<td style=\"background-color: #fdbe67;\">2do Cuatrim<\/td>\n<\/tr>\n<tr align=\"center\" valign=\"middle\">\n<td align=\"center\" valign=\"middle\">Actuaci\u00f3n I<\/td>\n<td align=\"center\" valign=\"middle\"><strong><span style=\"font-size: 12pt;\">.<\/span><\/strong><\/td>\n<td align=\"center\" valign=\"middle\"><span style=\"font-size: 12pt;\"><strong>\u00a0<\/strong><\/span><\/td>\n<td align=\"center\" valign=\"middle\"><span style=\"font-size: 12pt;\"><strong>\u00a0<\/strong><\/span><\/td>\n<\/tr>\n<tr align=\"center\" valign=\"middle\">\n<td align=\"center\" valign=\"middle\">T\u00e9cnica de la voz I<\/td>\n<td align=\"center\" valign=\"middle\"><strong><span style=\"font-size: 12pt;\">\u00a0.\u00a0<\/span><\/strong><\/td>\n<td align=\"center\" valign=\"middle\"><span style=\"font-size: 12pt;\"><strong>\u00a0<\/strong><\/span><\/td>\n<td align=\"center\" valign=\"middle\"><span style=\"font-size: 12pt;\"><strong>\u00a0<\/strong><\/span><\/td>\n<\/tr>\n<tr align=\"center\" valign=\"middle\">\n<td align=\"center\" valign=\"middle\">\n<div>Trabajo corporal<\/div>\n<\/td>\n<td align=\"center\" valign=\"middle\"><strong><span style=\"font-size: 12pt;\">\u00a0 .\u00a0\u00a0<\/span><\/strong><\/td>\n<td align=\"center\" valign=\"middle\"><span style=\"font-size: 12pt;\"><strong>\u00a0<\/strong><\/span><\/td>\n<td align=\"center\" valign=\"middle\"><span style=\"font-size: 12pt;\"><strong>\u00a0<\/strong><\/span><\/td>\n<\/tr>\n<tr align=\"center\" valign=\"middle\">\n<td align=\"center\" valign=\"middle\">\n<div>\u00a0Audioperceptiva<\/div>\n<\/td>\n<td align=\"center\" valign=\"middle\"><strong><span style=\"font-size: 12pt;\">.<\/span><\/strong><\/td>\n<td align=\"center\" valign=\"middle\"><span style=\"font-size: 12pt;\"><strong>\u00a0<\/strong><\/span><\/td>\n<td align=\"center\" valign=\"middle\"><span style=\"font-size: 12pt;\"><strong>\u00a0<\/strong><\/span><\/td>\n<\/tr>\n<tr align=\"center\" valign=\"middle\">\n<td align=\"center\" valign=\"middle\">\n<div>An\u00e1lisis de texto<\/div>\n<\/td>\n<td align=\"center\" valign=\"middle\"><strong><span style=\"font-size: 12pt;\">.\u00a0<\/span><\/strong><\/td>\n<td align=\"center\" valign=\"middle\"><span style=\"font-size: 12pt;\"><strong>\u00a0<\/strong><\/span><\/td>\n<td align=\"center\" valign=\"middle\"><span style=\"font-size: 12pt;\"><strong>\u00a0<\/strong><\/span><\/td>\n<\/tr>\n<tr align=\"center\" valign=\"middle\">\n<td align=\"center\" valign=\"middle\">Did\u00e1ctica General<\/td>\n<td align=\"center\" valign=\"middle\"><strong><span style=\"font-size: 12pt;\">\u00a0<\/span><\/strong><\/td>\n<td align=\"center\" valign=\"middle\"><span style=\"font-size: 12pt;\"><strong>\u00a0<\/strong><\/span><\/td>\n<td align=\"center\" valign=\"middle\"><span style=\"font-size: 12pt;\"><strong>.\u00a0<\/strong><\/span><\/td>\n<\/tr>\n<tr align=\"center\" valign=\"middle\">\n<td align=\"center\" valign=\"middle\">\n<div>Pedagog\u00eda<\/div>\n<\/td>\n<td align=\"center\" valign=\"middle\"><strong><span style=\"font-size: 12pt;\">\u00a0<\/span><\/strong><\/td>\n<td align=\"center\" valign=\"middle\"><span style=\"font-size: 12pt;\"><strong>.\u00a0\u00a0<\/strong><\/span><\/td>\n<td align=\"center\" valign=\"middle\"><span style=\"font-size: 12pt;\"><strong>\u00a0<\/strong><\/span><\/td>\n<\/tr>\n<tr align=\"center\" valign=\"middle\">\n<td align=\"center\" valign=\"middle\">\n<div>Historia del teatro Argentino y Latinoamericano<\/div>\n<div><\/div>\n<div>Taller de Lectura y Escritura de Textos Acad\u00e9micos<\/div>\n<\/td>\n<td align=\"center\" valign=\"middle\"><strong><span style=\"font-size: 12pt;\">\u00a0.<\/span><\/strong><\/p>\n<p>&nbsp;<\/p>\n<p><strong><span style=\"font-size: 12pt;\">\u00a0.<\/span><\/strong><\/td>\n<td align=\"center\" valign=\"middle\"><\/td>\n<td align=\"center\" valign=\"middle\"><\/td>\n<\/tr>\n<tr align=\"center\" valign=\"middle\">\n<td align=\"center\" valign=\"middle\">\n<div>Espacio de las Pr\u00e1cticas I metodolog\u00eda de la Indagaci\u00f3n<\/div>\n<\/td>\n<td align=\"center\" valign=\"middle\"><\/td>\n<td align=\"center\" valign=\"middle\"><\/td>\n<td align=\"center\" valign=\"middle\"><strong>.\u00a0<\/strong><\/td>\n<\/tr>\n<tr align=\"center\" valign=\"middle\">\n<td style=\"background-color: #f9f905;\"><strong>Segundo a\u00f1o<\/strong><\/td>\n<td style=\"background-color: #f9f905;\"><strong>\u00a0<\/strong><\/td>\n<td style=\"background-color: #f9f905;\"><strong>\u00a0<\/strong><\/td>\n<td style=\"background-color: #f9f905;\"><\/td>\n<\/tr>\n<tr align=\"center\" valign=\"middle\">\n<td align=\"center\" valign=\"middle\">\n<div>Actuaci\u00f3n II<\/div>\n<\/td>\n<td align=\"center\" valign=\"middle\"><strong><span style=\"font-size: 12pt;\">\u00a0.<\/span><\/strong><\/td>\n<td align=\"center\" valign=\"middle\"><strong><span style=\"font-size: 12pt;\">\u00a0<\/span><\/strong><\/td>\n<td align=\"center\" valign=\"middle\"><strong><span style=\"font-size: 12pt;\">\u00a0<\/span><\/strong><\/td>\n<\/tr>\n<tr align=\"center\" valign=\"middle\">\n<td align=\"center\" valign=\"middle\">Entrenamiento expresivo I<\/td>\n<td align=\"center\" valign=\"middle\"><strong><span style=\"font-size: 12pt;\">\u00a0.<\/span><\/strong><\/td>\n<td align=\"center\" valign=\"middle\"><strong><span style=\"font-size: 12pt;\">\u00a0<\/span><\/strong><\/td>\n<td align=\"center\" valign=\"middle\"><strong><span style=\"font-size: 12pt;\">\u00a0<\/span><\/strong><\/td>\n<\/tr>\n<tr align=\"center\" valign=\"middle\">\n<td align=\"center\" valign=\"middle\">Maquillaje, caracterizaci\u00f3n, vestuario y m\u00e1scara<\/td>\n<td align=\"center\" valign=\"middle\"><strong><span style=\"font-size: 12pt;\">\u00a0.<\/span><\/strong><\/td>\n<td align=\"center\" valign=\"middle\"><strong><span style=\"font-size: 12pt;\">\u00a0<\/span><\/strong><\/td>\n<td align=\"center\" valign=\"middle\"><strong><span style=\"font-size: 12pt;\">\u00a0<\/span><\/strong><\/td>\n<\/tr>\n<tr align=\"center\" valign=\"middle\">\n<td align=\"center\" valign=\"middle\">\n<div>Historia del hecho Teatral<\/div>\n<\/td>\n<td align=\"center\" valign=\"middle\"><strong><span style=\"font-size: 12pt;\">\u00a0.<\/span><\/strong><\/td>\n<td align=\"center\" valign=\"middle\"><strong><span style=\"font-size: 12pt;\">\u00a0<\/span><\/strong><\/td>\n<td align=\"center\" valign=\"middle\"><strong><span style=\"font-size: 12pt;\">\u00a0<\/span><\/strong><\/td>\n<\/tr>\n<tr align=\"center\" valign=\"middle\">\n<td align=\"center\" valign=\"middle\">Lengua Extranjera: Nivel I (Franc\u00e9s\/Ingl\u00e9s)<\/td>\n<td align=\"center\" valign=\"middle\"><strong><span style=\"font-size: 12pt;\">\u00a0.<\/span><\/strong><\/td>\n<td align=\"center\" valign=\"middle\"><strong><span style=\"font-size: 12pt;\">\u00a0<\/span><\/strong><\/td>\n<td align=\"center\" valign=\"middle\"><strong><span style=\"font-size: 12pt;\">\u00a0<\/span><\/strong><\/td>\n<\/tr>\n<tr align=\"center\" valign=\"middle\">\n<td align=\"center\" valign=\"middle\">Semiolog\u00eda del espect\u00e1culo<\/td>\n<td align=\"center\" valign=\"middle\"><strong><span style=\"font-size: 12pt;\">\u00a0.\u00a0<\/span><\/strong><\/td>\n<td align=\"center\" valign=\"middle\"><strong><span style=\"font-size: 12pt;\">\u00a0<\/span><\/strong><\/td>\n<td align=\"center\" valign=\"middle\"><strong><span style=\"font-size: 12pt;\">\u00a0<\/span><\/strong><\/td>\n<\/tr>\n<tr align=\"center\" valign=\"middle\">\n<td align=\"center\" valign=\"middle\">\u00a0T\u00e9cnica de la voz II<\/td>\n<td align=\"center\" valign=\"middle\"><strong><span style=\"font-size: 12pt;\">\u00a0<\/span><\/strong><\/td>\n<td align=\"center\" valign=\"middle\"><strong><span style=\"font-size: 12pt;\">.\u00a0<\/span><\/strong><\/td>\n<td align=\"center\" valign=\"middle\"><strong><span style=\"font-size: 12pt;\">\u00a0<\/span><\/strong><\/td>\n<\/tr>\n<tr align=\"center\" valign=\"middle\">\n<td align=\"center\" valign=\"middle\">Espacio de las Pr\u00e1cticas II<em><br \/>\n<\/em><\/td>\n<td align=\"center\" valign=\"middle\"><strong><span style=\"font-size: 12pt;\">\u00a0<\/span><\/strong><\/td>\n<td align=\"center\" valign=\"middle\"><strong><span style=\"font-size: 12pt;\">\u00a0<\/span><\/strong><\/td>\n<td align=\"center\" valign=\"middle\"><strong><span style=\"font-size: 12pt;\">.\u00a0<\/span><\/strong><\/td>\n<\/tr>\n<tr align=\"center\" valign=\"middle\">\n<td align=\"center\" valign=\"middle\">\u00a0Canto I<\/td>\n<td align=\"center\" valign=\"middle\"><strong><span style=\"font-size: 12pt;\">\u00a0<\/span><\/strong><\/td>\n<td align=\"center\" valign=\"middle\"><\/td>\n<td align=\"center\" valign=\"middle\"><strong><span style=\"font-size: 12pt;\">.\u00a0<\/span><\/strong><\/td>\n<\/tr>\n<tr align=\"center\" valign=\"middle\">\n<td style=\"background-color: #61fe00;\">\u00a0<strong>Tercer A\u00f1o<\/strong><\/td>\n<td style=\"background-color: #61fe00;\"><strong>\u00a0<\/strong><\/td>\n<td style=\"background-color: #61fe00;\"><strong>\u00a0<\/strong><\/td>\n<td style=\"background-color: #61fe00;\"><\/td>\n<\/tr>\n<tr align=\"center\" valign=\"middle\">\n<td align=\"center\" valign=\"middle\">Espacio de las Pr\u00e1cticas III<\/td>\n<td align=\"center\" valign=\"middle\"><strong><span style=\"font-family: 'andale mono', times; font-size: 12pt;\">\u00a0.<\/span><\/strong><\/td>\n<td align=\"center\" valign=\"middle\"><strong><span style=\"font-family: 'andale mono', times; font-size: 12pt;\">\u00a0<\/span><\/strong><\/td>\n<td align=\"center\" valign=\"middle\"><strong><span style=\"font-size: 12pt;\">\u00a0<\/span><\/strong><\/td>\n<\/tr>\n<tr align=\"center\" valign=\"middle\">\n<td align=\"center\" valign=\"middle\">Juego dram\u00e1tico T\u00e9cnicas de interpretaci\u00f3n y representaci\u00f3n I<\/td>\n<td align=\"center\" valign=\"middle\"><strong><span style=\"font-family: 'andale mono', times; font-size: 12pt;\">\u00a0.<\/span><\/strong><\/td>\n<td align=\"center\" valign=\"middle\"><strong><span style=\"font-size: 12pt;\"><a title=\"teatro_412_ Juego Dram T\u00e9cn Interpretaci\u00f3n y Representaci\u00f3n I_Planif_Progr_Prof Forquera Silvina\" href=\"upload\/teatro_412__Juego_Dram_T%E9cn_Interpretaci%F3n_y_Representaci%F3n_I_Planif_Progr_Prof_Forquera_Silvina.pdf\" target=\"_blank\" rel=\"noopener\"><span style=\"font-family: 'andale mono', times;\">\u00a0<\/span><\/a><\/span><\/strong><\/td>\n<td align=\"center\" valign=\"middle\"><strong><span style=\"font-size: 12pt;\">\u00a0<\/span><\/strong><\/td>\n<\/tr>\n<tr align=\"center\" valign=\"middle\">\n<td align=\"center\" valign=\"middle\">Did\u00e1ctica del teatro y de la expresi\u00f3n corporal I<\/td>\n<td align=\"center\" valign=\"middle\"><strong><span style=\"font-family: 'andale mono', times; font-size: 12pt;\">\u00a0.<\/span><\/strong><\/td>\n<td align=\"center\" valign=\"middle\"><strong><span style=\"font-family: 'andale mono', times; font-size: 12pt;\">\u00a0<\/span><\/strong><\/td>\n<td align=\"center\" valign=\"middle\"><strong><span style=\"font-size: 12pt;\">\u00a0<\/span><\/strong><\/td>\n<\/tr>\n<tr align=\"center\" valign=\"middle\">\n<td align=\"center\" valign=\"middle\">Sujetos de la educaci\u00f3n I<\/td>\n<td align=\"center\" valign=\"middle\"><strong><span style=\"font-family: 'andale mono', times; font-size: 12pt;\">\u00a0.<\/span><\/strong><\/td>\n<td align=\"center\" valign=\"middle\"><strong><span style=\"font-family: 'andale mono', times; font-size: 12pt;\">\u00a0<\/span><\/strong><\/td>\n<td align=\"center\" valign=\"middle\"><strong><span style=\"font-size: 12pt;\">\u00a0<\/span><\/strong><\/td>\n<\/tr>\n<tr align=\"center\" valign=\"middle\">\n<td align=\"center\" valign=\"middle\">Seminario taller de expresi\u00f3n corporal I<\/td>\n<td align=\"center\" valign=\"middle\"><strong><span style=\"font-family: 'andale mono', times; font-size: 12pt;\">\u00a0.<\/span><\/strong><\/td>\n<td align=\"center\" valign=\"middle\"><strong><span style=\"font-family: 'andale mono', times; font-size: 12pt;\">\u00a0<\/span><\/strong><\/td>\n<td align=\"center\" valign=\"middle\"><strong><span style=\"font-size: 12pt;\">\u00a0<\/span><\/strong><\/td>\n<\/tr>\n<tr align=\"center\" valign=\"middle\">\n<td align=\"center\" valign=\"middle\">Historia de la educaci\u00f3n art\u00edstica<\/td>\n<td align=\"center\" valign=\"middle\"><strong><span style=\"font-family: 'andale mono', times; font-size: 12pt;\">\u00a0.\u00a0<\/span><\/strong><\/td>\n<td align=\"center\" valign=\"middle\"><strong><span style=\"font-family: 'andale mono', times; font-size: 12pt;\">\u00a0<\/span><\/strong><\/td>\n<td align=\"center\" valign=\"middle\"><strong><span style=\"font-size: 12pt;\">\u00a0<\/span><\/strong><\/td>\n<\/tr>\n<tr align=\"center\" valign=\"middle\">\n<td align=\"center\" valign=\"middle\">R\u00edtmica y lenguaje musical<\/td>\n<td align=\"center\" valign=\"middle\"><strong><span style=\"font-family: 'andale mono', times; font-size: 12pt;\">\u00a0.<\/span><\/strong><\/td>\n<td align=\"center\" valign=\"middle\"><strong><span style=\"font-family: 'andale mono', times; font-size: 12pt;\">\u00a0<\/span><\/strong><\/td>\n<td align=\"center\" valign=\"middle\"><strong><span style=\"font-size: 12pt;\">\u00a0<\/span><\/strong><\/td>\n<\/tr>\n<tr align=\"center\" valign=\"middle\">\n<td align=\"center\" valign=\"middle\">Lengua extranjera nivel II (Ingl\u00e9s\/ Franc\u00e9s)<\/td>\n<td align=\"center\" valign=\"middle\"><strong><span style=\"font-family: 'andale mono', times; font-size: 12pt;\">\u00a0.<\/span><\/strong><\/td>\n<td align=\"center\" valign=\"middle\"><strong><span style=\"font-size: 12pt;\">\u00a0<\/span><\/strong><\/td>\n<td align=\"center\" valign=\"middle\"><strong><span style=\"font-size: 12pt;\">\u00a0<\/span><\/strong><\/td>\n<\/tr>\n<tr align=\"center\" valign=\"middle\">\n<td align=\"center\" valign=\"middle\">Seminarios optativos:<\/p>\n<p>Seminario: Teatro y Discapacidad<\/p>\n<p>Seminario: Montaje y Puesta en escena en contextos educativos<\/td>\n<td align=\"center\" valign=\"middle\"><strong><span style=\"font-family: 'andale mono', times; font-size: 12pt;\">.<\/span><\/strong><\/td>\n<td align=\"center\" valign=\"middle\"><strong><span style=\"font-size: 12pt;\">\u00a0<\/span><\/strong><\/td>\n<td align=\"center\" valign=\"middle\"><strong><span style=\"font-size: 12pt;\">\u00a0<\/span><\/strong><\/td>\n<\/tr>\n<tr align=\"center\" valign=\"middle\">\n<td align=\"center\" valign=\"middle\">Pedagog\u00eda Teatral<\/td>\n<td align=\"center\" valign=\"middle\"><span style=\"font-family: 'andale mono', times; font-size: 8pt;\">\u00a0<\/span><\/td>\n<td align=\"center\" valign=\"middle\"><strong><span style=\"font-family: 'andale mono', times; font-size: 12pt;\">.\u00a0<\/span><\/strong><\/td>\n<td align=\"center\" valign=\"middle\"><\/td>\n<\/tr>\n<tr align=\"center\" valign=\"middle\">\n<td style=\"background-color: #7ceafc;\">\u00a0<strong>Cuarto A\u00f1o<\/strong><\/td>\n<td style=\"background-color: #7ceafc;\"><\/td>\n<td style=\"background-color: #7ceafc;\"><strong>\u00a0<\/strong><\/td>\n<td style=\"background-color: #7ceafc;\"><\/td>\n<\/tr>\n<tr align=\"center\" valign=\"middle\">\n<td align=\"center\" valign=\"middle\">Espacio de las Pr\u00e1cticas IV &#8211; Residencia<\/td>\n<td style=\"text-align: center;\" align=\"center\" valign=\"middle\"><strong><span style=\"font-size: 12pt;\"><a title=\"teatro_412_ Espacio de las Pr\u00e1cticas III_Prof Paula Mayorga\" href=\"upload\/teatro_412__Espacio_de_las_Pr%E1cticas_III_Prof_Paula_Mayorga.pdf\" target=\"_blank\" rel=\"noopener\">\u00a0<\/a>.<\/span><\/strong><\/td>\n<td style=\"text-align: center;\" align=\"center\" valign=\"middle\"><strong><span style=\"font-size: 12pt;\">\u00a0<\/span><\/strong><\/td>\n<td style=\"text-align: center;\" align=\"center\" valign=\"middle\"><strong><span style=\"font-size: 12pt;\">\u00a0<\/span><\/strong><\/td>\n<\/tr>\n<tr align=\"center\" valign=\"middle\">\n<td align=\"center\" valign=\"middle\">Juego Dram\u00e1tico T\u00e9cnicas de interpretaci\u00f3n y representaci\u00f3n II<\/td>\n<td style=\"text-align: center;\" align=\"center\" valign=\"middle\"><strong><span style=\"font-size: 12pt; font-family: 'andale mono', times;\">\u00a0.<\/span><\/strong><\/td>\n<td style=\"text-align: center;\" align=\"center\" valign=\"middle\"><strong><span style=\"font-size: 12pt;\">\u00a0<\/span><\/strong><\/td>\n<td style=\"text-align: center;\" align=\"center\" valign=\"middle\"><strong><span style=\"font-size: 12pt;\">\u00a0<\/span><\/strong><\/td>\n<\/tr>\n<tr align=\"center\" valign=\"middle\">\n<td align=\"center\" valign=\"middle\">Did\u00e1ctica del teatro y de la expresi\u00f3n corporal II<\/td>\n<td style=\"text-align: center;\" align=\"center\" valign=\"middle\"><strong><span style=\"font-size: 12pt;\">\u00a0.\u00a0<\/span><\/strong><\/td>\n<td style=\"text-align: center;\" align=\"center\" valign=\"middle\"><strong><span style=\"font-size: 12pt;\">\u00a0<\/span><\/strong><\/td>\n<td style=\"text-align: center;\" align=\"center\" valign=\"middle\"><strong><span style=\"font-size: 12pt;\">\u00a0<\/span><\/strong><\/td>\n<\/tr>\n<tr align=\"center\" valign=\"middle\">\n<td align=\"center\" valign=\"middle\">Sujetos de la educaci\u00f3n II<\/td>\n<td style=\"text-align: center;\" align=\"center\" valign=\"middle\"><strong><span style=\"font-size: 12pt;\">\u00a0.\u00a0<\/span><\/strong><\/td>\n<td style=\"text-align: center;\" align=\"center\" valign=\"middle\"><strong><span style=\"font-size: 12pt;\">\u00a0<\/span><\/strong><\/td>\n<td style=\"text-align: center;\" align=\"center\" valign=\"middle\"><strong><span style=\"font-size: 12pt;\">\u00a0<\/span><\/strong><\/td>\n<\/tr>\n<tr align=\"center\" valign=\"middle\">\n<td align=\"center\" valign=\"middle\">Seminario taller de expresi\u00f3n corporal II<\/td>\n<td style=\"text-align: center;\" align=\"center\" valign=\"middle\"><strong><span style=\"font-size: 12pt; font-family: 'andale mono', times;\">\u00a0.<\/span><\/strong><\/td>\n<td style=\"text-align: center;\" align=\"center\" valign=\"middle\"><strong><span style=\"font-size: 12pt;\">\u00a0<\/span><\/strong><\/td>\n<td style=\"text-align: center;\" align=\"center\" valign=\"middle\"><strong><span style=\"font-size: 12pt;\">\u00a0<\/span><\/strong><\/td>\n<\/tr>\n<tr align=\"center\" valign=\"middle\">\n<td align=\"center\" valign=\"middle\">Legislaci\u00f3n educativa y derechos laborales<\/td>\n<td style=\"text-align: center;\" align=\"center\" valign=\"middle\"><strong><span style=\"font-size: 12pt;\">\u00a0<\/span><\/strong><\/td>\n<td style=\"text-align: center;\" align=\"center\" valign=\"middle\"><strong><span style=\"font-family: 'andale mono', times; font-size: 12pt;\">.\u00a0<\/span><\/strong><\/td>\n<td style=\"text-align: center;\" align=\"center\" valign=\"middle\"><strong><span style=\"font-size: 12pt;\">\u00a0<\/span><\/strong><\/td>\n<\/tr>\n<tr align=\"center\" valign=\"middle\">\n<td align=\"center\" valign=\"middle\">\u00a0TIC comunicaci\u00f3n social y nuevas tecnolog\u00edas en la ense\u00f1anza<\/td>\n<td style=\"text-align: center;\" align=\"center\" valign=\"middle\"><strong><span style=\"font-size: 12pt;\">\u00a0<\/span><\/strong><\/td>\n<td style=\"text-align: center;\" align=\"center\" valign=\"middle\"><strong><span style=\"font-family: 'andale mono', times; font-size: 12pt;\">.\u00a0<\/span><\/strong><\/td>\n<td style=\"text-align: center;\" align=\"center\" valign=\"middle\"><strong><span style=\"font-size: 12pt;\">\u00a0<\/span><\/strong><\/td>\n<\/tr>\n<tr align=\"center\" valign=\"middle\">\n<td align=\"center\" valign=\"middle\">Socioantropolog\u00eda de la cultura<\/td>\n<td style=\"text-align: center;\" align=\"center\" valign=\"middle\"><strong><span style=\"font-size: 12pt;\">\u00a0<\/span><\/strong><\/td>\n<td style=\"text-align: center;\" align=\"center\" valign=\"middle\"><strong><span style=\"font-family: 'andale mono', times; font-size: 12pt;\">\u00a0<\/span><\/strong><\/td>\n<td style=\"text-align: center;\" align=\"center\" valign=\"middle\"><strong><span style=\"font-size: 12pt;\">.\u00a0<\/span><\/strong><\/td>\n<\/tr>\n<tr align=\"center\" valign=\"middle\">\n<td align=\"center\" valign=\"middle\">Seminarios Optativos:<\/p>\n<p>Seminario:Producci\u00f3n de Textos Teatrales en contexto educativo.<\/p>\n<p>Seminario: Construcci\u00f3n y manipulaci\u00f3n de t\u00edteres y objetos<\/td>\n<td style=\"text-align: center;\" align=\"center\" valign=\"middle\"><strong><span style=\"font-size: 12pt;\">.<\/span><\/strong><\/td>\n<td style=\"text-align: center;\" align=\"center\" valign=\"middle\"><\/td>\n<td style=\"text-align: center;\" align=\"center\" valign=\"middle\"><\/td>\n<\/tr>\n<\/tbody>\n<\/table>\n<p>&nbsp;<\/p>\n<h2><\/h2>\n<h2><\/h2>\n<h2 style=\"text-align: center;\"><span style=\"font-family: 'arial black', 'avant garde';\">\u00a0PLAN 412<\/span><\/h2>\n<p style=\"text-align: center;\"><span style=\"font-family: 'arial black', 'avant garde';\"><iframe loading=\"lazy\" style=\"vertical-align: middle;\" src=\"https:\/\/esba-nqn.infd.edu.ar\/aula\/archivos\/repositorio\/1000\/1179\/plan412.pdf\" width=\"568\" height=\"296\" frameborder=\"0\"><\/iframe><\/span><\/p>\n","protected":false},"excerpt":{"rendered":"<p>PROFESORADO DE TEATRO PLAN N\u00ba 659 RESOLUCI\u00d3N 0227\/17 DENOMINACI\u00d3N DE LA CARRERA Profesorado de Teatro T\u00cdTULO A OTORGAR Profesor\/a\u00a0\u00a0 de Teatro DURACI\u00d3N DE LA CARRERA 4 a\u00f1os &nbsp; Descargar Plan de Estudio N\u00ba 659: Plan N\u00ba 659\u00a0 &#8211; Parte 1 Plan N\u00ba 659\u00a0 &#8211; Parte 2 Plan N\u00ba 659\u00a0 &#8211; Parte 3 Correlatividades Plan N\u00ba &#8230; <a title=\"&#x2714; Dise\u00f1o Curricular\" class=\"read-more\" href=\"https:\/\/esba-nqn.infd.edu.ar\/sitio\/diseno-curricular\/\" aria-label=\"More on &#x2714; Dise\u00f1o Curricular\">[+]<\/a><\/p>\n","protected":false},"author":778,"featured_media":0,"parent":0,"menu_order":0,"comment_status":"closed","ping_status":"closed","template":"","meta":[],"acf":[],"_links":{"self":[{"href":"https:\/\/esba-nqn.infd.edu.ar\/sitio\/wp-json\/wp\/v2\/pages\/1376"}],"collection":[{"href":"https:\/\/esba-nqn.infd.edu.ar\/sitio\/wp-json\/wp\/v2\/pages"}],"about":[{"href":"https:\/\/esba-nqn.infd.edu.ar\/sitio\/wp-json\/wp\/v2\/types\/page"}],"author":[{"embeddable":true,"href":"https:\/\/esba-nqn.infd.edu.ar\/sitio\/wp-json\/wp\/v2\/users\/778"}],"replies":[{"embeddable":true,"href":"https:\/\/esba-nqn.infd.edu.ar\/sitio\/wp-json\/wp\/v2\/comments?post=1376"}],"version-history":[{"count":11,"href":"https:\/\/esba-nqn.infd.edu.ar\/sitio\/wp-json\/wp\/v2\/pages\/1376\/revisions"}],"predecessor-version":[{"id":3830,"href":"https:\/\/esba-nqn.infd.edu.ar\/sitio\/wp-json\/wp\/v2\/pages\/1376\/revisions\/3830"}],"wp:attachment":[{"href":"https:\/\/esba-nqn.infd.edu.ar\/sitio\/wp-json\/wp\/v2\/media?parent=1376"}],"curies":[{"name":"wp","href":"https:\/\/api.w.org\/{rel}","templated":true}]}}