{"id":1378,"date":"2018-06-29T18:28:18","date_gmt":"2018-06-29T21:28:18","guid":{"rendered":"https:\/\/esba-nqn.infd.edu.ar\/sitio\/becas\/"},"modified":"2022-03-03T19:30:13","modified_gmt":"2022-03-03T22:30:13","slug":"becas","status":"publish","type":"page","link":"https:\/\/esba-nqn.infd.edu.ar\/sitio\/becas\/","title":{"rendered":"BECAS"},"content":{"rendered":"\n<p><strong>Publicado el 3- 03-2022<\/strong><\/p>\n\n\n\n<figure class=\"wp-block-image size-large\"><img decoding=\"async\" loading=\"lazy\" width=\"1001\" height=\"1001\" src=\"https:\/\/esba-nqn.infd.edu.ar\/sitio\/wp-content\/uploads\/2022\/03\/progresar-2022.jpg\" alt=\"\" class=\"wp-image-4231\" srcset=\"https:\/\/esba-nqn.infd.edu.ar\/sitio\/wp-content\/uploads\/2022\/03\/progresar-2022.jpg 1001w, https:\/\/esba-nqn.infd.edu.ar\/sitio\/wp-content\/uploads\/2022\/03\/progresar-2022-500x500.jpg 500w, https:\/\/esba-nqn.infd.edu.ar\/sitio\/wp-content\/uploads\/2022\/03\/progresar-2022-768x768.jpg 768w\" sizes=\"(max-width: 1001px) 100vw, 1001px\" \/><\/figure>\n\n\n<h6>\u00a0<\/h6>\n<h6><\/h6>\n<p><img decoding=\"async\" loading=\"lazy\" src=\"https:\/\/static.xx.fbcdn.net\/images\/emoji.php\/v9\/tba\/1\/16\/1f4e3.png\" alt=\"&#x1f4e3;\" width=\"16\" height=\"16\" \/><img decoding=\"async\" loading=\"lazy\" src=\"https:\/\/static.xx.fbcdn.net\/images\/emoji.php\/v9\/tba\/1\/16\/1f4e3.png\" alt=\"&#x1f4e3;\" width=\"16\" height=\"16\" \/>Comunicado a estudiantes:<img decoding=\"async\" loading=\"lazy\" src=\"https:\/\/static.xx.fbcdn.net\/images\/emoji.php\/v9\/tba\/1\/16\/1f4e3.png\" alt=\"&#x1f4e3;\" width=\"16\" height=\"16\" \/><img decoding=\"async\" loading=\"lazy\" src=\"https:\/\/static.xx.fbcdn.net\/images\/emoji.php\/v9\/tba\/1\/16\/1f4e3.png\" alt=\"&#x1f4e3;\" width=\"16\" height=\"16\" \/><\/p>\n<h6> <\/h6>\n<p><img decoding=\"async\" loading=\"lazy\" src=\"https:\/\/static.xx.fbcdn.net\/images\/emoji.php\/v9\/t40\/1\/16\/1f4a5.png\" alt=\"&#x1f4a5;\" width=\"16\" height=\"16\" \/>INSCRIPCI\u00d3N A BECAS PROGRESAR 2022<img decoding=\"async\" loading=\"lazy\" src=\"https:\/\/static.xx.fbcdn.net\/images\/emoji.php\/v9\/t40\/1\/16\/1f4a5.png\" alt=\"&#x1f4a5;\" width=\"16\" height=\"16\" \/><img decoding=\"async\" loading=\"lazy\" src=\"https:\/\/static.xx.fbcdn.net\/images\/emoji.php\/v9\/t51\/1\/16\/1f449.png\" alt=\"&#x1f449;\" width=\"16\" height=\"16\" \/><\/p>\n<h6> <\/h6>\n<p><a href=\"https:\/\/becasprogresar.educacion.gob.ar\/?fbclid=IwAR3sK1h1evxcLwSE2AMoy3oUJfh59J8y-35D8wI4U8edjea6ONfXfgFITM8\" target=\"_blank\" rel=\"noreferrer noopener\">https:\/\/becasprogresar.educacion.gob.ar\/<\/a>Crearse un usuario, una contrase\u00f1a y postularse a la beca. Cabe la aclaraci\u00f3n que a pesar de haber contado con la beca a\u00f1os anteriores, es necesario que las y los estudiantes se re-inscriban a la convocatoria de este a\u00f1o.<\/p>\n<h6> <\/h6>\n<p><img decoding=\"async\" loading=\"lazy\" src=\"https:\/\/static.xx.fbcdn.net\/images\/emoji.php\/v9\/t9e\/1\/16\/27a1.png\" alt=\"&#x27a1;\" width=\"16\" height=\"16\" \/>Se adjuntan los requisitos de la misma:<\/p>\n<h6> <\/h6>\n<p>-Ser argentina\/o nativa\/o; naturalizada\/o o extranjera\/o, con residencia legal de cinco (5) a\u00f1os en el pa\u00eds y contar con DNI.<\/p>\n<h6> <\/h6>\n<p>-Ser alumna\/o regular de una instituci\u00f3n educativa.-<\/p>\n<h6> <\/h6>\n<p>Tener entre 17 y 24 a\u00f1os de edad cumplidos.<\/p>\n<h6> <\/h6>\n<p>-Estudiantes avanzadas\/os en la carrera, hasta treinta (30) a\u00f1os cumplidos.<\/p>\n<h6> <\/h6>\n<p>-Estudiantes de enfermer\u00eda sin l\u00edmite de edad.<\/p>\n<h6> <\/h6>\n<p>-Se extiende hasta 35 a\u00f1os de edad a las personas con hijas\/os a cargo menores de 18 a\u00f1os pertenecientes a hogares monoparentales.<\/p>\n<h6> <\/h6>\n<p>-Sin l\u00edmite de edad para personas trans, de pueblos ind\u00edgenas, con discapacidad o refugiadas.<\/p>\n<h6> <\/h6>\n<p>-Los ingresos de la\/el joven y los de su grupo familiar no deber\u00e1n ser superiores a tres (3) Salarios M\u00ednimos, Vitales y M\u00f3viles (SMVM).<\/p>\n<h6> <\/h6>\n<p><img decoding=\"async\" loading=\"lazy\" src=\"https:\/\/static.xx.fbcdn.net\/images\/emoji.php\/v9\/t9e\/1\/16\/27a1.png\" alt=\"&#x27a1;\" width=\"16\" height=\"16\" \/> Finalmente, y como todos los a\u00f1os, quedamos a disposici\u00f3n ante cualquier consulta o inconveniente que tuvieran con la inscripci\u00f3n en la beca. Estas deben ser remitidas al Referente Provincial de Pol\u00edticas Estudiantiles y Becas del Nivel Superior, Psic. Franco Pedraza, a los siguientes correos: dpesbecas@neuquen.gov.ar o dpesbecas.nqn@gmail.com<\/p>\n<h6><\/h6>\n<h6>\u00a0<\/h6>\n<h6>\u00a0<\/h6>\n<h6>Publicado el 13- 05-2021<\/h6>\n<h6><img decoding=\"async\" loading=\"lazy\" class=\"alignnone size-full wp-image-3684\" src=\"https:\/\/esba-nqn.infd.edu.ar\/sitio\/wp-content\/uploads\/2021\/05\/progresar-hasta-el-21-de-mayo-2021.jpeg\" alt=\"\" width=\"900\" height=\"600\" srcset=\"https:\/\/esba-nqn.infd.edu.ar\/sitio\/wp-content\/uploads\/2021\/05\/progresar-hasta-el-21-de-mayo-2021.jpeg 900w, https:\/\/esba-nqn.infd.edu.ar\/sitio\/wp-content\/uploads\/2021\/05\/progresar-hasta-el-21-de-mayo-2021-768x512.jpeg 768w\" sizes=\"(max-width: 900px) 100vw, 900px\" \/><\/h6>\n<p>Atenti estudiantes!<\/p>\n<div><span style=\"font-family: arial, sans-serif;\">Hasta el\u00a0<\/span><strong style=\"font-family: arial, sans-serif;\">21 de Mayo<\/strong><span style=\"font-family: arial, sans-serif;\">\u00a0se encuentra abierta la inscripci\u00f3n para las\u00a0<\/span><strong style=\"font-family: arial, sans-serif;\">Becas Progresar 2021<\/strong><span style=\"font-family: arial, sans-serif;\">\u00a0otorgadas por el Ministerio de Educaci\u00f3n.<\/span><\/div>\n<div>\n<p><span style=\"font-family: arial, sans-serif;\">Toda la info que necesitas la encontras ac\u00e1:\u00a0<\/span><a href=\"https:\/\/www.argentina.gob.ar\/noticias\/prorroga-del-plazo-de-inscripcion-para-las-becas-progresar#:~:text=El%20Ministerio%20de%20Educaci%C3%B3n%20de,21%20de%20mayo%20del%202021.\">https:\/\/www.argentina.gob.ar\/noticias\/prorroga-del-plazo-de-inscripcion-para-las-becas-progresar#:~:text=El%20Ministerio%20de%20Educaci%C3%B3n%20de,21%20de%20mayo%20del%202021.<\/a><\/p>\n<\/div>\n<p>Para otras consultas,\u00a0 te podes comunicar con la <strong>Direcci\u00f3n Provincial de Becas del Neuqu\u00e9n<\/strong>\u00a0que atiende en su oficina\u00a0 ubicada en calle Nordenstrom 265 y su tel\u00e9fono de contacto es (0299) 4494869. Adjuntamos el email de\u00a0<i><b>Franco Pedraza,<\/b><\/i>\u00a0referente provincial de Pol\u00edticas Estudiantiles y Becas, <a href=\"mailto:dpesbecas.nqn@gmail.com\">dpesbecas.nqn@gmail.com<\/a><\/p>\n<p>\u00a0<\/p>\n<h6>Publicado el 21 &#8211; 04 -2021<\/h6>\n<h3><img decoding=\"async\" loading=\"lazy\" class=\"alignnone wp-image-3608\" src=\"https:\/\/esba-nqn.infd.edu.ar\/sitio\/wp-content\/uploads\/2021\/04\/becas-2021-01-1000x1000.jpg\" alt=\"\" width=\"744\" height=\"744\" srcset=\"https:\/\/esba-nqn.infd.edu.ar\/sitio\/wp-content\/uploads\/2021\/04\/becas-2021-01-1000x1000.jpg 1000w, https:\/\/esba-nqn.infd.edu.ar\/sitio\/wp-content\/uploads\/2021\/04\/becas-2021-01-500x500.jpg 500w, https:\/\/esba-nqn.infd.edu.ar\/sitio\/wp-content\/uploads\/2021\/04\/becas-2021-01-768x768.jpg 768w, https:\/\/esba-nqn.infd.edu.ar\/sitio\/wp-content\/uploads\/2021\/04\/becas-2021-01.jpg 1042w\" sizes=\"(max-width: 744px) 100vw, 744px\" \/><\/h3>\n<h2><span style=\"color: #800080;\">Aqu\u00ed les compartimos toda la informaci\u00f3n acerca del Sistema de Becas para estudiantes de Nivel Superior<\/span><\/h2>\n<h4>Te presentamos aqu\u00ed tres tipos de becas a estudiantes de nivel terciario, tales inversiones pueden ser provinciales, municipales o nacionales. Aqu\u00ed les<br \/>ofrecemos algunos datos (direcciones, tel\u00e9fonos de contacto y link) para puedan acceder a la informaci\u00f3n necesaria.<\/h4>\n<p><strong>1)<\/strong> La <strong>Direcci\u00f3n Provincial de Becas del Neuqu\u00e9n<\/strong> atiende en su oficina\u00a0 ubicada en calle Nordenstrom 265 y su tel\u00e9fono de contacto es (0299) 4494869. Adjuntamos el email de\u00a0<i><b>Franco Pedraza,<\/b><\/i>\u00a0referente provincial de Pol\u00edticas Estudiantiles y Becas, <a href=\"mailto:dpesbecas.nqn@gmail.com\">dpesbecas.nqn@gmail.com<\/a><\/p>\n<p><strong>2)<\/strong> La <strong>Direcci\u00f3n de Juventud de la Municipalidad de Neuqu\u00e9n<\/strong> est\u00e1 ubicada en la calle C\u00f3rdoba 650 de esta Capital y atiende de Lunes a Viernes de 8 a<br \/>15 hs. Su n\u00famero de contacto es (0299) 4491200 interno 4315. Correo <a href=\"mailto:jovenesmuni@muninqn.gov.ar\">jovenesmuni@muninqn.gov.ar<\/a><\/p>\n<p><strong>3)<\/strong> El <strong>Ministerio de Educaci\u00f3n de la Naci\u00f3n<\/strong> lanz\u00f3 nuevamente su programa de becas \u201c<strong>Progresar\u201d<\/strong> para el cual la inscripci\u00f3n es hasta el 30 abril. (M\u00e1s abajo ampliamos la info.) Para inscribirte deber\u00e1s ingresar a la web <a href=\"https:\/\/becasprogresar.educacion.gob.ar\/inicio_nivel_superior.php\">https:\/\/becasprogresar.educacion.gob.ar\/inicio_nivel_superior.php\u00a0<\/a>crearse un usuario y contrase\u00f1a. Luego completar con los datos solicitados. <strong>La inscripci\u00f3n cierra el\u00a031 de abril\u00a0del 2021.<\/strong><\/p>\n<p><strong><u>Requisitos L\u00ednea \u201cProgresar\u201d para el Fomento De La Educaci\u00f3n Superior:<\/u><\/strong><\/p>\n<ul>\n<li>Ser argentinos\/as nativos\/as o naturalizados\/as o extranjeros\/as, con residencia legal de al menos cinco (5) a\u00f1os de en el pa\u00eds y contar con documento nacional de identidad (DNI).<\/li>\n<li>Tener al momento del cierre de la convocatoria a la beca, en el caso de alumnos\/as ingresantes, entre dieciocho (18) y veinticuatro (24) a\u00f1os de edad cumplidos y para el caso de alumnos\/as avanzados\/as en la carrera, hasta treinta (30) a\u00f1os cumplidos.<\/li>\n<li><em>Grupos en condici\u00f3n de vulnerabilidad multidimensional, para ingresantes o avanzados\/as<\/em>:<\/li>\n<\/ul>\n<ol>\n<li>Las personas que se encuentren a cargo de un hogar monoparental con hijos\/as de menos de 18 a\u00f1os de edad, hasta treinta (35) a\u00f1os cumplidos a la fecha del cierre de la convocatoria a la beca.<\/li>\n<li>Las personas integrantes de las comunidades ind\u00edgenas y\/o pertenecientes a pueblos originarios, sin l\u00edmite de edad.<\/li>\n<li>Las personas trans, sin l\u00edmite de edad.<\/li>\n<li>Las personas con discapacidad, sin l\u00edmite de edad.<\/li>\n<li>Las personas refugiadas, sin l\u00edmite de edad.<\/li>\n<\/ol>\n<ul>\n<li>La suma de los ingresos de la\/el joven y los de su grupo familiar no debe ser superior a TRES (3) Salarios M\u00ednimos, Vitales y M\u00f3viles (SMVM).<\/li>\n<li>Ser egresada\/o del nivel medio y no adeudar materias al momento de la inscripci\u00f3n.<\/li>\n<li>Ingresar a cursar o encontrarse cursando una carrera de grado o pregrado en instituciones p\u00fablicas tales como Universidades Nacionales, Provinciales, Institutos Universitarios Nacionales. Est\u00e1n excluidos los Ciclos de Complementaci\u00f3n Curricular ya sean Ciclos de Tecnicaturas, Licenciaturas o Profesorados.<\/li>\n<li>Cursar o ingresar a cursar sus estudios en Institutos de formaci\u00f3n t\u00e9cnica y de formaci\u00f3n docente de gesti\u00f3n estatal.<\/li>\n<li>Solicitar la beca dentro de los plazos fijados por la convocatoria respectiva<\/li>\n<\/ul>\n<h3><span style=\"color: #333399;\">BOLETO ESTUDIANTIL 2021<\/span><\/h3>\n<p style=\"padding-left: 30px;\">Si viv\u00eds de Neuqu\u00e9n esta informaci\u00f3n podr\u00eda interesarte&#8230;<\/p>\n<p style=\"padding-left: 30px;\"><strong>El gobierno provincial en conjunto con el municipal lanz\u00f3 el programa d<\/strong>e <strong>\u201cBoleto Estudiantil Gratuito\u201d<\/strong> que beneficia a estudiantes de todos los niveles<br \/>educativos, en el cual se podr\u00e1n realizar hasta 50 viajes mensuales (no acumulables). Dicho programa se encuentra habilitado para nivel terciario.<br \/>Para acceder a este programa deber\u00e1s acercarte a una unidad SUBE, ubicada en la sede de la Estaci\u00f3n Terminal de \u00d3mnibus de Neuqu\u00e9n (ETON).<br \/>Los requisitos expuestos en la p\u00e1gina oficial son:<br \/>\u2022<strong> Original y fotocopia del D.N.I. con domicilio en la ciudad de Neuqu\u00e9n<\/strong><br \/><strong>\u2022 Certificado de regularidad con sello y firma.<\/strong><br \/><strong>\u2022 Tarjeta SUBE (los que no tengan deber\u00e1n comprarla).<\/strong><br \/>Adjuntamos el link para que obtengas m\u00e1s informaci\u00f3n:<a href=\"http:\/\/www.ciudaddeneuquen.gob.ar\/boleto-estudiantil\/\">\u00a0http:\/\/www.ciudaddeneuquen.gob.ar\/boleto-estudiantil\/<\/a><br \/>( Cabe destacar que las empresas de transporte interurbano Ko-Ko y Pehuenche solo tiene convenio con la Universidad Nacional del Comahue, no prestando beneficio a las<br \/>instituciones de nivel terciario.)<br \/><strong>Pasajes por discapacidad:<\/strong> Si posees un certificado de discapacidad vigente debes que saber que ten\u00e9s el derecho a transportarte gratuitamente seg\u00fan el Decreto N\u00b03804. Este decreto establece que las personas en situaci\u00f3n de discapacidad tienen derecho a viajar gratis en transportes de corta, media y larga distancia. Para acceder a este servicio,<br \/>debe presentarse en la boleter\u00eda Oficial de la empresa por la que usted desea viajar con tu certificado de discapacidad y tu documento de identidad.<\/p>\n<p>\u00a0<\/p>\n<p><em>Esperamos que te sea \u00fatil esta informaci\u00f3n!<\/em><\/p>\n<p>__\/\/\/\/\/\/\/\/\/\/\/\/\/\/\/\/\/\/\/\/\/\/\/\/\/\/\/\/\/\/\/\/\/\/\/\/\/\/\/\/\/\/\/\/\/\/\/\/\/\/\/\/\/\/\/\/\/\/\/\/\/\/\/\/\/\/\/\/\/\/\/\/\/\/\/\/\/\/\/\/\/\/\/\/\/\/\/\/\/\/\/\/\/\/\/\/\/\/<\/p>\n<h6>Publicado el 9 &#8211; 06 -2020<\/h6>\n<h1><span style=\"color: #3366ff;\">Gu\u00eda para becarios y becarias de formaci\u00f3n docente<\/span><\/h1>\n<p><img decoding=\"async\" loading=\"lazy\" class=\"size-full wp-image-3234 alignnone\" src=\"https:\/\/esba-nqn.infd.edu.ar\/sitio\/wp-content\/uploads\/2020\/06\/Captura-de-pantalla-2020-06-09-a-las-14.11.56.png\" alt=\"\" width=\"598\" height=\"508\" \/><\/p>\n<p>Les compartimos el documento que nos llega del Ministerio de Educaci\u00f3n de la Naci\u00f3n.<\/p>\n<p>Descargar archivo:\u00a0\u00a0<a href=\"https:\/\/esba-nqn.infd.edu.ar\/sitio\/wp-content\/uploads\/2020\/06\/Guia-del-becarios-as-progresar-formacion-docente.pdf\">Guia del becarios-as progresar formacion docente<\/a><\/p>\n<p>\u00a0<\/p>\n<p>\u00a0<\/p>\n<p>\u00a0<\/p>\n<p>________________________________________________________<\/p>\n<p>\u00a0<\/p>\n<p><img decoding=\"async\" loading=\"lazy\" class=\"alignnone size-medium wp-image-2382\" src=\"https:\/\/esba-nqn.infd.edu.ar\/sitio\/wp-content\/uploads\/2019\/06\/reclamo-becas-01-1000x800.jpg\" alt=\"\" width=\"1000\" height=\"800\" srcset=\"https:\/\/esba-nqn.infd.edu.ar\/sitio\/wp-content\/uploads\/2019\/06\/reclamo-becas-01-1000x800.jpg 1000w, https:\/\/esba-nqn.infd.edu.ar\/sitio\/wp-content\/uploads\/2019\/06\/reclamo-becas-01-768x615.jpg 768w, https:\/\/esba-nqn.infd.edu.ar\/sitio\/wp-content\/uploads\/2019\/06\/reclamo-becas-01-1900x1520.jpg 1900w\" sizes=\"(max-width: 1000px) 100vw, 1000px\" \/><\/p>\n<p><strong>La fecha limite para que los estudiantes activen el reclamo es el 05\/07 de 2019<\/strong><\/p>\n<p style=\"font-weight: 400;\"><em>Es necesario que<\/em><em>\u00a0confirmen que hayan REALIZADO el reclamo correspondiente FINALIZ\u00c1NDOLO y teniendo el COMPROBANTE EN PDF.<\/em><\/p>\n<p><u>POR FAVOR REALICEN EL RECLAMO NO POR M\u00d3VIL\u00a0CELULAR, ES RECOMENDABLE REALIZARLO A TRAV\u00c9S\u00a0DE UNA COMPUTADORA.<\/u><\/p>\n<p>Descargar el instructivo:\u00a0<a href=\"https:\/\/esba-nqn.infd.edu.ar\/sitio\/wp-content\/uploads\/2019\/06\/Proceso-de-Reclamos-2019.pdf\">Proceso de Reclamos 2019<\/a><\/p>\n<p>\u00a0<\/p>\n<p>\u00a0<\/p>\n<p>\u00a0<\/p>\n<p>_______________________________________________________________<\/p>\n<p>\u00a0<\/p>\n<p>\u00a0<\/p>\n<p>\u00a0<\/p>\n<p>\u00a0<\/p>\n<p>\u00a0<\/p>\n<p>\u00a0<\/p>\n<p>\u00a0<\/p>\n<p>\u00a0<\/p>\n<p>\u00a0<\/p>\n<p>\u00a0<\/p>\n<p><em>Becas Provinciales 2019 \u2013 Programa de fortalecimiento a la Trayectoria Escolar y al Aprendizaje-, conforme Resoluci\u00f3n N\u00b036\/16 y su modificatoria N\u00b042\/16.<\/em><\/p>\n<p><em>Al respecto se le hace saber que las inscripciones se encontrar\u00e1n abiertas hasta el d\u00eda 10 de mayo, y podr\u00e1n postularse los estudiantes de todos los niveles que tengan entre 3 y 25 a\u00f1os de edad. Los interesados deber\u00e1n acercarse las sedes de los Distritos escolares o dependencias municipales que ser\u00e1n informados oportunamente, donde se los orientar\u00e1 sobre el proceso de inscripci\u00f3n, y deber\u00e1n completar un formulario al que se podr\u00e1 acceder ingresando a la p\u00e1gina web:\u00a0<a href=\"http:\/\/intraeducacion.neuquen.gov.ar\/becas\" data-saferedirecturl=\"https:\/\/www.google.com\/url?q=http:\/\/intraeducacion.neuquen.gov.ar\/becas&amp;source=gmail&amp;ust=1556632239346000&amp;usg=AFQjCNE34WZidqmq4yVgaDeimH8EAzeNFg\">intraeducacion.neuquen.gov.ar\/becas<\/a><\/em><\/p>\n<p><em>La documentaci\u00f3n que ser\u00e1 requerida para completar la inscripci\u00f3n, como as\u00ed tambi\u00e9n las sedes establecidas de cada localidad, podr\u00e1n ser consultadas al correo electr\u00f3nico\u00a0<a href=\"mailto:becasme@neuquen.gov.ar\">becasme@neuquen.gov.ar<\/a>, al tel\u00e9fono 4494869 (interno 7487\/4875) o en la web\u00a0<a href=\"http:\/\/www.neuquen.edua.ar\/\" data-saferedirecturl=\"https:\/\/www.google.com\/url?q=http:\/\/www.neuquen.edua.ar\/&amp;source=gmail&amp;ust=1556632239346000&amp;usg=AFQjCNFpwYK8SpU4pX7WdcDwi7BJVLJcNQ\">www.neuquen.edua.ar<\/a><\/em><\/p>\n<p><u><em>Requisitos:<\/em><\/u><\/p>\n<ul>\n<li><em> \u00a0 \u00a0 \u00a0Ser Argentino o nacionalizado.<\/em><\/li>\n<li><em>Ser nativo de la provincia del Neuqu\u00e9n o con 5 a\u00f1os de residencia. (comprobable)<\/em><\/li>\n<li><em>Ser alumno de un establecimiento de gesti\u00f3n p\u00fablica o social.<\/em><\/li>\n<li><em> \u00a0\u00a0En los niveles superiores ser\u00e1n permitidos los alumnos que estudien en establecimientos privados o en establecimientos p\u00fablicos de otras provincias, cuando la carrera no se dicte en la Universidad Nacional del Comahue y sus delegaciones.<\/em><\/li>\n<li><em>Acreditar en forma fehaciente la situaci\u00f3n socioecon\u00f3mica por la cual atraviesa su grupo conviviente. (el ingreso tiene que ser menor o igual al salario m\u00ednimo vital y m\u00f3vil)<\/em><\/li>\n<li><em>No ser beneficiario de otra beca ni estar incluido en el Programa de Respaldo a Estudiantes Argentinos (<a href=\"http:\/\/prog.r.es.ar\/\" data-saferedirecturl=\"https:\/\/www.google.com\/url?q=http:\/\/prog.r.es.ar\/&amp;source=gmail&amp;ust=1556632239347000&amp;usg=AFQjCNF3ACiT55fCKH_NiY5djdTGVQarfw\">PROG.R.ES.AR<\/a>).<\/em><\/li>\n<\/ul>\n<p><em><strong>CONSIDERACIONES PARA TERCIARIOS\/UNIVERSITARIOS<\/strong>:<\/em><\/p>\n<ul>\n<li><em>No estudiar en establecimientos educativos privados o de gesti\u00f3n privada cuando la carrera se dicte en instituciones p\u00fablicas de la Provincia.<\/em><\/li>\n<li><em>No se deber\u00e1 inscribir aquellos alumnos que cursen el 1\u00b0 a\u00f1o en Institutos de Formaci\u00f3n Docente (IFD) de Nivel Terciario: ya que para estos alumnos existen becas otorgadas por Naci\u00f3n.<\/em><\/li>\n<li><em>No se entregar\u00e1 este beneficio a quien deba solamente rendir ex\u00e1menes finales o realizar la tesis, para dar por terminada la carrera.<\/em><\/li>\n<\/ul>\n<p><em>\u00a0<\/em><\/p>\n<p><em><strong>DOCUMENTACI\u00d3N A PRESENTAR<\/strong>:<\/em><\/p>\n<p><em>\u00a0\u00a0 Solo se validara la preinscripci\u00f3n que contengan toda la documentaci\u00f3n solicitada:<\/em><\/p>\n<ul>\n<li><em>Fotocopia de D.N.I (renovado) del alumno y del responsable de cobro con domicilio actualizado.<\/em><\/li>\n<li><em>Constancia de alumno regular del a\u00f1o en curso.<\/em><\/li>\n<li><em>En el caso que corresponda bolet\u00edn\/rendimiento acad\u00e9mico del \u00faltimo a\u00f1o cursado.<\/em><\/li>\n<li><em>Para la modalidad Terciaria\/Universitaria se requiere, como condici\u00f3n para Renovar acreditar un promedio general de siete (7) asimismo deber\u00e1n contar con el 50% de los finales aprobados y cursados de acuerdo al plan de estudio.<\/em><\/li>\n<li><em>Acta de nacimiento en caso de que el alumno sea menor de edad y fotocopia del D.N.I del padre, madre, tutor o encargado o cualquier otro medio de prueba que a juicio de la Direcci\u00f3n General de asistencia a las trayectorias educativa, acredite el v\u00ednculo.<\/em><\/li>\n<li><em>Documentaci\u00f3n respaldatoria de ingresos u ocupaci\u00f3n de todos los mayores de 18 a\u00f1os, convivientes con el alumno; inclusive amas de casa, desocupados y estudiantes.\u00a0<\/em><\/li>\n<li><em>En caso de encontrase desempleado\/a, presentar negativa de ANSES y declaraci\u00f3n \u00a0jurada donde acredite el ingreso mensual.<\/em><\/li>\n<\/ul>","protected":false},"excerpt":{"rendered":"<p>Publicado el 3- 03-2022 \u00a0 Comunicado a estudiantes: INSCRIPCI\u00d3N A BECAS PROGRESAR 2022 https:\/\/becasprogresar.educacion.gob.ar\/Crearse un usuario, una contrase\u00f1a y postularse a la beca. Cabe la aclaraci\u00f3n que a pesar de haber contado con la beca a\u00f1os anteriores, es necesario que las y los estudiantes se re-inscriban a la convocatoria de este a\u00f1o. Se adjuntan los &#8230; <a title=\"BECAS\" class=\"read-more\" href=\"https:\/\/esba-nqn.infd.edu.ar\/sitio\/becas\/\" aria-label=\"More on BECAS\">[+]<\/a><\/p>\n","protected":false},"author":778,"featured_media":0,"parent":0,"menu_order":0,"comment_status":"closed","ping_status":"closed","template":"","meta":[],"acf":[],"_links":{"self":[{"href":"https:\/\/esba-nqn.infd.edu.ar\/sitio\/wp-json\/wp\/v2\/pages\/1378"}],"collection":[{"href":"https:\/\/esba-nqn.infd.edu.ar\/sitio\/wp-json\/wp\/v2\/pages"}],"about":[{"href":"https:\/\/esba-nqn.infd.edu.ar\/sitio\/wp-json\/wp\/v2\/types\/page"}],"author":[{"embeddable":true,"href":"https:\/\/esba-nqn.infd.edu.ar\/sitio\/wp-json\/wp\/v2\/users\/778"}],"replies":[{"embeddable":true,"href":"https:\/\/esba-nqn.infd.edu.ar\/sitio\/wp-json\/wp\/v2\/comments?post=1378"}],"version-history":[{"count":10,"href":"https:\/\/esba-nqn.infd.edu.ar\/sitio\/wp-json\/wp\/v2\/pages\/1378\/revisions"}],"predecessor-version":[{"id":4233,"href":"https:\/\/esba-nqn.infd.edu.ar\/sitio\/wp-json\/wp\/v2\/pages\/1378\/revisions\/4233"}],"wp:attachment":[{"href":"https:\/\/esba-nqn.infd.edu.ar\/sitio\/wp-json\/wp\/v2\/media?parent=1378"}],"curies":[{"name":"wp","href":"https:\/\/api.w.org\/{rel}","templated":true}]}}