{"id":1385,"date":"2018-07-26T14:10:35","date_gmt":"2018-07-26T17:10:35","guid":{"rendered":"https:\/\/esba-nqn.infd.edu.ar\/sitio\/?page_id=1385"},"modified":"2026-04-13T08:52:22","modified_gmt":"2026-04-13T11:52:22","slug":"matriculacion-2","status":"publish","type":"page","link":"https:\/\/esba-nqn.infd.edu.ar\/sitio\/matriculacion-2\/","title":{"rendered":"INSCRIPCIONES 2026 CERRADAS"},"content":{"rendered":"\n<p>\u00danica oferta p\u00fablica y gratuita de la Provincia de Neuqu\u00e9n para estudiar profesorados y tecnicaturas en Teatro, Folklore y Visuales. T\u00edtulos oficiales con validez nacional.<\/p>\n\n\n\n<h2 class=\"wp-block-heading\">Cronograma de inscripciones <\/h2>\n\n\n\n<p><\/p>\n\n\n\n<p>INGRESANTES A 1 ER A\u00d1O<\/p>\n\n\n\n<ul>\n<li><strong><em>Inscripci\u00f3n a carreras:&nbsp;<\/em><\/strong><\/li>\n<\/ul>\n\n\n\n<p>CERRADAS<\/p>\n\n\n\n<p><\/p>\n\n\n\n<h2 class=\"wp-block-heading\">INFO DE CARRERAS TERCIARIAS<\/h2>\n\n\n\n<figure class=\"wp-block-image size-full\"><img decoding=\"async\" loading=\"lazy\" width=\"425\" height=\"613\" src=\"https:\/\/esba-nqn.infd.edu.ar\/sitio\/wp-content\/uploads\/2024\/09\/ESBA-MATRICULACIONprint.png\" alt=\"TEATRO FOLKLORE VISUALES\" class=\"wp-image-6686\"\/><\/figure>\n\n\n\n<h4 class=\"wp-block-heading\">&nbsp;Teatro<\/h4>\n\n\n\n<h6 class=\"wp-block-heading\"><a href=\"https:\/\/drive.google.com\/file\/d\/1Adqr6LqL35bZ9qKs-NnkmIkz_YHRcKui\/view?usp=drive_link\" target=\"_blank\" rel=\"noreferrer noopener\">Click aqu\u00ed para ver planes de estudio de Teatro<\/a><\/h6>\n\n\n\n<p><strong>Tecnicatura Superior <\/strong><strong>en Actuaci\u00f3n<\/strong> &#8211; 3 a\u00f1os<\/p>\n\n\n\n<p><strong>Profesorado de <\/strong><strong>Teatro<\/strong> &#8211; 4 a\u00f1os<\/p>\n\n\n\n<p><strong>Profesorado Superior <\/strong><strong>de Teatro<\/strong> &#8211; 5 a\u00f1os<\/p>\n\n\n\n<h4 class=\"wp-block-heading\">Folklore<\/h4>\n\n\n\n<h6 class=\"wp-block-heading\"><a href=\"https:\/\/drive.google.com\/file\/d\/1EGxyQx0oeD2eiZa1EoMndDi5Eu2noS2D\/view\" data-type=\"URL\" data-id=\"https:\/\/drive.google.com\/file\/d\/14qleRLoA1feBiaRaEoWPIuW7E2ibwC2N\/view?usp=drive_link\" target=\"_blank\" rel=\"noreferrer noopener\">Click aqu\u00ed para ver plan de estudio de Folklore&nbsp;<\/a><\/h6>\n\n\n\n<p><strong>Profesorado de Danzas con orientaci\u00f3n en Danzas Folkl\u00f3ricas<\/strong> &#8211; 4 a\u00f1os<br><\/p>\n\n\n\n<h4 class=\"wp-block-heading\">Visuales<\/h4>\n\n\n\n<h6 class=\"wp-block-heading\"><a href=\"https:\/\/drive.google.com\/file\/d\/1vtiZ7urQyhpJHEsczQ3_JSn1JJthX21y\/view?usp=drive_link\" data-type=\"URL\" data-id=\"https:\/\/drive.google.com\/file\/d\/1vtiZ7urQyhpJHEsczQ3_JSn1JJthX21y\/view?usp=drive_link\" target=\"_blank\" rel=\"noreferrer noopener\">Click aqu\u00ed para ver planes de estudio de Visuales<\/a>&nbsp;<\/h6>\n\n\n\n<p><strong>Tecnicatura Superior <\/strong><strong>en Artes Visuales<\/strong> &#8211; 3 a\u00f1os<\/p>\n\n\n\n<p><strong>Profesorado en<\/strong> <strong>Artes Visuales<\/strong> &#8211; 4 a\u00f1os<\/p>\n\n\n\n<p><strong>Profesorado Superior<\/strong> <strong>en Artes Visuales<\/strong> &#8211; 5 a\u00f1os<br>orientaci\u00f3n: Dibujo, Escultura, Grabado Arte Impreso o Pintura<\/p>\n\n\n\n<blockquote class=\"wp-block-quote\">\n<p><strong>1- C\u00d3MO ME MATRICULO?<\/strong><\/p>\n<cite><strong><em>Procedimiento de matriculaci\u00f3n para todas las carreras de la ESBA<\/em><\/strong><\/cite><\/blockquote>\n\n\n\n<p>Antes de comenzar el tr\u00e1mite en SIUNED te pedimos que completes el siguiente formulario:<\/p>\n\n\n\n<div class=\"wp-block-buttons is-content-justification-center is-layout-flex wp-container-1\">\n<div class=\"wp-block-button\"><a class=\"wp-block-button__link has-text-align-center wp-element-button\" href=\"https:\/\/docs.google.com\/forms\/d\/10rZ_ndSKgfVdip1fUSO1AssI8JE6wY3MPBaWeDEXFdo\/edit?usp=drive_web&amp;ouid=108902441127381909683\" target=\"_blank\" rel=\"noreferrer noopener\">FORMULARIO DE INSCRIPCI\u00d3N<\/a><\/div>\n<\/div>\n\n\n\n<p> <\/p>\n\n\n\n<p><strong>ENTREGA DE DOCUMENTACI\u00d3N<\/strong> <strong>PRESECIAL<\/strong><\/p>\n\n\n\n<ul>\n<li>1-Carpeta colgante<\/li>\n\n\n\n<li>2-Recibe inscripci\u00f3n otorgado por Siuned<\/li>\n\n\n\n<li>3Dni y fotocopia<\/li>\n\n\n\n<li>4-Titulo secundario (o constancia de t\u00edtulo en tr\u00e1mite) y fotocopia<\/li>\n\n\n\n<li>5-Partida de nacimiento y fotocopia<\/li>\n\n\n\n<li>6-Dos fotos 4&#215;4<\/li>\n<\/ul>\n\n\n\n<p>La <strong>entrega de la documentaci\u00f3n<\/strong> ser\u00e1 presencial en bedel\u00eda el <strong>d\u00eda a confirmar<\/strong> y en horario de cursada de la carrera que elegiste<\/p>\n","protected":false},"excerpt":{"rendered":"<p>\u00danica oferta p\u00fablica y gratuita de la Provincia de Neuqu\u00e9n para estudiar profesorados y tecnicaturas en Teatro, Folklore y Visuales. T\u00edtulos oficiales con validez nacional. Cronograma de inscripciones INGRESANTES A 1 ER A\u00d1O CERRADAS INFO DE CARRERAS TERCIARIAS &nbsp;Teatro Click aqu\u00ed para ver planes de estudio de Teatro Tecnicatura Superior en Actuaci\u00f3n &#8211; 3 a\u00f1os &#8230; <a title=\"INSCRIPCIONES 2026 CERRADAS\" class=\"read-more\" href=\"https:\/\/esba-nqn.infd.edu.ar\/sitio\/matriculacion-2\/\" aria-label=\"More on INSCRIPCIONES 2026 CERRADAS\">[+]<\/a><\/p>\n","protected":false},"author":778,"featured_media":0,"parent":0,"menu_order":0,"comment_status":"closed","ping_status":"closed","template":"","meta":[],"acf":[],"_links":{"self":[{"href":"https:\/\/esba-nqn.infd.edu.ar\/sitio\/wp-json\/wp\/v2\/pages\/1385"}],"collection":[{"href":"https:\/\/esba-nqn.infd.edu.ar\/sitio\/wp-json\/wp\/v2\/pages"}],"about":[{"href":"https:\/\/esba-nqn.infd.edu.ar\/sitio\/wp-json\/wp\/v2\/types\/page"}],"author":[{"embeddable":true,"href":"https:\/\/esba-nqn.infd.edu.ar\/sitio\/wp-json\/wp\/v2\/users\/778"}],"replies":[{"embeddable":true,"href":"https:\/\/esba-nqn.infd.edu.ar\/sitio\/wp-json\/wp\/v2\/comments?post=1385"}],"version-history":[{"count":133,"href":"https:\/\/esba-nqn.infd.edu.ar\/sitio\/wp-json\/wp\/v2\/pages\/1385\/revisions"}],"predecessor-version":[{"id":7541,"href":"https:\/\/esba-nqn.infd.edu.ar\/sitio\/wp-json\/wp\/v2\/pages\/1385\/revisions\/7541"}],"wp:attachment":[{"href":"https:\/\/esba-nqn.infd.edu.ar\/sitio\/wp-json\/wp\/v2\/media?parent=1385"}],"curies":[{"name":"wp","href":"https:\/\/api.w.org\/{rel}","templated":true}]}}