{"id":1387,"date":"2018-06-29T18:28:22","date_gmt":"2018-06-29T21:28:22","guid":{"rendered":"https:\/\/esba-nqn.infd.edu.ar\/sitio\/presentacion-de-proyectos-2018\/"},"modified":"2020-12-09T16:10:49","modified_gmt":"2020-12-09T19:10:49","slug":"presentacion-de-proyectos-2","status":"publish","type":"page","link":"https:\/\/esba-nqn.infd.edu.ar\/sitio\/presentacion-de-proyectos-2\/","title":{"rendered":"Presentaci\u00f3n de Proyectos de Investigaci\u00f3n"},"content":{"rendered":"<h2>Proyectos 2020<\/h2>\n<h6>9 de diciembre de 2020,<\/h6>\n<h3>\u00abCaballito Montado\u00bb<\/h3>\n<p>La presente publicaci\u00f3n es una iniciativa del Prof. Marcelo del Hoyo, que propone llevar adelante este proyecto art\u00edstico pedag\u00f3gico en el cual se hace part\u00edcipe a diversos artistas con obras, cartas mapas, citas, historias, etc. en torno al eje, para el primer n\u00famero,\u00a0<b>arte-educaci\u00f3n-pandemia.\u00a0<\/b><\/p>\n<p>A continuaci\u00f3n podr\u00e1n acceder a la misma por medio del siguiente link:\u00a0<a href=\"https:\/\/esba-nqn.infd.edu.ar\/sitio\/wp-content\/uploads\/2020\/12\/Caballito-montado-N\u00ba0-comprimido.pdf\">Caballito montado N\u00ba0-comprimido<\/a><\/p>\n<p><img decoding=\"async\" loading=\"lazy\" class=\"alignnone size-medium wp-image-3480\" src=\"https:\/\/esba-nqn.infd.edu.ar\/sitio\/wp-content\/uploads\/2020\/12\/0001caballito-707x1000.jpg\" alt=\"\" width=\"707\" height=\"1000\" srcset=\"https:\/\/esba-nqn.infd.edu.ar\/sitio\/wp-content\/uploads\/2020\/12\/0001caballito-707x1000.jpg 707w, https:\/\/esba-nqn.infd.edu.ar\/sitio\/wp-content\/uploads\/2020\/12\/0001caballito-768x1087.jpg 768w, https:\/\/esba-nqn.infd.edu.ar\/sitio\/wp-content\/uploads\/2020\/12\/0001caballito-1343x1900.jpg 1343w\" sizes=\"(max-width: 707px) 100vw, 707px\" \/><\/p>\n<p>&nbsp;<\/p>\n<p>&nbsp;<\/p>\n<h6>2 de noviembre de 2020,<\/h6>\n<h3>\u00abMesa de Investigaci\u00f3n\u00bb<\/h3>\n<p>Este espacio se pens\u00f3 para generar encuentros virtuales y de acceso a un archivo informativo sobre temas y contenidos referidos a la investigaci\u00f3n en artes de artes y sobre educaci\u00f3n art\u00edstica fundamentalmente, contemplando los cuatro ejes\u00a0<i>MESA<\/i>\u00a0sobre los cuales sustentar el campo de acci\u00f3n-investigaci\u00f3n en la ESBA y en di\u00e1logo con otras instituciones.<\/p>\n<p>Estos conversatorios podr\u00e1n ser en vivo (dependiendo de la disponibilidad de los recursos), o pueden ser grabados para compartirlos luego.<\/p>\n<p>Interesadxs en participar o por consultas generales sobre este espacio, escribir a:\u00a0<a href=\"mailto:si.artesnqn@gmail.com\" target=\"_blank\" rel=\"noopener\">si.artesnqn@gmail.com<\/a><\/p>\n<p><img decoding=\"async\" loading=\"lazy\" class=\"alignnone size-medium wp-image-3482\" src=\"https:\/\/esba-nqn.infd.edu.ar\/sitio\/wp-content\/uploads\/2020\/12\/mesa-de-Investigacio\u0301n-logo-01-1000x1000.jpg\" alt=\"\" width=\"1000\" height=\"1000\" srcset=\"https:\/\/esba-nqn.infd.edu.ar\/sitio\/wp-content\/uploads\/2020\/12\/mesa-de-Investigacio\u0301n-logo-01-1000x1000.jpg 1000w, https:\/\/esba-nqn.infd.edu.ar\/sitio\/wp-content\/uploads\/2020\/12\/mesa-de-Investigacio\u0301n-logo-01-500x500.jpg 500w, https:\/\/esba-nqn.infd.edu.ar\/sitio\/wp-content\/uploads\/2020\/12\/mesa-de-Investigacio\u0301n-logo-01-768x768.jpg 768w, https:\/\/esba-nqn.infd.edu.ar\/sitio\/wp-content\/uploads\/2020\/12\/mesa-de-Investigacio\u0301n-logo-01-1900x1900.jpg 1900w\" sizes=\"(max-width: 1000px) 100vw, 1000px\" \/><\/p>\n<p>::::::::::::::::::::::::::::::::::::::::::::::::::::::::::::::::::::::::::::::::::::::::::::::::::::::::::::::::::::::::::::::::::::::<\/p>\n<p>&nbsp;<\/p>\n<p><span style=\"font-family: arial,helvetica,sans-serif; font-size: 12pt;\"><img decoding=\"async\" loading=\"lazy\" class=\"alignnone size-medium wp-image-3071\" src=\"https:\/\/esba-nqn.infd.edu.ar\/sitio\/wp-content\/uploads\/2020\/03\/PRESENTACION-DE-PROYECTOS-DE-INV-Y-EXTENSION-1\u00ba-LLAMADO-01-1000x667.jpg\" alt=\"\" width=\"1000\" height=\"667\" srcset=\"https:\/\/esba-nqn.infd.edu.ar\/sitio\/wp-content\/uploads\/2020\/03\/PRESENTACION-DE-PROYECTOS-DE-INV-Y-EXTENSION-1\u00ba-LLAMADO-01-1000x667.jpg 1000w, https:\/\/esba-nqn.infd.edu.ar\/sitio\/wp-content\/uploads\/2020\/03\/PRESENTACION-DE-PROYECTOS-DE-INV-Y-EXTENSION-1\u00ba-LLAMADO-01-768x512.jpg 768w, https:\/\/esba-nqn.infd.edu.ar\/sitio\/wp-content\/uploads\/2020\/03\/PRESENTACION-DE-PROYECTOS-DE-INV-Y-EXTENSION-1\u00ba-LLAMADO-01-1900x1267.jpg 1900w\" sizes=\"(max-width: 1000px) 100vw, 1000px\" \/><\/span><\/p>\n<p>&nbsp;<\/p>\n<p><span style=\"font-family: arial,helvetica,sans-serif; font-size: 12pt;\">\u00a0<\/span><\/p>\n<p>&nbsp;<\/p>\n<h1><span style=\"color: #0000ff;\">Proyectos de Investigaci\u00f3n 2020<\/span><\/h1>\n<p><span style=\"font-family: arial,helvetica,sans-serif; font-size: 12pt;\">La Secretar\u00eda de Investigaci\u00f3n de la ESBA\u00a0<\/span><span style=\"font-family: arial,helvetica,sans-serif; font-size: 12pt;\">se complace en publicar las pautas y lineamientos generales para la presentaci\u00f3n de proyectos de\u00a0 investigaci\u00f3n para el ciclo lectivo 2020.<\/span><\/p>\n<p><span style=\"font-family: arial,helvetica,sans-serif; font-size: 12pt;\">Asimismo se sugiere seguir el siguiente protocolo:\u00a0<\/span><span style=\"font-family: arial,helvetica,sans-serif; font-size: 12pt;\">enviar copia digital\u00a0 a\u00a0<span style=\"color: #0000ff;\"><em><strong>si.artesnqn@gmail.com<\/strong><\/em>\u00a0<\/span>( Secretar\u00eda de Investigaci\u00f3n), especificando en el asunto <strong>Proyecto_Titulo_Area_Responsable.pdf<\/strong><\/span><\/p>\n<p><span style=\"font-family: arial,helvetica,sans-serif; font-size: 12pt;\">Y <strong>presentar copia en papel por duplicado por mesa de entradas<\/strong> de la escuela y una tercera copia que quedar\u00e1 a modo de recibo para la persona que lo presenta.<\/span><\/p>\n<p>Formulario:\u00a0<a href=\"https:\/\/esba-nqn.infd.edu.ar\/sitio\/wp-content\/uploads\/2020\/03\/Planilla_de_investigacio769n_ESBA-2020.pdf\">Planilla_de_investigacio769n_ESBA-2020<\/a><\/p>\n<p>&nbsp;<\/p>\n<p><span style=\"font-family: arial,helvetica,sans-serif; font-size: 12pt;\">:::::::::::::::::::::::::::::::::::::::::::::::::::::::::::::::::::<\/span><\/p>\n<p><span style=\"font-family: arial,helvetica,sans-serif; font-size: 12pt;\"><img decoding=\"async\" loading=\"lazy\" class=\"alignnone size-medium wp-image-2269\" src=\"https:\/\/esba-nqn.infd.edu.ar\/sitio\/wp-content\/uploads\/2019\/03\/1er-y-2do-llamado-a-presentacion-de-proyectos-de-Inv-y-Ext-890x1000.jpg\" alt=\"\" width=\"890\" height=\"1000\" srcset=\"https:\/\/esba-nqn.infd.edu.ar\/sitio\/wp-content\/uploads\/2019\/03\/1er-y-2do-llamado-a-presentacion-de-proyectos-de-Inv-y-Ext-890x1000.jpg 890w, https:\/\/esba-nqn.infd.edu.ar\/sitio\/wp-content\/uploads\/2019\/03\/1er-y-2do-llamado-a-presentacion-de-proyectos-de-Inv-y-Ext-768x863.jpg 768w, https:\/\/esba-nqn.infd.edu.ar\/sitio\/wp-content\/uploads\/2019\/03\/1er-y-2do-llamado-a-presentacion-de-proyectos-de-Inv-y-Ext-1691x1900.jpg 1691w\" sizes=\"(max-width: 890px) 100vw, 890px\" \/><\/span><\/p>\n<p><span style=\"font-family: arial,helvetica,sans-serif; font-size: 12pt;\">La Secretar\u00eda de Investigaci\u00f3n de la ESBA\u00a0<\/span><span style=\"font-family: arial,helvetica,sans-serif; font-size: 12pt;\">se complace en publicar las pautas y lineamientos generales para la presentaci\u00f3n de proyectos de\u00a0 investigaci\u00f3n para el ciclo lectivo 2019.<\/span><\/p>\n<p><span style=\"font-family: arial,helvetica,sans-serif; font-size: 12pt;\">Asimismo se sugiere seguir el siguiente protocolo:\u00a0<\/span><span style=\"font-family: arial,helvetica,sans-serif; font-size: 12pt;\">enviar copia digital\u00a0 a\u00a0\u00a0<em><strong>si.artesnqn@gmail.com<\/strong><\/em>\u00a0( Secretar\u00eda de Investigaci\u00f3n), especificando en el asunto <strong>Proyecto_Titulo_Area_Responsable\u00a0<\/strong><\/span><\/p>\n<p>&nbsp;<\/p>\n<p><span style=\"font-family: arial,helvetica,sans-serif; font-size: 12pt;\">Y <strong>presentar copia en papel por duplicado por mesa de entradas<\/strong> <span style=\"font-family: arial,helvetica,sans-serif; font-size: 12pt;\">de la escuela<\/span> y una tercera copia que quedar\u00e1 a modo de recibo para la persona que lo presenta.<\/span><\/p>\n<p style=\"text-align: center;\"><strong><span style=\"font-family: arial,helvetica,sans-serif; font-size: 12pt;\"><a title=\"https:\/\/esba-nqn.infd.edu.ar\/aula\/archivos\/repositorio\/\/1500\/1544\/Planilla_de_investigacio769n_ESBA-2018.pdf\" href=\"https:\/\/esba-nqn.infd.edu.ar\/aula\/archivos\/repositorio\/\/1500\/1544\/Planilla_de_investigacio769n_ESBA-2018.pdf\" target=\"_NEW\">Descargar pautas de presentacion y formato.<\/a><\/span><\/strong><\/p>\n<p>&nbsp;<\/p>\n<p><span style=\"font-size: 12pt;\"><strong>\u00a0<\/strong><\/span><\/p>\n<p>&nbsp;<\/p>\n<p>&nbsp;<\/p>\n","protected":false},"excerpt":{"rendered":"<p>Proyectos 2020 9 de diciembre de 2020, \u00abCaballito Montado\u00bb La presente publicaci\u00f3n es una iniciativa del Prof. Marcelo del Hoyo, que propone llevar adelante este proyecto art\u00edstico pedag\u00f3gico en el cual se hace part\u00edcipe a diversos artistas con obras, cartas mapas, citas, historias, etc. en torno al eje, para el primer n\u00famero,\u00a0arte-educaci\u00f3n-pandemia.\u00a0 A continuaci\u00f3n podr\u00e1n &#8230; <a title=\"Presentaci\u00f3n de Proyectos de Investigaci\u00f3n\" class=\"read-more\" href=\"https:\/\/esba-nqn.infd.edu.ar\/sitio\/presentacion-de-proyectos-2\/\" aria-label=\"More on Presentaci\u00f3n de Proyectos de Investigaci\u00f3n\">[+]<\/a><\/p>\n","protected":false},"author":778,"featured_media":0,"parent":0,"menu_order":0,"comment_status":"closed","ping_status":"closed","template":"","meta":[],"acf":[],"_links":{"self":[{"href":"https:\/\/esba-nqn.infd.edu.ar\/sitio\/wp-json\/wp\/v2\/pages\/1387"}],"collection":[{"href":"https:\/\/esba-nqn.infd.edu.ar\/sitio\/wp-json\/wp\/v2\/pages"}],"about":[{"href":"https:\/\/esba-nqn.infd.edu.ar\/sitio\/wp-json\/wp\/v2\/types\/page"}],"author":[{"embeddable":true,"href":"https:\/\/esba-nqn.infd.edu.ar\/sitio\/wp-json\/wp\/v2\/users\/778"}],"replies":[{"embeddable":true,"href":"https:\/\/esba-nqn.infd.edu.ar\/sitio\/wp-json\/wp\/v2\/comments?post=1387"}],"version-history":[{"count":11,"href":"https:\/\/esba-nqn.infd.edu.ar\/sitio\/wp-json\/wp\/v2\/pages\/1387\/revisions"}],"predecessor-version":[{"id":3484,"href":"https:\/\/esba-nqn.infd.edu.ar\/sitio\/wp-json\/wp\/v2\/pages\/1387\/revisions\/3484"}],"wp:attachment":[{"href":"https:\/\/esba-nqn.infd.edu.ar\/sitio\/wp-json\/wp\/v2\/media?parent=1387"}],"curies":[{"name":"wp","href":"https:\/\/api.w.org\/{rel}","templated":true}]}}