{"id":1394,"date":"2018-06-29T18:28:25","date_gmt":"2018-06-29T21:28:25","guid":{"rendered":"https:\/\/esba-nqn.infd.edu.ar\/sitio\/quienes-somos\/"},"modified":"2021-10-22T16:45:41","modified_gmt":"2021-10-22T19:45:41","slug":"quienes-somos","status":"publish","type":"page","link":"https:\/\/esba-nqn.infd.edu.ar\/sitio\/quienes-somos\/","title":{"rendered":"Quienes somos"},"content":{"rendered":"<p><span style=\"font-family: arial,helvetica,sans-serif; font-size: 12pt;\">La Secretar\u00eda de Extensi\u00f3n comprende y coordina las \u00e1reas de Formaci\u00f3n Docente Continua, Vinculaci\u00f3n Externa y Comunicaci\u00f3n, Circulaci\u00f3n de Obra de Artes Visuales y Circulaci\u00f3n de Espect\u00e1culos.<\/span><\/p>\n<p><span style=\"font-family: arial,helvetica,sans-serif; font-size: 12pt;\"><strong>Para comunicarse con la Secretar\u00eda de Extensi\u00f3n<\/strong> puede enviar un correo a la coordinaci\u00f3n correspondiente:<br \/>\n<\/span><\/p>\n<table border=\"0\">\n<tbody>\n<tr>\n<td style=\"text-align: center; background-color: #9dd2ce;\"><span style=\"font-family: arial, helvetica, sans-serif;\"><span style=\"font-size: 16px;\"><b>\u00c1rea<\/b><\/span><\/span><\/td>\n<td style=\"text-align: center; background-color: #9dd2ce;\"><strong><span style=\"font-family: arial,helvetica,sans-serif; font-size: 12pt;\">Responsable\/ Coordinador<\/span><\/strong><\/td>\n<td style=\"text-align: center; background-color: #9dd2ce;\"><strong><span style=\"font-family: arial,helvetica,sans-serif; font-size: 12pt;\">Correo Electr\u00f3nico<\/span><\/strong><\/td>\n<\/tr>\n<tr>\n<td style=\"background-color: #d1ed96;\"><span style=\"font-family: arial,helvetica,sans-serif; font-size: 12pt;\">Secretar\u00eda Extensi\u00f3n<\/span><\/td>\n<td style=\"background-color: #d1ed96;\"><span style=\"font-family: arial,helvetica,sans-serif; font-size: 12pt;\"><span style=\"font-family: arial,helvetica,sans-serif; font-size: 12pt;\">Prof. M. Ayel\u00e9n\u00a0<\/span><\/span><span style=\"font-family: arial,helvetica,sans-serif; font-size: 12pt;\">Sep\u00falveda<\/span><\/td>\n<td style=\"background-color: #d1ed96;\"><span style=\"font-family: arial,helvetica,sans-serif; font-size: 12pt;\"> <a href=\"mailto:bellasartesextension@gmail.com\">bellasart<\/a><a href=\"mailto:bellasartesextension@gmail.com\">esextension@gmail.com <\/a><\/span><\/td>\n<\/tr>\n<tr>\n<td style=\"background-color: #e5dfd1;\"><span style=\"font-family: arial,helvetica,sans-serif; font-size: 12pt;\">\u00c1rea Comunicaci\u00f3n y Vinculaci\u00f3n Externa<\/span><\/td>\n<td style=\"background-color: #e5dfd1;\"><span style=\"font-family: arial,helvetica,sans-serif; font-size: 12pt;\">Prof.\u00a0<\/span><\/td>\n<td style=\"background-color: #e5dfd1;\"><span style=\"font-family: arial,helvetica,sans-serif; font-size: 12pt;\"><a href=\"mailto:informacion.esba@gmail.com\">informacion.esba@gmail.com<\/a><\/span><\/td>\n<\/tr>\n<tr>\n<td style=\"background-color: #d1ed96;\"><span style=\"font-family: arial,helvetica,sans-serif; font-size: 12pt;\">\u00c1rea Formaci\u00f3n Docente Continua<\/span><\/td>\n<td style=\"background-color: #d1ed96;\"><span style=\"font-family: arial,helvetica,sans-serif; font-size: 12pt;\">Prof. Cintia Valenzuela<\/span><\/td>\n<td style=\"background-color: #d1ed96;\"><span style=\"font-family: arial,helvetica,sans-serif; font-size: 12pt;\"><a href=\"mailto:formaciondocenteesba@gmail.com\">formaciondocenteesba@gmail.com<\/a><\/span><\/td>\n<\/tr>\n<tr>\n<td style=\"background-color: #e5dfd1;\"><span style=\"font-family: arial,helvetica,sans-serif; font-size: 12pt;\">\u00c1rea Circulaci\u00f3n de Obras de Arte<\/span><\/td>\n<td style=\"background-color: #e5dfd1;\"><span style=\"font-family: arial,helvetica,sans-serif; font-size: 12pt;\">Prof. Ail\u00edn Fern\u00e1ndez<\/span><\/td>\n<td style=\"background-color: #e5dfd1;\"><span style=\"font-family: arial,helvetica,sans-serif; font-size: 12pt;\"><a href=\"mailto:circulacionobradearte@gmail.com\">circulacionobradearteesba@gmail.com<\/a><\/span><\/td>\n<\/tr>\n<tr>\n<td style=\"text-align: left; background-color: #d1ed96;\"><span style=\"font-family: arial,helvetica,sans-serif; font-size: 12pt;\">\u00c1rea Circulaci\u00f3n de Espect\u00e1culos<\/span><\/td>\n<td style=\"text-align: left; background-color: #d1ed96;\"><span style=\"font-family: arial,helvetica,sans-serif; font-size: 12pt;\">Prof. Paula Mayorga<\/span><\/td>\n<td style=\"text-align: center; background-color: #d1ed96;\"><span style=\"font-family: arial,helvetica,sans-serif; font-size: 12pt;\"><a href=\"mailto:ciculacionespectaculos@gmail.com\">ciculacionespectaculosesba@gmail.com<\/a><\/span><\/td>\n<\/tr>\n<\/tbody>\n<\/table>\n<p>\/\/\/\/\/\/\/\/\/\/\/\/\/\/\/\/\/\/\/\/\/\/\/\/\/\/\/\/\/\/\/\/\/\/\/\/\/\/\/\/\/\/\/\/\/\/\/\/\/\/\/\/<\/p>\n<ul>\n<li><span style=\"font-family: arial,helvetica,sans-serif; font-size: 12pt;\"> para estar enterado seguinos en las redes sociales : <a href=\"https:\/\/www.facebook.com\/esba.institucional\/\">Facebook<\/a>\u00a0e <a href=\"https:\/\/www.instagram.com\/esba_institucional_nqn\/?hl=es-la\">Instagram<\/a><\/span><span style=\"font-family: arial,helvetica,sans-serif; font-size: 12pt;\"><br \/>\n<\/span><\/li>\n<\/ul>\n","protected":false},"excerpt":{"rendered":"<p>La Secretar\u00eda de Extensi\u00f3n comprende y coordina las \u00e1reas de Formaci\u00f3n Docente Continua, Vinculaci\u00f3n Externa y Comunicaci\u00f3n, Circulaci\u00f3n de Obra de Artes Visuales y Circulaci\u00f3n de Espect\u00e1culos. Para comunicarse con la Secretar\u00eda de Extensi\u00f3n puede enviar un correo a la coordinaci\u00f3n correspondiente: \u00c1rea Responsable\/ Coordinador Correo Electr\u00f3nico Secretar\u00eda Extensi\u00f3n Prof. M. Ayel\u00e9n\u00a0Sep\u00falveda bellasartesextension@gmail.com \u00c1rea Comunicaci\u00f3n &#8230; <a title=\"Quienes somos\" class=\"read-more\" href=\"https:\/\/esba-nqn.infd.edu.ar\/sitio\/quienes-somos\/\" aria-label=\"More on Quienes somos\">[+]<\/a><\/p>\n","protected":false},"author":778,"featured_media":0,"parent":0,"menu_order":0,"comment_status":"closed","ping_status":"closed","template":"","meta":[],"acf":[],"_links":{"self":[{"href":"https:\/\/esba-nqn.infd.edu.ar\/sitio\/wp-json\/wp\/v2\/pages\/1394"}],"collection":[{"href":"https:\/\/esba-nqn.infd.edu.ar\/sitio\/wp-json\/wp\/v2\/pages"}],"about":[{"href":"https:\/\/esba-nqn.infd.edu.ar\/sitio\/wp-json\/wp\/v2\/types\/page"}],"author":[{"embeddable":true,"href":"https:\/\/esba-nqn.infd.edu.ar\/sitio\/wp-json\/wp\/v2\/users\/778"}],"replies":[{"embeddable":true,"href":"https:\/\/esba-nqn.infd.edu.ar\/sitio\/wp-json\/wp\/v2\/comments?post=1394"}],"version-history":[{"count":12,"href":"https:\/\/esba-nqn.infd.edu.ar\/sitio\/wp-json\/wp\/v2\/pages\/1394\/revisions"}],"predecessor-version":[{"id":4042,"href":"https:\/\/esba-nqn.infd.edu.ar\/sitio\/wp-json\/wp\/v2\/pages\/1394\/revisions\/4042"}],"wp:attachment":[{"href":"https:\/\/esba-nqn.infd.edu.ar\/sitio\/wp-json\/wp\/v2\/media?parent=1394"}],"curies":[{"name":"wp","href":"https:\/\/api.w.org\/{rel}","templated":true}]}}