{"id":1400,"date":"2018-06-29T18:28:28","date_gmt":"2018-06-29T21:28:28","guid":{"rendered":"https:\/\/esba-nqn.infd.edu.ar\/sitio\/presentacion-de-proyectos-y-actividades\/"},"modified":"2020-03-25T18:01:15","modified_gmt":"2020-03-25T21:01:15","slug":"presentacion-de-proyectos-y-actividadesdeextension","status":"publish","type":"page","link":"https:\/\/esba-nqn.infd.edu.ar\/sitio\/presentacion-de-proyectos-y-actividadesdeextension\/","title":{"rendered":"Presentaci\u00f3n de Proyectos y Actividades de Extensi\u00f3n"},"content":{"rendered":"<h1><\/h1>\n<h1><img decoding=\"async\" loading=\"lazy\" class=\"alignnone size-medium wp-image-3071\" src=\"https:\/\/esba-nqn.infd.edu.ar\/sitio\/wp-content\/uploads\/2020\/03\/PRESENTACION-DE-PROYECTOS-DE-INV-Y-EXTENSION-1\u00ba-LLAMADO-01-1000x667.jpg\" alt=\"\" width=\"1000\" height=\"667\" srcset=\"https:\/\/esba-nqn.infd.edu.ar\/sitio\/wp-content\/uploads\/2020\/03\/PRESENTACION-DE-PROYECTOS-DE-INV-Y-EXTENSION-1\u00ba-LLAMADO-01-1000x667.jpg 1000w, https:\/\/esba-nqn.infd.edu.ar\/sitio\/wp-content\/uploads\/2020\/03\/PRESENTACION-DE-PROYECTOS-DE-INV-Y-EXTENSION-1\u00ba-LLAMADO-01-768x512.jpg 768w, https:\/\/esba-nqn.infd.edu.ar\/sitio\/wp-content\/uploads\/2020\/03\/PRESENTACION-DE-PROYECTOS-DE-INV-Y-EXTENSION-1\u00ba-LLAMADO-01-1900x1267.jpg 1900w\" sizes=\"(max-width: 1000px) 100vw, 1000px\" \/><\/h1>\n<h1><span style=\"color: #ff0000;\"><strong>Proyectos de Extensi\u00f3n 2020<\/strong><\/span><\/h1>\n<p>La Secretar\u00eda de Extensi\u00f3n de la ESBA\u00a0se complace en publicar las pautas y lineamientos generales para la presentaci\u00f3n de proyectos de\u00a0 investigaci\u00f3n para el ciclo lectivo 2020.<\/p>\n<p><span style=\"color: #ff0000;\"><strong>Recuerden que bajo la modalidad de Proyectos de Extensi\u00f3n se incluye:<\/strong>\u00a0<\/span><\/p>\n<ul>\n<li>Propuestas de C\u00e1tedra Abierta, Formaci\u00f3n Docente Continua. Cualquier docente de la escuela puede abrir su c\u00e1tedra, para mayor informaci\u00f3n ingresar a:\u00a0<a href=\"https:\/\/esba-nqn.infd.edu.ar\/sitio\/catedra-abierta-formacion-docente-continua\/\" target=\"_blank\" rel=\"noopener\" data-saferedirecturl=\"https:\/\/www.google.com\/url?q=https:\/\/esba-nqn.infd.edu.ar\/sitio\/catedra-abierta-formacion-docente-continua\/&amp;source=gmail&amp;ust=1585255357562000&amp;usg=AFQjCNHHsVH8L2O6YQocUtNpz9l67H1PDQ\">https:\/\/esba-nqn.infd.edu.ar\/<wbr \/>sitio\/catedra-abierta-<wbr \/>formacion-docente-continua\/<\/a>,<\/li>\n<li>Propuestas de formaci\u00f3n y acompa\u00f1amiento a docentes de nivel Inicial y Primario (Res. 1812\/02 y Disp. 051\/13),<\/li>\n<li>talleres libres, abiertos a la comunidad y<\/li>\n<li>aquellas actividades y propuestas relacionadas con los 60 a\u00f1os de la escuela, para las cuales ya se ha conformado un gran equipo de trabajo. En cuanto a este gran evento aniversario, y siguiendo las normativas que propuso el Ministerio de Salud de la provincia, queda suspendida la organizaci\u00f3n de eventos masivos durante el 1\u00ba cuatrimestre como medida preventiva. (Adjuntamos la nota que nos enviaron N\u00ba 002\/2020 )<\/li>\n<\/ul>\n<p><span style=\"font-size: 12pt; font-family: arial,helvetica,sans-serif;\">Se sugiere seguir el siguiente protocolo:<\/span><\/p>\n<p><span style=\"font-size: 12pt; font-family: arial,helvetica,sans-serif;\">Enviar copia digital especificando en el asunto\u00a0<em><strong>Proyecto_Titulo_Area_Responsable\u00a0<\/strong><\/em><\/span><span style=\"font-size: 12pt; font-family: arial,helvetica,sans-serif;\"><em>a:<\/em><\/span><span style=\"font-size: 12pt; font-family: arial,helvetica,sans-serif;\"><em>\u00a0<strong><span style=\"color: #ff0000;\"><a style=\"color: #ff0000;\" href=\"mailto:bellasartesextension@gmail.com\">bellasart<\/a><a style=\"color: #ff0000;\" href=\"mailto:bellasartesextension@gmail.com\">esextension@gmail.com<\/a>\u00a0<\/span> (<\/strong><\/em><\/span><span style=\"font-size: 12pt; font-family: arial,helvetica,sans-serif;\"><em>Destinataria: Ayel\u00e9n Sep\u00falveda)<\/em><\/span><\/p>\n<p>Y\u00a0<strong>presentar copia en papel por duplicado por mesa de entradas<\/strong>\u00a0de la escuela y una tercera copia que quedar\u00e1 a modo de recibo para la persona que lo presenta.<\/p>\n<p><span style=\"color: #ff0000;\"><strong>Formulario:<\/strong><\/span>\u00a0<a href=\"https:\/\/esba-nqn.infd.edu.ar\/sitio\/wp-content\/uploads\/2020\/03\/FORMULARIO-PROYECTOS-DE-EXTENSION-2020-ESBA.docx\">FORMULARIO PROYECTOS DE EXTENSION 2020 ESBA<\/a><\/p>\n<p>Adjuntamos la Normativa vinculada a los proyectos de Extensi\u00f3n que nos fue enviada por Direcci\u00f3n Provincial de Nivel Superior el 13 de marzo del corriente:\u00a0\u00a0<a href=\"https:\/\/esba-nqn.infd.edu.ar\/sitio\/wp-content\/uploads\/2020\/03\/Informacio\u0301n-vinculada-a-Extensio\u0301n-e-Investigacio\u0301n-nivel-superior-13-de-marzo.pdf\">Informacio\u0301n vinculada a Extensio\u0301n e Investigacio\u0301n nivel superior 13 de marzo<\/a>\u00a0 y la resoluci\u00f3n referida a la certificaci\u00f3n digital para las juntas de Clasificaci\u00f3n de\u00a0 Inicial, Primaria y Especial:\u00a0<a href=\"https:\/\/esba-nqn.infd.edu.ar\/sitio\/wp-content\/uploads\/2020\/03\/r_1135_19-Certificacio\u0301n-con-Co\u0301digo-QR.pdf\">r_1135_19 Certificacio\u0301n con Co\u0301digo QR<\/a><\/p>\n<p>Por otro lado, queremos compartir a la comunidad, que el 13 de marzo nos han enviado los Avales de los proyectos realizados durante el 2019:\u00a0<a href=\"https:\/\/esba-nqn.infd.edu.ar\/sitio\/wp-content\/uploads\/2020\/03\/Aval-extensio\u0301n-proyectos-2019.pdf\">Aval extensio\u0301n proyectos 2019<\/a><\/p>\n<p>&nbsp;<\/p>\n<p><strong>La Extensi\u00f3n en Nivel Superior se rige bajo la Resoluci\u00f3n\u00a0Res. 1812\/02:<\/strong>\u00a0<a href=\"https:\/\/dgns-nqn.infd.edu.ar\/sitio\/disposiciones-de-la-dgns\/upload\/res%20181203.pdf\">https:\/\/dgns-nqn.infd.edu.ar\/sitio\/disposiciones-de-la-dgns\/upload\/res%20181203.pdf<\/a><\/p>\n<p><strong>y la Disposici\u00f3n\u00a0051\/13:<\/strong>\u00a0<a href=\"https:\/\/esba-nqn.infd.edu.ar\/sitio\/wp-content\/uploads\/2020\/03\/Disposici-n-N-051_13-LINEAMIENTOS-DE-LA-EXTENSIO\u0301N-Y-LA-FORMACIO\u0301N-CONTINUA.pdf\">Disposici&#8211;n N&#8211; 051_13 LINEAMIENTOS DE LA EXTENSIO\u0301N Y LA FORMACIO\u0301N CONTINUA<\/a><\/p>\n<p>&nbsp;<\/p>\n<p>::::::::::::::::::::::::::::::::::::::::::::::::::::::::::::::::::::::<\/p>\n<p>&nbsp;<\/p>\n<p><img decoding=\"async\" loading=\"lazy\" class=\"alignnone size-medium wp-image-2269\" src=\"https:\/\/esba-nqn.infd.edu.ar\/sitio\/wp-content\/uploads\/2019\/03\/1er-y-2do-llamado-a-presentacion-de-proyectos-de-Inv-y-Ext-890x1000.jpg\" alt=\"\" width=\"890\" height=\"1000\" srcset=\"https:\/\/esba-nqn.infd.edu.ar\/sitio\/wp-content\/uploads\/2019\/03\/1er-y-2do-llamado-a-presentacion-de-proyectos-de-Inv-y-Ext-890x1000.jpg 890w, https:\/\/esba-nqn.infd.edu.ar\/sitio\/wp-content\/uploads\/2019\/03\/1er-y-2do-llamado-a-presentacion-de-proyectos-de-Inv-y-Ext-768x863.jpg 768w, https:\/\/esba-nqn.infd.edu.ar\/sitio\/wp-content\/uploads\/2019\/03\/1er-y-2do-llamado-a-presentacion-de-proyectos-de-Inv-y-Ext-1691x1900.jpg 1691w\" sizes=\"(max-width: 890px) 100vw, 890px\" \/><\/p>\n<p><span style=\"font-size: 12pt; font-family: arial,helvetica,sans-serif;\">Parar presentaci\u00f3n de\u00a0 Proyectos o actividades para el ciclo lectivo 2019 se establecen las siguientes pautas y lineamientos generales :<\/span><\/p>\n<p><span style=\"font-size: 12pt; font-family: arial,helvetica,sans-serif;\">Se sugiere seguir el siguiente protocolo:<\/span><\/p>\n<p><span style=\"font-size: 12pt; font-family: arial,helvetica,sans-serif;\"><em>Enviar copia digital especificando en el asunto <strong>Proyecto_Titulo_Area_Responsable\u00a0<\/strong><\/em><\/span><span style=\"font-size: 12pt; font-family: arial,helvetica,sans-serif;\"><em>a:<\/em><\/span><span style=\"font-size: 12pt; font-family: arial,helvetica,sans-serif;\"><em>\u00a0<strong><a href=\"mailto:bellasartesextension@gmail.com\">bellasart<\/a><a href=\"mailto:bellasartesextension@gmail.com\">esextension@gmail.com<\/a>\u00a0 (<\/strong><\/em><\/span><span style=\"font-size: 12pt; font-family: arial,helvetica,sans-serif;\"><em>Destinataria: Ayel\u00e9n Sep\u00falveda)<\/em><\/span><\/p>\n<p><span style=\"font-size: 12pt; font-family: arial,helvetica,sans-serif;\"><em><strong>Proyecto_Titulo_Area_Responsable\u00a0<\/strong><\/em><\/span><span style=\"font-size: 12pt; font-family: arial,helvetica,sans-serif;\"><em>a:<\/em><\/span><span style=\"font-size: 12pt; font-family: arial,helvetica,sans-serif;\"><em>\u00a0<strong><a href=\"mailto:bellasartesextension@gmail.com\">si.artesnqn@gmail.com<\/a>\u00a0 (<\/strong><\/em><\/span><span style=\"font-size: 12pt; font-family: arial,helvetica,sans-serif;\"><em>Destinatario: Walter Gatica)<\/em><\/span><\/p>\n<p><span style=\"font-size: 12pt; font-family: arial,helvetica,sans-serif;\"><em>Y,\u00a0<strong>presentar copia en papel por duplicado por mesa de entradas<\/strong> de la escuela y una tercera copia que quedar\u00e1 a modo de recibo para la persona que lo presenta.<\/em><\/span><span style=\"font-size: 12pt; font-family: arial,helvetica,sans-serif;\"><em><strong><a title=\"Pautas de entrega de proyectos2015\" href=\"upload\/Pautas_de_entrega_de_proyectos2015.pdf\" target=\"_blank\" rel=\"noopener\"><br \/>\n<\/a><\/strong><\/em><\/span><\/p>\n<p>&nbsp;<\/p>\n<p><a href=\"https:\/\/esba-nqn.infd.edu.ar\/sitio\/wp-content\/uploads\/2019\/03\/FORMULARIO-PROYECTOS-DE-EXTENSION-2019.docx\">FORMULARIO PROYECTOS DE EXTENSION 2019<\/a><\/p>\n<p><a href=\"https:\/\/esba-nqn.infd.edu.ar\/sitio\/wp-content\/uploads\/2019\/04\/Planilla-de-investigacio\u0301n-ESBA.pdf\">Planilla de investigacio\u0301n ESBA<\/a><\/p>\n<p><span style=\"font-size: 12pt; font-family: tahoma, arial, helvetica, sans-serif;\"><strong><a title=\"Pautas presentar una actividad para Secretar\u00eda de Extensi\u00f3n\" href=\"upload\/Pautas_presentar_una_actividad_para_Secretar%EDa_de_Extensi%F3n.docx\" target=\"_blank\" rel=\"noopener\">\u00a0<\/a><\/strong><\/span><\/p>\n<p>&nbsp;<\/p>\n","protected":false},"excerpt":{"rendered":"<p>Proyectos de Extensi\u00f3n 2020 La Secretar\u00eda de Extensi\u00f3n de la ESBA\u00a0se complace en publicar las pautas y lineamientos generales para la presentaci\u00f3n de proyectos de\u00a0 investigaci\u00f3n para el ciclo lectivo 2020. Recuerden que bajo la modalidad de Proyectos de Extensi\u00f3n se incluye:\u00a0 Propuestas de C\u00e1tedra Abierta, Formaci\u00f3n Docente Continua. Cualquier docente de la escuela puede &#8230; <a title=\"Presentaci\u00f3n de Proyectos y Actividades de Extensi\u00f3n\" class=\"read-more\" href=\"https:\/\/esba-nqn.infd.edu.ar\/sitio\/presentacion-de-proyectos-y-actividadesdeextension\/\" aria-label=\"More on Presentaci\u00f3n de Proyectos y Actividades de Extensi\u00f3n\">[+]<\/a><\/p>\n","protected":false},"author":778,"featured_media":0,"parent":0,"menu_order":0,"comment_status":"closed","ping_status":"closed","template":"","meta":[],"acf":[],"_links":{"self":[{"href":"https:\/\/esba-nqn.infd.edu.ar\/sitio\/wp-json\/wp\/v2\/pages\/1400"}],"collection":[{"href":"https:\/\/esba-nqn.infd.edu.ar\/sitio\/wp-json\/wp\/v2\/pages"}],"about":[{"href":"https:\/\/esba-nqn.infd.edu.ar\/sitio\/wp-json\/wp\/v2\/types\/page"}],"author":[{"embeddable":true,"href":"https:\/\/esba-nqn.infd.edu.ar\/sitio\/wp-json\/wp\/v2\/users\/778"}],"replies":[{"embeddable":true,"href":"https:\/\/esba-nqn.infd.edu.ar\/sitio\/wp-json\/wp\/v2\/comments?post=1400"}],"version-history":[{"count":4,"href":"https:\/\/esba-nqn.infd.edu.ar\/sitio\/wp-json\/wp\/v2\/pages\/1400\/revisions"}],"predecessor-version":[{"id":3081,"href":"https:\/\/esba-nqn.infd.edu.ar\/sitio\/wp-json\/wp\/v2\/pages\/1400\/revisions\/3081"}],"wp:attachment":[{"href":"https:\/\/esba-nqn.infd.edu.ar\/sitio\/wp-json\/wp\/v2\/media?parent=1400"}],"curies":[{"name":"wp","href":"https:\/\/api.w.org\/{rel}","templated":true}]}}