{"id":1411,"date":"2018-06-29T18:28:33","date_gmt":"2018-06-29T21:28:33","guid":{"rendered":"https:\/\/esba-nqn.infd.edu.ar\/sitio\/convocatorias\/"},"modified":"2021-03-30T19:50:22","modified_gmt":"2021-03-30T22:50:22","slug":"convocatorias","status":"publish","type":"page","link":"https:\/\/esba-nqn.infd.edu.ar\/sitio\/convocatorias\/","title":{"rendered":"Convocatorias"},"content":{"rendered":"<p><em>30 de marzo 2021<\/em><\/p>\n<p><b>La Sala sale a la Vereda: Carlos Fuentealba presente!<\/b><\/p>\n<p><b>Convocatoria abierta para exponer \/ intervenir\u00a0<\/b><\/p>\n<p><b>en la Sala Carlos Fuentealba, Anexo Vereda.<\/b><\/p>\n<p><img decoding=\"async\" loading=\"lazy\" class=\"wp-image-3563 alignnone\" src=\"https:\/\/esba-nqn.infd.edu.ar\/sitio\/wp-content\/uploads\/2021\/03\/WhatsApp-Image-2021-03-30-at-14.14.48.jpeg\" sizes=\"(max-width: 700px) 100vw, 700px\" srcset=\"https:\/\/esba-nqn.infd.edu.ar\/sitio\/wp-content\/uploads\/2021\/03\/WhatsApp-Image-2021-03-30-at-14.14.48.jpeg 1280w, https:\/\/esba-nqn.infd.edu.ar\/sitio\/wp-content\/uploads\/2021\/03\/WhatsApp-Image-2021-03-30-at-14.14.48-1000x634.jpeg 1000w, https:\/\/esba-nqn.infd.edu.ar\/sitio\/wp-content\/uploads\/2021\/03\/WhatsApp-Image-2021-03-30-at-14.14.48-768x487.jpeg 768w\" alt=\"\" width=\"700\" height=\"444\" \/><\/p>\n<p>Entre los espacios expositivos de nuestra escuela de arte, se encuentra la Sala Carlos Fuentealba. Un espacio que ha albergado m\u00faltiples propuestas art\u00edsticas y que desde sus comienzos invit\u00f3 a la comunidad a acercarse a la ESBA.<\/p>\n<p>Para este 4 de abril habilitamos un anexo de la Sala en la vereda de la ESBA, con una muestra homenaje, por la escuela p\u00fablica y por la memoria de nuestro compa\u00f1ero. Nos parece una ocasi\u00f3n importante para mostrar a nuestres vecines que han pasado 14 a\u00f1os desde que la escuela p\u00fablica suma a sus reclamos, el pedido de justicia y condena efectiva a los responsables pol\u00edticos y materiales del fusilamiento de Carlos Fuentealba.<\/p>\n<p>&nbsp;<\/p>\n<h4><b>&gt;&gt;&gt;&gt;Invitamos a la comunidad educativa de la ESBA a participar con una obra preexistente que se adapte al espacio\u00a0 o una obra pensada espec\u00edficamente para esta muestra y este espacio, previamente resuelta, lista para montar el d\u00eda del encuentro.<\/b><\/h4>\n<p><b>D\u00eda de recepci\u00f3n y montaje<\/b>: 5 de abril de 2021 de 9 a 12 hs en la puerta de la ESBA.<\/p>\n<p>&#x1f449;Las acciones se realizar\u00e1n en la vereda de nuestra Instituci\u00f3n, respetando todos los protocolos.<\/p>\n<p><b>Tener en cuenta:<\/b><\/p>\n<ul>\n<li aria-level=\"1\">Espacio a intervenir: Espacio exterior de la escuela. Rejas, paredoncito debajo de las rejas, veredas de ingreso y dos columnas.<\/li>\n<li aria-level=\"1\">La muestra quedar\u00e1 en el exterior de la ESBA con las reglas de interacci\u00f3n que la propia v\u00eda p\u00fablica proponga y con lo que la intemperie genere.<\/li>\n<li aria-level=\"1\">Sugerimos el uso de telas, fibrofacil o maderas previamente agujereadas para poder sostener a las rejas, cartones, papeles para pegatinas.<\/li>\n<li aria-level=\"1\">El montaje ser\u00e1 una acci\u00f3n colectiva. Tra\u00e9 tus propias herramientas y materiales: tijeras, alambre, pinza, hilos, brochas.<\/li>\n<\/ul>\n<p>&nbsp;<\/p>\n<p>Consultas:\u00a0&#x2709;\u00a0circulaci\u00f3nobradearteesba@gmail.com<\/p>\n","protected":false},"excerpt":{"rendered":"<p>30 de marzo 2021 La Sala sale a la Vereda: Carlos Fuentealba presente! Convocatoria abierta para exponer \/ intervenir\u00a0 en la Sala Carlos Fuentealba, Anexo Vereda. Entre los espacios expositivos de nuestra escuela de arte, se encuentra la Sala Carlos Fuentealba. Un espacio que ha albergado m\u00faltiples propuestas art\u00edsticas y que desde sus comienzos invit\u00f3 &#8230; <a title=\"Convocatorias\" class=\"read-more\" href=\"https:\/\/esba-nqn.infd.edu.ar\/sitio\/convocatorias\/\" aria-label=\"More on Convocatorias\">[+]<\/a><\/p>\n","protected":false},"author":778,"featured_media":0,"parent":0,"menu_order":0,"comment_status":"closed","ping_status":"closed","template":"","meta":[],"acf":[],"_links":{"self":[{"href":"https:\/\/esba-nqn.infd.edu.ar\/sitio\/wp-json\/wp\/v2\/pages\/1411"}],"collection":[{"href":"https:\/\/esba-nqn.infd.edu.ar\/sitio\/wp-json\/wp\/v2\/pages"}],"about":[{"href":"https:\/\/esba-nqn.infd.edu.ar\/sitio\/wp-json\/wp\/v2\/types\/page"}],"author":[{"embeddable":true,"href":"https:\/\/esba-nqn.infd.edu.ar\/sitio\/wp-json\/wp\/v2\/users\/778"}],"replies":[{"embeddable":true,"href":"https:\/\/esba-nqn.infd.edu.ar\/sitio\/wp-json\/wp\/v2\/comments?post=1411"}],"version-history":[{"count":1,"href":"https:\/\/esba-nqn.infd.edu.ar\/sitio\/wp-json\/wp\/v2\/pages\/1411\/revisions"}],"predecessor-version":[{"id":3568,"href":"https:\/\/esba-nqn.infd.edu.ar\/sitio\/wp-json\/wp\/v2\/pages\/1411\/revisions\/3568"}],"wp:attachment":[{"href":"https:\/\/esba-nqn.infd.edu.ar\/sitio\/wp-json\/wp\/v2\/media?parent=1411"}],"curies":[{"name":"wp","href":"https:\/\/api.w.org\/{rel}","templated":true}]}}