{"id":1415,"date":"2018-06-29T18:28:34","date_gmt":"2018-06-29T21:28:34","guid":{"rendered":"https:\/\/esba-nqn.infd.edu.ar\/sitio\/informacion\/"},"modified":"2023-08-07T17:13:43","modified_gmt":"2023-08-07T20:13:43","slug":"informacion","status":"publish","type":"page","link":"https:\/\/esba-nqn.infd.edu.ar\/sitio\/informacion\/","title":{"rendered":"Informaci\u00f3n"},"content":{"rendered":"\n<p><strong>CEA<br>Ciclo de educaci\u00f3n por el arte.<br>Infancias de 6 a 12 a\u00f1os.<\/strong><br><strong><em>Horarios Turno Ma\u00f1ana.<\/em><\/strong><\/p>\n\n\n\n<figure class=\"wp-block-image size-full is-resized\"><img decoding=\"async\" loading=\"lazy\" src=\"https:\/\/esba-nqn.infd.edu.ar\/sitio\/wp-content\/uploads\/2023\/08\/Captura-de-pantalla-1.png\" alt=\"\" class=\"wp-image-5365\" width=\"772\" height=\"440\"\/><\/figure>\n\n\n\n<p><strong><em>Horarios turno tarde.<\/em><\/strong><br><\/p>\n\n\n\n<figure class=\"wp-block-image size-full\"><img decoding=\"async\" loading=\"lazy\" width=\"615\" height=\"541\" src=\"https:\/\/esba-nqn.infd.edu.ar\/sitio\/wp-content\/uploads\/2023\/08\/Captura-de-pantalla-2-2.png\" alt=\"\" class=\"wp-image-5378\"\/><\/figure>\n\n\n\n<p><br><br><strong>T.O.D.<br>Talleres de orientaci\u00f3n definida.<\/strong><br>J\u00f3venes de 13 a 18 a\u00f1os.<\/p>\n\n\n\n<figure class=\"wp-block-image size-full\"><img decoding=\"async\" loading=\"lazy\" width=\"796\" height=\"418\" src=\"https:\/\/esba-nqn.infd.edu.ar\/sitio\/wp-content\/uploads\/2023\/08\/Captura-de-pantalla-4-1.png\" alt=\"\" class=\"wp-image-5372\" srcset=\"https:\/\/esba-nqn.infd.edu.ar\/sitio\/wp-content\/uploads\/2023\/08\/Captura-de-pantalla-4-1.png 796w, https:\/\/esba-nqn.infd.edu.ar\/sitio\/wp-content\/uploads\/2023\/08\/Captura-de-pantalla-4-1-768x403.png 768w\" sizes=\"(max-width: 796px) 100vw, 796px\" \/><figcaption class=\"wp-element-caption\"><br><br><\/figcaption><\/figure>\n\n\n<p><strong><img decoding=\"async\" loading=\"lazy\" style=\"border: 0;\" title=\"\" src=\"https:\/\/esba-nqn.infd.edu.ar\/sitio\/wp-content\/uploads\/2018\/06\/9.jpg\" width=\"500\" height=\"800\" border=\"0\"><br><\/strong><\/p>","protected":false},"excerpt":{"rendered":"<p>CEACiclo de educaci\u00f3n por el arte.Infancias de 6 a 12 a\u00f1os.Horarios Turno Ma\u00f1ana. Horarios turno tarde. T.O.D.Talleres de orientaci\u00f3n definida.J\u00f3venes de 13 a 18 a\u00f1os.<\/p>\n","protected":false},"author":986,"featured_media":0,"parent":0,"menu_order":0,"comment_status":"closed","ping_status":"closed","template":"","meta":[],"acf":[],"_links":{"self":[{"href":"https:\/\/esba-nqn.infd.edu.ar\/sitio\/wp-json\/wp\/v2\/pages\/1415"}],"collection":[{"href":"https:\/\/esba-nqn.infd.edu.ar\/sitio\/wp-json\/wp\/v2\/pages"}],"about":[{"href":"https:\/\/esba-nqn.infd.edu.ar\/sitio\/wp-json\/wp\/v2\/types\/page"}],"author":[{"embeddable":true,"href":"https:\/\/esba-nqn.infd.edu.ar\/sitio\/wp-json\/wp\/v2\/users\/986"}],"replies":[{"embeddable":true,"href":"https:\/\/esba-nqn.infd.edu.ar\/sitio\/wp-json\/wp\/v2\/comments?post=1415"}],"version-history":[{"count":5,"href":"https:\/\/esba-nqn.infd.edu.ar\/sitio\/wp-json\/wp\/v2\/pages\/1415\/revisions"}],"predecessor-version":[{"id":5379,"href":"https:\/\/esba-nqn.infd.edu.ar\/sitio\/wp-json\/wp\/v2\/pages\/1415\/revisions\/5379"}],"wp:attachment":[{"href":"https:\/\/esba-nqn.infd.edu.ar\/sitio\/wp-json\/wp\/v2\/media?parent=1415"}],"curies":[{"name":"wp","href":"https:\/\/api.w.org\/{rel}","templated":true}]}}