{"id":1456,"date":"2018-06-29T18:28:51","date_gmt":"2018-06-29T21:28:51","guid":{"rendered":"https:\/\/esba-nqn.infd.edu.ar\/sitio\/acta-de-conformacion-del-elenco-2017\/"},"modified":"2022-04-08T13:50:01","modified_gmt":"2022-04-08T16:50:01","slug":"acta-de-conformacion-del-elenco","status":"publish","type":"page","link":"https:\/\/esba-nqn.infd.edu.ar\/sitio\/acta-de-conformacion-del-elenco\/","title":{"rendered":"Conformaci\u00f3n del Elenco Escuela ESBA"},"content":{"rendered":"\n<p>TERCER ELENCO ESCUELA 2019\/2023<\/p>\n\n\n\n<figure class=\"wp-block-image size-large\"><img decoding=\"async\" loading=\"lazy\" width=\"1425\" height=\"1900\" src=\"https:\/\/esba-nqn.infd.edu.ar\/sitio\/wp-content\/uploads\/2022\/04\/elenco-esba-1425x1900.jpg\" alt=\"\" class=\"wp-image-4313\" srcset=\"https:\/\/esba-nqn.infd.edu.ar\/sitio\/wp-content\/uploads\/2022\/04\/elenco-esba-1425x1900.jpg 1425w, https:\/\/esba-nqn.infd.edu.ar\/sitio\/wp-content\/uploads\/2022\/04\/elenco-esba-750x1000.jpg 750w, https:\/\/esba-nqn.infd.edu.ar\/sitio\/wp-content\/uploads\/2022\/04\/elenco-esba-768x1024.jpg 768w, https:\/\/esba-nqn.infd.edu.ar\/sitio\/wp-content\/uploads\/2022\/04\/elenco-esba-1152x1536.jpg 1152w, https:\/\/esba-nqn.infd.edu.ar\/sitio\/wp-content\/uploads\/2022\/04\/elenco-esba-1536x2048.jpg 1536w, https:\/\/esba-nqn.infd.edu.ar\/sitio\/wp-content\/uploads\/2022\/04\/elenco-esba-scaled.jpg 1920w\" sizes=\"(max-width: 1425px) 100vw, 1425px\" \/><\/figure>\n\n\n<div dir=\"auto\">Direcci\u00f3n: Sofy Avila<\/div>\n<div dir=\"auto\">Int\u00e9rpretes:\u00a0<\/div>\n<div dir=\"auto\">Ayel\u00e9n Painebilo<\/div>\n<div dir=\"auto\">Tulio Hajos<\/div>\n<div dir=\"auto\">Zoxy Elizalde<\/div>\n<div dir=\"auto\">Rayen Calf\u00fa<\/div>\n<div dir=\"auto\">Belu Bijarra<\/div>\n<div dir=\"auto\">Elu Beltr\u00e1n<\/div>\n<div dir=\"auto\">\u00a0<\/div>\n<div dir=\"auto\">\u00a0<\/div>\n<div dir=\"auto\">Tercera formaci\u00f3n del Elenco Escuela ESBA.\u00a0<\/div>\n<div dir=\"auto\">En diciembre de 2021 estren\u00f3 su primera producci\u00f3n teatral: \u00abEl Mirlo Bolichecheno canta hasta quedar af\u00f3nico\u00bb, adaptaci\u00f3n del texto de Fer Avila.\u00a0<\/div>\n<div dir=\"auto\">Actualmente se encuentra realizando funciones, y en proceso creativo de su pr\u00f3xima producci\u00f3n: \u00abGrotesco Kerm\u00e9s: la grand\u00edsima instituci\u00f3n\u00bb, a estrenarse en Agosto de 2022.<\/div>\n<div dir=\"auto\">\u00a0<\/div>\n<div dir=\"auto\">\u00a0<\/div>\n<div dir=\"auto\">\u00a0<\/div>\n<p>_______________________________<\/p>\n<p>SEGUNDO ELENCO ESCUELA 2017\/2019.-\u00a0Dir. Gustavo Urrutia<\/p>\n<p>La Escuela Superior de Bellas Artes a trav\u00e9s del Departamento de Teatro se complace en informar que qued\u00f3 nombrado en su totalidad el segundo grupo de trabajo como elenco escuela para el ciclo 2017\/2019. El d\u00eda 24 de Noviembre como indica el acta n\u00b032 el equipo evaluador defini\u00f3 los 6 (seis) cargos de \u201cintegrante de elenco escuela\u201d titulares y estableci\u00f3 la correspondiente n\u00f3mina de integrantes suplentes por personaje , para casos de ausencia de una o m\u00e1s mujeres y por orden de m\u00e9rito.<\/p>\n<p>Celebramos la formaci\u00f3n de un nuevo grupo, que contar\u00e1 con el recorrido del grupo anterior en el amplio sentido de la palabra: Lo art\u00edstico, la producci\u00f3n, la gesti\u00f3n, la escuela. Antes de concluir su tarea este equipo evaluador se compromete a elaborar una lista de aportes al \u201creglamento del elenco\u201d que ayude a ir encontrando m\u00e1s y mejores respuestas a las necesidades reales y complejas que contiene la actualidad como as\u00ed tambi\u00e9n revisar la tabla de valoraci\u00f3n para presentaci\u00f3n de proyecto y el marco normativo para selecci\u00f3n de equipo evaluador, funcionamiento, posibilidades de reemplazo o ausencia, etc. (adjuntamos el acta n\u00b0 32)<\/p>\n<p>\u00a0<\/p>\n<p><img decoding=\"async\" loading=\"lazy\" src=\"https:\/\/esba-nqn.infd.edu.ar\/sitio\/wp-content\/uploads\/2018\/06\/Acta_seleccion_Elenco_01.jpg\" width=\"450\" height=\"450\" border=\"0\" \/><img decoding=\"async\" loading=\"lazy\" src=\"https:\/\/esba-nqn.infd.edu.ar\/sitio\/wp-content\/uploads\/2018\/06\/Acta_seleccion_Elenco_02.jpg\" width=\"450\" height=\"696\" border=\"0\" \/><img decoding=\"async\" loading=\"lazy\" src=\"https:\/\/esba-nqn.infd.edu.ar\/sitio\/wp-content\/uploads\/2018\/06\/Acta_seleccion_Elenco_03.jpg\" width=\"450\" height=\"450\" border=\"0\" \/><\/p>\n<p>______________________________<\/p>\n<p>Primer Elenco 2015\/2017 Dir. Sebastian Fanello<\/p>","protected":false},"excerpt":{"rendered":"<p>TERCER ELENCO ESCUELA 2019\/2023 Direcci\u00f3n: Sofy Avila Int\u00e9rpretes:\u00a0 Ayel\u00e9n Painebilo Tulio Hajos Zoxy Elizalde Rayen Calf\u00fa Belu Bijarra Elu Beltr\u00e1n \u00a0 \u00a0 Tercera formaci\u00f3n del Elenco Escuela ESBA.\u00a0 En diciembre de 2021 estren\u00f3 su primera producci\u00f3n teatral: \u00abEl Mirlo Bolichecheno canta hasta quedar af\u00f3nico\u00bb, adaptaci\u00f3n del texto de Fer Avila.\u00a0 Actualmente se encuentra realizando funciones, &#8230; <a title=\"Conformaci\u00f3n del Elenco Escuela ESBA\" class=\"read-more\" href=\"https:\/\/esba-nqn.infd.edu.ar\/sitio\/acta-de-conformacion-del-elenco\/\" aria-label=\"More on Conformaci\u00f3n del Elenco Escuela ESBA\">[+]<\/a><\/p>\n","protected":false},"author":778,"featured_media":0,"parent":0,"menu_order":0,"comment_status":"closed","ping_status":"closed","template":"","meta":[],"acf":[],"_links":{"self":[{"href":"https:\/\/esba-nqn.infd.edu.ar\/sitio\/wp-json\/wp\/v2\/pages\/1456"}],"collection":[{"href":"https:\/\/esba-nqn.infd.edu.ar\/sitio\/wp-json\/wp\/v2\/pages"}],"about":[{"href":"https:\/\/esba-nqn.infd.edu.ar\/sitio\/wp-json\/wp\/v2\/types\/page"}],"author":[{"embeddable":true,"href":"https:\/\/esba-nqn.infd.edu.ar\/sitio\/wp-json\/wp\/v2\/users\/778"}],"replies":[{"embeddable":true,"href":"https:\/\/esba-nqn.infd.edu.ar\/sitio\/wp-json\/wp\/v2\/comments?post=1456"}],"version-history":[{"count":4,"href":"https:\/\/esba-nqn.infd.edu.ar\/sitio\/wp-json\/wp\/v2\/pages\/1456\/revisions"}],"predecessor-version":[{"id":4315,"href":"https:\/\/esba-nqn.infd.edu.ar\/sitio\/wp-json\/wp\/v2\/pages\/1456\/revisions\/4315"}],"wp:attachment":[{"href":"https:\/\/esba-nqn.infd.edu.ar\/sitio\/wp-json\/wp\/v2\/media?parent=1456"}],"curies":[{"name":"wp","href":"https:\/\/api.w.org\/{rel}","templated":true}]}}