{"id":1460,"date":"2018-06-29T18:28:52","date_gmt":"2018-06-29T21:28:52","guid":{"rendered":"https:\/\/esba-nqn.infd.edu.ar\/sitio\/regimen-de-correlatividades\/"},"modified":"2025-06-19T16:47:03","modified_gmt":"2025-06-19T19:47:03","slug":"plan-611-folklore","status":"publish","type":"page","link":"https:\/\/esba-nqn.infd.edu.ar\/sitio\/plan-611-folklore\/","title":{"rendered":"&#x2714;  Plan 611 &#8211; Folklore"},"content":{"rendered":"<h4><span style=\"color: #ff6600;\"><strong>PROFESORADO DE DANZAS CON ORIENTACI\u00d3N EN DANZAS FOLKL\u00d3RICAS Plan N\u00ba 611<\/strong><\/span><\/h4>\n<p>Descargar Plan N\u00ba 611 Res. 0968\/17:<\/p>\n<p style=\"padding-left: 30px;\"><a href=\"https:\/\/drive.google.com\/file\/d\/13qFIIGdiDZy1N7xsalo6Dm9lxAMt8zDo\/view?usp=sharing\">Parte 1 Plan N\u00ba 611<\/a><\/p>\n<p style=\"padding-left: 30px;\"><a href=\"https:\/\/drive.google.com\/file\/d\/1UhNLVMQJkpwObuC9RrkItO2MvKXDJRj8\/view?usp=sharing\">Parte 2 Plan N\u00ba 611<\/a><\/p>\n<p><a href=\"https:\/\/drive.google.com\/file\/d\/18-HTEkLLzgLifCGMohZC-PU3HmBypDyj\/view?usp=sharing\"><strong>Descargar Plan de Correlatividades<\/strong><\/a><\/p>\n<p><strong>Horario de cursada:\u00a0<\/strong>\u00a0<a href=\"https:\/\/docs.google.com\/document\/d\/1p7wpr0PmC4cs_Zvg76BfaagG59epEXX2\/edit\" target=\"_blank\" rel=\"noopener\" data-saferedirecturl=\"https:\/\/www.google.com\/url?q=https:\/\/docs.google.com\/document\/d\/1p7wpr0PmC4cs_Zvg76BfaagG59epEXX2\/edit&amp;source=gmail&amp;ust=1620223152182000&amp;usg=AFQjCNGpN07e7niW4qZ2PvcnKgkNflsSLw\">https:\/\/docs.google.com\/<wbr \/>document\/d\/1p7wpr0PmC4cs_<wbr \/>Zvg76BfaagG59epEXX2\/edit<\/a><\/p>\n<p>Horarios Lengua Extranjera:\u00a0<a href=\"https:\/\/docs.google.com\/document\/d\/1TgWu5quC478CUB7iz3bSxFVe6EaOrP_B\/edit\">https:\/\/docs.google.com\/document\/d\/1TgWu5quC478CUB7iz3bSxFVe6EaOrP_B\/edit<\/a><\/p>\n<div hidden=\"\">\n<p><strong>\u00a0<\/strong><\/p>\n<p><strong>\u00a0<\/strong><\/p>\n<table border=\"0\" width=\"622\">\n<tbody>\n<tr>\n<td width=\"83\"><strong>C\u00d3DIGO<\/strong><\/td>\n<td width=\"246\"><strong>ESPACIOS CURRICULARES<\/strong><\/td>\n<td width=\"94\"><strong>R\u00c9GIMEN<\/strong><\/p>\n<p>A: anual<\/p>\n<p>1\u00baC: 1\u00ba cuatrimestre<\/p>\n<p>2\u00baC: 2\u00bacuatrimestre<\/td>\n<td width=\"95\"><strong>PARA CURSAR (Cursado aprobado)<\/strong><\/td>\n<td width=\"105\"><strong>PARA RENDIR (Final Aprobado)<\/strong><\/td>\n<\/tr>\n<tr>\n<td width=\"83\"><strong>01-01<\/strong><\/td>\n<td width=\"246\"><strong>Pedagog\u00eda<\/strong><\/td>\n<td width=\"94\"><strong>A<\/strong><\/td>\n<td width=\"95\">&#8212;&#8211;<\/td>\n<td width=\"105\">&#8212;&#8211;<\/td>\n<\/tr>\n<tr>\n<td width=\"83\"><strong>01-02<\/strong><\/td>\n<td width=\"246\"><strong>Danzas Folkl\u00f3ricas I<\/strong><\/td>\n<td width=\"94\"><strong>A<\/strong><\/td>\n<td width=\"95\">&#8212;&#8211;<\/td>\n<td width=\"105\">&#8212;&#8211;<\/td>\n<\/tr>\n<tr>\n<td width=\"83\"><strong>01-03<\/strong><\/td>\n<td width=\"246\"><strong>Zapateo y Malambo\u00a0 I<\/strong><\/td>\n<td width=\"94\"><strong>A<\/strong><\/td>\n<td width=\"95\">&#8212;&#8211;<\/td>\n<td width=\"105\">&#8212;&#8211;<\/td>\n<\/tr>\n<tr>\n<td width=\"83\"><strong>01-04<\/strong><\/td>\n<td width=\"246\"><strong>Tango I<\/strong><\/td>\n<td width=\"94\"><strong>A<\/strong><\/td>\n<td width=\"95\">&#8212;&#8211;<\/td>\n<td width=\"105\">&#8212;&#8211;<\/td>\n<\/tr>\n<tr>\n<td width=\"83\"><strong>01-05<\/strong><\/td>\n<td width=\"246\"><strong>Teor\u00eda del Folklore e Identidad Cultural I<\/strong><\/td>\n<td width=\"94\"><strong>A<\/strong><\/td>\n<td width=\"95\">&#8212;&#8211;<\/td>\n<td width=\"105\">&#8212;&#8211;<\/td>\n<\/tr>\n<tr>\n<td width=\"83\"><strong>01-06<\/strong><\/td>\n<td width=\"246\"><strong>Historia de la Danza y el Atuendo<\/strong><\/td>\n<td width=\"94\"><strong>A<\/strong><\/td>\n<td width=\"95\">&#8212;&#8211;<\/td>\n<td width=\"105\">&#8212;&#8211;<\/td>\n<\/tr>\n<tr>\n<td width=\"83\"><strong>01-07<\/strong><\/td>\n<td width=\"246\"><strong>Expresi\u00f3n corporal\u00a0 y Entrenamiento expresivo aplicado a la Educaci\u00f3n de la Danza<\/strong><\/td>\n<td width=\"94\"><strong>A<\/strong><\/td>\n<td width=\"95\">&#8212;&#8211;<\/td>\n<td width=\"105\">&#8212;&#8211;<\/td>\n<\/tr>\n<tr>\n<td width=\"83\"><strong>01-08<\/strong><\/td>\n<td width=\"246\"><strong>Audioperceptiva<\/strong><\/td>\n<td width=\"94\"><strong>A<\/strong><\/td>\n<td width=\"95\">&#8212;&#8211;<\/td>\n<td width=\"105\">&#8212;&#8211;<\/td>\n<\/tr>\n<tr>\n<td width=\"83\"><strong>01-09<\/strong><\/td>\n<td width=\"246\"><strong>Lectura y Escritura de Textos Acad\u00e9micos<\/strong><\/td>\n<td width=\"94\"><strong>A<\/strong><\/td>\n<td width=\"95\">&#8212;&#8211;<\/td>\n<td width=\"105\">&#8212;&#8211;<\/td>\n<\/tr>\n<tr>\n<td width=\"83\"><strong>01-10<\/strong><\/td>\n<td width=\"246\"><strong>Pr\u00e1ctica Docente I <\/strong><\/td>\n<td width=\"94\"><strong>A<\/strong><\/td>\n<td width=\"95\">&#8212;&#8211;<\/td>\n<td width=\"105\">&#8212;&#8211;<\/td>\n<\/tr>\n<tr>\n<td width=\"83\"><strong>01-11<\/strong><\/td>\n<td width=\"246\"><strong>Introducci\u00f3n a la Semiolog\u00eda<\/strong><\/td>\n<td width=\"94\"><strong>1\u00b0 C<\/strong><\/td>\n<td width=\"95\">&#8212;&#8211;<\/td>\n<td width=\"105\">&#8212;&#8211;<\/td>\n<\/tr>\n<tr>\n<td width=\"83\"><strong>01-12<\/strong><\/td>\n<td width=\"246\"><strong>Arte y Tecnolog\u00eda I<\/strong><\/td>\n<td width=\"94\"><strong>2\u00b0 C<\/strong><\/td>\n<td width=\"95\">&#8212;&#8211;<\/td>\n<td width=\"105\">&#8212;&#8211;<\/td>\n<\/tr>\n<tr>\n<td width=\"83\"><strong>02-01<\/strong><\/td>\n<td width=\"246\"><strong>Danzas Folkl\u00f3ricas II<\/strong><\/td>\n<td width=\"94\"><strong>A<\/strong><\/td>\n<td width=\"95\">01-02<\/td>\n<td width=\"105\">01-02<\/td>\n<\/tr>\n<tr>\n<td width=\"83\"><strong>02-02<\/strong><\/td>\n<td width=\"246\"><strong>Zapateo y Malambo II<\/strong><\/td>\n<td width=\"94\"><strong>A<\/strong><\/td>\n<td width=\"95\">01-03<\/td>\n<td width=\"105\">01-03<\/td>\n<\/tr>\n<tr>\n<td width=\"83\"><strong>02-03<\/strong><\/td>\n<td width=\"246\"><strong>Tango II<\/strong><\/td>\n<td width=\"94\"><strong>A<\/strong><\/td>\n<td width=\"95\">01-04<\/td>\n<td width=\"105\">01-04<\/td>\n<\/tr>\n<tr>\n<td width=\"83\"><strong>02-04<\/strong><\/td>\n<td width=\"246\"><strong>Teor\u00eda del Folklore e Identidad Cultural II<\/strong><\/td>\n<td width=\"94\"><strong>A<\/strong><\/td>\n<td width=\"95\">01-05<\/td>\n<td width=\"105\">01-05<\/td>\n<\/tr>\n<tr>\n<td width=\"83\"><strong>02-05<\/strong><\/td>\n<td width=\"246\"><strong>Did\u00e1ctica General y Teor\u00eda de la Ense\u00f1anza<\/strong><\/td>\n<td width=\"94\"><strong>A<\/strong><\/td>\n<td width=\"95\">&#8212;&#8211;<\/td>\n<td width=\"105\">&#8212;&#8211;<\/td>\n<\/tr>\n<tr>\n<td width=\"83\"><strong>02-06<\/strong><\/td>\n<td width=\"246\"><strong>Educaci\u00f3n Musical<\/strong><\/td>\n<td width=\"94\"><strong>A<\/strong><\/td>\n<td width=\"95\">01-08<\/td>\n<td width=\"105\">01-08<\/td>\n<\/tr>\n<tr>\n<td width=\"83\"><strong>02-07<\/strong><\/td>\n<td width=\"246\"><strong>Pr\u00e1ctica Docente II<\/strong><\/td>\n<td width=\"94\"><strong>A<\/strong><\/td>\n<td width=\"95\">01-10<\/td>\n<td width=\"105\">01-10<\/td>\n<\/tr>\n<tr>\n<td width=\"83\"><strong>02-08<\/strong><\/td>\n<td width=\"246\"><strong>Psicolog\u00eda General y del Desarrollo<\/strong><\/td>\n<td width=\"94\"><strong>A<\/strong><\/td>\n<td width=\"95\">&#8212;&#8211;<\/td>\n<td width=\"105\">&#8212;&#8211;<\/td>\n<\/tr>\n<tr>\n<td width=\"83\"><strong>02-09<\/strong><\/td>\n<td width=\"246\"><strong>Historia de la Cultura<\/strong><\/td>\n<td width=\"94\"><strong>1\u00b0 C<\/strong><\/td>\n<td width=\"95\">&#8212;&#8211;<\/td>\n<td width=\"105\">&#8212;&#8211;<\/td>\n<\/tr>\n<tr>\n<td width=\"83\"><strong>02-10<\/strong><\/td>\n<td width=\"246\"><strong>Semi\u00f3tica de las Artes<\/strong><\/td>\n<td width=\"94\"><strong>2\u00b0 C<\/strong><\/td>\n<td width=\"95\">01-11<\/td>\n<td width=\"105\">01-11<\/td>\n<\/tr>\n<tr>\n<td width=\"83\"><strong>\u00a0<\/strong><\/p>\n<p><strong>02-11<\/strong><\/td>\n<td width=\"246\"><strong>Seminario una Educaci\u00f3n diferente, diversa e integrada<\/strong><\/td>\n<td width=\"94\"><strong>1\u00b0 C<\/strong><\/td>\n<td width=\"95\">&#8212;&#8211;<\/td>\n<td width=\"105\">&#8212;&#8211;<\/td>\n<\/tr>\n<tr>\n<td width=\"83\"><strong>02-12<\/strong><\/td>\n<td width=\"246\"><strong>Historia Regional e Interculturalidad<\/strong><\/td>\n<td width=\"94\"><strong>2\u00b0 C<\/strong><\/td>\n<td width=\"95\">02-09<\/td>\n<td width=\"105\">02-09<\/td>\n<\/tr>\n<tr>\n<td width=\"83\"><strong>02-13<\/strong><\/td>\n<td width=\"246\"><strong>Seminario\u00a0 Educaci\u00f3n Sexual Integral<\/strong><\/td>\n<td width=\"94\"><strong>2\u00b0 C<\/strong><\/td>\n<td width=\"95\">&#8212;&#8211;<\/td>\n<td width=\"105\">&#8212;&#8211;<\/td>\n<\/tr>\n<tr>\n<td width=\"83\"><strong>02-14<\/strong><\/td>\n<td width=\"246\"><strong>Arte y Tecnolog\u00eda II<\/strong><\/td>\n<td width=\"94\"><strong>1\u00b0 C<\/strong><\/td>\n<td width=\"95\">01-12<\/td>\n<td width=\"105\">01-12<\/td>\n<\/tr>\n<tr>\n<td width=\"83\"><strong>03-01<\/strong><\/td>\n<td width=\"246\"><strong>Danzas Folkl\u00f3ricas III<\/strong><\/td>\n<td width=\"94\"><strong>A<\/strong><\/td>\n<td width=\"95\">01-02\/<\/p>\n<p>02-01\/<\/td>\n<td width=\"105\">01-02\/<\/p>\n<p>02-01\/<\/td>\n<\/tr>\n<tr>\n<td width=\"83\"><strong>03-02<\/strong><\/td>\n<td width=\"246\"><strong>Zapateo y Malambo III<\/strong><\/td>\n<td width=\"94\"><strong>A<\/strong><\/td>\n<td width=\"95\">01-03\/<\/p>\n<p>02-02<\/td>\n<td width=\"105\">01-03\/<\/p>\n<p>02-02<\/td>\n<\/tr>\n<tr>\n<td width=\"83\"><strong>03-03<\/strong><\/td>\n<td width=\"246\"><strong>Tango III<\/strong><\/td>\n<td width=\"94\"><strong>A<\/strong><\/td>\n<td width=\"95\">01-04\/<\/p>\n<p>02-03<\/td>\n<td width=\"105\">01-04\/<\/p>\n<p>02-03<\/td>\n<\/tr>\n<tr>\n<td width=\"83\"><strong>03-04<\/strong><\/td>\n<td width=\"246\"><strong>R\u00edtmica y Lenguaje Musical<\/strong><\/td>\n<td width=\"94\"><strong>\u00a0<\/strong><\/td>\n<td width=\"95\">01-08\/<\/p>\n<p>02-06<\/td>\n<td width=\"105\">01-08\/<\/p>\n<p>02-06<\/td>\n<\/tr>\n<tr>\n<td width=\"83\"><strong>03-05<\/strong><\/td>\n<td width=\"246\"><strong>Lengua Extranjera Ingles I<\/strong><\/td>\n<td width=\"94\"><strong>A<\/strong><\/td>\n<td width=\"95\">&#8212;&#8211;<\/td>\n<td width=\"105\">&#8212;&#8211;<\/td>\n<\/tr>\n<tr>\n<td width=\"83\"><strong>03-06<\/strong><\/td>\n<td width=\"246\"><strong>Lengua Extranjera Portugu\u00e9s I <\/strong><\/td>\n<td width=\"94\"><strong>A<\/strong><\/td>\n<td width=\"95\">&#8212;&#8211;<\/td>\n<td width=\"105\">&#8212;&#8211;<\/td>\n<\/tr>\n<tr>\n<td width=\"83\"><strong>03-07<\/strong><\/td>\n<td width=\"246\"><strong>Pol\u00edtica Educativa<\/strong><\/td>\n<td width=\"94\"><strong>A<\/strong><\/td>\n<td width=\"95\">&#8212;&#8211;<\/td>\n<td width=\"105\">&#8212;&#8211;<\/td>\n<\/tr>\n<tr>\n<td width=\"83\"><strong>03-08<\/strong><\/td>\n<td width=\"246\"><strong>Sujetos de la Educaci\u00f3n I<\/strong><\/td>\n<td width=\"94\"><strong>A<\/strong><\/td>\n<td width=\"95\">&#8212;&#8211;<\/td>\n<td width=\"105\">&#8212;&#8211;<\/td>\n<\/tr>\n<tr>\n<td width=\"83\"><strong>03-09<\/strong><\/td>\n<td width=\"246\"><strong>Pr\u00e1ctica Docente III<\/strong><\/td>\n<td width=\"94\"><strong>A<\/strong><\/td>\n<td width=\"95\">01-10\/<\/p>\n<p>02-07\/<\/td>\n<td width=\"105\">01-10\/<\/p>\n<p>02-07\/<\/td>\n<\/tr>\n<tr>\n<td width=\"83\"><strong>03-10<\/strong><\/td>\n<td width=\"246\"><strong>Filosof\u00eda del Arte<\/strong><\/td>\n<td width=\"94\"><strong>1\u00b0 C<\/strong><\/td>\n<td width=\"95\">&#8212;&#8211;<\/td>\n<td width=\"105\">&#8212;&#8212;<\/td>\n<\/tr>\n<tr>\n<td width=\"83\"><strong>03-11<\/strong><\/td>\n<td width=\"246\"><strong>Seminario de Patrimonio Cultural<\/strong><\/td>\n<td width=\"94\"><strong>1\u00b0 C<\/strong><\/td>\n<td width=\"95\">&#8212;&#8211;<\/td>\n<td width=\"105\">&#8212;&#8212;<\/td>\n<\/tr>\n<tr>\n<td width=\"83\"><strong>03-12<\/strong><\/td>\n<td width=\"246\"><strong>Seminario de Animaci\u00f3n Socio-Cultural<\/strong><\/td>\n<td width=\"94\"><strong>2\u00b0 C<\/strong><\/td>\n<td width=\"95\">&#8212;&#8211;<\/td>\n<td width=\"105\">&#8212;&#8212;<\/td>\n<\/tr>\n<tr>\n<td width=\"83\"><strong>03-13<\/strong><\/td>\n<td width=\"246\"><strong>Arte y Tecnolog\u00eda III<\/strong><\/td>\n<td width=\"94\"><strong>2\u00b0 C<\/strong><\/td>\n<td width=\"95\">01-12\/<\/p>\n<p>02-14<\/td>\n<td width=\"105\">01-12\/<\/p>\n<p>02-14<\/td>\n<\/tr>\n<tr>\n<td width=\"83\"><strong>03-14<\/strong><\/td>\n<td width=\"246\"><strong>Antropolog\u00eda Cultural y Social<\/strong><\/p>\n<p><strong>\u00a0<\/strong><\/td>\n<td width=\"94\"><strong>2\u00b0 C<\/strong><\/td>\n<td width=\"95\">&#8212;&#8211;<\/td>\n<td width=\"105\">&#8212;&#8211;<\/td>\n<\/tr>\n<tr>\n<td width=\"83\"><strong>04-01<\/strong><\/td>\n<td width=\"246\"><strong>Composici\u00f3n Coreogr\u00e1fica<\/strong><\/td>\n<td width=\"94\"><strong>A<\/strong><\/td>\n<td width=\"95\">01-02\/<\/p>\n<p>01-03\/<\/p>\n<p>01-04\/<\/p>\n<p>02-01\/<\/p>\n<p>02-02\/<\/p>\n<p>02-03\/<\/p>\n<p>03-01\/<\/p>\n<p>03-02\/<\/p>\n<p>03-03\/<\/td>\n<td width=\"105\">01-02\/<\/p>\n<p>01-03\/<\/p>\n<p>01-04\/<\/p>\n<p>02-01\/<\/p>\n<p>02-02\/<\/p>\n<p>02-03\/<\/p>\n<p>03-01\/<\/p>\n<p>03-02\/<\/p>\n<p>03-03\/<\/td>\n<\/tr>\n<tr>\n<td width=\"83\"><strong>04-02<\/strong><\/td>\n<td width=\"246\"><strong>Lengua Extranjera Ingl\u00e9s II<\/strong><\/td>\n<td width=\"94\"><strong>A<\/strong><\/td>\n<td width=\"95\">03-05<\/td>\n<td width=\"105\">03-05<\/td>\n<\/tr>\n<tr>\n<td width=\"83\"><strong>04-03<\/strong><\/td>\n<td width=\"246\"><strong>Lengua Extranjera Portugu\u00e9s II<\/strong><\/td>\n<td width=\"94\"><strong>A<\/strong><\/td>\n<td width=\"95\">03-06<\/td>\n<td width=\"105\">03-06<\/td>\n<\/tr>\n<tr>\n<td width=\"83\"><strong>04-04<\/strong><\/td>\n<td width=\"246\"><strong>Seminario de Metodolog\u00eda de la Investigaci\u00f3n<\/strong><\/td>\n<td width=\"94\"><strong>A<\/strong><\/td>\n<td width=\"95\">01-05\/<\/p>\n<p>02-04\/<\/td>\n<td width=\"105\">01-05\/<\/p>\n<p>02-04\/<\/td>\n<\/tr>\n<tr>\n<td width=\"83\"><strong>04-05<\/strong><\/td>\n<td width=\"246\"><strong>Sujetos de la Educaci\u00f3n II<\/strong><\/td>\n<td width=\"94\"><strong>A<\/strong><\/td>\n<td width=\"95\">03\/08<\/td>\n<td width=\"105\">03\/08<\/td>\n<\/tr>\n<tr>\n<td width=\"83\"><strong>04-06<\/strong><\/td>\n<td width=\"246\"><strong>Pr\u00e1ctica IV\u00a0 Residencia Docente<\/strong><\/td>\n<td width=\"94\"><strong>A<\/strong><\/td>\n<td width=\"95\">01-12\/<\/p>\n<p>02-07\/<\/p>\n<p>03-09\/<\/td>\n<td width=\"105\">01-12\/<\/p>\n<p>02-07\/<\/p>\n<p>03-09\/<\/td>\n<\/tr>\n<tr>\n<td width=\"83\"><strong>04-07<\/strong><\/td>\n<td width=\"246\"><strong>Historia de la M\u00fasica en Argentina<\/strong><\/td>\n<td width=\"94\"><strong>A<\/strong><\/td>\n<td width=\"95\">&#8212;&#8211;<\/td>\n<td width=\"105\">&#8212;&#8211;<\/td>\n<\/tr>\n<tr>\n<td width=\"83\"><strong>04-08<\/strong><\/td>\n<td width=\"246\"><strong>Arte Popular y Artesan\u00edas<\/strong><\/td>\n<td width=\"94\"><strong>1\u00b0 C<\/strong><\/td>\n<td width=\"95\">&#8212;&#8211;<\/td>\n<td width=\"105\">&#8212;&#8211;<\/td>\n<\/tr>\n<tr>\n<td width=\"83\"><strong>04-09<\/strong><\/td>\n<td width=\"246\"><strong>Corrientes y Lenguajes Art\u00edsticos<\/strong><\/td>\n<td width=\"94\"><strong>1\u00b0 C<\/strong><\/td>\n<td width=\"95\">&#8212;&#8211;<\/td>\n<td width=\"105\">&#8212;&#8211;<\/td>\n<\/tr>\n<tr>\n<td width=\"83\"><strong>04-10<\/strong><\/td>\n<td width=\"246\"><strong>Literatura Folkl\u00f3rica<\/strong><\/td>\n<td width=\"94\"><strong>2\u00b0 C<\/strong><\/td>\n<td width=\"95\">&#8212;&#8211;<\/td>\n<td width=\"105\">&#8212;&#8211;<\/td>\n<\/tr>\n<tr>\n<td width=\"83\"><strong>04-11<\/strong><\/td>\n<td width=\"246\"><strong>Producci\u00f3n de Espect\u00e1culos<\/strong><\/td>\n<td width=\"94\"><strong>2\u00b0 C<\/strong><\/td>\n<td width=\"95\">&#8212;&#8211;<\/td>\n<td width=\"105\">&#8212;&#8211;<\/td>\n<\/tr>\n<\/tbody>\n<\/table>\n<\/div>\n","protected":false},"excerpt":{"rendered":"<p>PROFESORADO DE DANZAS CON ORIENTACI\u00d3N EN DANZAS FOLKL\u00d3RICAS Plan N\u00ba 611 Descargar Plan N\u00ba 611 Res. 0968\/17: Parte 1 Plan N\u00ba 611 Parte 2 Plan N\u00ba 611 Descargar Plan de Correlatividades Horario de cursada:\u00a0\u00a0https:\/\/docs.google.com\/document\/d\/1p7wpr0PmC4cs_Zvg76BfaagG59epEXX2\/edit Horarios Lengua Extranjera:\u00a0https:\/\/docs.google.com\/document\/d\/1TgWu5quC478CUB7iz3bSxFVe6EaOrP_B\/edit \u00a0 \u00a0 C\u00d3DIGO ESPACIOS CURRICULARES R\u00c9GIMEN A: anual 1\u00baC: 1\u00ba cuatrimestre 2\u00baC: 2\u00bacuatrimestre PARA CURSAR (Cursado aprobado) PARA &#8230; <a title=\"&#x2714;  Plan 611 &#8211; Folklore\" class=\"read-more\" href=\"https:\/\/esba-nqn.infd.edu.ar\/sitio\/plan-611-folklore\/\" aria-label=\"More on &#x2714;  Plan 611 &#8211; Folklore\">[+]<\/a><\/p>\n","protected":false},"author":778,"featured_media":0,"parent":0,"menu_order":0,"comment_status":"closed","ping_status":"closed","template":"","meta":[],"acf":[],"_links":{"self":[{"href":"https:\/\/esba-nqn.infd.edu.ar\/sitio\/wp-json\/wp\/v2\/pages\/1460"}],"collection":[{"href":"https:\/\/esba-nqn.infd.edu.ar\/sitio\/wp-json\/wp\/v2\/pages"}],"about":[{"href":"https:\/\/esba-nqn.infd.edu.ar\/sitio\/wp-json\/wp\/v2\/types\/page"}],"author":[{"embeddable":true,"href":"https:\/\/esba-nqn.infd.edu.ar\/sitio\/wp-json\/wp\/v2\/users\/778"}],"replies":[{"embeddable":true,"href":"https:\/\/esba-nqn.infd.edu.ar\/sitio\/wp-json\/wp\/v2\/comments?post=1460"}],"version-history":[{"count":7,"href":"https:\/\/esba-nqn.infd.edu.ar\/sitio\/wp-json\/wp\/v2\/pages\/1460\/revisions"}],"predecessor-version":[{"id":7263,"href":"https:\/\/esba-nqn.infd.edu.ar\/sitio\/wp-json\/wp\/v2\/pages\/1460\/revisions\/7263"}],"wp:attachment":[{"href":"https:\/\/esba-nqn.infd.edu.ar\/sitio\/wp-json\/wp\/v2\/media?parent=1460"}],"curies":[{"name":"wp","href":"https:\/\/api.w.org\/{rel}","templated":true}]}}