{"id":1473,"date":"2018-06-29T18:28:57","date_gmt":"2018-06-29T21:28:57","guid":{"rendered":"https:\/\/esba-nqn.infd.edu.ar\/sitio\/permiso-de-examen\/"},"modified":"2025-07-29T18:09:02","modified_gmt":"2025-07-29T21:09:02","slug":"inscripcionamaterias","status":"publish","type":"page","link":"https:\/\/esba-nqn.infd.edu.ar\/sitio\/inscripcionamaterias\/","title":{"rendered":"Inscripci\u00f3n a materias."},"content":{"rendered":"\n<div class=\"wp-block-group is-layout-constrained\"><div class=\"wp-block-group__inner-container\">\n<p>29 de julio 2025<\/p>\n\n\n\n<h1 class=\"wp-block-heading\"><strong>2\u00ba cuatrimestre 202<\/strong>5 &#8211; <\/h1>\n\n\n\n<h5 class=\"wp-block-heading\"><strong>FECHAS de INSCRIPCI\u00d3N A CURSADAS: del 30\/07&nbsp; al  03\/08<\/strong><\/h5>\n\n\n\n<p><strong><mark style=\"background-color:var(--contrast)\" class=\"has-inline-color has-base-3-color\">Ingresantes a:<\/mark><\/strong><br>&#x25b6;Tecnicatura Superior en Actuaci\u00f3n (plan 712)<br>&#x25b6;Tecnicatura Superior en Artes Visuales (plan 769)<br>&#x25b6;Profesorado en Danzas con Orientaci\u00f3n en Danzas Folkl\u00f3ricas (plan 611)<br>&#x25b6;Profesorados Superiores en Artes Visuales:<br>         Orientaci\u00f3n Dibujo (plan 679)<br>         Orientaci\u00f3n Escultura (plan 680)<br>         Orientaci\u00f3n Grabado Arte Impreso (plan 681)<br>         Orientaci\u00f3n Pintura (plan 682)<br>&#x26a0;&#xfe0f;<strong>Se inscriben a materias mediante SIUNED<\/strong><\/p>\n\n\n\n<div class=\"wp-block-group is-vertical is-layout-flex wp-container-1\">\n<p class=\"has-medium-font-size\"><strong><mark style=\"background-color:var(--contrast)\" class=\"has-inline-color has-base-3-color\">Ingresantes a resto de planes:<\/mark><\/strong><br>Visuales: plan 660 <\/p>\n\n\n\n<p class=\"has-medium-font-size\">Teatro: planes 659-683<br>Inscripci\u00f3n a materias mediante formulario google en web ESBA <\/p>\n<\/div>\n\n\n\n<p class=\"has-medium-font-size\"><mark style=\"background-color:var(--contrast)\" class=\"has-inline-color has-base-3-color\">Estudiantes 2\u00b0 a 5\u00b0 todos los planes <\/mark>se inscriben a materias mediante formulario google.<\/p>\n\n\n\n<p><strong>&#x2705;Record\u00e1 que te llega el comprobante de inscripci\u00f3n al mail. &#x21a9;<\/strong><\/p>\n\n\n\n<p><strong>&#x2705; Ten\u00e9 en cuenta el r\u00e9gimen de correlatividades seg\u00fan tu plan de estudios.<\/strong><\/p>\n\n\n\n<p><strong>&#x2705; Una vez transcurrida esta fecha, no podr\u00e1s sumarte a las cursadas. <\/strong><\/p>\n\n\n\n<p>&#x2705; Ante dudas o inconvenientes con los formularios, por favor comun\u00edcate con tu bedel<\/p>\n\n\n\n<p><strong>Profesorado de ARTES VISUALES &#8211; <\/strong>PAV 660<br><strong>1er A\u00f1o:<\/strong> <a href=\"https:\/\/forms.gle\/tyd45itctZGgY8Bf6\">https:\/\/forms.gle\/tyd45itctZGgY8Bf6<strong><br><\/strong><\/a><strong>2do A\u00f1o: <\/strong><a href=\"https:\/\/forms.gle\/RRw9wmvYPqUiNd6T6\">https:\/\/forms.gle\/RRw9wmvYPqUiNd6T6<strong><br><\/strong><\/a><strong>3er A\u00f1o:<\/strong> <a href=\"https:\/\/forms.gle\/5UArNtH1WBGzzQHC8\">https:\/\/forms.gle\/5UArNtH1WBGzzQHC8<\/a><\/p>\n\n\n\n<p><strong>T\u00e9cnico Superior en Artes Visuales &#8211; <\/strong>TSAV 769\/598<a rel=\"noreferrer noopener\" href=\"https:\/\/forms.gle\/GPbLVTD2yPTNSerZ7\" target=\"_blank\"><br><\/a><strong>3er A\u00f1o:<\/strong> <a href=\"https:\/\/forms.gle\/iRBgRgirP8daZmQ48\">https:\/\/forms.gle\/iRBgRgirP8daZmQ48<\/a><\/p>\n\n\n\n<p><strong>Profesorado Superior en Artes Visuales <\/strong>PSAV 679 \u2013 680 \u2013 681 \u2013 682<br><strong>Dibujo:<\/strong> <a href=\"https:\/\/forms.gle\/iJvFHcmd7FBQn6zs6\">https:\/\/forms.gle\/iJvFHcmd7FBQn6zs6<\/a><br><strong>Escultura:<\/strong> <a href=\"https:\/\/forms.gle\/NDEB3DnpzJQBhXV19\">https:\/\/forms.gle\/NDEB3DnpzJQBhXV19<\/a><br><strong>Arte Impreso: <\/strong><a href=\"https:\/\/forms.gle\/Sj5UdYMjhxS8f8HJ6\">https:\/\/forms.gle\/Sj5UdYMjhxS8f8HJ6<\/a><br><strong>Pintura:<\/strong><a href=\"https:\/\/forms.gle\/xQ4oS86MCr4j8maw9\"> https:\/\/forms.gle\/xQ4oS86MCr4j8maw9<\/a><\/p>\n\n\n\n<p><strong>Idioma extranjero<\/strong> <a href=\"https:\/\/forms.gle\/NenZ1nprtA6iNAhm9\" target=\"_blank\" rel=\"noreferrer noopener\">https:\/\/forms.gle\/NenZ1nprtA6iNAhm9<\/a><\/p>\n\n\n\n<p><\/p>\n\n\n\n<p><strong>Prof. DANZAS FOLKL\u00d3RICAS &#8211; <\/strong>Plan 611<br><strong>Todos los a\u00f1os<\/strong><a href=\"https:\/\/forms.gle\/EGs1EqdzGncBrrrc9\"> https:\/\/forms.gle\/EGs1EqdzGncBrrrc9<\/a><\/p>\n\n\n\n<div class=\"wp-block-group is-vertical is-layout-flex wp-container-4\">\n<p><strong>Profesorado de Teatro&nbsp; Plan 659<\/strong><\/p>\n\n\n\n<div class=\"wp-block-group is-vertical is-layout-flex wp-container-3\">\n<div class=\"wp-block-group is-vertical is-layout-flex wp-container-2\">\n<p><strong>1er A\u00f1o:<\/strong> <a href=\"https:\/\/forms.gle\/oxwbDRyMdf2jhW5t7\">https:\/\/forms.gle\/oxwbDRyMdf2jhW5t7<\/a><\/p>\n\n\n\n<p><strong>2do A\u00f1o: <\/strong><a href=\"https:\/\/forms.gle\/5Aczqxa5NatPnDDR7\">https:\/\/forms.gle\/5Aczqxa5NatPnDDR7<\/a><\/p>\n<\/div>\n\n\n\n<p><strong>4to A\u00f1o:<\/strong> <a href=\"https:\/\/forms.gle\/AuwtW2vvAgpSLMmv9\">https:\/\/forms.gle\/AuwtW2vvAgpSLMmv9<\/a><\/p>\n<\/div>\n<\/div>\n\n\n\n<p><strong>Profesorado Superior de Teatro &#8211; <\/strong>Plan 683<br><strong>Todos los a\u00f1os<\/strong> <a href=\"https:\/\/forms.gle\/K3YwAMQAWpNu4ore6\">https:\/\/forms.gle\/K3YwAMQAWpNu4ore6<\/a><\/p>\n\n\n\n<p><\/p>\n<\/div><\/div>\n\n\n\n<h2 class=\"wp-block-heading\">Inscripci\u00f3n a materias 2025 -1er cuatrimestre y anuales.<\/h2>\n\n\n\n<p><strong><mark style=\"background-color:var(--contrast)\" class=\"has-inline-color has-base-3-color\">Ingresantes a:<\/mark><\/strong><br>&#x25b6;Tecnicatura Superior en Actuaci\u00f3n (plan 712)<br>&#x25b6;Tecnicatura Superior en Artes Visuales (plan 769)<br>&#x25b6;Profesorado en Danzas con Orientaci\u00f3n en Danzas Folkl\u00f3ricas (plan 611)<br>&#x25b6;Profesorados Superiores en Artes Visuales:<br>         Orientaci\u00f3n Dibujo (plan 679)<br>         Orientaci\u00f3n Escultura (plan 680)<br>         Orientaci\u00f3n Grabado Arte Impreso (plan 681)<br>         Orientaci\u00f3n Pintura (plan 682)<br>&#x26a0;&#xfe0f;<strong>Se inscriben a materias mediante SIUNED<\/strong><\/p>\n\n\n\n<div class=\"wp-block-group is-vertical is-layout-flex wp-container-6\">\n<p class=\"has-medium-font-size\"><strong><mark style=\"background-color:var(--contrast)\" class=\"has-inline-color has-base-3-color\">Ingresantes a resto de planes:<\/mark><\/strong><br>Visuales: plan 660 <\/p>\n\n\n\n<p class=\"has-medium-font-size\">Teatro: planes 659-683<br>Inscripci\u00f3n a materias mediante formulario google en web ESBA <\/p>\n<\/div>\n\n\n\n<p class=\"has-medium-font-size\"><mark style=\"background-color:var(--contrast)\" class=\"has-inline-color has-base-3-color\">Estudiantes 2\u00b0 a 5\u00b0 todos los planes <\/mark>se inscriben a materias mediante formulario google.<\/p>\n\n\n\n<p><strong>&#x2705;Record\u00e1 que te llega el comprobante de inscripci\u00f3n al mail. &#x21a9;<\/strong><\/p>\n\n\n\n<p><strong>&#x2705; Ten\u00e9 en cuenta el r\u00e9gimen de correlatividades seg\u00fan tu plan de estudios.<\/strong><\/p>\n\n\n\n<p><strong>&#x2705; Una vez transcurrida esta fecha, no podr\u00e1s sumarte a las cursadas. <\/strong><\/p>\n\n\n\n<p>&#x2705; Ante dudas o inconvenientes con los formularios, por favor comun\u00edcate con tu bedel.<\/p>\n\n\n\n<div class=\"wp-block-group is-layout-constrained\"><div class=\"wp-block-group__inner-container\">\n<p><strong>inscripciones 1er cuatrimestre y anuales 2025 &#8211; links<\/strong><\/p>\n\n\n\n<div class=\"wp-block-group is-vertical is-layout-flex wp-container-7\">\n<p><strong>TEATRO<\/strong>  <mark style=\"background-color:#dc1220\" class=\"has-inline-color\">     <\/mark><\/p>\n\n\n\n<p><strong>Tecnicatura . Plan 712<\/strong><\/p>\n\n\n\n<p>1\u00b0&nbsp; Inscripci\u00f3n a materias mediante SIUNED<\/p>\n\n\n\n<p>2\u00b0&nbsp; <a href=\"https:\/\/forms.gle\/VbbsASELr4nxdB8c8\">https:\/\/forms.gle\/VbbsASELr4nxdB8c8<\/a><\/p>\n\n\n\n<p>3\u00b0&nbsp; <a href=\"https:\/\/forms.gle\/hLuQPR5VzmuFqZocA\">https:\/\/forms.gle\/hLuQPR5VzmuFqZocA<\/a><\/p>\n\n\n\n<p><strong>Profesorado . Plan 659<\/strong><\/p>\n\n\n\n<p>1\u00b0&nbsp; <a href=\"https:\/\/forms.gle\/gmCMFkeLMvPekrT37\">https:\/\/forms.gle\/gmCMFkeLMvPekrT37<\/a><\/p>\n\n\n\n<p>2\u00b0&nbsp; <a href=\"https:\/\/forms.gle\/3c9sq5Mq7nTb7Sui7\">https:\/\/forms.gle\/3c9sq5Mq7nTb7Sui7<\/a><\/p>\n\n\n\n<p>3\u00b0&nbsp; <a href=\"https:\/\/forms.gle\/8H62gxbYXhFwYAmh6\">https:\/\/forms.gle\/8H62gxbYXhFwYAmh6<\/a><\/p>\n\n\n\n<p>4\u00b0&nbsp; <a href=\"https:\/\/forms.gle\/SCrpeD6eC93mYRug8\">https:\/\/forms.gle\/SCrpeD6eC93mYRug8<\/a><\/p>\n\n\n\n<p><strong>Profesorado Superior . Plan 683<\/strong><\/p>\n\n\n\n<p>1\u00b0 <a href=\"https:\/\/forms.gle\/jTkqSsVujWqGsuuh7\">https:\/\/forms.gle\/jTkqSsVujWqGsuuh7<\/a><\/p>\n\n\n\n<p>2\u00b0 a 5\u00b0 <a href=\"https:\/\/forms.gle\/pfTMhVctJ4CiBBam8\">https:\/\/forms.gle\/pfTMhVctJ4CiBBam8<\/a><\/p>\n<\/div>\n\n\n\n<div class=\"wp-block-group is-vertical is-layout-flex wp-container-9\">\n<div class=\"wp-block-group is-vertical is-layout-flex wp-container-8\">\n<p><strong>FOLKLORE  <mark style=\"background-color:#f3ab53\" class=\"has-inline-color\">&nbsp;   <\/mark>&#8211; PLAN 611<\/strong><\/p>\n\n\n\n<p>1\u00b0&nbsp; Inscripci\u00f3n a materias mediante SIUNED<\/p>\n\n\n\n<p>2\u00b0&nbsp; <a href=\"https:\/\/forms.gle\/NuE9f2n2UjXmZ2NM6\">https:\/\/forms.gle\/NuE9f2n2UjXmZ2NM6<\/a><\/p>\n\n\n\n<p>3\u00b0&nbsp; <a href=\"https:\/\/forms.gle\/rDaBU2QLgXTBx7N46\">https:\/\/forms.gle\/rDaBU2QLgXTBx7N46<\/a><\/p>\n\n\n\n<p>4\u00b0&nbsp; <a href=\"https:\/\/forms.gle\/XYt4wxu7eohF4SNz8\">https:\/\/forms.gle\/XYt4wxu7eohF4SNz8<\/a><\/p>\n<\/div>\n\n\n\n<p>Lengua Extranjera&nbsp; <a href=\"https:\/\/forms.gle\/DcMyEJQMvus7WVE66\">https:\/\/forms.gle\/DcMyEJQMvus7WVE66<\/a><\/p>\n<\/div>\n\n\n\n<div class=\"wp-block-group is-vertical is-layout-flex wp-container-10\">\n<p><strong>ARTES VISUALES <mark style=\"background-color:#3fabd4\" class=\"has-inline-color\">   &nbsp;<\/mark><\/strong><\/p>\n\n\n\n<p>1\u00b0&nbsp; <a href=\"https:\/\/forms.gle\/jaSfbZAYRMX4jHZa7\">https:\/\/forms.gle\/jaSfbZAYRMX4jHZa7<\/a><\/p>\n\n\n\n<p><strong>Profesorado &#8211; Plan 660<\/strong><\/p>\n\n\n\n<p>2\u00b0&nbsp; <a href=\"https:\/\/forms.gle\/8gBAsCZfFVTHVjSV7\">https:\/\/forms.gle\/8gBAsCZfFVTHVjSV7<\/a><\/p>\n\n\n\n<p>3\u00b0&nbsp; <a href=\"https:\/\/forms.gle\/LTJtyckXsLWtZ9hW7\">https:\/\/forms.gle\/LTJtyckXsLWtZ9hW7<\/a><\/p>\n\n\n\n<p>4\u00b0&nbsp; <a href=\"https:\/\/forms.gle\/tbtLkLtUpdFTjCVm8\">https:\/\/forms.gle\/tbtLkLtUpdFTjCVm8<\/a><\/p>\n\n\n\n<p>Lengua Extranjera&nbsp; <a href=\"https:\/\/forms.gle\/M77gSovkF5HDW2a29\">https:\/\/forms.gle\/M77gSovkF5HDW2a29<\/a><\/p>\n\n\n\n<p><strong>Tecnicatura &#8211; Plan 769 &#8211; 598<\/strong><\/p>\n\n\n\n<p>1\u00b0&nbsp; Inscripci\u00f3n a materias mediante SIUNED<\/p>\n\n\n\n<p>2\u00b0  <a href=\"https:\/\/forms.gle\/hTYMS4KRaty65cRz8\" target=\"_blank\" rel=\"noreferrer noopener\">https:\/\/forms.gle\/hTYMS4KRaty65cRz8<\/a><\/p>\n\n\n\n<p>3\u00b0 Plan 598 <a href=\"https:\/\/forms.gle\/GoWC9hGYPH9zpuWi9\">https:\/\/forms.gle\/GoWC9hGYPH9zpuWi9<\/a><\/p>\n\n\n\n<p><strong>Profesorado Superior<\/strong><\/p>\n\n\n\n<p>Lengua extranjera <a href=\"https:\/\/forms.gle\/Q6EbwusydZHQx47w7\">https:\/\/forms.gle\/Q6EbwusydZHQx47w7<\/a><\/p>\n\n\n\n<p><strong>Orientaci\u00f3n Dibujo &#8211; Plan 679<\/strong><\/p>\n\n\n\n<p>1\u00b0&nbsp; Inscripci\u00f3n a materias mediante SIUNED<\/p>\n\n\n\n<p>2\u00b0 a 5\u00b0&nbsp; <a href=\"https:\/\/forms.gle\/RQURZjD1vyMPair99\">https:\/\/forms.gle\/RQURZjD1vyMPair99<\/a><\/p>\n\n\n\n<p><strong>Orientaci\u00f3n Pintura &#8211; Plan 682<\/strong><\/p>\n\n\n\n<p>1\u00b0&nbsp; Inscripci\u00f3n a materias mediante SIUNED<\/p>\n\n\n\n<p>2\u00b0 a 5\u00b0 <a href=\"https:\/\/forms.gle\/zhzxAxaN855u5ott9\">https:\/\/forms.gle\/zhzxAxaN855u5ott9<\/a><\/p>\n\n\n\n<p><strong>Orientaci\u00f3n Escultura &#8211; Plan 680<\/strong><\/p>\n\n\n\n<p>1\u00b0&nbsp; Inscripci\u00f3n a materias mediante SIUNED<\/p>\n\n\n\n<p>2\u00b0 a 5\u00b0 <a href=\"https:\/\/forms.gle\/df7XbUDSGH3gzzbN7\">https:\/\/forms.gle\/df7XbUDSGH3gzzbN7<\/a><\/p>\n\n\n\n<p><strong>Orientaci\u00f3n Arte Impreso &#8211; Plan 681<\/strong><\/p>\n\n\n\n<p>1\u00b0&nbsp; Inscripci\u00f3n a materias mediante SIUNED<\/p>\n\n\n\n<p>2\u00b0 a 5\u00b0 <a href=\"https:\/\/forms.gle\/bQSZbw3ZrxsVusUU9\">https:\/\/forms.gle\/bQSZbw3ZrxsVusUU9<\/a><\/p>\n<\/div>\n<\/div><\/div>\n\n\n\n<p>\ufe4c\ufe4c\ufe4c\ufe4c\ufe4c\ufe4c\ufe4c\ufe4c\ufe4c\ufe4c\ufe4c\ufe4c\ufe4c\ufe4c\ufe4c\ufe4c\ufe4c\ufe4c\ufe4c\ufe4c\ufe4c\ufe4c\ufe4c\ufe4c\ufe4c\ufe4c\ufe4c\ufe4c\ufe4c\ufe4c\ufe4c\ufe4c\ufe4c\ufe4c\ufe4c\ufe4c\ufe4c\ufe4c\ufe4c<\/p>\n\n\n\n<p><\/p>\n\n\n\n<div class=\"wp-block-group is-layout-constrained\"><div class=\"wp-block-group__inner-container\">\n\n<p>29 de julio 2024<\/p>\n\n\n<h1 class=\"wp-block-heading\"><strong>Inscripci\u00f3n a Materias 2\u00ba cuatrimestre 2024<\/strong> &#8211; Pr\u00f3rroga: hasta el 9 de agosto<\/h1>\n\n\n<h5 class=\"wp-block-heading\"><strong>FECHAS de INSCRIPCI\u00d3N A CURSADAS: del lunes 29\/07&nbsp; al viernes 02\/08<\/strong><\/h5>\n\n\n<p><strong>Profesorado de ARTES VISUALES &#8211; <\/strong>PAV 660<br><strong>1er A\u00f1o:<\/strong> <a href=\"https:\/\/forms.gle\/tyd45itctZGgY8Bf6\">https:\/\/forms.gle\/tyd45itctZGgY8Bf6<strong><br><\/strong><\/a><strong>2do A\u00f1o: <\/strong><a href=\"https:\/\/forms.gle\/RRw9wmvYPqUiNd6T6\">https:\/\/forms.gle\/RRw9wmvYPqUiNd6T6<strong><br><\/strong><\/a><strong>3er A\u00f1o:<\/strong> <a href=\"https:\/\/forms.gle\/5UArNtH1WBGzzQHC8\">https:\/\/forms.gle\/5UArNtH1WBGzzQHC8<\/a><\/p>\n\n\n<p><strong>T\u00e9cnico Superior en Artes Visuales &#8211; <\/strong>TSAV 769\/598<br><strong>1er A\u00f1o:<\/strong> <a href=\"https:\/\/forms.gle\/GPbLVTD2yPTNSerZ7\">https:\/\/forms.gle\/GPbLVTD2yPTNSerZ7<br><\/a><strong>3er A\u00f1o:<\/strong> <a href=\"https:\/\/forms.gle\/iRBgRgirP8daZmQ48\">https:\/\/forms.gle\/iRBgRgirP8daZmQ48<\/a><\/p>\n\n\n<p><strong>Profesorado Superior en Artes Visuales <\/strong>PSAV 679 \u2013 680 \u2013 681 \u2013 682<br><strong>Dibujo:<\/strong> <a href=\"https:\/\/forms.gle\/iJvFHcmd7FBQn6zs6\">https:\/\/forms.gle\/iJvFHcmd7FBQn6zs6<\/a><br><strong>Escultura:<\/strong> <a href=\"https:\/\/forms.gle\/NDEB3DnpzJQBhXV19\">https:\/\/forms.gle\/NDEB3DnpzJQBhXV19<\/a><br><strong>Arte Impreso: <\/strong><a href=\"https:\/\/forms.gle\/Sj5UdYMjhxS8f8HJ6\">https:\/\/forms.gle\/Sj5UdYMjhxS8f8HJ6<\/a><br><strong>Pintura:<\/strong><a href=\"https:\/\/forms.gle\/xQ4oS86MCr4j8maw9\"> https:\/\/forms.gle\/xQ4oS86MCr4j8maw9<\/a><\/p>\n\n\n<p><strong>Idioma extranjero<\/strong> <a href=\"https:\/\/forms.gle\/NenZ1nprtA6iNAhm9\" target=\"_blank\" rel=\"noreferrer noopener\">https:\/\/forms.gle\/NenZ1nprtA6iNAhm9<\/a><\/p>\n\n\n<p><\/p>\n\n\n<p><strong>Prof. DANZAS FOLKL\u00d3RICAS &#8211; <\/strong>Plan 611<br><strong>Todos los a\u00f1os<\/strong><a href=\"https:\/\/forms.gle\/EGs1EqdzGncBrrrc9\"> https:\/\/forms.gle\/EGs1EqdzGncBrrrc9<\/a><\/p>\n\n\n<div class=\"wp-block-group is-vertical is-layout-flex wp-container-14\">\n\n<p><strong>Profesorado de Teatro&nbsp; Plan 659<\/strong><\/p>\n\n\n<div class=\"wp-block-group is-vertical is-layout-flex wp-container-13\">\n\n<div class=\"wp-block-group is-vertical is-layout-flex wp-container-12\">\n\n<p><strong>1er A\u00f1o:<\/strong> <a href=\"https:\/\/forms.gle\/oxwbDRyMdf2jhW5t7\">https:\/\/forms.gle\/oxwbDRyMdf2jhW5t7<\/a><\/p>\n\n\n<p><strong>2do A\u00f1o: <\/strong><a href=\"https:\/\/forms.gle\/5Aczqxa5NatPnDDR7\">https:\/\/forms.gle\/5Aczqxa5NatPnDDR7<\/a><\/p>\n\n<\/div>\n\n\n<p><strong>4to A\u00f1o:<\/strong> <a href=\"https:\/\/forms.gle\/AuwtW2vvAgpSLMmv9\">https:\/\/forms.gle\/AuwtW2vvAgpSLMmv9<\/a><\/p>\n\n<\/div>\n\n<\/div><\/div>\n\n\n<p><strong>Profesorado Superior de Teatro &#8211; <\/strong>Plan 683<br><strong>Todos los a\u00f1os<\/strong> <a href=\"https:\/\/forms.gle\/K3YwAMQAWpNu4ore6\">https:\/\/forms.gle\/K3YwAMQAWpNu4ore6<\/a><\/p>\n\n\n<p>IMPORTANTE:<\/p>\n\n\n<p><strong>FECHAS de INSCRIPCI\u00d3N A CURSADAS: del lunes 29\/07&nbsp; al viernes 02\/08.<\/strong> <\/p>\n\n\n<p><strong>&#x2705;Record\u00e1 que te llega el comprobante de inscripci\u00f3n al mail. &#x21a9;<\/strong><\/p>\n\n\n<p><strong>&#x2705; Ten\u00e9 en cuenta el r\u00e9gimen de correlatividades seg\u00fan tu plan de estudios.<\/strong><\/p>\n\n\n<p><strong>&#x2705; Una vez transcurrida esta fecha, no podr\u00e1s sumarte a las cursadas. <\/strong><\/p>\n\n\n<p>&#x2705; Ante dudas o inconvenientes con los formularios, por favor comun\u00edcate con tu bedel.<\/p>\n\n\n\n<p><\/p>\n\n\n<p><\/p>\n\n\n\n<p><\/p>\n\n\n\n<p><\/p>\n\n\n\n<p><\/p>\n\n\n\n<p><\/p>\n\n\n\n<p><\/p>\n","protected":false},"excerpt":{"rendered":"<p>29 de julio 2025 2\u00ba cuatrimestre 2025 &#8211; FECHAS de INSCRIPCI\u00d3N A CURSADAS: del 30\/07&nbsp; al 03\/08 Ingresantes a:&#x25b6;Tecnicatura Superior en Actuaci\u00f3n (plan 712)&#x25b6;Tecnicatura Superior en Artes Visuales (plan 769)&#x25b6;Profesorado en Danzas con Orientaci\u00f3n en Danzas Folkl\u00f3ricas (plan 611)&#x25b6;Profesorados Superiores en Artes Visuales: Orientaci\u00f3n Dibujo (plan 679) Orientaci\u00f3n Escultura (plan 680) Orientaci\u00f3n Grabado Arte Impreso &#8230; <a title=\"Inscripci\u00f3n a materias.\" class=\"read-more\" href=\"https:\/\/esba-nqn.infd.edu.ar\/sitio\/inscripcionamaterias\/\" aria-label=\"More on Inscripci\u00f3n a materias.\">[+]<\/a><\/p>\n","protected":false},"author":986,"featured_media":0,"parent":0,"menu_order":0,"comment_status":"closed","ping_status":"closed","template":"","meta":[],"acf":[],"_links":{"self":[{"href":"https:\/\/esba-nqn.infd.edu.ar\/sitio\/wp-json\/wp\/v2\/pages\/1473"}],"collection":[{"href":"https:\/\/esba-nqn.infd.edu.ar\/sitio\/wp-json\/wp\/v2\/pages"}],"about":[{"href":"https:\/\/esba-nqn.infd.edu.ar\/sitio\/wp-json\/wp\/v2\/types\/page"}],"author":[{"embeddable":true,"href":"https:\/\/esba-nqn.infd.edu.ar\/sitio\/wp-json\/wp\/v2\/users\/986"}],"replies":[{"embeddable":true,"href":"https:\/\/esba-nqn.infd.edu.ar\/sitio\/wp-json\/wp\/v2\/comments?post=1473"}],"version-history":[{"count":76,"href":"https:\/\/esba-nqn.infd.edu.ar\/sitio\/wp-json\/wp\/v2\/pages\/1473\/revisions"}],"predecessor-version":[{"id":7373,"href":"https:\/\/esba-nqn.infd.edu.ar\/sitio\/wp-json\/wp\/v2\/pages\/1473\/revisions\/7373"}],"wp:attachment":[{"href":"https:\/\/esba-nqn.infd.edu.ar\/sitio\/wp-json\/wp\/v2\/media?parent=1473"}],"curies":[{"name":"wp","href":"https:\/\/api.w.org\/{rel}","templated":true}]}}