{"id":2186,"date":"2019-02-26T10:25:09","date_gmt":"2019-02-26T13:25:09","guid":{"rendered":"https:\/\/esba-nqn.infd.edu.ar\/sitio\/?page_id=2186"},"modified":"2025-11-17T09:19:37","modified_gmt":"2025-11-17T12:19:37","slug":"matriculacion","status":"publish","type":"page","link":"https:\/\/esba-nqn.infd.edu.ar\/sitio\/matriculacion\/","title":{"rendered":"MATRICULACI\u00d3N 2026"},"content":{"rendered":"<h1>Empez\u00e1 tu carrera art\u00edstica en 2026<\/h1>\n<p>\u00danica oferta p\u00fablica y gratuita de la Provincia de Neuqu\u00e9n para estudiar profesorados y tecnicaturas en Teatro, Folklore y Visuales.\u2028T\u00edtulos oficiales con validez nacional.<\/p>\n<h4><img decoding=\"async\" loading=\"lazy\" class=\"alignnone size-full wp-image-6686\" src=\"https:\/\/esba-nqn.infd.edu.ar\/sitio\/wp-content\/uploads\/2024\/09\/ESBA-MATRICULACIONprint.png\" alt=\"TEATRO FOLKLORE VISUALES\" width=\"425\" height=\"613\" \/><\/h4>\n<h4>\u00a0\u25b5 Teatro<\/h4>\n<h6><a href=\"https:\/\/drive.google.com\/file\/d\/1Adqr6LqL35bZ9qKs-NnkmIkz_YHRcKui\/view?usp=drive_link\">Click aqu\u00ed para ver planes de estudio de Teatro<\/a><\/h6>\n<p><strong>Tecnicatura Superior \u2028en Actuaci\u00f3n<\/strong> &#8211; 3 a\u00f1os<\/p>\n<p><strong>Profesorado de \u2028Teatro<\/strong> &#8211; 4 a\u00f1os<\/p>\n<p><strong>Profesorado Superior\u2028de Teatro<\/strong> &#8211; 5 a\u00f1os<\/p>\n<p>&nbsp;<\/p>\n<h4>\u00a0\u25b5\u00a0Folklore<\/h4>\n<h6><a href=\"https:\/\/drive.google.com\/file\/d\/1EGxyQx0oeD2eiZa1EoMndDi5Eu2noS2D\/view\">Click aqu\u00ed para ver plan de estudio de Folklore\u00a0<\/a><\/h6>\n<p><strong>Profesorado de Danzas con orientaci\u00f3n en Danzas Folkl\u00f3ricas<\/strong> &#8211; 4 a\u00f1os<\/p>\n<h4>\u00a0\u25b5 Visuales<\/h4>\n<h6><a href=\"https:\/\/drive.google.com\/file\/d\/1vtiZ7urQyhpJHEsczQ3_JSn1JJthX21y\/view?usp=drive_link\">Click aqu\u00ed para ver planes de estudio de Visuales<\/a>\u00a0<\/h6>\n<p><strong>Tecnicatura Superior \u2028en Artes Visuales<\/strong> &#8211; 3 a\u00f1os<\/p>\n<p><strong>Profesorado en\u2028Artes Visuales<\/strong> &#8211; 4 a\u00f1os<\/p>\n<p><strong>Profesorado Superior\u2028en Artes Visuales<\/strong> &#8211; 5 a\u00f1os<br \/>orientaci\u00f3n: \u2028Dibujo, Escultura, Grabado Arte Impreso o Pintura<\/p>\n<p>&nbsp;<\/p>\n<p>Para m\u00e1s informaci\u00f3n sobre las carreras: \u00a0<a href=\"https:\/\/esba-nqn.infd.edu.ar\/sitio\/datos-institucionales\/informacion.esba@gmail.com\">informacion.esba@gmail.com<\/a><\/p>\n<p>&nbsp;<\/p>\n<h3><a href=\"https:\/\/esba-nqn.infd.edu.ar\/sitio\/matriculacion-2\/\"><strong>Quiero inscribirme!<\/strong><\/a><\/h3>\n<blockquote class=\"wp-block-quote\">\n<p>&nbsp;<\/p>\n<\/blockquote>\n<figure class=\"wp-block-image size-full\"><\/figure>\n<figure class=\"wp-block-image size-full\"><\/figure>\n<figure class=\"wp-block-image size-full\"><\/figure>\n<figure class=\"wp-block-image size-full\"><\/figure>\n<figure class=\"wp-block-image size-full\"><\/figure>\n","protected":false},"excerpt":{"rendered":"<p>Empez\u00e1 tu carrera art\u00edstica en 2026 \u00danica oferta p\u00fablica y gratuita de la Provincia de Neuqu\u00e9n para estudiar profesorados y tecnicaturas en Teatro, Folklore y Visuales.\u2028T\u00edtulos oficiales con validez nacional. \u00a0\u25b5 Teatro Click aqu\u00ed para ver planes de estudio de Teatro Tecnicatura Superior \u2028en Actuaci\u00f3n &#8211; 3 a\u00f1os Profesorado de \u2028Teatro &#8211; 4 a\u00f1os Profesorado &#8230; <a title=\"MATRICULACI\u00d3N 2026\" class=\"read-more\" href=\"https:\/\/esba-nqn.infd.edu.ar\/sitio\/matriculacion\/\" aria-label=\"More on MATRICULACI\u00d3N 2026\">[+]<\/a><\/p>\n","protected":false},"author":73,"featured_media":0,"parent":0,"menu_order":0,"comment_status":"closed","ping_status":"closed","template":"","meta":[],"acf":[],"_links":{"self":[{"href":"https:\/\/esba-nqn.infd.edu.ar\/sitio\/wp-json\/wp\/v2\/pages\/2186"}],"collection":[{"href":"https:\/\/esba-nqn.infd.edu.ar\/sitio\/wp-json\/wp\/v2\/pages"}],"about":[{"href":"https:\/\/esba-nqn.infd.edu.ar\/sitio\/wp-json\/wp\/v2\/types\/page"}],"author":[{"embeddable":true,"href":"https:\/\/esba-nqn.infd.edu.ar\/sitio\/wp-json\/wp\/v2\/users\/73"}],"replies":[{"embeddable":true,"href":"https:\/\/esba-nqn.infd.edu.ar\/sitio\/wp-json\/wp\/v2\/comments?post=2186"}],"version-history":[{"count":143,"href":"https:\/\/esba-nqn.infd.edu.ar\/sitio\/wp-json\/wp\/v2\/pages\/2186\/revisions"}],"predecessor-version":[{"id":7415,"href":"https:\/\/esba-nqn.infd.edu.ar\/sitio\/wp-json\/wp\/v2\/pages\/2186\/revisions\/7415"}],"wp:attachment":[{"href":"https:\/\/esba-nqn.infd.edu.ar\/sitio\/wp-json\/wp\/v2\/media?parent=2186"}],"curies":[{"name":"wp","href":"https:\/\/api.w.org\/{rel}","templated":true}]}}