{"id":286,"date":"2016-10-31T13:17:59","date_gmt":"2016-10-31T16:17:59","guid":{"rendered":"https:\/\/esba-nqn.infd.edu.ar\/sitio\/?page_id=286"},"modified":"2026-04-01T20:38:59","modified_gmt":"2026-04-01T23:38:59","slug":"inicio","status":"publish","type":"page","link":"https:\/\/esba-nqn.infd.edu.ar\/sitio\/","title":{"rendered":"P\u00e1gina principal"},"content":{"rendered":"\n<div class=\"wp-block-columns are-vertically-aligned-center is-layout-flex wp-container-3\">\n<div class=\"wp-block-column is-vertically-aligned-center is-layout-flow\" style=\"flex-basis:60%\">\n<figure class=\"wp-block-image size-full\"><img decoding=\"async\" loading=\"lazy\" width=\"500\" height=\"137\" src=\"https:\/\/esba-nqn.infd.edu.ar\/sitio\/wp-content\/uploads\/2025\/03\/LOGO-ESBA-SO\u0301LO-LETRAS-01-1-fondo-transparente1.png\" alt=\"\" class=\"wp-image-7176\"\/><\/figure>\n\n\n\n<hr class=\"wp-block-separator has-text-color has-contrast-color has-alpha-channel-opacity has-contrast-background-color has-background is-style-wide\"\/>\n\n\n\n<p><strong>En la Escuela Superior de Bellas Artes se dictan ocho carreras de nivel superior en Artes Visuales, Folklore y Teatro. Adem\u00e1s brindamos recorridos art\u00edsticos pedag\u00f3gicos para infancias y j\u00f3venes adolescentes. Nuestra escuela es una instituci\u00f3n p\u00fablica y gratuita.<\/strong><\/p>\n<\/div>\n\n\n\n<div class=\"wp-block-column is-vertically-aligned-center is-layout-flow\" style=\"flex-basis:40%\"><div class=\"wp-block-image is-style-default\">\n<figure class=\"aligncenter size-full is-resized\"><img decoding=\"async\" loading=\"lazy\" src=\"https:\/\/esba-nqn.infd.edu.ar\/sitio\/wp-content\/uploads\/2023\/10\/LOGO-grande.png\" alt=\"\" class=\"wp-image-5710\" width=\"356\" height=\"356\" srcset=\"https:\/\/esba-nqn.infd.edu.ar\/sitio\/wp-content\/uploads\/2023\/10\/LOGO-grande.png 512w, https:\/\/esba-nqn.infd.edu.ar\/sitio\/wp-content\/uploads\/2023\/10\/LOGO-grande-500x500.png 500w\" sizes=\"(max-width: 356px) 100vw, 356px\" \/><\/figure><\/div><\/div>\n<\/div>\n\n\n\n<figure class=\"wp-block-image size-full is-resized\"><img decoding=\"async\" loading=\"lazy\" src=\"https:\/\/esba-nqn.infd.edu.ar\/sitio\/wp-content\/uploads\/2026\/03\/WhatsApp-Image-2026-03-27-at-4.01.58-PM.jpeg\" alt=\"\" class=\"wp-image-7534\" width=\"553\" height=\"691\" srcset=\"https:\/\/esba-nqn.infd.edu.ar\/sitio\/wp-content\/uploads\/2026\/03\/WhatsApp-Image-2026-03-27-at-4.01.58-PM.jpeg 1080w, https:\/\/esba-nqn.infd.edu.ar\/sitio\/wp-content\/uploads\/2026\/03\/WhatsApp-Image-2026-03-27-at-4.01.58-PM-800x1000.jpeg 800w, https:\/\/esba-nqn.infd.edu.ar\/sitio\/wp-content\/uploads\/2026\/03\/WhatsApp-Image-2026-03-27-at-4.01.58-PM-768x960.jpeg 768w\" sizes=\"(max-width: 553px) 100vw, 553px\" \/><\/figure>\n\n\n\n<p><strong><mark style=\"background-color:rgba(0, 0, 0, 0)\" class=\"has-inline-color has-accent-color\">Si sos estudiante y ten\u00e9s alguna consulta, por favor comunicate con tu bedel\u00eda. Pod\u00e9s encontrar los contactos en:<\/mark><\/strong><br><a href=\"https:\/\/esba-nqn.infd.edu.ar\/sitio\/estudio-en-la-esba\/#bedelias\">https:\/\/esba-nqn.infd.edu.ar\/sitio\/estudio-en-la-esba\/#bedelias<\/a><\/p>\n\n\n\n<p><strong>JORNADA DE INGRESO ARTES VISUALES<\/strong><\/p>\n\n\n\n<p>Las <strong>Jornadas de Ingreso<\/strong> son el primer encuentro con las carreras de Artes Visuales. Buscan que quienes reci\u00e9n comienzan puedan conocer las materias, los espacios de trabajo y la comunidad educativa de la ESBA. Es un momento de bienvenida, de informaci\u00f3n y de encuentro con compa\u00f1eras y compa\u00f1eros de distintas carreras.<\/p>\n\n\n\n<p>Durante estas jornadas se compartir\u00e1 informaci\u00f3n importante sobre la organizaci\u00f3n de la escuela, tr\u00e1mites administrativos y actividades que ayudan a conocerse entre pares. La idea es iniciar un v\u00ednculo que se ir\u00e1 fortaleciendo a lo largo de toda la trayectoria acad\u00e9mica.Y de todo puede pasar posiblemente en los refrigerios.<\/p>\n\n\n\n<p><strong>Fechas<\/strong><\/p>\n\n\n\n<p>Este a\u00f1o, debido a reparaciones en el edificio, feriados y al paro anunciado para el lunes 30, las jornadas se dividir\u00e1n en dos semanas para garantizar el encuentro inicial con cada materia y su docente de primer a\u00f1o.<\/p>\n\n\n\n<ul>\n<li><strong>Primera semana:<\/strong><strong><br><\/strong> Martes 31\/03 y mi\u00e9rcoles 1\/04<\/li>\n\n\n\n<li><strong>Segunda semana:<\/strong><strong><br><\/strong> Lunes 06\/04, jueves 09\/04 y viernes 10\/04<\/li>\n<\/ul>\n\n\n\n<p>Los d\u00edas 7 y 8 de abril habr\u00e1 clases en los horarios habituales, que pueden consultar en la p\u00e1gina de la ESBA:<a href=\"https:\/\/esba-nqn.infd.edu.ar\/sitio\/estudio-en-la-esba\/\"> link<\/a>.<\/p>\n\n\n\n<p><strong>Actividades<\/strong><\/p>\n\n\n\n<p>Adem\u00e1s de las clases, habr\u00e1 espacios para conocer y compartir con ingresantes de otras carreras (Teatro y Folklore) y distintos sectores de la escuela: Gabinete de T\u00e9cnicas de Estudio, Bedel\u00eda, Extensi\u00f3n e Investigaci\u00f3n, Biblioteca y el Centro de Estudiantes.<\/p>\n\n\n\n<p>Materiales solicitados<\/p>\n\n\n\n<p>Para participar de las actividades, se recomienda traer ropa c\u00f3moda que pueda mancharse, delantal o muda de ropa. Algunes profesores pidieron materiales espec\u00edficos:<\/p>\n\n\n\n<p><strong>Profesorado (PAV\/ PSAV)<\/strong><\/p>\n\n\n\n<ul>\n<li><strong>Grabado y Arte Impreso (TT, TM, TN):<\/strong> acr\u00edlico o t\u00e9mpera negra, bandeja de telgopor, cutter, goma espuma, hojas blancas, tijera, l\u00e1piz negro.<\/li>\n\n\n\n<li><strong>Pintura (TN):<\/strong> cinta de papel, acr\u00edlico blanco y negro, recipiente para agua, paleta o bandeja, hojas gruesas (300 g) tama\u00f1o A4, pinceles chatos de cerda natural, pincel redondo, liner o fino, pinceleta.<\/li>\n\n\n\n<li><strong>Seminario de Corporalidad (TT mi\u00e9rcoles, TM y TN martes):<\/strong> ropa c\u00f3moda (preferentemente deportiva), posibilidad de descalzarse, medias antideslizantes recomendadas, cuaderno para anotaciones.<\/li>\n\n\n\n<li><strong>TTP Dibujo y Sistemas de Representaci\u00f3n (TT):<\/strong> una imagen tama\u00f1o A4 que les guste, hojas A4, l\u00e1piz.<\/li>\n<\/ul>\n\n\n\n<p><strong>Tecnicatura (TSAV)<\/strong><\/p>\n\n\n\n<ul>\n<li>&nbsp;Pintura (TN) :Traer 5 ( cinco) objetos de su vida cotidiana de diversas materialidad ( tela, papel, pl\u00e1stico, etc) y de diferentes colores y tama\u00f1os. Tienen que ser objetos que uds utilicen a diario o sean significativos por alguna raz\u00f3n. Cuaderno para anotar, 2 hojas tama\u00f1o A4 blancas para boceto y l\u00e1pices ( negro y de colores)<\/li>\n<\/ul>\n\n\n\n<p>De esta manera, las Jornadas de Ingreso se convierten en un espacio de bienvenida, de encuentro y de inicio de un camino compartido en la ESBA.<\/p>\n\n\n\n<p>PARA VER EL CRONOGRAMA DE LA JORNADA DE INGRESO PODES INGRESAR AC\u00c1: <a href=\"https:\/\/docs.google.com\/document\/d\/1kPxQFNglLv7gV94JctzvCW4Sq33VA89I\/edit\">https:\/\/docs.google.com\/document\/d\/1kPxQFNglLv7gV94JctzvCW4Sq33VA89I\/edit<\/a><\/p>\n\n\n\n<hr class=\"wp-block-separator has-text-color has-contrast-color has-alpha-channel-opacity has-contrast-background-color has-background is-style-wide\"\/>\n\n\n\n<div class=\"wp-block-buttons is-content-justification-center is-layout-flex wp-container-4\">\n<div class=\"wp-block-button\"><a class=\"wp-block-button__link wp-element-button\" href=\"https:\/\/esba-nqn.infd.edu.ar\/sitio\/matriculacion-2\/\">INSCRIPCIONES 2026<\/a><\/div>\n<\/div>\n\n\n\n<hr class=\"wp-block-separator has-text-color has-contrast-color has-alpha-channel-opacity has-contrast-background-color has-background is-style-wide\"\/>\n\n\n\n<div class=\"alignwide\"><div id=\"metaslider-id-5450\" style=\"width: 100%; margin: 0 auto;\" class=\"ml-slider-3-33-0 metaslider metaslider-flex metaslider-5450 ml-slider ms-theme-default\" role=\"region\" aria-roledescription=\"Slideshow\" aria-label=\"Slideshow\">\n    <div id=\"metaslider_container_5450\">\n        <div id=\"metaslider_5450\">\n            <ul aria-live=\"polite\" class=\"slides\">\n                <li style=\"display: block; width: 100%;\" class=\"slide-5609 ms-image\" aria-roledescription=\"slide\" aria-label=\"slide-5609\"><img src=\"https:\/\/esba-nqn.infd.edu.ar\/sitio\/wp-content\/uploads\/2025\/03\/CARRUSEL-dibujos.png\" height=\"350\" width=\"1100\" alt=\"\" class=\"slider-5450 slide-5609\" title=\"CARRUSEL-dibujos\" \/><\/li>\n                <li style=\"display: none; width: 100%;\" class=\"slide-6808 ms-image\" aria-roledescription=\"slide\" aria-label=\"slide-6808\"><img src=\"https:\/\/esba-nqn.infd.edu.ar\/sitio\/wp-content\/uploads\/2024\/09\/esbafertil-1-1100x350.png\" height=\"350\" width=\"1100\" alt=\"\" class=\"slider-5450 slide-6808\" title=\"esbafertil\" \/><\/li>\n                <li style=\"display: none; width: 100%;\" class=\"slide-7172 ms-image\" aria-roledescription=\"slide\" aria-label=\"slide-7172\"><img src=\"https:\/\/esba-nqn.infd.edu.ar\/sitio\/wp-content\/uploads\/2025\/03\/carrusel-64.png\" height=\"350\" width=\"1100\" alt=\"\" class=\"slider-5450 slide-7172\" title=\"carrusel-64\" \/><\/li>\n            <\/ul>\n        <\/div>\n        \n    <\/div>\n<\/div><\/div>\n\n\n\n<hr class=\"wp-block-separator has-text-color has-contrast-color has-alpha-channel-opacity has-contrast-background-color has-background is-style-wide\"\/>\n\n\n\n<h2 class=\"wp-block-heading has-text-align-center has-x-large-font-size\">Nuestras <strong>CARRERAS<\/strong> &#8211; Nivel Superior<\/h2>\n\n\n\n<div class=\"wp-block-columns is-layout-flex wp-container-8\">\n<div class=\"wp-block-column is-layout-flow\"><div class=\"wp-block-image\">\n<figure class=\"aligncenter size-full\"><a href=\"https:\/\/esba-nqn.infd.edu.ar\/sitio\/artes-visuales\/\"><img decoding=\"async\" loading=\"lazy\" width=\"250\" height=\"300\" src=\"https:\/\/esba-nqn.infd.edu.ar\/sitio\/wp-content\/uploads\/2024\/09\/AV_Boton.png\" alt=\"\" class=\"wp-image-6844\"\/><\/a><\/figure><\/div><\/div>\n\n\n\n<div class=\"wp-block-column is-layout-flow\"><div class=\"wp-block-image\">\n<figure class=\"aligncenter size-full\"><a href=\"https:\/\/esba-nqn.infd.edu.ar\/sitio\/teatro\/\"><img decoding=\"async\" loading=\"lazy\" width=\"250\" height=\"300\" src=\"https:\/\/esba-nqn.infd.edu.ar\/sitio\/wp-content\/uploads\/2025\/03\/T_Boton1.png\" alt=\"\" class=\"wp-image-7162\"\/><\/a><\/figure><\/div><\/div>\n\n\n\n<div class=\"wp-block-column is-layout-flow\"><div class=\"wp-block-image\">\n<figure class=\"aligncenter size-full\"><a href=\"https:\/\/esba-nqn.infd.edu.ar\/sitio\/folklore\/\"><img decoding=\"async\" loading=\"lazy\" width=\"250\" height=\"300\" src=\"https:\/\/esba-nqn.infd.edu.ar\/sitio\/wp-content\/uploads\/2024\/09\/F_Boton.png\" alt=\"\" class=\"wp-image-6846\"\/><\/a><\/figure><\/div><\/div>\n<\/div>\n\n\n\n<hr class=\"wp-block-separator has-text-color has-contrast-color has-alpha-channel-opacity has-contrast-background-color has-background is-style-wide\"\/>\n\n\n\n<h2 class=\"wp-block-heading has-text-align-center has-x-large-font-size\"><strong>TALLERES<\/strong> y ACTIVIDADES<\/h2>\n\n\n\n<div class=\"wp-block-columns is-layout-flex wp-container-13\">\n<div class=\"wp-block-column is-layout-flow\"><div class=\"wp-block-image\">\n<figure class=\"aligncenter size-full\"><a href=\"https:\/\/esba-nqn.infd.edu.ar\/sitio\/ninas-y-ninos\/\"><img decoding=\"async\" loading=\"lazy\" width=\"250\" height=\"300\" src=\"https:\/\/esba-nqn.infd.edu.ar\/sitio\/wp-content\/uploads\/2025\/11\/CEA_Boton.png\" alt=\"\" class=\"wp-image-7452\"\/><\/a><\/figure><\/div><\/div>\n\n\n\n<div class=\"wp-block-column is-layout-flow\"><div class=\"wp-block-image\">\n<figure class=\"aligncenter size-full\"><a href=\"https:\/\/esba-nqn.infd.edu.ar\/sitio\/adolescentes\/\"><img decoding=\"async\" loading=\"lazy\" width=\"250\" height=\"300\" src=\"https:\/\/esba-nqn.infd.edu.ar\/sitio\/wp-content\/uploads\/2025\/02\/TOD_Boton.png\" alt=\"\" class=\"wp-image-7016\"\/><\/a><\/figure><\/div><\/div>\n\n\n\n<div class=\"wp-block-column is-layout-flow\"><div class=\"wp-block-image\">\n<figure class=\"aligncenter size-full\"><a href=\"https:\/\/esba-nqn.infd.edu.ar\/sitio\/comunidad\/\"><img decoding=\"async\" loading=\"lazy\" width=\"250\" height=\"300\" src=\"https:\/\/esba-nqn.infd.edu.ar\/sitio\/wp-content\/uploads\/2025\/02\/TALLERES_Boton.png\" alt=\"\" class=\"wp-image-7017\"\/><\/a><\/figure><\/div><\/div>\n\n\n\n<div class=\"wp-block-column is-layout-flow\"><div class=\"wp-block-image\">\n<figure class=\"aligncenter size-full\"><a href=\"https:\/\/esba-nqn.infd.edu.ar\/sitio\/elenco-escuela\/\"><img decoding=\"async\" loading=\"lazy\" width=\"250\" height=\"300\" src=\"https:\/\/esba-nqn.infd.edu.ar\/sitio\/wp-content\/uploads\/2024\/10\/ELENCO_Boton-1.png\" alt=\"\" class=\"wp-image-6895\"\/><\/a><\/figure><\/div><\/div>\n<\/div>\n\n\n\n<hr class=\"wp-block-separator has-text-color has-contrast-color has-alpha-channel-opacity has-contrast-background-color has-background is-style-wide\"\/>\n\n\n\n<figure class=\"wp-block-image size-full\"><a href=\"https:\/\/esba-nqn.infd.edu.ar\/sitio\/docentes\/\"><img decoding=\"async\" loading=\"lazy\" width=\"1080\" height=\"121\" src=\"https:\/\/esba-nqn.infd.edu.ar\/sitio\/wp-content\/uploads\/2025\/11\/EXTINV_header_pagprincipal.png\" alt=\"\" class=\"wp-image-7425\" srcset=\"https:\/\/esba-nqn.infd.edu.ar\/sitio\/wp-content\/uploads\/2025\/11\/EXTINV_header_pagprincipal.png 1080w, https:\/\/esba-nqn.infd.edu.ar\/sitio\/wp-content\/uploads\/2025\/11\/EXTINV_header_pagprincipal-1000x112.png 1000w, https:\/\/esba-nqn.infd.edu.ar\/sitio\/wp-content\/uploads\/2025\/11\/EXTINV_header_pagprincipal-768x86.png 768w\" sizes=\"(max-width: 1080px) 100vw, 1080px\" \/><\/a><\/figure>\n\n\n\n<hr class=\"wp-block-separator has-text-color has-contrast-color has-alpha-channel-opacity has-contrast-background-color has-background is-style-wide\"\/>\n\n\n\n<div class=\"wp-block-columns is-layout-flex wp-container-17\">\n<div class=\"wp-block-column is-vertically-aligned-center is-layout-flow\"><div class=\"wp-block-image\">\n<figure class=\"aligncenter size-full\"><img decoding=\"async\" loading=\"lazy\" width=\"500\" height=\"137\" src=\"https:\/\/esba-nqn.infd.edu.ar\/sitio\/wp-content\/uploads\/2025\/03\/LOGO-ESBA-SO\u0301LO-LETRAS-01-1-fondo-transparente1.png\" alt=\"\" class=\"wp-image-7176\"\/><\/figure><\/div>\n\n\n<ul class=\"wp-block-social-links is-content-justification-center is-layout-flex wp-container-14\"><li class=\"wp-social-link wp-social-link-facebook wp-block-social-link\"><a href=\"https:\/\/www.facebook.com\/esba.nqn\/\" class=\"wp-block-social-link-anchor\"><svg width=\"24\" height=\"24\" viewBox=\"0 0 24 24\" version=\"1.1\" xmlns=\"http:\/\/www.w3.org\/2000\/svg\" aria-hidden=\"true\" focusable=\"false\"><path d=\"M12 2C6.5 2 2 6.5 2 12c0 5 3.7 9.1 8.4 9.9v-7H7.9V12h2.5V9.8c0-2.5 1.5-3.9 3.8-3.9 1.1 0 2.2.2 2.2.2v2.5h-1.3c-1.2 0-1.6.8-1.6 1.6V12h2.8l-.4 2.9h-2.3v7C18.3 21.1 22 17 22 12c0-5.5-4.5-10-10-10z\"><\/path><\/svg><span class=\"wp-block-social-link-label screen-reader-text\">Facebook<\/span><\/a><\/li>\n\n<li class=\"wp-social-link wp-social-link-instagram wp-block-social-link\"><a href=\"https:\/\/www.instagram.com\/esba.nqn\/\" class=\"wp-block-social-link-anchor\"><svg width=\"24\" height=\"24\" viewBox=\"0 0 24 24\" version=\"1.1\" xmlns=\"http:\/\/www.w3.org\/2000\/svg\" aria-hidden=\"true\" focusable=\"false\"><path d=\"M12,4.622c2.403,0,2.688,0.009,3.637,0.052c0.877,0.04,1.354,0.187,1.671,0.31c0.42,0.163,0.72,0.358,1.035,0.673 c0.315,0.315,0.51,0.615,0.673,1.035c0.123,0.317,0.27,0.794,0.31,1.671c0.043,0.949,0.052,1.234,0.052,3.637 s-0.009,2.688-0.052,3.637c-0.04,0.877-0.187,1.354-0.31,1.671c-0.163,0.42-0.358,0.72-0.673,1.035 c-0.315,0.315-0.615,0.51-1.035,0.673c-0.317,0.123-0.794,0.27-1.671,0.31c-0.949,0.043-1.233,0.052-3.637,0.052 s-2.688-0.009-3.637-0.052c-0.877-0.04-1.354-0.187-1.671-0.31c-0.42-0.163-0.72-0.358-1.035-0.673 c-0.315-0.315-0.51-0.615-0.673-1.035c-0.123-0.317-0.27-0.794-0.31-1.671C4.631,14.688,4.622,14.403,4.622,12 s0.009-2.688,0.052-3.637c0.04-0.877,0.187-1.354,0.31-1.671c0.163-0.42,0.358-0.72,0.673-1.035 c0.315-0.315,0.615-0.51,1.035-0.673c0.317-0.123,0.794-0.27,1.671-0.31C9.312,4.631,9.597,4.622,12,4.622 M12,3 C9.556,3,9.249,3.01,8.289,3.054C7.331,3.098,6.677,3.25,6.105,3.472C5.513,3.702,5.011,4.01,4.511,4.511 c-0.5,0.5-0.808,1.002-1.038,1.594C3.25,6.677,3.098,7.331,3.054,8.289C3.01,9.249,3,9.556,3,12c0,2.444,0.01,2.751,0.054,3.711 c0.044,0.958,0.196,1.612,0.418,2.185c0.23,0.592,0.538,1.094,1.038,1.594c0.5,0.5,1.002,0.808,1.594,1.038 c0.572,0.222,1.227,0.375,2.185,0.418C9.249,20.99,9.556,21,12,21s2.751-0.01,3.711-0.054c0.958-0.044,1.612-0.196,2.185-0.418 c0.592-0.23,1.094-0.538,1.594-1.038c0.5-0.5,0.808-1.002,1.038-1.594c0.222-0.572,0.375-1.227,0.418-2.185 C20.99,14.751,21,14.444,21,12s-0.01-2.751-0.054-3.711c-0.044-0.958-0.196-1.612-0.418-2.185c-0.23-0.592-0.538-1.094-1.038-1.594 c-0.5-0.5-1.002-0.808-1.594-1.038c-0.572-0.222-1.227-0.375-2.185-0.418C14.751,3.01,14.444,3,12,3L12,3z M12,7.378 c-2.552,0-4.622,2.069-4.622,4.622S9.448,16.622,12,16.622s4.622-2.069,4.622-4.622S14.552,7.378,12,7.378z M12,15 c-1.657,0-3-1.343-3-3s1.343-3,3-3s3,1.343,3,3S13.657,15,12,15z M16.804,6.116c-0.596,0-1.08,0.484-1.08,1.08 s0.484,1.08,1.08,1.08c0.596,0,1.08-0.484,1.08-1.08S17.401,6.116,16.804,6.116z\"><\/path><\/svg><span class=\"wp-block-social-link-label screen-reader-text\">Instagram<\/span><\/a><\/li>\n\n<li class=\"wp-social-link wp-social-link-mail wp-block-social-link\"><a href=\"mailto:informacion.esba@gmail.com\" class=\"wp-block-social-link-anchor\"><svg width=\"24\" height=\"24\" viewBox=\"0 0 24 24\" version=\"1.1\" xmlns=\"http:\/\/www.w3.org\/2000\/svg\" aria-hidden=\"true\" focusable=\"false\"><path d=\"M20,4H4C2.895,4,2,4.895,2,6v12c0,1.105,0.895,2,2,2h16c1.105,0,2-0.895,2-2V6C22,4.895,21.105,4,20,4z M20,8.236l-8,4.882 L4,8.236V6h16V8.236z\"><\/path><\/svg><span class=\"wp-block-social-link-label screen-reader-text\">Mail<\/span><\/a><\/li><\/ul>\n<\/div>\n\n\n\n<div class=\"wp-block-column is-vertically-aligned-center is-layout-flow\">\n<p class=\"has-text-align-center has-small-font-size\"><strong>Direcci\u00f3n<\/strong>: Lan\u00edn 1947. Neuqu\u00e9n Capital.<br><strong>Horario de atenci\u00f3n<\/strong>: 8 a 24 hs.<br><strong>Tel\u00e9fono<\/strong>: (0299) 443-4369<br><strong>Correo electr\u00f3nico<\/strong>:&nbsp;informacion.esba@gmail.com<\/p>\n\n\n<div class=\"wp-block-image\">\n<figure class=\"aligncenter size-full is-resized\"><a href=\"https:\/\/esba-nqn.infd.edu.ar\/sitio\/gestion-de-la-institucion\/\"><img decoding=\"async\" loading=\"lazy\" src=\"https:\/\/esba-nqn.infd.edu.ar\/sitio\/wp-content\/uploads\/2024\/04\/GESTION_Boton-1.png\" alt=\"\" class=\"wp-image-6165\" width=\"300\" height=\"40\"\/><\/a><\/figure><\/div>\n\n\n<p><\/p>\n\n\n<div class=\"wp-block-image\">\n<figure class=\"aligncenter size-full\"><a href=\"https:\/\/esba-nqn.infd.edu.ar\/aula\/\"><img decoding=\"async\" loading=\"lazy\" width=\"300\" height=\"40\" src=\"https:\/\/esba-nqn.infd.edu.ar\/sitio\/wp-content\/uploads\/2025\/03\/AULAS_Boton.png\" alt=\"\" class=\"wp-image-7199\"\/><\/a><\/figure><\/div><\/div>\n<\/div>\n\n\n\n<div class=\"wp-block-columns is-layout-flex wp-container-20\">\n<div class=\"wp-block-column is-layout-flow\" style=\"flex-basis:50%\">\n<figure class=\"wp-block-image size-full\"><a href=\"https:\/\/esba-nqn.infd.edu.ar\/sitio\/trabajo-en-la-esba\/\"><img decoding=\"async\" loading=\"lazy\" width=\"500\" height=\"100\" src=\"https:\/\/esba-nqn.infd.edu.ar\/sitio\/wp-content\/uploads\/2024\/04\/TRABAJO_Boton-2.png\" alt=\"\" class=\"wp-image-6163\"\/><\/a><\/figure>\n<\/div>\n\n\n\n<div class=\"wp-block-column is-layout-flow\" style=\"flex-basis:50%\">\n<figure class=\"wp-block-image size-full\"><a href=\"https:\/\/esba-nqn.infd.edu.ar\/sitio\/estudio-en-la-esba\/\"><img decoding=\"async\" loading=\"lazy\" width=\"500\" height=\"100\" src=\"https:\/\/esba-nqn.infd.edu.ar\/sitio\/wp-content\/uploads\/2024\/04\/ESTUDIO_Boton-2.png\" alt=\"\" class=\"wp-image-6164\"\/><\/a><\/figure>\n<\/div>\n<\/div>\n\n\n\n<hr class=\"wp-block-separator has-text-color has-contrast-color has-alpha-channel-opacity has-contrast-background-color has-background is-style-wide\"\/>\n\n\n\n<div class=\"wp-block-buttons is-content-justification-center is-layout-flex wp-container-21\">\n<div class=\"wp-block-button has-custom-font-size has-small-font-size\" style=\"font-style:normal;font-weight:700\"><a class=\"wp-block-button__link has-text-color has-background wp-element-button\" href=\"https:\/\/esba-nqn.infd.edu.ar\/sitio\/pagina-principal-anterior\/\" style=\"border-radius:8px;color:#f5f4eb;background-color:#525a6b\">Visitar la p\u00e1gina antigua de la ESBA<\/a><\/div>\n<\/div>\n","protected":false},"excerpt":{"rendered":"<p>En la Escuela Superior de Bellas Artes se dictan ocho carreras de nivel superior en Artes Visuales, Folklore y Teatro. Adem\u00e1s brindamos recorridos art\u00edsticos pedag\u00f3gicos para infancias y j\u00f3venes adolescentes. Nuestra escuela es una instituci\u00f3n p\u00fablica y gratuita. Si sos estudiante y ten\u00e9s alguna consulta, por favor comunicate con tu bedel\u00eda. Pod\u00e9s encontrar los contactos &#8230; <a title=\"P\u00e1gina principal\" class=\"read-more\" href=\"https:\/\/esba-nqn.infd.edu.ar\/sitio\/\" aria-label=\"More on P\u00e1gina principal\">[+]<\/a><\/p>\n","protected":false},"author":2644,"featured_media":0,"parent":0,"menu_order":0,"comment_status":"closed","ping_status":"closed","template":"","meta":[],"acf":[],"_links":{"self":[{"href":"https:\/\/esba-nqn.infd.edu.ar\/sitio\/wp-json\/wp\/v2\/pages\/286"}],"collection":[{"href":"https:\/\/esba-nqn.infd.edu.ar\/sitio\/wp-json\/wp\/v2\/pages"}],"about":[{"href":"https:\/\/esba-nqn.infd.edu.ar\/sitio\/wp-json\/wp\/v2\/types\/page"}],"author":[{"embeddable":true,"href":"https:\/\/esba-nqn.infd.edu.ar\/sitio\/wp-json\/wp\/v2\/users\/2644"}],"replies":[{"embeddable":true,"href":"https:\/\/esba-nqn.infd.edu.ar\/sitio\/wp-json\/wp\/v2\/comments?post=286"}],"version-history":[{"count":689,"href":"https:\/\/esba-nqn.infd.edu.ar\/sitio\/wp-json\/wp\/v2\/pages\/286\/revisions"}],"predecessor-version":[{"id":7537,"href":"https:\/\/esba-nqn.infd.edu.ar\/sitio\/wp-json\/wp\/v2\/pages\/286\/revisions\/7537"}],"wp:attachment":[{"href":"https:\/\/esba-nqn.infd.edu.ar\/sitio\/wp-json\/wp\/v2\/media?parent=286"}],"curies":[{"name":"wp","href":"https:\/\/api.w.org\/{rel}","templated":true}]}}