{"id":3166,"date":"2020-05-19T16:08:42","date_gmt":"2020-05-19T19:08:42","guid":{"rendered":"https:\/\/esba-nqn.infd.edu.ar\/sitio\/?page_id=3166"},"modified":"2020-06-01T19:58:42","modified_gmt":"2020-06-01T22:58:42","slug":"como-usar-el-aula-virtual-estudiantes","status":"publish","type":"page","link":"https:\/\/esba-nqn.infd.edu.ar\/sitio\/como-usar-el-aula-virtual-estudiantes\/","title":{"rendered":"C\u00f3mo usar el Aula Virtual &#8211; Estudiantes"},"content":{"rendered":"<h1><span style=\"color: #8d1fe0;\">Acompa\u00f1amiento a estudiantes de la ESBA: tics y aulas virtuales\u00a0 en tiempos de pandemia y aislamiento social<\/span><\/h1>\n<p><span style=\"font-weight: 400;\"><img decoding=\"async\" loading=\"lazy\" class=\"wp-image-3189 alignleft\" src=\"https:\/\/esba-nqn.infd.edu.ar\/sitio\/wp-content\/uploads\/2020\/05\/flyer-estudiantes-y-tics-esba-01-1000x895.jpg\" alt=\"\" width=\"425\" height=\"380\" srcset=\"https:\/\/esba-nqn.infd.edu.ar\/sitio\/wp-content\/uploads\/2020\/05\/flyer-estudiantes-y-tics-esba-01-1000x895.jpg 1000w, https:\/\/esba-nqn.infd.edu.ar\/sitio\/wp-content\/uploads\/2020\/05\/flyer-estudiantes-y-tics-esba-01-768x688.jpg 768w, https:\/\/esba-nqn.infd.edu.ar\/sitio\/wp-content\/uploads\/2020\/05\/flyer-estudiantes-y-tics-esba-01-1900x1701.jpg 1900w\" sizes=\"(max-width: 425px) 100vw, 425px\" \/>Este proyecto naci\u00f3 de manera espont\u00e1nea entre docentes que comenzamos a gestionar espacios de intercambios en torno al uso del aula virtual. Vimos en estos encuentros la posibilidad de tomar, ante el dif\u00edcil contexto en el que nos encontramos, una oportunidad para aprender y para ofrecer a nuestras\/os estudiantes un acompa\u00f1amiento para que conozcan y se apropien del entorno did\u00e1ctico virtual que ofrece la plataforma educativa.<\/span><\/p>\n<p><span style=\"font-weight: 400;\">Fue as\u00ed que surgi\u00f3 la presente propuesta pedag\u00f3gica que busca revalorizar la plataforma virtual como un recurso did\u00e1ctico que poseen todos los Institutos de Formaci\u00f3n Docente. <\/span><span style=\"font-weight: 400;\">Creemos importante que las pol\u00edticas educativas sostengan estas posibilidades virtuales al permitir el acceso a internet y\/o la liberaci\u00f3n de datos de las compa\u00f1\u00edas celulares para quienes integren los IFDs y los distintos niveles educativos.\u00a0<\/span><\/p>\n<p><span style=\"font-weight: 400;\">Consideramos, tambi\u00e9n, que es un momento de crisis general que nos invita a repensar cuestiones esenciales de la educaci\u00f3n y del ser docentes y estudiantes en tiempos de pandemia y aislamiento social. Y, en funci\u00f3n de ello, buscar estrategias para vincularnos desde los recursos digitales que tenemos. Por tanto, conocer el instrumento es una necesidad, as\u00ed como repensar las pr\u00e1cticas educativas que lo vuelvan significativo en este contexto. Necesitamos, para ello, saber las realidades de estudiantes y construir en conjunto las posibilidades.<\/span><\/p>\n<p><span style=\"font-weight: 400;\">Es importante que ante cualquier dificultad de acceso a las aulas virtuales, sea por cuestiones con la clave, por los miedos antes el uso de recursos digitales o por la falta de pr\u00e1ctica en este espacio que lleva a no comprender la organizaci\u00f3n del mismo, se comuniquen para dise\u00f1ar acompa\u00f1amientos que contribuyan a la apropiaci\u00f3n de este entorno virtual. Dicho en otras palabras, despejar\u00a0 las dificultades de acceso al aula virtual es un trabajo importante y, luego, aprender a desplazarse y vincularse con ese medio y desde ese medio.<\/span><\/p>\n<p><span style=\"font-weight: 400;\">La plataforma educativa que poseemos est\u00e1 pensada para propiciar la relaci\u00f3n pedag\u00f3gica, pero somos las personas -docentes y estudiantes- quienes les damos sentido y quienes hoy necesitamos apropiarnos de un espacio que tambi\u00e9n es nuestro.\u00a0<\/span><\/p>\n<p><span style=\"font-weight: 400;\">Queremos destacar que en esta labor conjunta contamos con el soporte de los y las compa\u00f1eros\/as del equipo tics.\u00a0<\/span><\/p>\n<p><span style=\"font-weight: 400;\"><span style=\"color: #8d1fe0;\"><strong>Si necesit\u00e1s acompa\u00f1amiento para ser parte del Campus Virtual, te invitamos a completar la siguiente encuesta:<\/strong><\/span>\u00a0<a href=\"https:\/\/forms.gle\/KsZLSfRDCBV5FA5W8\">https:\/\/forms.gle\/KsZLSfRDCBV5FA5W8<\/a><\/span><\/p>\n<p><em><span style=\"font-weight: 400;\">Profesoras:\u00a0 Ayel\u00e9n Sep\u00falveda &#8211; Lorena Mart\u00edn &#8211; Jorgelina Dell Acqua &#8211; Cintia Valenzuela<\/span><\/em><\/p>\n<h4><span style=\"color: #8d1fe0;\">&gt;&gt;&gt;&gt;&gt;&gt;&gt;&gt;&gt;&gt;&gt;&gt;&gt;&gt;&gt;&gt;&gt;<\/span><\/h4>\n<h6>Publicado: 01-06-2020<\/h6>\n<p>Dejamos un tutorial para conocer el campus y las aulas virtuales de nuestra plataforma:<\/p>\n<p><iframe loading=\"lazy\" width=\"1200\" height=\"675\" src=\"https:\/\/www.youtube.com\/embed\/dogx10i4HiY?start=9&#038;feature=oembed\" frameborder=\"0\" allow=\"accelerometer; autoplay; encrypted-media; gyroscope; picture-in-picture\" allowfullscreen><\/iframe><\/p>\n<h4><span style=\"color: #8d1fe0;\">&gt;&gt;&gt;&gt;&gt;&gt;&gt;&gt;&gt;&gt;&gt;&gt;&gt;&gt;&gt;&gt;&gt;<\/span><\/h4>\n<h6>Publicado: 28-05-2020<\/h6>\n<p>Dejamos un tutorial para aprender a capturar pantallas:<\/p>\n<p><iframe loading=\"lazy\" width=\"1200\" height=\"675\" src=\"https:\/\/www.youtube.com\/embed\/Qbw37Kl1BPU?start=280&#038;feature=oembed\" frameborder=\"0\" allow=\"accelerometer; autoplay; encrypted-media; gyroscope; picture-in-picture\" allowfullscreen><\/iframe><\/p>\n<h4><span style=\"color: #8d1fe0;\">&gt;&gt;&gt;&gt;&gt;&gt;&gt;&gt;&gt;&gt;&gt;&gt;&gt;&gt;&gt;&gt;&gt;<\/span><\/h4>\n<h6>Publicado: 22-05-2020<\/h6>\n<p>Dejamos el manual de usuario para las aulas virtuales:<\/p>\n<p><a href=\"https:\/\/manuales.educativa.com\/estable\/open\/aula\/front\/es\/html\/Introduccion.html\">https:\/\/manuales.educativa.com\/estable\/open\/aula\/front\/es\/html\/Introduccion.html<\/a><\/p>\n<p>&nbsp;<\/p>\n","protected":false},"excerpt":{"rendered":"<p>Acompa\u00f1amiento a estudiantes de la ESBA: tics y aulas virtuales\u00a0 en tiempos de pandemia y aislamiento social Este proyecto naci\u00f3 de manera espont\u00e1nea entre docentes que comenzamos a gestionar espacios de intercambios en torno al uso del aula virtual. Vimos en estos encuentros la posibilidad de tomar, ante el dif\u00edcil contexto en el que nos &#8230; <a title=\"C\u00f3mo usar el Aula Virtual &#8211; Estudiantes\" class=\"read-more\" href=\"https:\/\/esba-nqn.infd.edu.ar\/sitio\/como-usar-el-aula-virtual-estudiantes\/\" aria-label=\"More on C\u00f3mo usar el Aula Virtual &#8211; Estudiantes\">[+]<\/a><\/p>\n","protected":false},"author":73,"featured_media":0,"parent":0,"menu_order":0,"comment_status":"closed","ping_status":"closed","template":"","meta":[],"acf":[],"_links":{"self":[{"href":"https:\/\/esba-nqn.infd.edu.ar\/sitio\/wp-json\/wp\/v2\/pages\/3166"}],"collection":[{"href":"https:\/\/esba-nqn.infd.edu.ar\/sitio\/wp-json\/wp\/v2\/pages"}],"about":[{"href":"https:\/\/esba-nqn.infd.edu.ar\/sitio\/wp-json\/wp\/v2\/types\/page"}],"author":[{"embeddable":true,"href":"https:\/\/esba-nqn.infd.edu.ar\/sitio\/wp-json\/wp\/v2\/users\/73"}],"replies":[{"embeddable":true,"href":"https:\/\/esba-nqn.infd.edu.ar\/sitio\/wp-json\/wp\/v2\/comments?post=3166"}],"version-history":[{"count":5,"href":"https:\/\/esba-nqn.infd.edu.ar\/sitio\/wp-json\/wp\/v2\/pages\/3166\/revisions"}],"predecessor-version":[{"id":3202,"href":"https:\/\/esba-nqn.infd.edu.ar\/sitio\/wp-json\/wp\/v2\/pages\/3166\/revisions\/3202"}],"wp:attachment":[{"href":"https:\/\/esba-nqn.infd.edu.ar\/sitio\/wp-json\/wp\/v2\/media?parent=3166"}],"curies":[{"name":"wp","href":"https:\/\/api.w.org\/{rel}","templated":true}]}}