{"id":3168,"date":"2020-05-19T16:09:17","date_gmt":"2020-05-19T19:09:17","guid":{"rendered":"https:\/\/esba-nqn.infd.edu.ar\/sitio\/?page_id=3168"},"modified":"2020-05-29T23:48:24","modified_gmt":"2020-05-30T02:48:24","slug":"como-usar-el-aula-virtual-docentes","status":"publish","type":"page","link":"https:\/\/esba-nqn.infd.edu.ar\/sitio\/como-usar-el-aula-virtual-docentes\/","title":{"rendered":"C\u00f3mo usar el Aula Virtual &#8211; Docentes"},"content":{"rendered":"<h1><span style=\"color: #26c776;\">Acompa\u00f1amiento entre docentes de la ESBA: tics, aulas virtuales e intercambios did\u00e1cticos en tiempos de pandemia y aislamiento social<\/span><\/h1>\n<p><span style=\"font-weight: 400;\"><img decoding=\"async\" loading=\"lazy\" class=\"wp-image-3187 alignleft\" src=\"https:\/\/esba-nqn.infd.edu.ar\/sitio\/wp-content\/uploads\/2020\/05\/Flyer-Borrador-2-707x1000.jpg\" alt=\"\" width=\"279\" height=\"395\" srcset=\"https:\/\/esba-nqn.infd.edu.ar\/sitio\/wp-content\/uploads\/2020\/05\/Flyer-Borrador-2-707x1000.jpg 707w, https:\/\/esba-nqn.infd.edu.ar\/sitio\/wp-content\/uploads\/2020\/05\/Flyer-Borrador-2-768x1086.jpg 768w, https:\/\/esba-nqn.infd.edu.ar\/sitio\/wp-content\/uploads\/2020\/05\/Flyer-Borrador-2-1343x1900.jpg 1343w\" sizes=\"(max-width: 279px) 100vw, 279px\" \/>Este proyecto naci\u00f3 de manera espont\u00e1nea entre docentes que comenzamos a gestionar espacios de intercambios en torno al uso del aula virtual. Vimos en estos encuentros la posibilidad de tomar, ante el dif\u00edcil contexto en el que nos encontramos, una oportunidad para aprender y para ofrecer a nuestras\/os estudiantes un entorno did\u00e1ctico virtual.<\/span><\/p>\n<p><span style=\"font-weight: 400;\">Fue as\u00ed que surgi\u00f3 la presente propuesta pedag\u00f3gica, que se estructura en propiciar dos espacios: uno de acompa\u00f1amiento para docentes y otro de acompa\u00f1amiento para estudiantes. Se trata, entonces, de revalorizar la plataforma virtual, que es un recurso did\u00e1ctico que poseen todos los Institutos de Formaci\u00f3n Docente. <\/span><span style=\"font-weight: 400;\">Creemos importante que estas iniciativas sean sostenidas por pol\u00edticas educativas que permitan el acceso a internet y\/o la liberaci\u00f3n de datos de las compa\u00f1\u00edas celulares para quienes integren los IFDs y los distintos niveles educativos.\u00a0<\/span><\/p>\n<p><span style=\"font-weight: 400;\">Consideramos tambi\u00e9n, que es un momento de crisis general que nos invita a repensar cuestiones esenciales de la educaci\u00f3n y del ser docentes y estudiantes en tiempos de pandemia Y en funci\u00f3n de ello, buscar estrategias para vincularnos desde los recursos digitales que tenemos. Por tanto, conocer el instrumento es una necesidad, as\u00ed como repensar las pr\u00e1cticas educativas que lo vuelvan significativo en este contexto. Necesitamos, para ello, saber las realidades de colegas y estudiantes y construir en conjunto las posibilidades. Esto se ver\u00e1 con quienes quieran participar y con cada aporte de quien integre los grupos. En principio, despejar\u00a0 las dificultades de acceso al aula virtual es un trabajo importante y, luego, aprender a desplazarnos y vincularnos con ese medio y desde ese medio.<\/span><\/p>\n<p><span style=\"font-weight: 400;\">La plataforma educativa que poseemos est\u00e1 pensada para propiciar la relaci\u00f3n pedag\u00f3gica, pero somos las personas -docentes y estudiantes- quienes les damos sentido y quienes hoy necesitamos apropiarnos de un espacio que tambi\u00e9n es nuestro.\u00a0<\/span><\/p>\n<p><span style=\"font-weight: 400;\">Queremos destacar que en esta labor conjunta contamos con el soporte de los y las compa\u00f1eros\/as del equipo tics.\u00a0<\/span><\/p>\n<p><span style=\"font-weight: 400;\"><strong><span style=\"color: #16c76b;\">Si est\u00e1s interesada\/o en la propuesta, te invitamos a completar la siguiente encuesta:<\/span><\/strong>\u00a0<a href=\"https:\/\/forms.gle\/cPEKu4E4Njarn8kJA\">https:\/\/forms.gle\/cPEKu4E4Njarn8kJA\u00a0<\/a><\/span><\/p>\n<p><em><span style=\"font-weight: 400;\">Profesoras:\u00a0 Ayel\u00e9n Sep\u00falveda &#8211; Lorena Mart\u00edn &#8211; Jorgelina Dell Acqua &#8211; Cintia Valenzuela<\/span><\/em><\/p>\n<p>. Si te interesa participar de nuestros encuentros escrib\u00ed un mail a: docentesyticsesba@gmail.com<\/p>\n<h6><strong><span style=\"color: #26c776;\">&gt;&gt;&gt;&gt;&gt;&gt;&gt;&gt;&gt;&gt;&gt;&gt;&gt;&gt;&gt;&gt;&gt;<\/span><\/strong><\/h6>\n<h6>Publicado 29-05-2020<\/h6>\n<p><span style=\"color: #11bf68;\">Conferencias y videos interesantes para pensarnos en los momentos que corren:<\/span><\/p>\n<ul>\n<li>Ciclo de Conferencias 2020, con Rebeca Anijovich. FUENTE: Profesorado Instituto del Rosario<\/li>\n<\/ul>\n<p style=\"padding-left: 60px;\"><a href=\"https:\/\/www.youtube.com\/watch?v=JQ-OycDX1O4\">https:\/\/www.youtube.com\/watch?v=JQ-OycDX1O4<\/a><\/p>\n<ul>\n<li>Charla en vivo con Liliana Sanjurjo. FUENTE: INSTAGRAM pedagogiasclandestinas<\/li>\n<\/ul>\n<p style=\"padding-left: 60px;\"><a href=\"https:\/\/www.instagram.com\/tv\/CAOXoALAi44\/?igshid=1446c1n8vfr99\">https:\/\/www.instagram.com\/tv\/CAOXoALAi44\/?igshid=1446c1n8vfr99<\/a><\/p>\n<ul>\n<li>16 minutos para pensar la evaluaci\u00f3n formativa con Pedro Ravela. FUENTE: PANORAMA. Portal de pol\u00edtica educativa en Iberoam\u00e9rica<\/li>\n<\/ul>\n<p style=\"padding-left: 60px;\"><a href=\"https:\/\/panorama.oei.org.ar\/16-minutos-para-pensar-la-evaluacion-formativa-con-pedro-ravela\/\">https:\/\/panorama.oei.org.ar\/16-minutos-para-pensar-la-evaluacion-formativa-con-pedro-ravela\/<\/a><\/p>\n<ul>\n<li>FUENTE: RadioCut, Educaci\u00f3n post-pandemia. ENTREVISTA a Carlos Skliar<\/li>\n<\/ul>\n<p style=\"padding-left: 60px;\"><a href=\"https:\/\/radiocut.fm\/audiocut\/carlos-skliar-1\/\">https:\/\/radiocut.fm\/audiocut\/carlos-skliar-1\/<\/a><\/p>\n<ul>\n<li>FUENTE: CANAL de YOUTUBE del Ministerio de Educaci\u00f3n. Di\u00e1logos sobre educaci\u00f3n, escuela y conocimiento en tiempos de pandemia.<br \/>\nPandemia: Educaci\u00f3n y desigualdades.<br \/>\nExponen: Adriana Cantero &#8211; Ministra de Educaci\u00f3n de la Provincia de Santa Fe<br \/>\nGraciela Frigerio &#8211; Doctora en Ciencias de la Educaci\u00f3n. Asesora del Ministerio de Educaci\u00f3n.<\/li>\n<\/ul>\n<p style=\"padding-left: 60px;\"><a href=\"https:\/\/www.youtube.com\/watch?v=66aVk1kP2KY\">https:\/\/www.youtube.com\/watch?v=66aVk1kP2KY<\/a><\/p>\n<ul>\n<li>FUENTE: CANAL de YOUTUBE del Ministerio de Educaci\u00f3n Jornadas de Formaci\u00f3n Docente.<br \/>\nEl desaf\u00edo pol\u00edtico de continuar ense\u00f1ando con sentido inclusivo. Las pr\u00e1cticas en contextos de<br \/>\ndistanciamiento: Exponen: In\u00e9s Dussel (DIE-CINVESTAV, M\u00e9xico &#8211; UNIPE) y Flavia Terigi (UNGS)<br \/>\nModera: Liliana Abrate (Directora de Educaci\u00f3n Superior de la Provincia de C\u00f3rdoba<\/li>\n<\/ul>\n<p style=\"padding-left: 60px;\"><a href=\"https:\/\/www.youtube.com\/watch?v=pZYGWi7nHQM&amp;ab_channel=MinisteriodeEducaci%C3%B3n\">https:\/\/www.youtube.com\/watch?v=pZYGWi7nHQM&amp;ab_channel=MinisteriodeEducaci%C3%B3n<\/a><\/p>\n<ul>\n<li>FUENTE: CANAL de YOUTUBE del Ministerio de Educaci\u00f3n<br \/>\nLa cruel pedagog\u00eda del virus<br \/>\nCharla entre Boaventura de Sousa Santos y Pablo Gentili<br \/>\n<a href=\"https:\/\/www.youtube.com\/watch?v=3SEducajT3s\">https:\/\/www.youtube.com\/watch?v=3SEducajT3s<\/a><\/li>\n<\/ul>\n<p>&nbsp;<\/p>\n<ul>\n<li>FUENTE: CANAL de YOUTUBE del Ministerio de Educaci\u00f3n. Escuela y derechos en cuarentena: perspectiva de g\u00e9nero, abordaje de la ESI y prevenci\u00f3n de las<br \/>\nviolencias\u201d.\u00a0 Exponen: Paula Fainsod (UBA) y Mariana Melgarejo (Directora de Sistemas de Protecci\u00f3n de Derechos<br \/>\nde la SENAF) Modera: Alejandra Birgin (Directora de Educaci\u00f3n Superior de la Provincia de Buenos Aires)<\/li>\n<\/ul>\n<p style=\"padding-left: 60px;\"><a href=\"https:\/\/www.youtube.com\/watch?v=JbE_fU7WI1I&amp;ab_channel=MinisteriodeEducaci%C3%B3n\">https:\/\/www.youtube.com\/watch?v=JbE_fU7WI1I&amp;ab_channel=MinisteriodeEducaci%C3%B3n<\/a><\/p>\n<h6><strong><span style=\"color: #26c776;\">&gt;&gt;&gt;&gt;&gt;&gt;&gt;&gt;&gt;&gt;&gt;&gt;&gt;&gt;&gt;&gt;&gt;<\/span><\/strong><\/h6>\n<h6>Publicado 29-05-2020<\/h6>\n<p><span style=\"color: #11bf68;\">Compartimos tutoriales que nos comparten las Coordinadoras de Artes Visuales:<\/span><\/p>\n<p style=\"font-weight: 400;\"><strong>Plataforma tecnol\u00f3gica, social, educativa y gratuita<\/strong><\/p>\n<ul style=\"font-weight: 400;\">\n<li><a href=\"https:\/\/tic.infd.edu.ar\/edmodo\/\" data-saferedirecturl=\"https:\/\/www.google.com\/url?q=https:\/\/tic.infd.edu.ar\/edmodo\/&amp;source=gmail&amp;ust=1590854015343000&amp;usg=AFQjCNFsHWNJgr3sA-TedXUS_Yy0BjG4EA\">edmodo<\/a><\/li>\n<li><a href=\"https:\/\/tic.infd.edu.ar\/google-classroom\/\" data-saferedirecturl=\"https:\/\/www.google.com\/url?q=https:\/\/tic.infd.edu.ar\/google-classroom\/&amp;source=gmail&amp;ust=1590854015343000&amp;usg=AFQjCNHaSZkBrqgkWN27vm5WQyHsES5OOg\">Google Classroom<\/a><\/li>\n<\/ul>\n<p style=\"font-weight: 400;\"><strong>Videoconferencias<\/strong><\/p>\n<ul style=\"font-weight: 400;\">\n<li><a href=\"https:\/\/tic.infd.edu.ar\/videoconferencias-con-zoom\/\" data-saferedirecturl=\"https:\/\/www.google.com\/url?q=https:\/\/tic.infd.edu.ar\/videoconferencias-con-zoom\/&amp;source=gmail&amp;ust=1590854015343000&amp;usg=AFQjCNECxVDrNQN0gh9lKa4qnHPZQg-WjQ\">Zoom<\/a><\/li>\n<li><a href=\"https:\/\/tic.infd.edu.ar\/videconferencias-con-google-meet\/\" data-saferedirecturl=\"https:\/\/www.google.com\/url?q=https:\/\/tic.infd.edu.ar\/videconferencias-con-google-meet\/&amp;source=gmail&amp;ust=1590854015343000&amp;usg=AFQjCNG0RhROjTvurULUvORpsI7Yu8xzYw\">Google Meet<\/a><\/li>\n<\/ul>\n<p style=\"font-weight: 400;\"><strong>Servicio de alojamiento de archivos\u00a0<\/strong><\/p>\n<ul style=\"font-weight: 400;\">\n<li><a href=\"https:\/\/tic.infd.edu.ar\/google-drive\/\" data-saferedirecturl=\"https:\/\/www.google.com\/url?q=https:\/\/tic.infd.edu.ar\/google-drive\/&amp;source=gmail&amp;ust=1590854015343000&amp;usg=AFQjCNG4_SGCOFomvuuQdx2MdYvxrgMrdA\">Google Drive<\/a><\/li>\n<\/ul>\n<p style=\"font-weight: 400;\"><strong>Creaci\u00f3n de dibujos y esquemas<\/strong><\/p>\n<ul style=\"font-weight: 400;\">\n<li><a href=\"https:\/\/tic.infd.edu.ar\/google-drawing\/\" data-saferedirecturl=\"https:\/\/www.google.com\/url?q=https:\/\/tic.infd.edu.ar\/google-drawing\/&amp;source=gmail&amp;ust=1590854015343000&amp;usg=AFQjCNE-v3QOboPYUk4-QrXUHQmFNTaDIA\">Google Drawing<\/a><\/li>\n<\/ul>\n<p style=\"font-weight: 400;\"><strong>Trabajar con videos<\/strong><\/p>\n<ul style=\"font-weight: 400;\">\n<li><a href=\"https:\/\/tic.infd.edu.ar\/vialogues-subir-videos-y-dialogar\/\" data-saferedirecturl=\"https:\/\/www.google.com\/url?q=https:\/\/tic.infd.edu.ar\/vialogues-subir-videos-y-dialogar\/&amp;source=gmail&amp;ust=1590854015343000&amp;usg=AFQjCNFizEiVMwq9GwBOxLl8Wwpu7adasg\">Vialogues: subir videos y dialogar<\/a><\/li>\n<li><a href=\"https:\/\/tic.infd.edu.ar\/agregar-contenidos-a-videos-con-vialogues\/\" data-saferedirecturl=\"https:\/\/www.google.com\/url?q=https:\/\/tic.infd.edu.ar\/agregar-contenidos-a-videos-con-vialogues\/&amp;source=gmail&amp;ust=1590854015343000&amp;usg=AFQjCNHIYKheyKdQJJB2J1RlNcP_plqKog\">Agregar contenidos a videos con Vialogues<\/a><\/li>\n<li><a href=\"https:\/\/tic.infd.edu.ar\/enriquecer-videos-con-contenidos-propios-a-traves-de-edpuzzle\/\" data-saferedirecturl=\"https:\/\/www.google.com\/url?q=https:\/\/tic.infd.edu.ar\/enriquecer-videos-con-contenidos-propios-a-traves-de-edpuzzle\/&amp;source=gmail&amp;ust=1590854015343000&amp;usg=AFQjCNEvoUjWhgygXyLfsRTV2pxyI82qLw\">Enriquecer videos con Edpuzzle<\/a><\/li>\n<li><a href=\"https:\/\/tic.infd.edu.ar\/trabajar-con-videos-en-youtube\/\" data-saferedirecturl=\"https:\/\/www.google.com\/url?q=https:\/\/tic.infd.edu.ar\/trabajar-con-videos-en-youtube\/&amp;source=gmail&amp;ust=1590854015343000&amp;usg=AFQjCNGUZJSDeWb9wWTzQEiDboqV0fMTTA\">Trabajar con videos en youtube<\/a><\/li>\n<li><a href=\"https:\/\/tic.infd.edu.ar\/edicion-de-videos-con-powtoon\/\" data-saferedirecturl=\"https:\/\/www.google.com\/url?q=https:\/\/tic.infd.edu.ar\/edicion-de-videos-con-powtoon\/&amp;source=gmail&amp;ust=1590854015343000&amp;usg=AFQjCNEfnRGZASfSwfMR0w_9LYtud7wqWg\">Edici\u00f3n de videos con Powtoon<\/a><\/li>\n<\/ul>\n<p style=\"font-weight: 400;\"><strong>Creaci\u00f3n de objetos interactivos<\/strong><\/p>\n<ul style=\"font-weight: 400;\">\n<li><a href=\"https:\/\/tic.infd.edu.ar\/h5p\/\" data-saferedirecturl=\"https:\/\/www.google.com\/url?q=https:\/\/tic.infd.edu.ar\/h5p\/&amp;source=gmail&amp;ust=1590854015343000&amp;usg=AFQjCNF9G96lugutDI_qzShNcEVwCtmKeA\">H5P<\/a><\/li>\n<\/ul>\n<p style=\"font-weight: 400;\"><strong>Creaci\u00f3n de murales<\/strong><\/p>\n<ul style=\"font-weight: 400;\">\n<li><a href=\"https:\/\/tic.infd.edu.ar\/crear-mural-padlet\/\" data-saferedirecturl=\"https:\/\/www.google.com\/url?q=https:\/\/tic.infd.edu.ar\/crear-mural-padlet\/&amp;source=gmail&amp;ust=1590854015343000&amp;usg=AFQjCNEj_O3n3RGAtAH9QxZcDF_3Wv_89w\">Padlet<\/a><\/li>\n<li><a href=\"https:\/\/tic.infd.edu.ar\/3575-2\/\" data-saferedirecturl=\"https:\/\/www.google.com\/url?q=https:\/\/tic.infd.edu.ar\/3575-2\/&amp;source=gmail&amp;ust=1590854015343000&amp;usg=AFQjCNEbmX5LxeYJ8sJUwvhKWeUhRIBEbg\">Trabajo colaborativo con Padlet<\/a><\/li>\n<\/ul>\n<p style=\"font-weight: 400;\"><strong>Creaci\u00f3n de nube de palabras<\/strong><\/p>\n<ul style=\"font-weight: 400;\">\n<li><a href=\"https:\/\/tic.infd.edu.ar\/nube-de-palabras-con-mentimeter\/\" data-saferedirecturl=\"https:\/\/www.google.com\/url?q=https:\/\/tic.infd.edu.ar\/nube-de-palabras-con-mentimeter\/&amp;source=gmail&amp;ust=1590854015343000&amp;usg=AFQjCNE5XrG9q42Kwx11SvxSvt7CXhMQFw\">Nube de palabras con Mentimeter<\/a><\/li>\n<\/ul>\n<p style=\"font-weight: 400;\"><strong>Creaci\u00f3n de mapas mentales<\/strong>\u00a0<strong>y mapas conceptuales<\/strong><\/p>\n<ul style=\"font-weight: 400;\">\n<li><a href=\"https:\/\/tic.infd.edu.ar\/mapas-mentales-con-mindmeister\/\" data-saferedirecturl=\"https:\/\/www.google.com\/url?q=https:\/\/tic.infd.edu.ar\/mapas-mentales-con-mindmeister\/&amp;source=gmail&amp;ust=1590854015343000&amp;usg=AFQjCNEXghVpZCBPNpo4i56xh5DlG9XApQ\">Mapas mentales con MindMeister<\/a><\/li>\n<li><a href=\"https:\/\/tic.infd.edu.ar\/mapas-conceptuales-con-cmap-cloud\/\" data-saferedirecturl=\"https:\/\/www.google.com\/url?q=https:\/\/tic.infd.edu.ar\/mapas-conceptuales-con-cmap-cloud\/&amp;source=gmail&amp;ust=1590854015343000&amp;usg=AFQjCNGGueUP-rafV6MWKn9SnwHmwRQ6RA\">Mapas conceptuales con Cmap Cloud<\/a><\/li>\n<li><a href=\"https:\/\/coggle.it\/\">Mapas mentales con Coggle.it<\/a><\/li>\n<\/ul>\n<p style=\"font-weight: 400;\"><strong>Creaci\u00f3n de l\u00edneas de tiempo<\/strong><\/p>\n<ul style=\"font-weight: 400;\">\n<li><a href=\"https:\/\/tic.infd.edu.ar\/lineas-de-tiempo-3d-con-tiki-toki\/\" data-saferedirecturl=\"https:\/\/www.google.com\/url?q=https:\/\/tic.infd.edu.ar\/lineas-de-tiempo-3d-con-tiki-toki\/&amp;source=gmail&amp;ust=1590854015343000&amp;usg=AFQjCNEommMtrmq5wpLPtARnHh_PCtcrfA\">L\u00edneas de Tiempo 3D con Tiki Toki<\/a><\/li>\n<li><a href=\"https:\/\/tic.infd.edu.ar\/lineas-de-tiempo-con-timetoast\/\" data-saferedirecturl=\"https:\/\/www.google.com\/url?q=https:\/\/tic.infd.edu.ar\/lineas-de-tiempo-con-timetoast\/&amp;source=gmail&amp;ust=1590854015343000&amp;usg=AFQjCNFyOCVySIZRrNy_R0MEFG1AXatoUA\">L\u00edneas de Tiempo con Timetoast<\/a><\/li>\n<\/ul>\n<p style=\"font-weight: 400;\"><strong>Creaci\u00f3n de folletos e infograf\u00edas<\/strong><\/p>\n<ul style=\"font-weight: 400;\">\n<li><a href=\"https:\/\/tic.infd.edu.ar\/infografias-con-piktochart\/\" data-saferedirecturl=\"https:\/\/www.google.com\/url?q=https:\/\/tic.infd.edu.ar\/infografias-con-piktochart\/&amp;source=gmail&amp;ust=1590854015343000&amp;usg=AFQjCNFzVzWMhS3jGWybefH8jCEVUL4GaQ\">Piktochart<\/a><\/li>\n<li><a href=\"https:\/\/tic.infd.edu.ar\/folletos-e-infografias-con-canva\/\" data-saferedirecturl=\"https:\/\/www.google.com\/url?q=https:\/\/tic.infd.edu.ar\/folletos-e-infografias-con-canva\/&amp;source=gmail&amp;ust=1590854015343000&amp;usg=AFQjCNGYFfihikxiDDsal3qObcs0qeSDKg\">Folletos e infograf\u00edas con Canva<\/a><\/li>\n<\/ul>\n<p style=\"font-weight: 400;\"><strong>Creaci\u00f3n de presentaciones visuales<\/strong><\/p>\n<ul style=\"font-weight: 400;\">\n<li><a href=\"https:\/\/tic.infd.edu.ar\/canva-presentaciones-visuales\/\" data-saferedirecturl=\"https:\/\/www.google.com\/url?q=https:\/\/tic.infd.edu.ar\/canva-presentaciones-visuales\/&amp;source=gmail&amp;ust=1590854015343000&amp;usg=AFQjCNGRHO_BSLEiP-v5Ca75aOgItW9Pzw\">Canva<\/a><\/li>\n<li><a href=\"https:\/\/tic.infd.edu.ar\/presentaciones-visuales-con-google-slides\/\" data-saferedirecturl=\"https:\/\/www.google.com\/url?q=https:\/\/tic.infd.edu.ar\/presentaciones-visuales-con-google-slides\/&amp;source=gmail&amp;ust=1590854015343000&amp;usg=AFQjCNEiBouEkGqudQnSF016RNuUsecCBw\">Google Slides<\/a><\/li>\n<li><a href=\"https:\/\/tic.infd.edu.ar\/3618-2\/\" data-saferedirecturl=\"https:\/\/www.google.com\/url?q=https:\/\/tic.infd.edu.ar\/3618-2\/&amp;source=gmail&amp;ust=1590854015344000&amp;usg=AFQjCNFCDgRcYR7_tzFLhSqcXz4ZonSRFQ\">Edici\u00f3n digital con Genially<\/a><\/li>\n<\/ul>\n<p style=\"font-weight: 400;\"><strong>Sitios con tutoriales recomendados<\/strong><\/p>\n<ul style=\"font-weight: 400;\">\n<li><a href=\"https:\/\/tic.infd.edu.ar\/tiza-y-mouse-herramientas-de-produccion-de-material-didactico\/\" data-saferedirecturl=\"https:\/\/www.google.com\/url?q=https:\/\/tic.infd.edu.ar\/tiza-y-mouse-herramientas-de-produccion-de-material-didactico\/&amp;source=gmail&amp;ust=1590854015344000&amp;usg=AFQjCNGy1BFaRs8GSJny9KWCfa0HOxjWig\">Tiza y Mouse | Herramientas de producci\u00f3n de material did\u00e1ctico<\/a><\/li>\n<li><a href=\"https:\/\/tic.infd.edu.ar\/intec-recursos\/\" data-saferedirecturl=\"https:\/\/www.google.com\/url?q=https:\/\/tic.infd.edu.ar\/intec-recursos\/&amp;source=gmail&amp;ust=1590854015344000&amp;usg=AFQjCNHTvfaxNkVevzfTFcaXJ_cYfwLNQw\">INTEC | Recursos<\/a><\/li>\n<\/ul>\n<p style=\"font-weight: 400;\">\u00a0Enlace;\u00a0<a href=\"https:\/\/tic.infd.edu.ar\/herramientas\/\" data-saferedirecturl=\"https:\/\/www.google.com\/url?q=https:\/\/tic.infd.edu.ar\/herramientas\/&amp;source=gmail&amp;ust=1590854015344000&amp;usg=AFQjCNGdfj2JdIRa8CwgHknZBBrsnBUvZA\">https:\/\/tic.infd.edu.ar\/herramientas\/<\/a><\/p>\n<h6><strong><span style=\"color: #26c776;\">&gt;&gt;&gt;&gt;&gt;&gt;&gt;&gt;&gt;&gt;&gt;&gt;&gt;&gt;&gt;&gt;&gt;<\/span><\/strong><\/h6>\n<h6>Publicado 28-05-2020<\/h6>\n<p>Dejamos tutoriales de Youtube sobre el Uso de la Plataforma Educativa:<\/p>\n<p>(hay muchos videos en la lista de repoducci\u00f3n)<\/p>\n<p><iframe loading=\"lazy\" width=\"1200\" height=\"675\" src=\"https:\/\/www.youtube.com\/embed\/videoseries?list=PLFWXFsJamNGTL6gXVrphqv4_ykTlWBdqh\" frameborder=\"0\" allow=\"accelerometer; autoplay; encrypted-media; gyroscope; picture-in-picture\" allowfullscreen><\/iframe><\/p>\n<h6><strong><span style=\"color: #26c776;\">&gt;&gt;&gt;&gt;&gt;&gt;&gt;&gt;&gt;&gt;&gt;&gt;&gt;&gt;&gt;&gt;&gt;<\/span><\/strong><\/h6>\n<h6>Publicado 21-05-2020<\/h6>\n<blockquote class=\"wp-embedded-content\" data-secret=\"M9LYIRmZ9b\"><p><a href=\"https:\/\/tic.infd.edu.ar\/tutoriales-aportes-teoricos-y-recursos\/\">Tutoriales y aportes te\u00f3ricos<\/a><\/p><\/blockquote>\n<p><iframe class=\"wp-embedded-content\" sandbox=\"allow-scripts\" security=\"restricted\" style=\"position: absolute; clip: rect(1px, 1px, 1px, 1px);\" src=\"https:\/\/tic.infd.edu.ar\/tutoriales-aportes-teoricos-y-recursos\/embed\/#?secret=M9LYIRmZ9b\" data-secret=\"M9LYIRmZ9b\" width=\"600\" height=\"338\" title=\"\u00abTutoriales y aportes te\u00f3ricos\u00bb \u2014 Instituto Nacional de Formaci\u00f3n Docente\" frameborder=\"0\" marginwidth=\"0\" marginheight=\"0\" scrolling=\"no\"><\/iframe><\/p>\n<h4>Dejamos un tutorial para capturar pantallas:<\/h4>\n<p><iframe loading=\"lazy\" width=\"1200\" height=\"675\" src=\"https:\/\/www.youtube.com\/embed\/Qbw37Kl1BPU?start=238&#038;feature=oembed\" frameborder=\"0\" allow=\"accelerometer; autoplay; encrypted-media; gyroscope; picture-in-picture\" allowfullscreen><\/iframe><\/p>\n","protected":false},"excerpt":{"rendered":"<p>Acompa\u00f1amiento entre docentes de la ESBA: tics, aulas virtuales e intercambios did\u00e1cticos en tiempos de pandemia y aislamiento social Este proyecto naci\u00f3 de manera espont\u00e1nea entre docentes que comenzamos a gestionar espacios de intercambios en torno al uso del aula virtual. Vimos en estos encuentros la posibilidad de tomar, ante el dif\u00edcil contexto en el &#8230; <a title=\"C\u00f3mo usar el Aula Virtual &#8211; Docentes\" class=\"read-more\" href=\"https:\/\/esba-nqn.infd.edu.ar\/sitio\/como-usar-el-aula-virtual-docentes\/\" aria-label=\"More on C\u00f3mo usar el Aula Virtual &#8211; Docentes\">[+]<\/a><\/p>\n","protected":false},"author":73,"featured_media":0,"parent":0,"menu_order":0,"comment_status":"closed","ping_status":"closed","template":"","meta":[],"acf":[],"_links":{"self":[{"href":"https:\/\/esba-nqn.infd.edu.ar\/sitio\/wp-json\/wp\/v2\/pages\/3168"}],"collection":[{"href":"https:\/\/esba-nqn.infd.edu.ar\/sitio\/wp-json\/wp\/v2\/pages"}],"about":[{"href":"https:\/\/esba-nqn.infd.edu.ar\/sitio\/wp-json\/wp\/v2\/types\/page"}],"author":[{"embeddable":true,"href":"https:\/\/esba-nqn.infd.edu.ar\/sitio\/wp-json\/wp\/v2\/users\/73"}],"replies":[{"embeddable":true,"href":"https:\/\/esba-nqn.infd.edu.ar\/sitio\/wp-json\/wp\/v2\/comments?post=3168"}],"version-history":[{"count":14,"href":"https:\/\/esba-nqn.infd.edu.ar\/sitio\/wp-json\/wp\/v2\/pages\/3168\/revisions"}],"predecessor-version":[{"id":3201,"href":"https:\/\/esba-nqn.infd.edu.ar\/sitio\/wp-json\/wp\/v2\/pages\/3168\/revisions\/3201"}],"wp:attachment":[{"href":"https:\/\/esba-nqn.infd.edu.ar\/sitio\/wp-json\/wp\/v2\/media?parent=3168"}],"curies":[{"name":"wp","href":"https:\/\/api.w.org\/{rel}","templated":true}]}}