{"id":3301,"date":"2020-08-10T17:12:15","date_gmt":"2020-08-10T20:12:15","guid":{"rendered":"https:\/\/esba-nqn.infd.edu.ar\/sitio\/?page_id=3301"},"modified":"2024-12-17T20:15:11","modified_gmt":"2024-12-17T23:15:11","slug":"preguntas-frecuentes","status":"publish","type":"page","link":"https:\/\/esba-nqn.infd.edu.ar\/sitio\/preguntas-frecuentes\/","title":{"rendered":"Preguntas Frecuentes"},"content":{"rendered":"<h2><\/h2>\n<h2><img decoding=\"async\" loading=\"lazy\" class=\"alignnone size-full wp-image-3342\" src=\"https:\/\/esba-nqn.infd.edu.ar\/sitio\/wp-content\/uploads\/2020\/09\/peguntas-frecuentes-01.jpg\" alt=\"\" width=\"485\" height=\"306\" \/><\/h2>\n<h2><span style=\"color: #ff6600;\">Preguntas frecuentes\u00a0<\/span><\/h2>\n<h4><span style=\"color: #ff6600;\"><strong>Estimades estudiantes!\u00a0<\/strong><strong>Este es un espacio donde encontrar\u00e1n los mails de contacto de distintas \u00e1reas.<\/strong><\/span><\/h4>\n<h4><span style=\"color: #993366;\"><strong><span style=\"color: #ff6600;\">Enviar la consulta por mail con: TU NOMBRE COMPLETO, CARRERA, N\u00ba DE PLAN, A\u00d1O DE CURSADO, TURNO<\/span>\u00a0<\/strong><\/span><\/h4>\n<ul>\n<li><b>Consultas de estudiantes: Solicitamos seguir este orden de consultas POR MAIL<\/b><\/li>\n<\/ul>\n<p style=\"padding-left: 90px;\"><strong>1\u00ba contacto: Bedeles.<\/strong> Desde las bedel\u00edas te brindar\u00e1n todo el asesoramiento y responder\u00e1n a tus consultas y tr\u00e1mites.<\/p>\n<p style=\"padding-left: 90px;\"><strong>2\u00ba contacto: Coordinaciones de carrera y de \u00e1rea.<\/strong><\/p>\n<p style=\"padding-left: 90px;\"><strong>3\u00ba contacto: Consejo Acad\u00e9mico y Secretar\u00eda Acad\u00e9mica<\/strong> (La Secretar\u00eda Acad\u00e9mica puede tener demora en la respuesta, ante cualquier consulta comunicate con tu bedel)<\/p>\n<p style=\"padding-left: 90px;\"><strong>4\u00ba contacto: Equipo Directivo<\/strong><\/p>\n<p style=\"padding-left: 90px;\"><span style=\"color: #ff0000;\"><strong>MAILS de contacto:\u00a0<a style=\"color: #ff0000;\" href=\"https:\/\/esba-nqn.infd.edu.ar\/sitio\/contactos-institucionales\/\">https:\/\/esba-nqn.infd.edu.ar\/sitio\/contactos-institucionales\/<\/a><\/strong><\/span><\/p>\n<ul>\n<li><strong>INGRESO a nuestras carreras terciarias: <\/strong><span style=\"font-weight: 400;\"><strong>M\u00e1s info: <a href=\"https:\/\/esba-nqn.infd.edu.ar\/sitio\/matriculacion\/\">https:\/\/esba-nqn.infd.edu.ar\/sitio\/matriculacion\/<\/a><\/strong><\/span><\/li>\n<li>Informaci\u00f3n oficial:<\/li>\n<\/ul>\n<p style=\"padding-left: 60px;\"><span style=\"font-weight: 400;\">Web: <\/span><a href=\"https:\/\/esba-nqn.infd.edu.ar\/sitio\/\"><span style=\"font-weight: 400;\">sitio esba nqn <\/span><\/a><span style=\"font-weight: 400;\">\u00a0<\/span><\/p>\n<p style=\"padding-left: 60px;\"><span style=\"font-weight: 400;\">Instagram:\u00a0 <\/span><a href=\"https:\/\/www.instagram.com\/esba_institucional_nqn\/\"><span style=\"font-weight: 400;\">esba_institucional_nqn<\/span><\/a><\/p>\n<p style=\"padding-left: 60px;\"><span style=\"font-weight: 400;\">Facebook: <\/span><a href=\"https:\/\/www.facebook.com\/esba.institucional\"><span style=\"font-weight: 400;\">esba.institucional<\/span><\/a><span style=\"font-weight: 400;\">\u00a0<\/span><\/p>\n<ul>\n<li><span style=\"font-weight: 400;\">Para informaci\u00f3n sobre talleres para el \u00e1rea de <\/span><b>ni\u00f1ez (C.E.A<\/b><span style=\"font-weight: 400;\">.) y <\/span><b>adolescentes, (T.O.D.)<\/b><span style=\"font-weight: 400;\">\u00a0: <\/span><a href=\"mailto:ceatodbellasartes@gmail.com\"><span style=\"font-weight: 400;\">ceatodbellasartes@gmail.com<\/span><\/a><\/li>\n<\/ul>\n<h4><span style=\"color: #ff0000;\"><strong>TR\u00c1MITES<\/strong><\/span><\/h4>\n<ul>\n<li><strong>RENDIMIENTO ACAD\u00c9MICO:<\/strong> se realiza a trav\u00e9s de las bedel\u00edas.<\/li>\n<li><strong>Inscripci\u00f3n a cursadas:<\/strong> se realiza por formulario google en las fechas estipuladas por el Consejo Acad\u00e9mico ESBA. <strong>Record\u00e1 que para poder cursar primero te ten\u00e9s que inscribir a cada materia, no es un tr\u00e1mite autom\u00e1tico.<\/strong><\/li>\n<\/ul>\n<ul>\n<li style=\"text-align: left;\"><span style=\"font-weight: 400;\">Por <\/span><b>T\u00edtulos:<\/b><\/li>\n<\/ul>\n<h5 style=\"padding-left: 110px;\"><b> &#x1f4d1;PARA SOLICITAR CERTIFICADO DE TITULO EN TRAMITE:<\/b><\/h5>\n<p><b>Necesitas tener y digitalizar:<\/b><\/p>\n<ul>\n<li style=\"font-weight: 400;\" aria-level=\"2\"><span style=\"font-weight: 400;\">Fotocopia de \u00faltimo DNI<\/span><\/li>\n<\/ul>\n<p><span style=\"font-weight: 400;\">*En el caso de estudiantes extranjeros deber\u00e1n estar nacionalizados (DNI argentino)<\/span><\/p>\n<ul>\n<li style=\"font-weight: 400;\" aria-level=\"2\"><span style=\"font-weight: 400;\">Fotocopia de Acta de Nacimiento actualizada.<\/span><\/li>\n<li style=\"font-weight: 400;\" aria-level=\"2\"><span style=\"font-weight: 400;\">Fotocopia de T\u00edtulo Secundario completo.\u00a0<\/span><\/li>\n<\/ul>\n<p style=\"padding-left: 40px;\"><span style=\"font-weight: 400;\">*T\u00edtulos secundarios nacionales de otras provincias anteriores al 01\/01\/2010 deben llevar sello del Ministerio del Interior (tramitarlo a trav\u00e9s de la app Mi Argentina, con la asistente virtual).<\/span><\/p>\n<p style=\"padding-left: 40px;\"><span style=\"font-weight: 400;\">*T\u00edtulos secundarios extranjeros legalizados y homologados en el Ministerio de Culto y Relaciones Exteriores de Argentina.<\/span><\/p>\n<p>Completar el siguiente formulario de solicitud:<\/p>\n<p><a href=\"https:\/\/forms.gle\/kjA4mCJ8mJv2f9wo6\"><span style=\"font-weight: 400;\">Formulario Inicio Tr\u00e1mite de T\u00edtulo<\/span><\/a><\/p>\n<p>mas informaci\u00f3n <a href=\"https:\/\/esba-nqn.infd.edu.ar\/sitio\/egresades\/\">aqui<\/a><\/p>\n<hr \/>\n<ul>\n<li><b>Equivalencias<\/b>:\u00a0<a href=\"https:\/\/esba-nqn.infd.edu.ar\/sitio\/equivalencias-2\/\">https:\/\/esba-nqn.infd.edu.ar\/sitio\/equivalencias-2\/<\/a><\/li>\n<li><b>Certificado de alumne regular <\/b><span style=\"font-weight: 400;\">e<\/span><b> inscripciones a materias: <\/b><span style=\"font-weight: 400;\">\u00a0comunicarse con el\/la <\/span><b>Bedel correspondiente<\/b><span style=\"font-weight: 400;\"> .<\/span><\/li>\n<li><span style=\"font-weight: 400;\">Para <\/span><b>desbloqueo de netbooks o inconvenientes con la plataforma<\/b><span style=\"font-weight: 400;\">: Prof. Enzo Vaccaro\u00a0<\/span><a href=\"mailto:serviciotecnicoesba@gmail.com\"><span style=\"font-weight: 400;\">serviciotecnicoesba@gmail.com\u00a0<\/span><\/a><\/li>\n<li><span style=\"font-weight: 400;\">Consultas por <\/span><b>cursadas<\/b><span style=\"font-weight: 400;\">, comunicarse con <\/span><b>bedel\u00eda<\/b><span style=\"font-weight: 400;\"> indicando: <\/span><b>nombre, carrera, a\u00f1o que cursas y turno<\/b><span style=\"font-weight: 400;\">,. O\u00a0 comunicate con les docentes correspondientes, y en su defecto con coordinaciones de \u00e1rea seg\u00fan la\u00a0 carrera o materia.<\/span><\/li>\n<li><span style=\"font-weight: 400;\">Para comunicarte con el <strong>Gabinete Orientador de T\u00e9cnicas de Estudio:\u00a0<\/strong><a href=\"mailto:gabinete.tecnicas.estudio.esba@gmail.com\">gabinete.tecnicas.estudio.esba@gmail.com\u00a0<\/a><\/span><\/li>\n<\/ul>\n<p><span style=\"font-weight: 400;\">MUCHAS\u00a0 GRACIAS\u00a0<\/span><\/p>\n<p><span style=\"font-weight: 400;\">E.S.B.A.\u00a0<\/span><\/p>\n","protected":false},"excerpt":{"rendered":"<p>Preguntas frecuentes\u00a0 Estimades estudiantes!\u00a0Este es un espacio donde encontrar\u00e1n los mails de contacto de distintas \u00e1reas. Enviar la consulta por mail con: TU NOMBRE COMPLETO, CARRERA, N\u00ba DE PLAN, A\u00d1O DE CURSADO, TURNO\u00a0 Consultas de estudiantes: Solicitamos seguir este orden de consultas POR MAIL 1\u00ba contacto: Bedeles. Desde las bedel\u00edas te brindar\u00e1n todo el asesoramiento &#8230; <a title=\"Preguntas Frecuentes\" class=\"read-more\" href=\"https:\/\/esba-nqn.infd.edu.ar\/sitio\/preguntas-frecuentes\/\" aria-label=\"More on Preguntas Frecuentes\">[+]<\/a><\/p>\n","protected":false},"author":73,"featured_media":0,"parent":0,"menu_order":0,"comment_status":"closed","ping_status":"closed","template":"","meta":[],"acf":[],"_links":{"self":[{"href":"https:\/\/esba-nqn.infd.edu.ar\/sitio\/wp-json\/wp\/v2\/pages\/3301"}],"collection":[{"href":"https:\/\/esba-nqn.infd.edu.ar\/sitio\/wp-json\/wp\/v2\/pages"}],"about":[{"href":"https:\/\/esba-nqn.infd.edu.ar\/sitio\/wp-json\/wp\/v2\/types\/page"}],"author":[{"embeddable":true,"href":"https:\/\/esba-nqn.infd.edu.ar\/sitio\/wp-json\/wp\/v2\/users\/73"}],"replies":[{"embeddable":true,"href":"https:\/\/esba-nqn.infd.edu.ar\/sitio\/wp-json\/wp\/v2\/comments?post=3301"}],"version-history":[{"count":14,"href":"https:\/\/esba-nqn.infd.edu.ar\/sitio\/wp-json\/wp\/v2\/pages\/3301\/revisions"}],"predecessor-version":[{"id":7004,"href":"https:\/\/esba-nqn.infd.edu.ar\/sitio\/wp-json\/wp\/v2\/pages\/3301\/revisions\/7004"}],"wp:attachment":[{"href":"https:\/\/esba-nqn.infd.edu.ar\/sitio\/wp-json\/wp\/v2\/media?parent=3301"}],"curies":[{"name":"wp","href":"https:\/\/api.w.org\/{rel}","templated":true}]}}