{"id":3409,"date":"2020-10-27T16:32:03","date_gmt":"2020-10-27T19:32:03","guid":{"rendered":"https:\/\/esba-nqn.infd.edu.ar\/sitio\/?page_id=3409"},"modified":"2025-09-01T22:11:30","modified_gmt":"2025-09-02T01:11:30","slug":"egresades","status":"publish","type":"page","link":"https:\/\/esba-nqn.infd.edu.ar\/sitio\/egresades\/","title":{"rendered":"EGRESADXS"},"content":{"rendered":"\n<p><\/p>\n\n\n\n<figure class=\"wp-block-image size-full is-resized\"><img decoding=\"async\" loading=\"lazy\" src=\"https:\/\/esba-nqn.infd.edu.ar\/sitio\/wp-content\/uploads\/2024\/12\/image.png\" alt=\"\" class=\"wp-image-7000\" width=\"638\" height=\"159\"\/><\/figure>\n\n\n\n<h2 class=\"wp-block-heading\"><strong><em><mark style=\"background-color:var(--contrast)\" class=\"has-inline-color has-base-2-color\">Solicitar y obtener constancia de t\u00edtulo en tr\u00e1mite \/ T\u00edtulo.<\/mark><\/em><\/strong><\/h2>\n\n\n\n<pre class=\"wp-block-verse\">Al acreditar todos los espacios curriculares de la carrera que cursaste, ten\u00e9s que dar inicio al tr\u00e1mite de t\u00edtulo para que podamos gestionarlo. Provisoriamente, hasta que se genere tu t\u00edtulo podr\u00e1s obtener la constancia de t\u00edtulo en tr\u00e1mite, para presentarla a quien corresponda. \n<\/pre>\n\n\n\n<p><strong>Para una mejor organizaci\u00f3n, dividimos el tr\u00e1mite en dos partes:<\/strong><\/p>\n\n\n\n<p>(Esto no significa que tengas que hacer m\u00e1s tr\u00e1mites, te lo contamos para que conozcas de qu\u00e9 va el proceso para generar un t\u00edtulo)<\/p>\n\n\n\n<p><strong>Pre t\u00edtulo: <\/strong>primera parte a cargo de Bedel\u00eda, implica revisi\u00f3n de notas, recepci\u00f3n y revisi\u00f3n de documentaci\u00f3n, sumado a otras tareas necesarias para poner todo tu historial acad\u00e9mico en condiciones para poder otorgarte la constancia de t\u00ectulo en tr\u00e1mite e iniciar el t\u00edtulo propiamente dicho.<\/p>\n\n\n\n<p><strong>T\u00edtulo:<\/strong> Inicia cuando obten\u00e9s tu constancia de t\u00ectulo en tr\u00e1mite. A cargo de secretar\u00eda administrativa. Implica la gesti\u00f3n en SIUNED de tu t\u00ectulo digital.<\/p>\n\n\n\n<h2 class=\"wp-block-heading\">Para empezar:<\/h2>\n\n\n\n<ol>\n<li><strong>Complet\u00e1 el siguiente formulario<\/strong> para notificar a Bedel\u00eda que acreditaste tu \u00faltima materia y necesitas tu constancia de t\u00ectulo en tr\u00e1mite: <a href=\"https:\/\/forms.gle\/THMVuGPLXPqX2dH76\">Obtener constancia de t\u00edtulo en tr\u00e1mite<\/a><\/li>\n\n\n\n<li>Ac\u00e9rcate a <strong>Bedel\u00eda (con tu bedel) <\/strong>a presentar la siguiente documentaci\u00f3n en papel (sin este paso completo no se puede emitir tu constancia de t\u00edtulo en tr\u00e1mite):<\/li>\n<\/ol>\n\n\n\n<ul>\n<li><strong>Fotocopia de \u00faltimo DNI<\/strong> \n<ul>\n<li>*En el caso de estudiantes extranjeros deber\u00e1n estar nacionalizados (DNI argentino)<\/li>\n<\/ul>\n<\/li>\n<\/ul>\n\n\n\n<ul>\n<li><strong>Fotocopia de T\u00edtulo Secundario completo <\/strong>(con anal\u00edtico si lo incluye)\n<ul>\n<li>*T\u00edtulos secundarios nacionales de otras provincias anteriores al 01\/01\/2010 deben llevar sello del Ministerio del Interior (tramitarlo a trav\u00e9s de la app Mi Argentina, con la asistente virtual o en <a href=\"https:\/\/www.argentina.gob.ar\/legalizacion-de-documentos-publicos\">https:\/\/www.argentina.gob.ar\/legalizacion-de-documentos-publicos<\/a><\/li>\n\n\n\n<li>*T\u00edtulos secundarios extranjeros legalizados y homologados en el Ministerio de Culto y Relaciones Exteriores de Argentina.<\/li>\n<\/ul>\n<\/li>\n<\/ul>\n\n\n\n<hr class=\"wp-block-separator has-alpha-channel-opacity\"\/>\n\n\n\n<!--more M\u00e1s informaci\u00f3n-->\n\n\n\n<p><strong>Sobre la constancia de t\u00edtulo en tr\u00e1mite:<\/strong><\/p>\n\n\n\n<p>\u25bbEs un documento que certifica que finalizaste tus estudios y que se ha iniciado la tramitaci\u00f3n de tu t\u00edtulo.&nbsp; Este documento lo realiza Bedel\u00eda de manera manual. No se genera autom\u00e1ticamente, por lo que implica un tiempo de espera para su obtenci\u00f3n.<\/p>\n\n\n\n<p><strong>Sobre el t\u00edtulo y su tr\u00e1mite:<\/strong><\/p>\n\n\n\n<p>\u25bbLos t\u00edtulos se emiten de manera digital, ya no se pueden obtener en papel. Se tramita mediante sistema SiUnEd por personal de secretar\u00eda administrativa de nuestra escuela. Est\u00e1n involucrados tambi\u00e9n en este proceso: Bedel\u00edas, Equipo Directivx, Direcci\u00f3n Provincial de T\u00edtulos y Equivalencias del&nbsp; CPE, Registro Federal de Egresados (ReFe) y Repositorio de T\u00edtulos Digitales (ReTiDi).<\/p>\n\n\n\n<p>\u25bbEl tr\u00e1mite finaliza una vez que se emite el t\u00edtulo y figura en el sistema como legalizado por Naci\u00f3n.&nbsp; Secretar\u00eda te notificar\u00e1 de este acontecimiento al correo electr\u00f3nico que declaraste, enviar\u00e1 un enlace donde podr\u00e1s acceder al t\u00edtulo y deber\u00e1s acercarte a la escuela a firmar la recepci\u00f3n y llevarte tu legajo de estudiante. \u00a1Felicitaciones!<\/p>\n\n\n\n<p>Consultas:<\/p>\n\n\n\n<div class=\"wp-block-buttons is-layout-flex\">\n<div class=\"wp-block-button\"><a class=\"wp-block-button__link wp-element-button\">&#x2709; titulosesba@gmail.com<\/a><\/div>\n<\/div>\n","protected":false},"excerpt":{"rendered":"<p>Solicitar y obtener constancia de t\u00edtulo en tr\u00e1mite \/ T\u00edtulo. Al acreditar todos los espacios curriculares de la carrera que cursaste, ten\u00e9s que dar inicio al tr\u00e1mite de t\u00edtulo para que podamos gestionarlo. Provisoriamente, hasta que se genere tu t\u00edtulo podr\u00e1s obtener la constancia de t\u00edtulo en tr\u00e1mite, para presentarla a quien corresponda. Para una &#8230; <a title=\"EGRESADXS\" class=\"read-more\" href=\"https:\/\/esba-nqn.infd.edu.ar\/sitio\/egresades\/\" aria-label=\"More on EGRESADXS\">[+]<\/a><\/p>\n","protected":false},"author":986,"featured_media":0,"parent":0,"menu_order":0,"comment_status":"closed","ping_status":"closed","template":"","meta":[],"acf":[],"_links":{"self":[{"href":"https:\/\/esba-nqn.infd.edu.ar\/sitio\/wp-json\/wp\/v2\/pages\/3409"}],"collection":[{"href":"https:\/\/esba-nqn.infd.edu.ar\/sitio\/wp-json\/wp\/v2\/pages"}],"about":[{"href":"https:\/\/esba-nqn.infd.edu.ar\/sitio\/wp-json\/wp\/v2\/types\/page"}],"author":[{"embeddable":true,"href":"https:\/\/esba-nqn.infd.edu.ar\/sitio\/wp-json\/wp\/v2\/users\/986"}],"replies":[{"embeddable":true,"href":"https:\/\/esba-nqn.infd.edu.ar\/sitio\/wp-json\/wp\/v2\/comments?post=3409"}],"version-history":[{"count":25,"href":"https:\/\/esba-nqn.infd.edu.ar\/sitio\/wp-json\/wp\/v2\/pages\/3409\/revisions"}],"predecessor-version":[{"id":7394,"href":"https:\/\/esba-nqn.infd.edu.ar\/sitio\/wp-json\/wp\/v2\/pages\/3409\/revisions\/7394"}],"wp:attachment":[{"href":"https:\/\/esba-nqn.infd.edu.ar\/sitio\/wp-json\/wp\/v2\/media?parent=3409"}],"curies":[{"name":"wp","href":"https:\/\/api.w.org\/{rel}","templated":true}]}}