{"id":3541,"date":"2021-03-26T12:03:14","date_gmt":"2021-03-26T15:03:14","guid":{"rendered":"https:\/\/esba-nqn.infd.edu.ar\/sitio\/?page_id=3541"},"modified":"2024-02-15T20:58:11","modified_gmt":"2024-02-15T23:58:11","slug":"programas-examenes-libres-folklore","status":"publish","type":"page","link":"https:\/\/esba-nqn.infd.edu.ar\/sitio\/programas-examenes-libres-folklore\/","title":{"rendered":"Programas Ex\u00e1menes Libres Folklore"},"content":{"rendered":"<h3><span style=\"color: #ff6600;\"><strong>Programas Ex\u00e1menes Libres Folklore<\/strong><\/span><\/h3>\n<p>En este link encontrar\u00e1s los Programas de Ex\u00e1menes Libres de las materias que tienen dicha posibilidad de acreditaci\u00f3n\u00a0 seg\u00fan el Plan de Estudios correspondiente.<\/p>\n<p>2023<\/p>\n<p><span style=\"font-weight: 400;\">plan 611<\/span><\/p>\n<p><a href=\"https:\/\/drive.google.com\/drive\/folders\/1KCWqCIrg-udOH-qriQKp34TPBBoSdlSQR8cuhYaoysLdCKCCD87S17_aT30dYVCk80m3EC67?usp=sharing\"><span style=\"font-weight: 400;\">https:\/\/drive.google.com\/drive\/folders\/1KCWqCIrg-udOH-qriQKp34TPBBoSdlSQR8cuhYaoysLdCKCCD87S17_aT30dYVCk80m3EC67?usp=sharing<\/span><\/a><\/p>\n<p>programas anteriores a 2023<\/p>\n<p><a href=\"https:\/\/drive.google.com\/drive\/folders\/1i2zUiv9MXmqfK5CTER-VvBBSAPEoWbfj?usp=sharing\">https:\/\/drive.google.com\/drive\/folders\/1i2zUiv9MXmqfK5CTER-VvBBSAPEoWbfj?usp=sharing<\/a><\/p>\n<p><a href=\"https:\/\/drive.google.com\/drive\/folders\/1hn25cUrFleyYxjDKrYCnsvRQ-woJ5UL_\"><strong data-rich-text-format-boundary=\"true\">LINK a programas de examen libre de Idiomas-lengua extranjera:<\/strong><\/a> <a href=\"https:\/\/drive.google.com\/drive\/folders\/1hn25cUrFleyYxjDKrYCnsvRQ-woJ5UL_\">https:\/\/drive.google.com\/drive\/folders\/1hn25cUrFleyYxjDKrYCnsvRQ-woJ5UL_<\/a><\/p>\n","protected":false},"excerpt":{"rendered":"<p>Programas Ex\u00e1menes Libres Folklore En este link encontrar\u00e1s los Programas de Ex\u00e1menes Libres de las materias que tienen dicha posibilidad de acreditaci\u00f3n\u00a0 seg\u00fan el Plan de Estudios correspondiente. 2023 plan 611 https:\/\/drive.google.com\/drive\/folders\/1KCWqCIrg-udOH-qriQKp34TPBBoSdlSQR8cuhYaoysLdCKCCD87S17_aT30dYVCk80m3EC67?usp=sharing programas anteriores a 2023 https:\/\/drive.google.com\/drive\/folders\/1i2zUiv9MXmqfK5CTER-VvBBSAPEoWbfj?usp=sharing LINK a programas de examen libre de Idiomas-lengua extranjera: https:\/\/drive.google.com\/drive\/folders\/1hn25cUrFleyYxjDKrYCnsvRQ-woJ5UL_<\/p>\n","protected":false},"author":73,"featured_media":0,"parent":0,"menu_order":0,"comment_status":"closed","ping_status":"closed","template":"","meta":[],"acf":[],"_links":{"self":[{"href":"https:\/\/esba-nqn.infd.edu.ar\/sitio\/wp-json\/wp\/v2\/pages\/3541"}],"collection":[{"href":"https:\/\/esba-nqn.infd.edu.ar\/sitio\/wp-json\/wp\/v2\/pages"}],"about":[{"href":"https:\/\/esba-nqn.infd.edu.ar\/sitio\/wp-json\/wp\/v2\/types\/page"}],"author":[{"embeddable":true,"href":"https:\/\/esba-nqn.infd.edu.ar\/sitio\/wp-json\/wp\/v2\/users\/73"}],"replies":[{"embeddable":true,"href":"https:\/\/esba-nqn.infd.edu.ar\/sitio\/wp-json\/wp\/v2\/comments?post=3541"}],"version-history":[{"count":4,"href":"https:\/\/esba-nqn.infd.edu.ar\/sitio\/wp-json\/wp\/v2\/pages\/3541\/revisions"}],"predecessor-version":[{"id":6060,"href":"https:\/\/esba-nqn.infd.edu.ar\/sitio\/wp-json\/wp\/v2\/pages\/3541\/revisions\/6060"}],"wp:attachment":[{"href":"https:\/\/esba-nqn.infd.edu.ar\/sitio\/wp-json\/wp\/v2\/media?parent=3541"}],"curies":[{"name":"wp","href":"https:\/\/api.w.org\/{rel}","templated":true}]}}