{"id":3543,"date":"2021-03-26T12:03:56","date_gmt":"2021-03-26T15:03:56","guid":{"rendered":"https:\/\/esba-nqn.infd.edu.ar\/sitio\/?page_id=3543"},"modified":"2024-02-22T22:07:21","modified_gmt":"2024-02-23T01:07:21","slug":"programas-examenes-libres-teatro","status":"publish","type":"page","link":"https:\/\/esba-nqn.infd.edu.ar\/sitio\/programas-examenes-libres-teatro\/","title":{"rendered":"Programas Ex\u00e1menes Libres Teatro"},"content":{"rendered":"<p>\u00a0<\/p>\n<h3><span style=\"color: #9105fc;\"><strong>Programas Ex\u00e1menes Libres Teatro<\/strong><\/span><\/h3>\n<p>En este link encontrar\u00e1s los Programas de Ex\u00e1menes Libres de las materias que tienen dicha posibilidad de acreditaci\u00f3n\u00a0 seg\u00fan el Plan de Estudios correspondiente.<\/p>\n<p>2023<\/p>\n<p><span style=\"font-weight: 400;\">plan 712<\/span><\/p>\n<p><a href=\"https:\/\/drive.google.com\/drive\/folders\/1zab2CtnWoT9anRHMcNO3QQDzYwIyW2YmkvCjT402sXXw1MTnyuYM9holnoAvm-CfQ6iISwVP?usp=sharing\"><span style=\"font-weight: 400;\">https:\/\/drive.google.com\/drive\/folders\/1zab2CtnWoT9anRHMcNO3QQDzYwIyW2YmkvCjT402sXXw1MTnyuYM9holnoAvm-CfQ6iISwVP?usp=sharing<\/span><\/a><\/p>\n<p><span style=\"font-weight: 400;\">plan 659<\/span><\/p>\n<p><a href=\"https:\/\/drive.google.com\/drive\/folders\/1SkN3vID2jmD70tiVP9V9xDai_KbIlvcfD782QjkNA6592-o4GQ91WhcG0G8IraBF_vZ1cGK7?usp=sharing\">https:\/\/drive.google.com\/drive\/folders\/1SkN3vID2jmD70tiVP9V9xDai_KbIlvcfD782QjkNA6592-o4GQ91WhcG0G8IraBF_vZ1cGK7?usp=sharing<\/a><\/p>\n<p><span style=\"font-weight: 400;\">plan 683\u00a0<\/span><\/p>\n<p><a href=\"https:\/\/drive.google.com\/drive\/folders\/1edj5i4_jzcSxNyTUhIw3CLXBglIMKTwFMPqj2CNh999_mYRx2G-aHuFqfnuHPMIuFLOt5JYb?usp=sharing\">https:\/\/drive.google.com\/drive\/folders\/1edj5i4_jzcSxNyTUhIw3CLXBglIMKTwFMPqj2CNh999_mYRx2G-aHuFqfnuHPMIuFLOt5JYb?usp=sharing<\/a><\/p>\n<p>programas a\u00f1os anteriores 2023<\/p>\n<p><a href=\"https:\/\/drive.google.com\/drive\/folders\/1m8AOWdagP3KNy2Jxno0RWVGnvPfupce8?usp=sharing\">https:\/\/drive.google.com\/drive\/folders\/1m8AOWdagP3KNy2Jxno0RWVGnvPfupce8?usp=sharing<\/a><\/p>\n\n\n<p><a href=\"https:\/\/drive.google.com\/drive\/folders\/1hn25cUrFleyYxjDKrYCnsvRQ-woJ5UL_\"><strong>LINK a programas de examen libre de Idiomas-lengua extranjera:<\/strong><\/a> <a href=\"https:\/\/drive.google.com\/drive\/folders\/1hn25cUrFleyYxjDKrYCnsvRQ-woJ5UL_\">https:\/\/drive.google.com\/drive\/folders\/1hn25cUrFleyYxjDKrYCnsvRQ-woJ5UL_<\/a><\/p>\n","protected":false},"excerpt":{"rendered":"<p>\u00a0 Programas Ex\u00e1menes Libres Teatro En este link encontrar\u00e1s los Programas de Ex\u00e1menes Libres de las materias que tienen dicha posibilidad de acreditaci\u00f3n\u00a0 seg\u00fan el Plan de Estudios correspondiente. 2023 plan 712 https:\/\/drive.google.com\/drive\/folders\/1zab2CtnWoT9anRHMcNO3QQDzYwIyW2YmkvCjT402sXXw1MTnyuYM9holnoAvm-CfQ6iISwVP?usp=sharing plan 659 https:\/\/drive.google.com\/drive\/folders\/1SkN3vID2jmD70tiVP9V9xDai_KbIlvcfD782QjkNA6592-o4GQ91WhcG0G8IraBF_vZ1cGK7?usp=sharing plan 683\u00a0 https:\/\/drive.google.com\/drive\/folders\/1edj5i4_jzcSxNyTUhIw3CLXBglIMKTwFMPqj2CNh999_mYRx2G-aHuFqfnuHPMIuFLOt5JYb?usp=sharing programas a\u00f1os anteriores 2023 https:\/\/drive.google.com\/drive\/folders\/1m8AOWdagP3KNy2Jxno0RWVGnvPfupce8?usp=sharing LINK a programas de examen libre de Idiomas-lengua extranjera: https:\/\/drive.google.com\/drive\/folders\/1hn25cUrFleyYxjDKrYCnsvRQ-woJ5UL_<\/p>\n","protected":false},"author":73,"featured_media":0,"parent":0,"menu_order":0,"comment_status":"closed","ping_status":"closed","template":"","meta":[],"acf":[],"_links":{"self":[{"href":"https:\/\/esba-nqn.infd.edu.ar\/sitio\/wp-json\/wp\/v2\/pages\/3543"}],"collection":[{"href":"https:\/\/esba-nqn.infd.edu.ar\/sitio\/wp-json\/wp\/v2\/pages"}],"about":[{"href":"https:\/\/esba-nqn.infd.edu.ar\/sitio\/wp-json\/wp\/v2\/types\/page"}],"author":[{"embeddable":true,"href":"https:\/\/esba-nqn.infd.edu.ar\/sitio\/wp-json\/wp\/v2\/users\/73"}],"replies":[{"embeddable":true,"href":"https:\/\/esba-nqn.infd.edu.ar\/sitio\/wp-json\/wp\/v2\/comments?post=3543"}],"version-history":[{"count":8,"href":"https:\/\/esba-nqn.infd.edu.ar\/sitio\/wp-json\/wp\/v2\/pages\/3543\/revisions"}],"predecessor-version":[{"id":6065,"href":"https:\/\/esba-nqn.infd.edu.ar\/sitio\/wp-json\/wp\/v2\/pages\/3543\/revisions\/6065"}],"wp:attachment":[{"href":"https:\/\/esba-nqn.infd.edu.ar\/sitio\/wp-json\/wp\/v2\/media?parent=3543"}],"curies":[{"name":"wp","href":"https:\/\/api.w.org\/{rel}","templated":true}]}}