{"id":3553,"date":"2021-03-26T12:22:06","date_gmt":"2021-03-26T15:22:06","guid":{"rendered":"https:\/\/esba-nqn.infd.edu.ar\/sitio\/?page_id=3553"},"modified":"2021-07-08T16:11:47","modified_gmt":"2021-07-08T19:11:47","slug":"programas-de-examen-libre","status":"publish","type":"page","link":"https:\/\/esba-nqn.infd.edu.ar\/sitio\/programas-de-examen-libre\/","title":{"rendered":"Programas de Examen Libre"},"content":{"rendered":"<h3><span style=\"color: #f702a2;\">Programas Ex\u00e1menes Libres Artes Visuales<\/span><\/h3>\n<p>En este link encontrar\u00e1s los Programas de Ex\u00e1menes Libres de las materias que tienen dicha posibilidad de acreditaci\u00f3n\u00a0 seg\u00fan el Plan de Estudios correspondiente.<\/p>\n<p>Est\u00e1n organizados en tres carpetas y por carreras:<\/p>\n<ul>\n<li>PAV: Profesorado de Artes Visuales<\/li>\n<li>PSAV: Profesorado Superior en Artes Visuales (Todas las orientaciones)<\/li>\n<li>TSAV: Tecnicatura Superior en Artes Visuales<\/li>\n<\/ul>\n<p><a href=\"https:\/\/drive.google.com\/drive\/folders\/17TNtR82tmEglnl0cLJXZZSpXTs6dlQho?usp=sharing\">https:\/\/drive.google.com\/drive\/folders\/17TNtR82tmEglnl0cLJXZZSpXTs6dlQho?usp=sharing<\/a><\/p>\n<p>&nbsp;<\/p>\n<h3><span style=\"color: #ff6600;\"><strong>Programas Ex\u00e1menes Libres Folklore<\/strong><\/span><\/h3>\n<p>En este link encontrar\u00e1s los Programas de Ex\u00e1menes Libres de las materias que tienen dicha posibilidad de acreditaci\u00f3n\u00a0 seg\u00fan el Plan de Estudios correspondiente.<\/p>\n<p><a href=\"https:\/\/drive.google.com\/drive\/folders\/1i2zUiv9MXmqfK5CTER-VvBBSAPEoWbfj?usp=sharing\">https:\/\/drive.google.com\/drive\/folders\/1i2zUiv9MXmqfK5CTER-VvBBSAPEoWbfj?usp=sharing<\/a><\/p>\n<p>&nbsp;<\/p>\n<h3><span style=\"color: #8e05f7;\"><strong>Programas Ex\u00e1menes Libres Teatro<\/strong><\/span><\/h3>\n<p>En este link encontrar\u00e1s los Programas de Ex\u00e1menes Libres de las materias que tienen dicha posibilidad de acreditaci\u00f3n\u00a0 seg\u00fan el Plan de Estudios correspondiente.<\/p>\n<p><a href=\"https:\/\/drive.google.com\/drive\/folders\/1m8AOWdagP3KNy2Jxno0RWVGnvPfupce8?usp=sharing\">https:\/\/drive.google.com\/drive\/folders\/1m8AOWdagP3KNy2Jxno0RWVGnvPfupce8?usp=sharing<\/a><\/p>\n<p>&nbsp;<\/p>\n<h3><span style=\"color: #008000;\"><strong>Programas Ex\u00e1menes Libres IDIOMAS &#8211; Folklore, Artes Visuales y Teatro<\/strong><\/span><\/h3>\n<p>En este link encontrar\u00e1s los Programas de Ex\u00e1menes Libres de las materias que tienen dicha posibilidad de acreditaci\u00f3n\u00a0 seg\u00fan el Plan de Estudios correspondiente.<\/p>\n<p><a href=\"https:\/\/drive.google.com\/drive\/folders\/1hn25cUrFleyYxjDKrYCnsvRQ-woJ5UL_?usp=sharing\">https:\/\/drive.google.com\/drive\/folders\/1hn25cUrFleyYxjDKrYCnsvRQ-woJ5UL_?usp=sharing<\/a><\/p>\n","protected":false},"excerpt":{"rendered":"<p>Programas Ex\u00e1menes Libres Artes Visuales En este link encontrar\u00e1s los Programas de Ex\u00e1menes Libres de las materias que tienen dicha posibilidad de acreditaci\u00f3n\u00a0 seg\u00fan el Plan de Estudios correspondiente. Est\u00e1n organizados en tres carpetas y por carreras: PAV: Profesorado de Artes Visuales PSAV: Profesorado Superior en Artes Visuales (Todas las orientaciones) TSAV: Tecnicatura Superior en &#8230; <a title=\"Programas de Examen Libre\" class=\"read-more\" href=\"https:\/\/esba-nqn.infd.edu.ar\/sitio\/programas-de-examen-libre\/\" aria-label=\"More on Programas de Examen Libre\">[+]<\/a><\/p>\n","protected":false},"author":73,"featured_media":0,"parent":0,"menu_order":0,"comment_status":"closed","ping_status":"closed","template":"","meta":[],"acf":[],"_links":{"self":[{"href":"https:\/\/esba-nqn.infd.edu.ar\/sitio\/wp-json\/wp\/v2\/pages\/3553"}],"collection":[{"href":"https:\/\/esba-nqn.infd.edu.ar\/sitio\/wp-json\/wp\/v2\/pages"}],"about":[{"href":"https:\/\/esba-nqn.infd.edu.ar\/sitio\/wp-json\/wp\/v2\/types\/page"}],"author":[{"embeddable":true,"href":"https:\/\/esba-nqn.infd.edu.ar\/sitio\/wp-json\/wp\/v2\/users\/73"}],"replies":[{"embeddable":true,"href":"https:\/\/esba-nqn.infd.edu.ar\/sitio\/wp-json\/wp\/v2\/comments?post=3553"}],"version-history":[{"count":4,"href":"https:\/\/esba-nqn.infd.edu.ar\/sitio\/wp-json\/wp\/v2\/pages\/3553\/revisions"}],"predecessor-version":[{"id":3899,"href":"https:\/\/esba-nqn.infd.edu.ar\/sitio\/wp-json\/wp\/v2\/pages\/3553\/revisions\/3899"}],"wp:attachment":[{"href":"https:\/\/esba-nqn.infd.edu.ar\/sitio\/wp-json\/wp\/v2\/media?parent=3553"}],"curies":[{"name":"wp","href":"https:\/\/api.w.org\/{rel}","templated":true}]}}