{"id":3788,"date":"2021-06-09T21:16:20","date_gmt":"2021-06-10T00:16:20","guid":{"rendered":"https:\/\/esba-nqn.infd.edu.ar\/sitio\/?page_id=3788"},"modified":"2025-02-06T16:50:48","modified_gmt":"2025-02-06T19:50:48","slug":"contactos-institucionales","status":"publish","type":"page","link":"https:\/\/esba-nqn.infd.edu.ar\/sitio\/contactos-institucionales\/","title":{"rendered":"Contactos Institucionales"},"content":{"rendered":"<h4>Aqu\u00ed encontrar\u00e1s todos los contactos oficiales de cada \u00e1rea:<\/h4>\n<h5><strong>SECRETAR\u00cdA:<\/strong><\/h5>\n<ul>\n<li>MAIL OFICIAL:\u00a0<a href=\"mailto:secretariaesba@neuquen.gov.ar\" target=\"_blank\" rel=\"noopener\"><span class=\"il\">secretariaesba@neuquen.gov.ar<\/span><\/a><\/li>\n<\/ul>\n<p style=\"padding-left: 30px;\">Este canal de comunicaci\u00f3n oficial centraliza los <strong>tramites administrativos del personal de la instituci\u00f3n,\u00a0principalmente env\u00edo\u00a0<\/strong><strong>de documentaci\u00f3n\u00a0<\/strong><strong>laboral: certificados m\u00e9dicos<\/strong><strong>, declaraciones juradas, formularios de renuncias, etc<\/strong>. Les informamos que esta casilla al ser oficial, es la mesa de entrada digital.<\/p>\n<ul>\n<li>El MAIL INSTITUCIONAL:\u00a0<a href=\"mailto:secretariaesba@gmail.com\" target=\"_blank\" rel=\"noopener\">secretariaesba@gmail.com<\/a><\/li>\n<\/ul>\n<p style=\"padding-left: 30px;\">Mail habilitado para el resto de consultas y tramites institucionales como env\u00edo de horarios institucionales, consultas de hs. a subastar y demas.<\/p>\n<h5><strong>EQUIPO DIRECTIVO:<\/strong><\/h5>\n<ul>\n<li><strong>RECTORA :<\/strong> Prof. Casco, Romina\u00a0<a href=\"mailto:bellasartesneuquen@gmail.com\">bellasartesneuquen@gmail.com\u00a0<\/a><\/li>\n<li><strong>VICERRECTORA\u00a0:<\/strong> Prof. Vago, Marina <a href=\"mailto:vicerrectoriaesba@gmail.com\">vicerrectoriaesba@gmail.com<\/a><\/li>\n<li><strong>VICERRECTOR: \u00a0<\/strong> Prof. Macia, I\u00f1aki\u00a0 <a href=\"mailto:vicerrectoriaesba@gmail.com\">vicerrectoriaesba@gmail.com<\/a><\/li>\n<li><strong>SECRETAR\u00cdA ACAD\u00c9MICA\u00a0:<\/strong> Prof. Gonzalez, Gabriel\u00a0 <a href=\"mailto:secretariaacademicaesba@gmail.com\">secretariaacademicaesba@gmail.com<\/a><\/li>\n<li><strong>DIRECTORA CEA Y TOD\u00a0:<\/strong> Prof.\u00a0 Riquelme, Gloria <a href=\"mailto:ceatodbellasartes@gmail.com\">ceatodbellasartes@gmail.com<\/a><\/li>\n<li><strong>VICEDIRECTORA CEA Y TOD:<\/strong> Prof. Virues, Liliana <a href=\"mailto:ceatodbellasartes@gmail.com\">ceatodbellasartes@gmail.com<\/a><\/li>\n<\/ul>\n<h5><strong>BEDELIAS:<\/strong><\/h5>\n<p>BEDELES:<\/p>\n<table width=\"737\">\n<tbody>\n<tr>\n<td colspan=\"3\" width=\"733\"><strong><span style=\"color: #ff00ff;\"> <a class=\"a_block\" style=\"color: #ff00ff;\">\u2588<\/a><a class=\"a_block\" style=\"color: #ff00ff;\">\u2588<\/a><a class=\"a_block\" style=\"color: #ff00ff;\">\u2588<\/a><a class=\"a_block\" style=\"color: #ff00ff;\">\u2588<\/a><a class=\"a_block\" style=\"color: #ff00ff;\">\u2588<\/a><a class=\"a_block\" style=\"color: #ff00ff;\">\u2588<\/a><\/span>Bedeles del Departamento de Artes Visuales<\/strong><\/td>\n<\/tr>\n<tr>\n<td width=\"160\"><strong>Bedel<\/strong><\/td>\n<td width=\"242\"><strong>mail<\/strong><\/td>\n<td width=\"328\"><strong>Cursos a cargo<\/strong><\/td>\n<\/tr>\n<tr>\n<td width=\"160\">Bettina Ortiz<\/td>\n<td width=\"242\">\n<div class=\"page\" title=\"Page 1\">\n<div class=\"layoutArea\">\n<div class=\"column\">\n<div class=\"page\" title=\"Page 1\">\n<div class=\"layoutArea\">\n<div class=\"column\">\n<p>bedeliat.m21@gmail.com<\/p>\n<\/div>\n<\/div>\n<\/div>\n<\/div>\n<\/div>\n<\/div>\n<\/td>\n<td width=\"328\">1ero y 2do\u00a0 Profesorado de Artes Visuales Plan 660\/411 Turno Ma\u00f1ana<\/td>\n<\/tr>\n<tr>\n<td width=\"160\">Nelcy Astete<\/td>\n<td width=\"242\">bedeliat.m21@gmail.com<\/td>\n<td width=\"328\">3ro y 4to Profesorado de Artes Visuales Plan 660\/411 Turno Ma\u00f1ana<\/td>\n<\/tr>\n<tr>\n<td width=\"160\">Claudia Botto<\/td>\n<td width=\"242\">bedeliattarde@gmail.com<\/td>\n<td width=\"328\">1ero y 2do Profesorado de Artes Visuales Plan 660\/411 Turno Tarde<\/td>\n<\/tr>\n<tr>\n<td width=\"160\">Daniela Mart\u00ednez<\/td>\n<td width=\"242\">bedeliattarde@gmail.com<\/td>\n<td width=\"328\">3ero y 4to Profesorado de Artes Visuales Plan 660\/411 Turno Tarde<\/td>\n<\/tr>\n<tr>\n<td width=\"160\">Jos\u00e9 Mart\u00ednez<\/td>\n<td width=\"242\">bedeliatnoche@gmail.com<\/td>\n<td width=\"328\">1ero y 2do Profesorado de Artes Visuales Plan 660\/411 Turno Noche<\/td>\n<\/tr>\n<tr>\n<td width=\"160\">Varen Sobisch<\/td>\n<td width=\"242\">bedeliatnoche@gmail.com<\/td>\n<td width=\"328\">3ero y 4to Profesorado de Artes Visuales Plan 660\/411 Turno Noche<\/td>\n<\/tr>\n<tr>\n<td width=\"160\">\n<div class=\"page\" title=\"Page 1\">\n<div class=\"layoutArea\">\n<div class=\"column\">\n<p>Lorena Yban\u0303ez<\/p>\n<\/div>\n<\/div>\n<\/div>\n<\/td>\n<td width=\"242\">bedeltecnico@gmail.com<\/td>\n<td width=\"328\">1ero, 2do, y 3 ero T\u00e9cnico en Artes Visuales Plan 598 \/769<\/td>\n<\/tr>\n<tr>\n<td width=\"160\">\n<div class=\"page\" title=\"Page 1\">\n<div class=\"layoutArea\">\n<div class=\"column\">\n<p>Gabriela Conradi<\/p>\n<\/div>\n<\/div>\n<\/div>\n<\/td>\n<td width=\"242\">\n<div class=\"page\" title=\"Page 1\">\n<div class=\"layoutArea\">\n<div class=\"column\">\n<p>superbedelia@gmail.com<\/p>\n<\/div>\n<\/div>\n<\/div>\n<\/td>\n<td width=\"328\">Carrera de Profesorado de Educaci\u00f3n Superior en Artes Visuales, Todos los planes.<\/td>\n<\/tr>\n<\/tbody>\n<\/table>\n<table width=\"728\">\n<tbody>\n<tr>\n<td colspan=\"4\" width=\"724\"><strong><span style=\"color: #ffff00;\"><a class=\"a_block\" style=\"color: #ffff00;\">\u2588<\/a><a class=\"a_block\" style=\"color: #ffff00;\">\u2588<\/a><a class=\"a_block\" style=\"color: #ffff00;\">\u2588<\/a><a class=\"a_block\" style=\"color: #ffff00;\">\u2588<\/a><a class=\"a_block\" style=\"color: #ffff00;\">\u2588<\/a><a class=\"a_block\" style=\"color: #ffff00;\">\u2588<\/a><a class=\"a_block\" style=\"color: #ffff00;\">\u2588<\/a><\/span>Bedel\u00a0 Departamento de Folklore<\/strong><\/td>\n<\/tr>\n<tr>\n<td width=\"99\"><strong>Bedel<\/strong><\/td>\n<td colspan=\"2\" width=\"250\"><strong>mail<\/strong><\/td>\n<td width=\"371\"><strong>Cursos a cargo<\/strong><\/td>\n<\/tr>\n<tr>\n<td width=\"99\">Claudia Botto<\/td>\n<td width=\"246\"><a href=\"mailto:esba.folklore@gmail.com\">esba.folklore@gmail.com<\/a><\/td>\n<td colspan=\"2\" width=\"375\">1\u00ba, 2\u00ba, 3\u00ba y 4\u00ba del Profesorado de Folklore<\/td>\n<\/tr>\n<tr>\n<td width=\"76\"><\/td>\n<td width=\"186\"><\/td>\n<td width=\"3\"><\/td>\n<td width=\"281\"><\/td>\n<\/tr>\n<\/tbody>\n<\/table>\n<table width=\"716\">\n<tbody>\n<tr>\n<td colspan=\"3\" width=\"712\"><strong><span style=\"color: #3366ff;\"><a class=\"a_block\" style=\"color: #3366ff;\">\u2588<\/a><a class=\"a_block\" style=\"color: #3366ff;\">\u2588<\/a><a class=\"a_block\" style=\"color: #3366ff;\">\u2588<\/a><a class=\"a_block\" style=\"color: #3366ff;\">\u2588<\/a><a class=\"a_block\" style=\"color: #3366ff;\">\u2588<\/a><a class=\"a_block\" style=\"color: #3366ff;\">\u2588<\/a><a class=\"a_block\" style=\"color: #3366ff;\">\u2588<\/a><a class=\"a_block\" style=\"color: #3366ff;\">\u2588<\/a><\/span>Bedeles\u00a0 Departamento de Teatro<\/strong><\/td>\n<\/tr>\n<tr>\n<td width=\"102\"><strong>Bedel<\/strong><\/td>\n<td width=\"357\"><strong>Mail\u00a0<\/strong><\/td>\n<td width=\"248\"><strong>Cursos a cargo<\/strong><\/td>\n<\/tr>\n<tr>\n<td width=\"102\">Gustavo Reyna<\/td>\n<td width=\"357\">\n<div class=\"page\" title=\"Page 2\">\n<div class=\"layoutArea\">\n<div class=\"column\">\n<p>esbateatro@gmail.com<\/p>\n<\/div>\n<\/div>\n<\/div>\n<\/td>\n<td width=\"248\">Plan 683<\/td>\n<\/tr>\n<tr>\n<td width=\"102\">Bettina Ortiz<\/td>\n<td width=\"357\">esbateatro@gmail.com<\/td>\n<td width=\"248\">Plan 659<\/td>\n<\/tr>\n<tr>\n<td width=\"102\"><span style=\"font-weight: 400;\">Emanuel Vazquez<\/span><\/td>\n<td width=\"357\"><span style=\"font-weight: 400;\">actuacionesba@gmail.com<\/span><\/td>\n<td width=\"248\"><span style=\"font-weight: 400;\">Plan 712<\/span><\/td>\n<\/tr>\n<\/tbody>\n<\/table>\n<p><strong style=\"font-family: inherit; font-size: 20px;\"><br \/>\nCOORDINACIONES Y GABINETES:<\/strong><\/p>\n<p><span style=\"color: #ff00ff;\">\u25b2\u25b2\u25b2ARTES VISUALES\u25b2\u25b2\u25b2<\/span><\/p>\n<p><strong>COORDINACI\u00d3N DE CARRERA DE\u00a0 ARTES VISUALES: <\/strong><\/p>\n<p><strong>VACANTE<\/strong><\/p>\n<p><strong> &#x2709; dptovisualesesba@gmail.com<\/strong><\/p>\n<p style=\"padding-left: 30px;\"><strong>COORDINACIONES DE\u00a0\u00c1REA ARTES VISUALES:<\/strong><\/p>\n<ul>\n<li>\u00c1rea Pr\u00e1ctica y Residencia Docente: Prof. Roxana Garre<\/li>\n<li>\u00c1rea\u00a0 Socio Hist\u00f3ricas:VACANTE<\/li>\n<li>\u00c1rea Producci\u00f3n Art\u00edstica, Prof. Mauro Pehuen Rosas. <a style=\"font-size: inherit;\" href=\"mailto:coordinacionproduccionvisuales@gmail.com\"><span class=\"qu\" tabindex=\"-1\" role=\"gridcell\" translate=\"no\"><span class=\"go\">coordinacionproduccionvisuales@gmail.com<\/span><\/span><\/a><\/li>\n<li>\u00c1rea Fundamentaci\u00f3n del Lenguaje Visual: Prof. Andrea Polito<\/li>\n<\/ul>\n<p><span style=\"color: #00ccff;\">\u25b2\u25b2\u25b2TEATRO\u25b2\u25b2\u25b2<\/span><\/p>\n<p><strong>COORDINACI\u00d3N DE CARRERA DE ARTE DRAMATICO: <\/strong><\/p>\n<p style=\"padding-left: 40px;\"><strong><span style=\"color: #00ccff;\">\u25b2<\/span>Prof. Ely Navarro\u00a0 &#x2709;\u00a0 coordinaciondptoteatro@gmail.com<\/strong><\/p>\n<p style=\"padding-left: 30px;\"><strong>COORDINACIONES DE\u00a0AREA ARTE DRAMATICO:<\/strong><\/p>\n<ul>\n<li>\u00c1rea Formaci\u00f3n Espec\u00edfica:\u00a0 Prof. Pablo Aguirre &#x2709;<a href=\"mailto:coordinacionproduccionteatro@gmail.com\">coordinacionproduccionteatro@gmail.com<\/a><\/li>\n<li>\u00c1rea T\u00e9cnica: Prof. Cintia Pini Ullua\u00a0 &#x2709; areatecnica.esba@gmail.com<\/li>\n<li>\u00c1rea de Formaci\u00f3n General:\u00a0 Prof. Carina Bisutti\u00a0 \u00a0 &#x2709; coordformaciongeneral@gmail.com<\/li>\n<li>\u00c1rea de Pr\u00e1ctica y Residencia: Prof. Emilse Giardilli &#x2709; coord.practicas.teatro@gmail.com<\/li>\n<\/ul>\n<p><span style=\"color: #ff9900;\">\u25b2\u25b2\u25b2FOLKLORE\u25b2\u25b2\u25b2<\/span><\/p>\n<p><strong>COORDINACIONES DE\u00a0CARRERA DE FOLKLORE:\u00a0<\/strong>Prof, Paola Cardenas <a href=\"mailto:coordinacionfolklore2020esba@gmail.com\">coordinacionfolklore2020esba@gmail.com<\/a><\/p>\n<p>&#8212;&#8212;&#8212;&#8212;&#8212;&#8212;&#8212;&#8212;&#8212;&#8212;&#8212;&#8212;&#8212;&#8212;&#8212;&#8212;&#8212;&#8212;&#8212;&#8212;&#8212;&#8212;&#8212;&#8212;&#8211;<\/p>\n<p><strong>GABINETE EN TECNOLOG\u00cdAS DIGITALES<\/strong>: Prof.\u00a0 Enzo Vaccaro\u00a0 \u00a0<a href=\"mailto:serviciotecnicoesba@gmail.com\">serviciotecnicoesba@gmail.com<\/a><\/p>\n<p><strong>GABINETE DE T\u00c9CNICAS DE ESTUDIO<\/strong>: Prof. Lorena Mart\u00edn<\/p>\n<p><strong>GABINETE DE LENGUAS EXTRANJERAS: <\/strong>Prof. Valeria Morales<\/p>\n<h5>SECRETAR\u00cdAS:<\/h5>\n<p><strong>SECRETAR\u00cdA DE INVESTIGACI\u00d3N:\u00a0<\/strong>Prof. Gabrielle Ibach\u00a0 <a href=\"mailto:si.artesnqn@gmail.com\">si.artesnqn@gmail.com\u00a0<\/a><\/p>\n<p><strong>SECRETAR\u00cdA DE EXTENSI\u00d3N:\u00a0\u00a0<\/strong>\u00a0Lic. Ayel\u00e9n Sep\u00falveda\u00a0<a href=\"mailto:bellasartesextension@gmail.com\">bellasartesextension@gmail.com\u00a0<\/a><\/p>\n<p style=\"padding-left: 30px;\">\u00a0<strong>COORDINACIONES DE \u00a0\u00c1REA SECRETAR\u00cdA DE EXTENSI\u00d3N:<\/strong><\/p>\n<ul>\n<li>\u00c1rea Circulaci\u00f3n de Espect\u00e1culos: Prof Javier Santanera\u00a0 &#x2709;circulaci\u00f3nespectaculosesba@gmail.com<\/li>\n<li>\u00c1rea Circulaci\u00f3n Obra de Arte: Prof. Roxana Ferreyra <a href=\"mailto:circulacionobradearteesba@gmail.com\">circulacionobradearteesba@gmail.com\u00a0<\/a><\/li>\n<li>\u00c1rea Formaci\u00f3n Docente Continua: Prof. Vanina Bradach\u00a0 <a href=\"mailto:formaciondocenteesba@gmail.com\">formaciondocenteesba@gmail.com<\/a><\/li>\n<li>\u00c1rea Vinculaci\u00f3n Extensi\u00f3n y Comunicaci\u00f3n, Prof. Ines Ibarra: <a href=\"mailto:informacion.esba@gmail.com\">informacion.esba@gmail.com<\/a><\/li>\n<\/ul>\n<h5>ELENCO ESCUELA DE TEATRO:<\/h5>\n<p><a href=\"mailto:esbaelenco@gmail.com\">esbaelenco@gmail.com<\/a><\/p>\n<h5>BIBLIOTECA:<\/h5>\n<p><a href=\"mailto:biblioesbanqn@gmail.com\">biblioesbanqn@gmail.com <\/a><\/p>\n","protected":false},"excerpt":{"rendered":"<p>Aqu\u00ed encontrar\u00e1s todos los contactos oficiales de cada \u00e1rea: SECRETAR\u00cdA: MAIL OFICIAL:\u00a0secretariaesba@neuquen.gov.ar Este canal de comunicaci\u00f3n oficial centraliza los tramites administrativos del personal de la instituci\u00f3n,\u00a0principalmente env\u00edo\u00a0de documentaci\u00f3n\u00a0laboral: certificados m\u00e9dicos, declaraciones juradas, formularios de renuncias, etc. Les informamos que esta casilla al ser oficial, es la mesa de entrada digital. El MAIL INSTITUCIONAL:\u00a0secretariaesba@gmail.com Mail habilitado &#8230; <a title=\"Contactos Institucionales\" class=\"read-more\" href=\"https:\/\/esba-nqn.infd.edu.ar\/sitio\/contactos-institucionales\/\" aria-label=\"More on Contactos Institucionales\">[+]<\/a><\/p>\n","protected":false},"author":986,"featured_media":0,"parent":0,"menu_order":0,"comment_status":"closed","ping_status":"closed","template":"","meta":[],"acf":[],"_links":{"self":[{"href":"https:\/\/esba-nqn.infd.edu.ar\/sitio\/wp-json\/wp\/v2\/pages\/3788"}],"collection":[{"href":"https:\/\/esba-nqn.infd.edu.ar\/sitio\/wp-json\/wp\/v2\/pages"}],"about":[{"href":"https:\/\/esba-nqn.infd.edu.ar\/sitio\/wp-json\/wp\/v2\/types\/page"}],"author":[{"embeddable":true,"href":"https:\/\/esba-nqn.infd.edu.ar\/sitio\/wp-json\/wp\/v2\/users\/986"}],"replies":[{"embeddable":true,"href":"https:\/\/esba-nqn.infd.edu.ar\/sitio\/wp-json\/wp\/v2\/comments?post=3788"}],"version-history":[{"count":28,"href":"https:\/\/esba-nqn.infd.edu.ar\/sitio\/wp-json\/wp\/v2\/pages\/3788\/revisions"}],"predecessor-version":[{"id":7007,"href":"https:\/\/esba-nqn.infd.edu.ar\/sitio\/wp-json\/wp\/v2\/pages\/3788\/revisions\/7007"}],"wp:attachment":[{"href":"https:\/\/esba-nqn.infd.edu.ar\/sitio\/wp-json\/wp\/v2\/media?parent=3788"}],"curies":[{"name":"wp","href":"https:\/\/api.w.org\/{rel}","templated":true}]}}