{"id":4865,"date":"2023-04-05T18:52:21","date_gmt":"2023-04-05T21:52:21","guid":{"rendered":"https:\/\/esba-nqn.infd.edu.ar\/sitio\/?page_id=4865"},"modified":"2023-04-05T18:52:23","modified_gmt":"2023-04-05T21:52:23","slug":"conformacion-de-cpi","status":"publish","type":"page","link":"https:\/\/esba-nqn.infd.edu.ar\/sitio\/conformacion-de-cpi\/","title":{"rendered":"Conformaci\u00f3n de CPI!"},"content":{"rendered":"\n<figure class=\"wp-block-image size-full\"><img decoding=\"async\" loading=\"lazy\" width=\"900\" height=\"600\" src=\"https:\/\/esba-nqn.infd.edu.ar\/sitio\/wp-content\/uploads\/2023\/04\/CPI-IMAGEN.jpeg\" alt=\"\" class=\"wp-image-4866\" srcset=\"https:\/\/esba-nqn.infd.edu.ar\/sitio\/wp-content\/uploads\/2023\/04\/CPI-IMAGEN.jpeg 900w, https:\/\/esba-nqn.infd.edu.ar\/sitio\/wp-content\/uploads\/2023\/04\/CPI-IMAGEN-768x512.jpeg 768w\" sizes=\"(max-width: 900px) 100vw, 900px\" \/><figcaption class=\"wp-element-caption\">&#x203c;&#xfe0f;&#x203c;&#xfe0f;&#x27a1;&#xfe0f;&#x1f4a5;El CPI es el \u00f3rgano colegiado que se encarga del desarrollo del proyecto institucional, de la orientaci\u00f3n, asesoramiento y seguimiento del mismo. En este espacio todxs los integrantes de la Escuela son representados tienen voz y voto, es importante saber que en este \u00f3rgano se definen pol\u00edticas p\u00fablicas para el funcionamiento integral de la Instituci\u00f3n a trav\u00e9s de la discusi\u00f3n colectiva entre lxs integrantes del mismo. El Consejo de Pol\u00edticas Institucionales es un \u00f3rgano cuatripartito\u00a0 compuesto por el claustro docente, claustro de estudiantes, el de trabajadores de apoyo educativo y el claustro de graduadxs. Cada claustro puede proponer en este \u00f3rgano planes de acci\u00f3n para la mejora Institucional debido a que\u00a0 junto al Equipx Directivx y el Consejo Acad\u00e9mico el mismo funciona como \u00f3rgano de co-gobierno.<br>Por el momento nuestra Escuela no cuenta con un Consejo de Pol\u00edticas Institucionales conformado y pr\u00f3ximamente elegiremos Consejerxs. Si sos docente, estudiante, graduadx o trabajadxr de Apoyo Educativo podes armar una lista para participar de este espacio. Es importante el compromiso con nuestra casa de estudios para que podamos tomar decisiones de manera conjunta. &#x203c;&#xfe0f;&#x203c;&#xfe0f;&#x2b05;&#xfe0f;&#x1f4a5;<\/figcaption><\/figure>\n","protected":false},"excerpt":{"rendered":"","protected":false},"author":2429,"featured_media":0,"parent":0,"menu_order":0,"comment_status":"closed","ping_status":"closed","template":"","meta":[],"acf":[],"_links":{"self":[{"href":"https:\/\/esba-nqn.infd.edu.ar\/sitio\/wp-json\/wp\/v2\/pages\/4865"}],"collection":[{"href":"https:\/\/esba-nqn.infd.edu.ar\/sitio\/wp-json\/wp\/v2\/pages"}],"about":[{"href":"https:\/\/esba-nqn.infd.edu.ar\/sitio\/wp-json\/wp\/v2\/types\/page"}],"author":[{"embeddable":true,"href":"https:\/\/esba-nqn.infd.edu.ar\/sitio\/wp-json\/wp\/v2\/users\/2429"}],"replies":[{"embeddable":true,"href":"https:\/\/esba-nqn.infd.edu.ar\/sitio\/wp-json\/wp\/v2\/comments?post=4865"}],"version-history":[{"count":1,"href":"https:\/\/esba-nqn.infd.edu.ar\/sitio\/wp-json\/wp\/v2\/pages\/4865\/revisions"}],"predecessor-version":[{"id":4867,"href":"https:\/\/esba-nqn.infd.edu.ar\/sitio\/wp-json\/wp\/v2\/pages\/4865\/revisions\/4867"}],"wp:attachment":[{"href":"https:\/\/esba-nqn.infd.edu.ar\/sitio\/wp-json\/wp\/v2\/media?parent=4865"}],"curies":[{"name":"wp","href":"https:\/\/api.w.org\/{rel}","templated":true}]}}