{"id":5576,"date":"2023-09-28T15:00:39","date_gmt":"2023-09-28T18:00:39","guid":{"rendered":"https:\/\/esba-nqn.infd.edu.ar\/sitio\/?page_id=5576"},"modified":"2025-03-23T19:38:13","modified_gmt":"2025-03-23T22:38:13","slug":"artes-visuales","status":"publish","type":"page","link":"https:\/\/esba-nqn.infd.edu.ar\/sitio\/artes-visuales\/","title":{"rendered":"Artes visuales"},"content":{"rendered":"\n<figure class=\"wp-block-image alignwide\"><img decoding=\"async\" loading=\"lazy\" width=\"1080\" height=\"150\" src=\"https:\/\/esba-nqn.infd.edu.ar\/sitio\/wp-content\/uploads\/2024\/04\/AV_Header_F-1.png\" alt=\"\" class=\"wp-image-6178\" srcset=\"https:\/\/esba-nqn.infd.edu.ar\/sitio\/wp-content\/uploads\/2024\/04\/AV_Header_F-1.png 1080w, https:\/\/esba-nqn.infd.edu.ar\/sitio\/wp-content\/uploads\/2024\/04\/AV_Header_F-1-1000x139.png 1000w, https:\/\/esba-nqn.infd.edu.ar\/sitio\/wp-content\/uploads\/2024\/04\/AV_Header_F-1-768x107.png 768w\" sizes=\"(max-width: 1080px) 100vw, 1080px\" \/><\/figure>\n\n\n\n<div class=\"wp-block-group is-layout-flex\">\n<figure class=\"wp-block-image size-full is-resized\"><a href=\"https:\/\/esba-nqn.infd.edu.ar\/sitio\/\"><img decoding=\"async\" loading=\"lazy\" src=\"https:\/\/esba-nqn.infd.edu.ar\/sitio\/wp-content\/uploads\/2024\/04\/AV_Boton_Home.png\" alt=\"\" class=\"wp-image-6291\" width=\"40\" height=\"40\"\/><\/a><\/figure>\n\n\n\n<div class=\"wp-block-buttons is-content-justification-center is-layout-flex wp-container-1\">\n<div class=\"wp-block-button has-custom-font-size has-small-font-size\"><a class=\"wp-block-button__link has-text-color has-background wp-element-button\" href=\"#tsav\" style=\"border-radius:5px;color:#282828;background-color:#7569ff\" rel=\"\"><strong>Tecnicatura Superior en Artes Visuales<\/strong><\/a><\/div>\n<\/div>\n\n\n\n<div class=\"wp-block-buttons is-content-justification-center is-layout-flex wp-container-2\">\n<div class=\"wp-block-button has-custom-font-size has-small-font-size\"><a class=\"wp-block-button__link has-text-color has-background wp-element-button\" href=\"#pav\" style=\"border-radius:5px;color:#282828;background-color:#7569ff\"><strong>Profesorado en Artes Visuales<\/strong><\/a><\/div>\n<\/div>\n\n\n\n<div class=\"wp-block-buttons is-content-justification-center is-layout-flex wp-container-3\">\n<div class=\"wp-block-button has-custom-font-size has-small-font-size\"><a class=\"wp-block-button__link has-text-color has-background wp-element-button\" href=\"#psav\" style=\"border-radius:5px;color:#282828;background-color:#7569ff\"><strong>Profesorado Superior en Artes Visuales<\/strong><\/a><\/div>\n<\/div>\n<\/div>\n\n\n\n<hr class=\"wp-block-separator has-text-color has-contrast-color has-alpha-channel-opacity has-contrast-background-color has-background is-style-default\"\/>\n\n\n\n<figure class=\"wp-block-image alignfull size-full\" id=\"tsav\"><img decoding=\"async\" loading=\"lazy\" width=\"1100\" height=\"350\" src=\"https:\/\/esba-nqn.infd.edu.ar\/sitio\/wp-content\/uploads\/2025\/03\/tecnicatura.png\" alt=\"\" class=\"wp-image-7107\" srcset=\"https:\/\/esba-nqn.infd.edu.ar\/sitio\/wp-content\/uploads\/2025\/03\/tecnicatura.png 1100w, https:\/\/esba-nqn.infd.edu.ar\/sitio\/wp-content\/uploads\/2025\/03\/tecnicatura-1000x318.png 1000w, https:\/\/esba-nqn.infd.edu.ar\/sitio\/wp-content\/uploads\/2025\/03\/tecnicatura-768x244.png 768w\" sizes=\"(max-width: 1100px) 100vw, 1100px\" \/><\/figure>\n\n\n\n<p><strong>Competencias:<\/strong><br>Investigar, planificar, organizar y ejecutar programas y proyectos de investigaci\u00f3n y proyecci\u00f3n social en artes pl\u00e1sticas.<br>Intervenir en la producci\u00f3n de bienes culturales.<br>Colaborar en la conservaci\u00f3n del patrimonio art\u00edstico, arqueol\u00f3gico, monumental e hist\u00f3rico.<br>Incidir en la producci\u00f3n de la imagen comprometida con las necesidades culturales y sociales contempor\u00e1neas.<\/p>\n\n\n\n<p><strong>Campos laborales:<\/strong><br>El campo art\u00edstico cultural: pintor, grabador, escultor, dibujante.<br>El campo en asistencia de talleres privados, oficiales, municipales.<br>En centros comunitarios, museos, asesor\u00eda y asistencia t\u00e9cnica en distintas \u00e1reas, decoraciones en general.<\/p>\n\n\n\n<div class=\"wp-block-columns is-layout-flex wp-container-7\">\n<div class=\"wp-block-column is-layout-flow\" style=\"flex-basis:50%\"><div class=\"wp-block-image\">\n<figure class=\"aligncenter size-full is-resized\"><a href=\"https:\/\/drive.google.com\/file\/d\/1nuvdtr-IRjV-tQbYJk0rsJIrQtNLEvet\/view?usp=drive_link\"><img decoding=\"async\" src=\"https:\/\/esba-nqn.infd.edu.ar\/sitio\/wp-content\/uploads\/2024\/09\/PDE_AV_Boton.png\" alt=\"\" class=\"wp-image-6756\" height=\"50\"\/><\/a><\/figure><\/div><\/div>\n\n\n\n<div class=\"wp-block-column is-layout-flow\" style=\"flex-basis:50%\"><div class=\"wp-block-image\">\n<figure class=\"aligncenter size-full is-resized\"><a href=\"https:\/\/esba-nqn.infd.edu.ar\/sitio\/formulario-suscripcion\/\"><img decoding=\"async\" src=\"https:\/\/esba-nqn.infd.edu.ar\/sitio\/wp-content\/uploads\/2024\/09\/SABERMAS_AV_Boton.png\" alt=\"\" class=\"wp-image-6754\" height=\"50\"\/><\/a><\/figure><\/div><\/div>\n<\/div>\n\n\n\n<hr class=\"wp-block-separator has-text-color has-contrast-color has-alpha-channel-opacity has-contrast-background-color has-background\"\/>\n\n\n\n<figure class=\"wp-block-image alignfull size-full\" id=\"pav\"><img decoding=\"async\" loading=\"lazy\" width=\"1100\" height=\"350\" src=\"https:\/\/esba-nqn.infd.edu.ar\/sitio\/wp-content\/uploads\/2025\/03\/Profesorado-en-Artes-Visuales.png\" alt=\"\" class=\"wp-image-7108\" srcset=\"https:\/\/esba-nqn.infd.edu.ar\/sitio\/wp-content\/uploads\/2025\/03\/Profesorado-en-Artes-Visuales.png 1100w, https:\/\/esba-nqn.infd.edu.ar\/sitio\/wp-content\/uploads\/2025\/03\/Profesorado-en-Artes-Visuales-1000x318.png 1000w, https:\/\/esba-nqn.infd.edu.ar\/sitio\/wp-content\/uploads\/2025\/03\/Profesorado-en-Artes-Visuales-768x244.png 768w\" sizes=\"(max-width: 1100px) 100vw, 1100px\" \/><\/figure>\n\n\n\n<p><strong>Competencias:<\/strong><br>Dar cuenta de una s\u00f3lida formaci\u00f3n profesional art\u00edstica y pedag\u00f3gica, a fin de poder proyectar, producir y reflexionar sobre su obra, cuya l\u00f3gica de realizaci\u00f3n pueda luego transmitir.<br>Conocer y operar con las diferentes herramientas que se encuentran a su disposici\u00f3n como as\u00ed tambi\u00e9n emplear los nuevos recursos y soportes tecnol\u00f3gicos en la producci\u00f3n art\u00edstica.<br>Proporcionar un bagaje te\u00f3rico &#8211; pr\u00e1ctico que permita comprender la pr\u00e1ctica docente desde la l\u00f3gica de la complejidad.<br>Promover la actualizaci\u00f3n constante y las actividades de investigaci\u00f3n, de acuerdo a las necesidades personales, sociales y regionales, integrando al sistema educativo con una pol\u00edtica amplia en un proceso din\u00e1mico que facilite la realizaci\u00f3n profesional.<br>Facilitar el doble recorrido, que permita realizar una lectura de la realidad institucional de las escuelas que favorezca un compromiso con su contexto, particularmente en instituciones de educaci\u00f3n art\u00edstica o de educaci\u00f3n no formal.<\/p>\n\n\n\n<p><strong>Campos laborales:<\/strong><br>Educaci\u00f3n en nivel inicial, primario y secundario.<br>El campo art\u00edstico cultural: pintor, grabador, escultor, dibujante.<br>El campo en asistencia de talleres privados, oficiales, municipales.<br>En centros comunitarios, museos, asesor\u00eda y asistencia t\u00e9cnica en distintas \u00e1reas, decoraciones en general.<\/p>\n\n\n\n<div class=\"wp-block-columns is-layout-flex wp-container-10\">\n<div class=\"wp-block-column is-layout-flow\" style=\"flex-basis:50%\"><div class=\"wp-block-image\">\n<figure class=\"aligncenter size-full is-resized\"><a href=\"https:\/\/drive.google.com\/file\/d\/1v9jR3CBiyl4Ptxtto6z_os6zM9HQ-AWE\/view?usp=drive_link\"><img decoding=\"async\" src=\"https:\/\/esba-nqn.infd.edu.ar\/sitio\/wp-content\/uploads\/2024\/09\/PDE_AV_Boton.png\" alt=\"\" class=\"wp-image-6756\" height=\"50\"\/><\/a><\/figure><\/div><\/div>\n\n\n\n<div class=\"wp-block-column is-layout-flow\" style=\"flex-basis:50%\"><div class=\"wp-block-image\">\n<figure class=\"aligncenter size-full is-resized\"><a href=\"https:\/\/esba-nqn.infd.edu.ar\/sitio\/formulario-suscripcion\/\"><img decoding=\"async\" src=\"https:\/\/esba-nqn.infd.edu.ar\/sitio\/wp-content\/uploads\/2024\/09\/SABERMAS_AV_Boton.png\" alt=\"\" class=\"wp-image-6754\" height=\"50\"\/><\/a><\/figure><\/div><\/div>\n<\/div>\n\n\n\n<hr class=\"wp-block-separator has-text-color has-contrast-color has-alpha-channel-opacity has-contrast-background-color has-background\"\/>\n\n\n\n<figure class=\"wp-block-image alignfull size-full\" id=\"psav\"><img decoding=\"async\" loading=\"lazy\" width=\"1100\" height=\"350\" src=\"https:\/\/esba-nqn.infd.edu.ar\/sitio\/wp-content\/uploads\/2025\/03\/Profesorado-en-Artes-Visuales-1.png\" alt=\"\" class=\"wp-image-7110\" srcset=\"https:\/\/esba-nqn.infd.edu.ar\/sitio\/wp-content\/uploads\/2025\/03\/Profesorado-en-Artes-Visuales-1.png 1100w, https:\/\/esba-nqn.infd.edu.ar\/sitio\/wp-content\/uploads\/2025\/03\/Profesorado-en-Artes-Visuales-1-1000x318.png 1000w, https:\/\/esba-nqn.infd.edu.ar\/sitio\/wp-content\/uploads\/2025\/03\/Profesorado-en-Artes-Visuales-1-768x244.png 768w\" sizes=\"(max-width: 1100px) 100vw, 1100px\" \/><\/figure>\n\n\n\n<p><strong>Competencias:<\/strong><br>Desarrollar conocimientos y habilidades pedag\u00f3gico-did\u00e1cticas de la modalidad art\u00edstica del nivel superior de formaci\u00f3n de formadores abarcando las AAIE: A de Aula -Materia, Taller, Laboratorio, Proyectual-; A de Articulaci\u00f3n inter c\u00e1tedras e inter campos y trabajo en equipo; I de Investigaci\u00f3n Educativa, Investigaci\u00f3n Etnogr\u00e1fica, Investigaci\u00f3n Sobre y En Arte; E de Experiencias extensionistas hacia y con la comunidad.<br>Otorgar especial inter\u00e9s en la formaci\u00f3n profesional de los artistas, por su valor estrat\u00e9gico en t\u00e9rminos de trascendencia econ\u00f3mica, pol\u00edtica, social y cultural, entendiendo el concepto de arte como conocimiento y trabajo.<br>Contribuir en la construcci\u00f3n del conocimiento situado en el campo de la cultura, que considere la diversidad, lo intercultural, lo local, lo regional, lo global para favorecer la igualdad de oportunidades, construir las identidades, los modos de sentir, pensar y actuar dentro de los grupos de pertenencia.<br>Dar cuenta de una amplia formaci\u00f3n profesional tanto art\u00edstica como pedag\u00f3gica basada en el nivel superior.<br>Conocer y operar de acuerdo a la intencionalidad de las manifestaciones de las Artes Visuales, entendidas como discursos en contexto e intentar dominar los saberes propios de la Orientaci\u00f3n elegida.<br>Propiciar los procesos de interpretaci\u00f3n est\u00e9tico-art\u00edsticos, favoreciendo el desarrollo de pensamiento divergente, abstracto, metaf\u00f3rico y po\u00e9tico de los distintos formatos simb\u00f3licos propios de los lenguajes y las experiencias art\u00edsticas.<br>Desarrollar pensamiento cr\u00edtico acerca de la realidad socio-hist\u00f3rica y la producci\u00f3n cultural identitaria en el contexto argentino y latinoamericano. Campo de conocimiento fundamental para la actuaci\u00f3n ciudadana y la formaci\u00f3n cultural profesional.<\/p>\n\n\n\n<p><strong>Campos laborales:<\/strong><br>Desempe\u00f1arse como formador de formadores en el campo de la educaci\u00f3n de las artes visuales, pudiendo trabajar en los profesorados de nivel superior, institutos superiores de formaci\u00f3n docente, escuelas superiores de arte y universidades. Su competencia de t\u00edtulo lo posiciona en primer t\u00e9rmino en la especialidad, con amplitud laboral a otros espacios curriculares del campo espec\u00edfico y de la pr\u00e1ctica profesional; en otras carreras como las Tecnicaturas de Artes Visuales y en educaci\u00f3n no formal de modalidad art\u00edstica en contextos diversos.<br>Operar en el Sistema de Arte, desarrollando roles de diferentes agentes y acciones que lo componen, tales como gesti\u00f3n cultural, montaje y circulaci\u00f3n de la obra de arte, curadur\u00eda, muestras y exposicionesde arte o diversas manifestaciones culturales, eventos y proyectos art\u00edsticos, etc.<br>Favorecer la formaci\u00f3n profesional art\u00edstica para la producci\u00f3n, circulaci\u00f3n y distribuci\u00f3n de contenidos culturales tangibles e intangibles para la inserci\u00f3n social, laboral y cultural.<br>Formar profesionales comprometidos e innovadores, que sean capaces de interactuar y producir dentro de las cambiantes complejidades sociales de la realidad educativa y el mundo del arte. Acercar la educaci\u00f3n a la realidad vivida por cada uno, vinculando los diferentes contextos y discursosde un mundo complejo, planteos est\u00e9ticos, valores e ideolog\u00edas, para desarrollar la capacidad de elegir y tomar decisiones.<br>Profundizar en el campo de conocimiento espec\u00edfico, como profesional creativo, reflexivo, investigador, para pensar\/sentir\/hacer su especialidad indag\u00e1ndola como medio, lenguaje, t\u00e9cnica seg\u00fan su deseo para que su praxis se retroalimente entre lo art\u00edstico y lo pedag\u00f3gico, de manera situada, pudiendo referenciarse desde otros contextos y otras \u00e9pocas.<\/p>\n\n\n\n<div class=\"wp-block-columns is-layout-flex wp-container-13\">\n<div class=\"wp-block-column is-layout-flow\" style=\"flex-basis:50%\"><div class=\"wp-block-image\">\n<figure class=\"aligncenter size-full is-resized\"><a href=\"https:\/\/drive.google.com\/file\/d\/1mYbw10QAk3QVrOmWBZ2Izrjf_1lCSV6Y\/view?usp=drive_link\"><img decoding=\"async\" src=\"https:\/\/esba-nqn.infd.edu.ar\/sitio\/wp-content\/uploads\/2024\/09\/PDE_AV_Boton.png\" alt=\"\" class=\"wp-image-6756\" height=\"50\"\/><\/a><\/figure><\/div><\/div>\n\n\n\n<div class=\"wp-block-column is-layout-flow\" style=\"flex-basis:50%\"><div class=\"wp-block-image\">\n<figure class=\"aligncenter size-full is-resized\"><a href=\"https:\/\/esba-nqn.infd.edu.ar\/sitio\/formulario-suscripcion\/\"><img decoding=\"async\" src=\"https:\/\/esba-nqn.infd.edu.ar\/sitio\/wp-content\/uploads\/2024\/09\/SABERMAS_AV_Boton.png\" alt=\"\" class=\"wp-image-6754\" height=\"50\"\/><\/a><\/figure><\/div><\/div>\n<\/div>\n\n\n\n<hr class=\"wp-block-separator has-text-color has-contrast-color has-alpha-channel-opacity has-contrast-background-color has-background\"\/>\n","protected":false},"excerpt":{"rendered":"<p>Competencias:Investigar, planificar, organizar y ejecutar programas y proyectos de investigaci\u00f3n y proyecci\u00f3n social en artes pl\u00e1sticas.Intervenir en la producci\u00f3n de bienes culturales.Colaborar en la conservaci\u00f3n del patrimonio art\u00edstico, arqueol\u00f3gico, monumental e hist\u00f3rico.Incidir en la producci\u00f3n de la imagen comprometida con las necesidades culturales y sociales contempor\u00e1neas. Campos laborales:El campo art\u00edstico cultural: pintor, grabador, escultor, dibujante.El &#8230; <a title=\"Artes visuales\" class=\"read-more\" href=\"https:\/\/esba-nqn.infd.edu.ar\/sitio\/artes-visuales\/\" aria-label=\"More on Artes visuales\">[+]<\/a><\/p>\n","protected":false},"author":2644,"featured_media":0,"parent":0,"menu_order":0,"comment_status":"closed","ping_status":"closed","template":"","meta":[],"acf":[],"_links":{"self":[{"href":"https:\/\/esba-nqn.infd.edu.ar\/sitio\/wp-json\/wp\/v2\/pages\/5576"}],"collection":[{"href":"https:\/\/esba-nqn.infd.edu.ar\/sitio\/wp-json\/wp\/v2\/pages"}],"about":[{"href":"https:\/\/esba-nqn.infd.edu.ar\/sitio\/wp-json\/wp\/v2\/types\/page"}],"author":[{"embeddable":true,"href":"https:\/\/esba-nqn.infd.edu.ar\/sitio\/wp-json\/wp\/v2\/users\/2644"}],"replies":[{"embeddable":true,"href":"https:\/\/esba-nqn.infd.edu.ar\/sitio\/wp-json\/wp\/v2\/comments?post=5576"}],"version-history":[{"count":70,"href":"https:\/\/esba-nqn.infd.edu.ar\/sitio\/wp-json\/wp\/v2\/pages\/5576\/revisions"}],"predecessor-version":[{"id":7186,"href":"https:\/\/esba-nqn.infd.edu.ar\/sitio\/wp-json\/wp\/v2\/pages\/5576\/revisions\/7186"}],"wp:attachment":[{"href":"https:\/\/esba-nqn.infd.edu.ar\/sitio\/wp-json\/wp\/v2\/media?parent=5576"}],"curies":[{"name":"wp","href":"https:\/\/api.w.org\/{rel}","templated":true}]}}