{"id":5620,"date":"2023-10-02T10:43:35","date_gmt":"2023-10-02T13:43:35","guid":{"rendered":"https:\/\/esba-nqn.infd.edu.ar\/sitio\/?page_id=5620"},"modified":"2025-03-31T10:14:09","modified_gmt":"2025-03-31T13:14:09","slug":"teatro","status":"publish","type":"page","link":"https:\/\/esba-nqn.infd.edu.ar\/sitio\/teatro\/","title":{"rendered":"Teatro"},"content":{"rendered":"\n<figure class=\"wp-block-image alignwide\"><img decoding=\"async\" loading=\"lazy\" width=\"1080\" height=\"150\" src=\"https:\/\/esba-nqn.infd.edu.ar\/sitio\/wp-content\/uploads\/2024\/04\/T_Header_F-1.png\" alt=\"\" class=\"wp-image-6186\" srcset=\"https:\/\/esba-nqn.infd.edu.ar\/sitio\/wp-content\/uploads\/2024\/04\/T_Header_F-1.png 1080w, https:\/\/esba-nqn.infd.edu.ar\/sitio\/wp-content\/uploads\/2024\/04\/T_Header_F-1-1000x139.png 1000w, https:\/\/esba-nqn.infd.edu.ar\/sitio\/wp-content\/uploads\/2024\/04\/T_Header_F-1-768x107.png 768w\" sizes=\"(max-width: 1080px) 100vw, 1080px\" \/><\/figure>\n\n\n\n<div class=\"wp-block-group is-horizontal is-content-justification-left is-layout-flex wp-container-4\"><div class=\"wp-block-image\">\n<figure class=\"aligncenter size-full is-resized\"><a href=\"https:\/\/esba-nqn.infd.edu.ar\/sitio\/\"><img decoding=\"async\" loading=\"lazy\" src=\"https:\/\/esba-nqn.infd.edu.ar\/sitio\/wp-content\/uploads\/2024\/04\/T_Boton_Home.png\" alt=\"\" class=\"wp-image-6266\" width=\"40\" height=\"40\"\/><\/a><\/figure><\/div>\n\n\n<div class=\"wp-block-buttons is-content-justification-center is-layout-flex wp-container-1\">\n<div class=\"wp-block-button has-custom-font-size is-style-fill has-small-font-size\"><a class=\"wp-block-button__link has-text-color has-background wp-element-button\" href=\"#tsa\" style=\"border-radius:5px;color:#282828;background-color:#ff2d00\" rel=\"\"><strong>Tecnicatura Superior en Actuaci\u00f3n<\/strong><\/a><\/div>\n<\/div>\n\n\n\n<div class=\"wp-block-buttons is-content-justification-center is-layout-flex wp-container-2\">\n<div class=\"wp-block-button has-custom-font-size is-style-fill has-small-font-size\"><a class=\"wp-block-button__link has-text-color has-background has-text-align-center wp-element-button\" href=\"#pt\" style=\"border-radius:5px;color:#282828;background-color:#ff2d00\"><strong>Profesorado en Teatro<\/strong><\/a><\/div>\n<\/div>\n\n\n\n<div class=\"wp-block-buttons is-content-justification-center is-layout-flex wp-container-3\">\n<div class=\"wp-block-button has-custom-font-size is-style-fill has-small-font-size\"><a class=\"wp-block-button__link has-text-color has-background has-text-align-center wp-element-button\" href=\"#pst\" style=\"border-radius:5px;color:#282828;background-color:#ff2d00\"><strong>Profesorado Superior en Teatro<\/strong><\/a><\/div>\n<\/div>\n<\/div>\n\n\n\n<hr class=\"wp-block-separator has-alpha-channel-opacity\"\/>\n\n\n\n<figure class=\"wp-block-image alignfull size-full\" id=\"tsa\"><img decoding=\"async\" loading=\"lazy\" width=\"1100\" height=\"350\" src=\"https:\/\/esba-nqn.infd.edu.ar\/sitio\/wp-content\/uploads\/2025\/03\/tecnicatura-actuacion1.png\" alt=\"\" class=\"wp-image-7128\" srcset=\"https:\/\/esba-nqn.infd.edu.ar\/sitio\/wp-content\/uploads\/2025\/03\/tecnicatura-actuacion1.png 1100w, https:\/\/esba-nqn.infd.edu.ar\/sitio\/wp-content\/uploads\/2025\/03\/tecnicatura-actuacion1-1000x318.png 1000w, https:\/\/esba-nqn.infd.edu.ar\/sitio\/wp-content\/uploads\/2025\/03\/tecnicatura-actuacion1-768x244.png 768w\" sizes=\"(max-width: 1100px) 100vw, 1100px\" \/><\/figure>\n\n\n\n<p><strong>Competencias:<\/strong><br>Esta tecnicatura apunta a la formaci\u00f3n de un\/a actor\/actriz integral que reconozca su funci\u00f3n social, pol\u00edtica y cultural dentro de la comunidad. Atendemos a la formaci\u00f3n de un\/a actor\/actriz que integre las ramas fundamentales del hecho esc\u00e9nico -el aspecto est\u00e9tico expresivo, las t\u00e9cnicas de las disciplinas complementarias y el basamento te\u00f3rico que las sustenta- para trabajar de acuerdo a las exigencias de diversos proyectos como as\u00ed tambi\u00e9n construir los propios desde una perspectiva art\u00edstica singular.<\/p>\n\n\n\n<p><strong>Campos laborales:<\/strong><br>En el campo art\u00edstico cultural, como actor\/actriz.<\/p>\n\n\n\n<div class=\"wp-block-columns is-layout-flex wp-container-7\">\n<div class=\"wp-block-column is-layout-flow\" style=\"flex-basis:50%\"><div class=\"wp-block-image\">\n<figure class=\"aligncenter size-full is-resized\"><a href=\"https:\/\/drive.google.com\/file\/d\/133eK4M89_KSu35KBSmrglliDMCr5jQ0D\/view?usp=drive_link\"><img decoding=\"async\" src=\"https:\/\/esba-nqn.infd.edu.ar\/sitio\/wp-content\/uploads\/2024\/09\/PDE_T_Boton.png\" alt=\"\" class=\"wp-image-6759\" height=\"50\"\/><\/a><\/figure><\/div><\/div>\n\n\n\n<div class=\"wp-block-column is-layout-flow\" style=\"flex-basis:50%\"><div class=\"wp-block-image\">\n<figure class=\"aligncenter size-full is-resized\"><a href=\"https:\/\/esba-nqn.infd.edu.ar\/sitio\/formulario-suscripcion\/\"><img decoding=\"async\" src=\"https:\/\/esba-nqn.infd.edu.ar\/sitio\/wp-content\/uploads\/2024\/09\/SABERMAS_T_Boton.png\" alt=\"\" class=\"wp-image-6758\" height=\"50\"\/><\/a><\/figure><\/div><\/div>\n<\/div>\n\n\n\n<hr class=\"wp-block-separator has-alpha-channel-opacity\"\/>\n\n\n\n<figure class=\"wp-block-image alignfull size-full\" id=\"pt\"><img decoding=\"async\" loading=\"lazy\" width=\"1100\" height=\"350\" src=\"https:\/\/esba-nqn.infd.edu.ar\/sitio\/wp-content\/uploads\/2025\/03\/Profesorado-en-Teatro1.png\" alt=\"\" class=\"wp-image-7129\" srcset=\"https:\/\/esba-nqn.infd.edu.ar\/sitio\/wp-content\/uploads\/2025\/03\/Profesorado-en-Teatro1.png 1100w, https:\/\/esba-nqn.infd.edu.ar\/sitio\/wp-content\/uploads\/2025\/03\/Profesorado-en-Teatro1-1000x318.png 1000w, https:\/\/esba-nqn.infd.edu.ar\/sitio\/wp-content\/uploads\/2025\/03\/Profesorado-en-Teatro1-768x244.png 768w\" sizes=\"(max-width: 1100px) 100vw, 1100px\" \/><\/figure>\n\n\n\n<p><strong>Competencias:<\/strong><br>Este trayecto busca formar un sujeto con alto nivel de idoneidad emp\u00edrica-te\u00f3rica, que se apropie de los elementos de la formaci\u00f3n teatral espec\u00edfica, art\u00edsticos, metodol\u00f3gicos y educativos. Deber\u00e1 manejar con autonom\u00eda un conjunto de procedimientos que faciliten los procesos de ense\u00f1anza-aprendizaje propios del campo disciplinar en los niveles inicial, primario y medio, respondiendo al reto de romper el esquema reproductor y memor\u00edstico que obliga a los educandos a aprender en forma mec\u00e1nica y lineal, en contraposici\u00f3n trabajar con modelos de aprendizaje abiertos, flexibles y vivenciales.<br>Podr\u00e1 concebir su praxis desde un an\u00e1lisis cr\u00edtico, y un posicionamiento pol\u00edtico que le permita interpretar las m\u00faltiples y variadas manifestaciones culturales de la sociedad, ampliar saberes del campo de la formaci\u00f3n profesional docente, para dar posibilidades de construir diversas miradas hacia pr\u00e1cticas teatrales educativas integradas en diversos contextos, siendo protagonista y motor de cambios a trav\u00e9s de la ense\u00f1anza del arte teatral.<br>Tendr\u00e1 las herrramientas necesarias para la investigaci\u00f3n, logrando diferenciar y analizar distintos marcos te\u00f3ricos que aporten al objeto de estudio propuesto.Se encontrar\u00e1 capacitado para acrecentar su capacidad de construir, consolidar y ejercitar tareas pedag\u00f3gicas, de investigaci\u00f3n y extensi\u00f3n en grupos interdisciplinarios, monitoreando procesos creativos y formulando proyectos pol\u00edticos culturales, art\u00edsticos y\/o educativos.<br>Tendr\u00e1 las herramientas de gesti\u00f3n y producci\u00f3n que le posibiliten generar y sostener acuerdos intra e interinstitucionales en espacios y contextos educativos diversos, tanto formales como no formales, asumiendo un compromiso pol\u00edtico \u00e9tico y cultural para la valoraci\u00f3n social del Teatro en sus m\u00faltiples dimensiones art\u00edsticas y educativas.<\/p>\n\n\n\n<p><strong>Campos laborales:<\/strong><br>En el campo educativo como docente formador de formadores.<\/p>\n\n\n\n<div class=\"wp-block-columns is-layout-flex wp-container-10\">\n<div class=\"wp-block-column is-layout-flow\" style=\"flex-basis:50%\"><div class=\"wp-block-image\">\n<figure class=\"aligncenter size-full is-resized\"><a href=\"https:\/\/drive.google.com\/file\/d\/1NAzbcxvY_BZCvjR4OHrhzKCxW51wId7_\/view?usp=drive_link\"><img decoding=\"async\" src=\"https:\/\/esba-nqn.infd.edu.ar\/sitio\/wp-content\/uploads\/2024\/09\/PDE_T_Boton.png\" alt=\"\" class=\"wp-image-6759\" height=\"50\"\/><\/a><\/figure><\/div><\/div>\n\n\n\n<div class=\"wp-block-column is-layout-flow\" style=\"flex-basis:50%\"><div class=\"wp-block-image\">\n<figure class=\"aligncenter size-full is-resized\"><a href=\"https:\/\/esba-nqn.infd.edu.ar\/sitio\/formulario-suscripcion\/\"><img decoding=\"async\" src=\"https:\/\/esba-nqn.infd.edu.ar\/sitio\/wp-content\/uploads\/2024\/09\/SABERMAS_T_Boton.png\" alt=\"\" class=\"wp-image-6758\" height=\"50\"\/><\/a><\/figure><\/div><\/div>\n<\/div>\n\n\n\n<hr class=\"wp-block-separator has-alpha-channel-opacity\"\/>\n\n\n\n<figure class=\"wp-block-image alignfull size-full\" id=\"pst\"><img decoding=\"async\" loading=\"lazy\" width=\"1100\" height=\"350\" src=\"https:\/\/esba-nqn.infd.edu.ar\/sitio\/wp-content\/uploads\/2025\/03\/Profesorado-superior-en-Teatro1.png\" alt=\"\" class=\"wp-image-7130\" srcset=\"https:\/\/esba-nqn.infd.edu.ar\/sitio\/wp-content\/uploads\/2025\/03\/Profesorado-superior-en-Teatro1.png 1100w, https:\/\/esba-nqn.infd.edu.ar\/sitio\/wp-content\/uploads\/2025\/03\/Profesorado-superior-en-Teatro1-1000x318.png 1000w, https:\/\/esba-nqn.infd.edu.ar\/sitio\/wp-content\/uploads\/2025\/03\/Profesorado-superior-en-Teatro1-768x244.png 768w\" sizes=\"(max-width: 1100px) 100vw, 1100px\" \/><\/figure>\n\n\n\n<p><strong>Competencias:<\/strong><br>Este trayecto busca formar un sujeto con alto nivel de idoneidad emp\u00edrica-te\u00f3rica, que se apropie de los elementos de la formaci\u00f3n teatral espec\u00edfica, art\u00edsticos, metodol\u00f3gicos y educativos. Deber\u00e1 manejar con autonom\u00eda un conjunto de procedimientos que faciliten los procesos de ense\u00f1anza-aprendizaje propios del campo disciplinar en los niveles inicial, primario y medio, respondiendo al reto de romper el esquema reproductor y memor\u00edstico que obliga a los educandos a aprender en forma mec\u00e1nica y lineal, en contraposici\u00f3n trabajar con modelos de aprendizaje abiertos, flexibles y vivenciales.<br>Podr\u00e1 concebir su praxis desde un an\u00e1lisis cr\u00edtico, y un posicionamiento pol\u00edtico que le permita interpretar las m\u00faltiples y variadas manifestaciones culturales de la sociedad, ampliar saberes del campo de la formaci\u00f3n profesional docente, para dar posibilidades de construir diversas miradas hacia pr\u00e1cticas teatrales educativas integradas en diversos contextos, siendo protagonista y motor de cambios a trav\u00e9s de la ense\u00f1anza del arte teatral.<br>Tendr\u00e1 las herrramientas necesarias para la investigaci\u00f3n, logrando diferenciar y analizar distintos marcos te\u00f3ricos que aporten al objeto de estudio propuesto.Se encontrar\u00e1 capacitado para acrecentar su capacidad de construir, consolidar y ejercitar tareas pedag\u00f3gicas, de investigaci\u00f3n y extensi\u00f3n en grupos interdisciplinarios, monitoreando procesos creativos y formulando proyectos pol\u00edticos culturales, art\u00edsticos y\/o educativos.<br>Tendr\u00e1 las herramientas de gesti\u00f3n y producci\u00f3n que le posibiliten generar y sostener acuerdos intra e interinstitucionales en espacios y contextos educativos diversos, tanto formales como no formales, asumiendo un compromiso pol\u00edtico \u00e9tico y cultural para la valoraci\u00f3n social del Teatro en sus m\u00faltiples dimensiones art\u00edsticas y educativas.<\/p>\n\n\n\n<p><strong>Campos laborales:<\/strong><br>En el campo educativo como docente de niveles inicial, primario, secundario y superior.<br>En el campo art\u00edstico cultural como actor.<\/p>\n\n\n\n<div class=\"wp-block-columns is-layout-flex wp-container-13\">\n<div class=\"wp-block-column is-layout-flow\" style=\"flex-basis:50%\"><div class=\"wp-block-image\">\n<figure class=\"aligncenter size-full is-resized\"><a href=\"https:\/\/drive.google.com\/file\/d\/14lZMOtDZttpvVYbUpYIKM0kCUfXgc_xQ\/view?usp=drive_link\"><img decoding=\"async\" src=\"https:\/\/esba-nqn.infd.edu.ar\/sitio\/wp-content\/uploads\/2024\/09\/PDE_T_Boton.png\" alt=\"\" class=\"wp-image-6759\" height=\"50\"\/><\/a><\/figure><\/div><\/div>\n\n\n\n<div class=\"wp-block-column is-layout-flow\" style=\"flex-basis:50%\"><div class=\"wp-block-image\">\n<figure class=\"aligncenter size-full is-resized\"><a href=\"https:\/\/esba-nqn.infd.edu.ar\/sitio\/formulario-suscripcion\/\"><img decoding=\"async\" src=\"https:\/\/esba-nqn.infd.edu.ar\/sitio\/wp-content\/uploads\/2024\/09\/SABERMAS_T_Boton.png\" alt=\"\" class=\"wp-image-6758\" height=\"50\"\/><\/a><\/figure><\/div><\/div>\n<\/div>\n\n\n\n<hr class=\"wp-block-separator has-alpha-channel-opacity\"\/>\n","protected":false},"excerpt":{"rendered":"<p>Competencias:Esta tecnicatura apunta a la formaci\u00f3n de un\/a actor\/actriz integral que reconozca su funci\u00f3n social, pol\u00edtica y cultural dentro de la comunidad. Atendemos a la formaci\u00f3n de un\/a actor\/actriz que integre las ramas fundamentales del hecho esc\u00e9nico -el aspecto est\u00e9tico expresivo, las t\u00e9cnicas de las disciplinas complementarias y el basamento te\u00f3rico que las sustenta- para &#8230; <a title=\"Teatro\" class=\"read-more\" href=\"https:\/\/esba-nqn.infd.edu.ar\/sitio\/teatro\/\" aria-label=\"More on Teatro\">[+]<\/a><\/p>\n","protected":false},"author":2644,"featured_media":0,"parent":0,"menu_order":0,"comment_status":"closed","ping_status":"closed","template":"","meta":[],"acf":[],"_links":{"self":[{"href":"https:\/\/esba-nqn.infd.edu.ar\/sitio\/wp-json\/wp\/v2\/pages\/5620"}],"collection":[{"href":"https:\/\/esba-nqn.infd.edu.ar\/sitio\/wp-json\/wp\/v2\/pages"}],"about":[{"href":"https:\/\/esba-nqn.infd.edu.ar\/sitio\/wp-json\/wp\/v2\/types\/page"}],"author":[{"embeddable":true,"href":"https:\/\/esba-nqn.infd.edu.ar\/sitio\/wp-json\/wp\/v2\/users\/2644"}],"replies":[{"embeddable":true,"href":"https:\/\/esba-nqn.infd.edu.ar\/sitio\/wp-json\/wp\/v2\/comments?post=5620"}],"version-history":[{"count":55,"href":"https:\/\/esba-nqn.infd.edu.ar\/sitio\/wp-json\/wp\/v2\/pages\/5620\/revisions"}],"predecessor-version":[{"id":7208,"href":"https:\/\/esba-nqn.infd.edu.ar\/sitio\/wp-json\/wp\/v2\/pages\/5620\/revisions\/7208"}],"wp:attachment":[{"href":"https:\/\/esba-nqn.infd.edu.ar\/sitio\/wp-json\/wp\/v2\/media?parent=5620"}],"curies":[{"name":"wp","href":"https:\/\/api.w.org\/{rel}","templated":true}]}}