{"id":5639,"date":"2023-10-03T21:12:53","date_gmt":"2023-10-04T00:12:53","guid":{"rendered":"https:\/\/esba-nqn.infd.edu.ar\/sitio\/?page_id=5639"},"modified":"2025-11-18T18:46:25","modified_gmt":"2025-11-18T21:46:25","slug":"adolescentes","status":"publish","type":"page","link":"https:\/\/esba-nqn.infd.edu.ar\/sitio\/adolescentes\/","title":{"rendered":"Adolescentes"},"content":{"rendered":"\n<figure class=\"wp-block-image alignwide\"><img decoding=\"async\" loading=\"lazy\" width=\"1080\" height=\"150\" src=\"https:\/\/esba-nqn.infd.edu.ar\/sitio\/wp-content\/uploads\/2024\/04\/TOD_Header.png\" alt=\"\" class=\"wp-image-6227\" srcset=\"https:\/\/esba-nqn.infd.edu.ar\/sitio\/wp-content\/uploads\/2024\/04\/TOD_Header.png 1080w, https:\/\/esba-nqn.infd.edu.ar\/sitio\/wp-content\/uploads\/2024\/04\/TOD_Header-1000x139.png 1000w, https:\/\/esba-nqn.infd.edu.ar\/sitio\/wp-content\/uploads\/2024\/04\/TOD_Header-768x107.png 768w\" sizes=\"(max-width: 1080px) 100vw, 1080px\" \/><\/figure>\n\n\n\n<p id=\"pdf\">Los Talleres de Orientaci\u00f3n Definida (TOD) son talleres abiertos y gratuitos para adolescentes, que se realizan en el turno vespertino, entre las 18 y las 20:30 hs. Hay talleres de Artes Visuales, Expresi\u00f3n Corporal, Folklore y Teatro.<\/p>\n\n\n\n<h2 class=\"wp-block-heading\"><strong>PRE- INSCRIPCI\u00d3N: del 17\/11 al 4\/12<\/strong><\/h2>\n\n\n\n<hr class=\"wp-block-separator has-alpha-channel-opacity\"\/>\n\n\n\n<p>Hola! te explicamos como son los pasos a seguir para inscribir a la\/\u00e9l joven adolescente a los talleres.<\/p>\n\n\n\n<p>Primero ten\u00e9s que completar los formularios abajo detallados seg\u00fan TALLER deseado.<\/p>\n\n\n\n<p>Una vez que se realiza la preinscripci\u00f3n debes esperar a que el\/la preceptor\/a se comunique v\u00eda mail con vos confirmando si la vacante realmente es tuya, ya que se realiza a trav\u00e9s de un sorteo.<\/p>\n\n\n\n<p><strong>Cuando t\u00fa vacante est\u00e9 confirmada, te van a avisar que d\u00eda deber\u00e1s acercarte a la SEDE para llevar:<\/strong><\/p>\n\n\n\n<p>Fotocopia del DNI del estudiante<\/p>\n\n\n\n<p>Certificado de alumno regular<\/p>\n\n\n\n<p>1 cuaderno de tapa dura N\u00b03 o N\u00b05<\/p>\n\n\n\n<p>Si el\/la estudiante tiene alguna indicaci\u00f3n m\u00e9dica y\/o diagn\u00f3stico, es necesario presentar el certificado correspondiente.<\/p>\n\n\n\n<p>El\/la estudiante debe estar escolarizado\/a en nivel secundario. Los talleres est\u00e1n destinados a j\u00f3venes entre 13 y 17 a\u00f1os, y se realizan en el horario vespertino, entre las 18 horas y 20:30 horas.<\/p>\n\n\n\n<p><strong>TALLERES:<\/strong> Exp. PL\u00c1STICA, Exp. TEATRAL, Exp. MUSICAL, Exp.&nbsp; FOLKL\u00d3RICA<\/p>\n\n\n\n<p>*IMPORTANTE sobre los talleres de Teatro. Hay horarios, seg\u00fan la edad del o la joven: El grupo se toma en cuenta en base a la edad que tiene el menor el&nbsp; 30 DE JUNIO DE 2026<\/p>\n\n\n\n<h2 class=\"wp-block-heading\"><strong>PARA INSCRIBIRTE AL TALLER QUE ELIJAS COMPLETA EL FORMULARIO<\/strong><\/h2>\n\n\n\n<p>EXPRESI\u00d3N TEATRAL<a href=\"https:\/\/drive.google.com\/open?id=1ss22qGMChgcTlNJfn1M6jQ5WnfONg0-LcQpjplFabc4\"> <\/a><a rel=\"noreferrer noopener\" href=\"https:\/\/forms.gle\/BPZRKT9A76Vr8FaH6\" target=\"_blank\">https:\/\/forms.gle\/BPZRKT9A76Vr8FaH6<\/a><\/p>\n\n\n\n<p>EXPRESI\u00d3N FOLKLORICA<a href=\"https:\/\/drive.google.com\/open?id=1QcbF_JbOKXGMfFb4GyqULguFpgbNer5At3ulS3vZTrY\"> <\/a><a rel=\"noreferrer noopener\" href=\"https:\/\/forms.gle\/91qcMh5wD3kSa45XA\" target=\"_blank\">https:\/\/forms.gle\/91qcMh5wD3kSa45XA<\/a><\/p>\n\n\n\n<p>EXPRESI\u00d3N PLASTICA<a href=\"https:\/\/drive.google.com\/open?id=1JFsVHCZH3qHkNlTn6hIqs6H2EtFQZHmCJUM77V_AY24\"> <\/a><a rel=\"noreferrer noopener\" href=\"https:\/\/forms.gle\/TdToKo4KvfGwgn2z9\" target=\"_blank\">https:\/\/forms.gle\/TdToKo4KvfGwgn2z9<\/a><\/p>\n\n\n\n<p>EXPRESI\u00d3N CORPORAL<a href=\"https:\/\/drive.google.com\/open?id=1Hjx7LNgtcfKgRJZajgiEmw3lZiUQ1JLnfPAzxDlBUn4\"> <\/a><a rel=\"noreferrer noopener\" href=\"https:\/\/forms.gle\/xJec1HNAj9NbEfLq5\" target=\"_blank\">https:\/\/forms.gle\/xJec1HNAj9NbEfLq5<\/a><\/p>\n\n\n\n<p>PARA MAS INFORMACION talleresjovenes.esba@gmail.com<\/p>\n\n\n<div class=\"wp-block-image\">\n<figure class=\"aligncenter size-full\"><a href=\"https:\/\/esba-nqn.infd.edu.ar\/sitio\/formulario-suscripcion\/\"><img decoding=\"async\" loading=\"lazy\" width=\"500\" height=\"70\" src=\"https:\/\/esba-nqn.infd.edu.ar\/sitio\/wp-content\/uploads\/2024\/04\/SABERMAS_Boton-1.png\" alt=\"\" class=\"wp-image-6223\"\/><\/a><\/figure><\/div>\n\n\n<hr class=\"wp-block-separator has-alpha-channel-opacity\"\/>\n\n\n<div class=\"wp-block-image\">\n<figure class=\"aligncenter size-full is-resized\"><a href=\"https:\/\/esba-nqn.infd.edu.ar\/sitio\/\"><img decoding=\"async\" loading=\"lazy\" src=\"https:\/\/esba-nqn.infd.edu.ar\/sitio\/wp-content\/uploads\/2024\/05\/Talleres_Boton_Home.png\" alt=\"\" class=\"wp-image-6364\" width=\"44\" height=\"44\" srcset=\"https:\/\/esba-nqn.infd.edu.ar\/sitio\/wp-content\/uploads\/2024\/05\/Talleres_Boton_Home.png 512w, https:\/\/esba-nqn.infd.edu.ar\/sitio\/wp-content\/uploads\/2024\/05\/Talleres_Boton_Home-500x500.png 500w\" sizes=\"(max-width: 44px) 100vw, 44px\" \/><\/a><\/figure><\/div>","protected":false},"excerpt":{"rendered":"<p>Los Talleres de Orientaci\u00f3n Definida (TOD) son talleres abiertos y gratuitos para adolescentes, que se realizan en el turno vespertino, entre las 18 y las 20:30 hs. Hay talleres de Artes Visuales, Expresi\u00f3n Corporal, Folklore y Teatro. PRE- INSCRIPCI\u00d3N: del 17\/11 al 4\/12 Hola! te explicamos como son los pasos a seguir para inscribir a &#8230; <a title=\"Adolescentes\" class=\"read-more\" href=\"https:\/\/esba-nqn.infd.edu.ar\/sitio\/adolescentes\/\" aria-label=\"More on Adolescentes\">[+]<\/a><\/p>\n","protected":false},"author":2644,"featured_media":0,"parent":0,"menu_order":0,"comment_status":"closed","ping_status":"closed","template":"","meta":[],"acf":[],"_links":{"self":[{"href":"https:\/\/esba-nqn.infd.edu.ar\/sitio\/wp-json\/wp\/v2\/pages\/5639"}],"collection":[{"href":"https:\/\/esba-nqn.infd.edu.ar\/sitio\/wp-json\/wp\/v2\/pages"}],"about":[{"href":"https:\/\/esba-nqn.infd.edu.ar\/sitio\/wp-json\/wp\/v2\/types\/page"}],"author":[{"embeddable":true,"href":"https:\/\/esba-nqn.infd.edu.ar\/sitio\/wp-json\/wp\/v2\/users\/2644"}],"replies":[{"embeddable":true,"href":"https:\/\/esba-nqn.infd.edu.ar\/sitio\/wp-json\/wp\/v2\/comments?post=5639"}],"version-history":[{"count":18,"href":"https:\/\/esba-nqn.infd.edu.ar\/sitio\/wp-json\/wp\/v2\/pages\/5639\/revisions"}],"predecessor-version":[{"id":7436,"href":"https:\/\/esba-nqn.infd.edu.ar\/sitio\/wp-json\/wp\/v2\/pages\/5639\/revisions\/7436"}],"wp:attachment":[{"href":"https:\/\/esba-nqn.infd.edu.ar\/sitio\/wp-json\/wp\/v2\/media?parent=5639"}],"curies":[{"name":"wp","href":"https:\/\/api.w.org\/{rel}","templated":true}]}}