{"id":5651,"date":"2023-10-03T21:59:39","date_gmt":"2023-10-04T00:59:39","guid":{"rendered":"https:\/\/esba-nqn.infd.edu.ar\/sitio\/?page_id=5651"},"modified":"2025-08-07T13:18:09","modified_gmt":"2025-08-07T16:18:09","slug":"trabajo-en-la-esba","status":"publish","type":"page","link":"https:\/\/esba-nqn.infd.edu.ar\/sitio\/trabajo-en-la-esba\/","title":{"rendered":"Trabajo en la ESBA"},"content":{"rendered":"\n<figure class=\"wp-block-image size-full\"><img decoding=\"async\" loading=\"lazy\" width=\"1080\" height=\"150\" src=\"https:\/\/esba-nqn.infd.edu.ar\/sitio\/wp-content\/uploads\/2024\/05\/TRABAJO_Header.png\" alt=\"\" class=\"wp-image-6300\" srcset=\"https:\/\/esba-nqn.infd.edu.ar\/sitio\/wp-content\/uploads\/2024\/05\/TRABAJO_Header.png 1080w, https:\/\/esba-nqn.infd.edu.ar\/sitio\/wp-content\/uploads\/2024\/05\/TRABAJO_Header-1000x139.png 1000w, https:\/\/esba-nqn.infd.edu.ar\/sitio\/wp-content\/uploads\/2024\/05\/TRABAJO_Header-768x107.png 768w\" sizes=\"(max-width: 1080px) 100vw, 1080px\" \/><\/figure>\n\n\n\n<div class=\"wp-block-group is-layout-flex\">\n<figure class=\"wp-block-image size-full\"><a href=\"https:\/\/esba-nqn.infd.edu.ar\/sitio\/\"><img decoding=\"async\" loading=\"lazy\" width=\"44\" height=\"44\" src=\"https:\/\/esba-nqn.infd.edu.ar\/sitio\/wp-content\/uploads\/2024\/05\/Inst_Boton_Home.png\" alt=\"\" class=\"wp-image-6299\"\/><\/a><\/figure>\n\n\n\n<div class=\"wp-block-buttons is-content-justification-center is-layout-flex wp-container-1\">\n<div class=\"wp-block-button has-custom-font-size has-small-font-size\"><a class=\"wp-block-button__link has-text-color has-background wp-element-button\" href=\"#aviso\" style=\"border-radius:5px;color:#f5f4eb;background-color:#525a6b\" rel=\"\"><strong>Aviso de ausencia<\/strong><\/a><\/div>\n<\/div>\n\n\n\n<div class=\"wp-block-buttons is-content-justification-center is-layout-flex wp-container-2\">\n<div class=\"wp-block-button has-custom-font-size has-small-font-size\"><a class=\"wp-block-button__link has-text-color has-background wp-element-button\" href=\"#mesas\" style=\"border-radius:5px;color:#f5f4eb;background-color:#525a6b\"><strong>Mesas de examen<\/strong><\/a><\/div>\n<\/div>\n\n\n\n<div class=\"wp-block-buttons is-content-justification-center is-layout-flex wp-container-3\">\n<div class=\"wp-block-button has-custom-font-size has-small-font-size\"><a class=\"wp-block-button__link has-text-color has-background wp-element-button\" href=\"https:\/\/drive.google.com\/drive\/folders\/1LhYF6Hrp0s11vi-yNrWpjUuAOfGVd8Dl?usp=sharing\" style=\"border-radius:5px;color:#f5f4eb;background-color:#525a6b\"><strong>Formularios<\/strong> &#x2197;<\/a><\/div>\n<\/div>\n\n\n\n<div class=\"wp-block-buttons is-content-justification-center is-layout-flex wp-container-4\">\n<div class=\"wp-block-button has-custom-font-size has-small-font-size\"><a class=\"wp-block-button__link has-text-color has-background wp-element-button\" href=\"https:\/\/esba-nqn.infd.edu.ar\/sitio\/normativa-resoluciones-disposiciones\/\" style=\"border-radius:5px;color:#f5f4eb;background-color:#525a6b\" target=\"_blank\" rel=\"noreferrer noopener\"><strong>Normativa<\/strong> &#x2197;<\/a><\/div>\n<\/div>\n\n\n\n<div class=\"wp-block-buttons is-content-justification-center is-layout-flex wp-container-5\">\n<div class=\"wp-block-button has-custom-font-size has-small-font-size\"><a class=\"wp-block-button__link has-text-color has-background wp-element-button\" href=\"https:\/\/esba-nqn.infd.edu.ar\/sitio\/reserva-de-recursos-tecnologicos\/\" style=\"border-radius:5px;color:#f5f4eb;background-color:#525a6b\"><strong>Recursos tecnol\u00f3gicos<\/strong> &#x2197;<\/a><\/div>\n<\/div>\n\n\n\n<div class=\"wp-block-buttons is-content-justification-center is-layout-flex wp-container-6\">\n<div class=\"wp-block-button has-custom-font-size has-small-font-size\"><a class=\"wp-block-button__link has-text-color has-background wp-element-button\" href=\"#contactos\" style=\"border-radius:5px;color:#f5f4eb;background-color:#525a6b\"><strong>Contactos \u00fatiles<\/strong><\/a><\/div>\n<\/div>\n<\/div>\n\n\n\n<h2 class=\"wp-block-heading\">Noticias docentes<\/h2>\n\n\n<style>.wp-show-posts-columns#wpsp-6827 {margin-left: -2em; }.wp-show-posts-columns#wpsp-6827 .wp-show-posts-inner {margin: 0 0 2em 2em; }<\/style><section id=\"wpsp-6827\" class=\" wp-show-posts-columns wp-show-posts\" style=\"\"><article class=\" wp-show-posts-single post-7255 post type-post status-publish format-standard hentry category-n-docentes category-n-trabajadores wpsp-col-4\" itemtype=\"http:\/\/schema.org\/CreativeWork\" itemscope><div class=\"wp-show-posts-inner\" style=\"\">\t\t\t\t\t\t<header class=\"wp-show-posts-entry-header\">\n\t\t\t\t\t\t\t<h2 class=\"wp-show-posts-entry-title\" itemprop=\"headline\"><a href=\"https:\/\/esba-nqn.infd.edu.ar\/sitio\/formulario-de-licencias\/\" rel=\"bookmark\">Formulario de solicitud de Licencias<\/a><\/h2><div class=\"wp-show-posts-entry-meta wp-show-posts-entry-meta-below-title post-meta-inline\"><span class=\"wp-show-posts-posted-on wp-show-posts-meta\">\n\t\t\t\t\t<a href=\"https:\/\/esba-nqn.infd.edu.ar\/sitio\/formulario-de-licencias\/\" title=\"12:34 pm\" rel=\"bookmark\"><time class=\"wp-show-posts-entry-date published\" datetime=\"2025-06-02T12:34:24-03:00\" itemprop=\"datePublished\">2 junio, 2025<\/time><time class=\"wp-show-posts-updated\" datetime=\"2025-06-02T14:34:43-03:00\" itemprop=\"dateModified\">2 junio, 2025<\/time><\/a>\n\t\t\t\t<\/span><\/div>\t\t\t\t\t\t<\/header><!-- .entry-header -->\n\t\t\t\t\t\t\t\t\t\t\t<div class=\"wp-show-posts-entry-summary\" itemprop=\"text\">\n\t\t\t\t\t\t\t<p>La secretar\u00eda administrativa de ESBA solicita a les docentes que completen el siguiente formulario para la gesti\u00f3n de licencias. En caso de licencias m\u00e9dicas, adem\u00e1s de subir el certificado a&#8230;<\/p>\n\t\t\t\t\t\t<\/div><!-- .entry-summary -->\n\t\t\t\t\t<\/div><!-- wp-show-posts-inner --><\/article><article class=\" wp-show-posts-single post-7232 post type-post status-publish format-standard has-post-thumbnail hentry category-n-adolescentes category-n-comunidad category-n-docentes category-n-estudiantes category-n-nines category-noticias category-n-trabajadores wpsp-col-4\" itemtype=\"http:\/\/schema.org\/CreativeWork\" itemscope><div class=\"wp-show-posts-inner\" style=\"\">\t\t\t\t\t\t<header class=\"wp-show-posts-entry-header\">\n\t\t\t\t\t\t\t<h2 class=\"wp-show-posts-entry-title\" itemprop=\"headline\"><a href=\"https:\/\/esba-nqn.infd.edu.ar\/sitio\/65-aniversario-de-la-esba\/\" rel=\"bookmark\">65\u00b0 Aniversario de la ESBA<\/a><\/h2><div class=\"wp-show-posts-entry-meta wp-show-posts-entry-meta-below-title post-meta-inline\"><span class=\"wp-show-posts-posted-on wp-show-posts-meta\">\n\t\t\t\t\t<a href=\"https:\/\/esba-nqn.infd.edu.ar\/sitio\/65-aniversario-de-la-esba\/\" title=\"12:09 pm\" rel=\"bookmark\"><time class=\"wp-show-posts-entry-date published\" datetime=\"2025-04-21T12:09:35-03:00\" itemprop=\"datePublished\">21 abril, 2025<\/time><time class=\"wp-show-posts-updated\" datetime=\"2025-04-21T12:09:39-03:00\" itemprop=\"dateModified\">21 abril, 2025<\/time><\/a>\n\t\t\t\t<\/span><\/div>\t\t\t\t\t\t<\/header><!-- .entry-header -->\n\t\t\t\t\t\t\t<div class=\"wp-show-posts-image  wpsp-image-center \">\n\t\t\t<a href=\"https:\/\/esba-nqn.infd.edu.ar\/sitio\/65-aniversario-de-la-esba\/\"  title=\"65\u00b0 Aniversario de la ESBA\">\t\t\t\t\t<img src=\"https:\/\/esba-nqn.infd.edu.ar\/sitio\/wp-content\/uploads\/2025\/04\/Imagen-de-WhatsApp-2025-04-21-a-las-11.37.56_5abe5ebd-300x300.jpg\" alt=\"65\u00b0 Aniversario de la ESBA\" itemprop=\"image\" class=\"center\" \/>\n\t\t\t\t<\/a>\t\t<\/div>\n\t\t\t\t\t\t\t\t<div class=\"wp-show-posts-entry-summary\" itemprop=\"text\">\n\t\t\t\t\t\t\t<p>\u00abQuien olvida la historia est\u00e1 condenado a repetirla\u00bb Osvaldo Bayer En este aniversario queremos reivindicar la memoria colectiva para seguir escribiendo nuestra historia. Por ello, el martes 22 de abril&#8230;<\/p>\n\t\t\t\t\t\t<\/div><!-- .entry-summary -->\n\t\t\t\t\t<\/div><!-- wp-show-posts-inner --><\/article><article class=\" wp-show-posts-single post-6816 post type-post status-publish format-standard has-post-thumbnail hentry category-n-adolescentes category-n-comunidad category-n-docentes category-n-estudiantes category-n-nines category-n-trabajadores wpsp-col-4\" itemtype=\"http:\/\/schema.org\/CreativeWork\" itemscope><div class=\"wp-show-posts-inner\" style=\"\">\t\t\t\t\t\t<header class=\"wp-show-posts-entry-header\">\n\t\t\t\t\t\t\t<h2 class=\"wp-show-posts-entry-title\" itemprop=\"headline\"><a href=\"https:\/\/esba-nqn.infd.edu.ar\/sitio\/segunda-nota-de-prueba\/\" rel=\"bookmark\">24 de marzo. D\u00eda Nacional de la Memoria por la Verdad y la Justicia<\/a><\/h2><div class=\"wp-show-posts-entry-meta wp-show-posts-entry-meta-below-title post-meta-inline\"><span class=\"wp-show-posts-posted-on wp-show-posts-meta\">\n\t\t\t\t\t<a href=\"https:\/\/esba-nqn.infd.edu.ar\/sitio\/segunda-nota-de-prueba\/\" title=\"1:29 pm\" rel=\"bookmark\"><time class=\"wp-show-posts-entry-date published\" datetime=\"2025-03-25T13:29:45-03:00\" itemprop=\"datePublished\">25 marzo, 2025<\/time><time class=\"wp-show-posts-updated\" datetime=\"2025-03-25T13:29:46-03:00\" itemprop=\"dateModified\">25 marzo, 2025<\/time><\/a>\n\t\t\t\t<\/span><\/div>\t\t\t\t\t\t<\/header><!-- .entry-header -->\n\t\t\t\t\t\t\t<div class=\"wp-show-posts-image  wpsp-image-center \">\n\t\t\t<a href=\"https:\/\/esba-nqn.infd.edu.ar\/sitio\/segunda-nota-de-prueba\/\"  title=\"24 de marzo. D\u00eda Nacional de la Memoria por la Verdad y la Justicia\">\t\t\t\t\t<img src=\"https:\/\/esba-nqn.infd.edu.ar\/sitio\/wp-content\/uploads\/2024\/09\/486093308_1087522163419673_3225229703656022101_n-300x300.jpg\" alt=\"24 de marzo. D\u00eda Nacional de la Memoria por la Verdad y la Justicia\" itemprop=\"image\" class=\"center\" \/>\n\t\t\t\t<\/a>\t\t<\/div>\n\t\t\t\t\t\t\t\t<div class=\"wp-show-posts-entry-summary\" itemprop=\"text\">\n\t\t\t\t\t\t\t<p>Este 24 de marzo de 2025 se cumple un nuevo aniversario de la \u00faltima dictadura c\u00edvico-militar.En este contexto de avasallamiento de los Derechos Humanos, la Escuela Superior de Bellas Artes&#8230;<\/p>\n\t\t\t\t\t\t<\/div><!-- .entry-summary -->\n\t\t\t\t\t<\/div><!-- wp-show-posts-inner --><\/article><div class=\"wpsp-clear\"><\/div><\/section><!-- .wp-show-posts -->\n\n\n\n<hr class=\"wp-block-separator has-alpha-channel-opacity\"\/>\n\n\n\n<h2 class=\"wp-block-heading\" id=\"aviso\">Aviso de ausencia<\/h2>\n\n\n\n<p>Docentes que inicien licencia deber\u00e1n completar el siguiente formulario y comunicarse con Secretar\u00eda.<\/p>\n\n\n\n<p><a href=\"https:\/\/docs.google.com\/forms\/d\/e\/1FAIpQLSdPzF4qmehmKZcCy-aJ7-KydvVV29NHTYu5qhmpSji3kda9UA\/viewform\">https:\/\/docs.google.com\/forms\/d\/e\/1FAIpQLSdPzF4qmehmKZcCy-aJ7-KydvVV29NHTYu5qhmpSji3kda9UA\/viewform<\/a><\/p>\n\n\n\n<hr class=\"wp-block-separator has-alpha-channel-opacity\"\/>\n\n\n\n<h2 class=\"wp-block-heading\" id=\"contactos\">Contactos \u00fatiles<\/h2>\n\n\n\n<p>Equipx directivx: bellasartesneuquen@gmail.com <\/p>\n\n\n\n<p>Secretar\u00eda administrativa: secretariaesba@neuquen.edu.ar<\/p>\n\n\n\n<p>Secretar\u00eda acad\u00e9mica: secretariaacademicaesba@gmail.com<\/p>\n\n\n\n<p>Secretar\u00eda de extensi\u00f3n: bellasartesextension@gmail.com<\/p>\n\n\n\n<p>Secretar\u00eda de investigaci\u00f3n: si.artesnqn@gmail.com<\/p>\n\n\n\n<p>Gabinete de Tecnolog\u00edas Digitales: serviciotecnicoesba@gmail.com<\/p>\n\n\n\n<hr class=\"wp-block-separator has-alpha-channel-opacity\"\/>\n\n\n\n<h2 class=\"wp-block-heading\" id=\"mesas\">Mesas de examen<\/h2>\n\n\n\n<iframe src=\"https:\/\/docs.google.com\/spreadsheets\/d\/e\/2PACX-1vSsjKsv1cw8S-G220hoVwumptvq80g5lE2VczqTLM-SmNy1dqZuULYd9TSxpuCnRjBWO2FTsA6Oeyoo\/pubhtml?widget=true&amp;headers=false\" width=100% height=640><\/iframe>\n\n\n<div class=\"wp-block-image\">\n<figure class=\"aligncenter size-full\"><a href=\"https:\/\/esba-nqn.infd.edu.ar\/sitio\/pagina-principal\/\"><img decoding=\"async\" loading=\"lazy\" width=\"44\" height=\"44\" src=\"https:\/\/esba-nqn.infd.edu.ar\/sitio\/wp-content\/uploads\/2024\/05\/Inst_Boton_Home.png\" alt=\"\" class=\"wp-image-6299\"\/><\/a><\/figure><\/div>","protected":false},"excerpt":{"rendered":"<p>Noticias docentes Aviso de ausencia Docentes que inicien licencia deber\u00e1n completar el siguiente formulario y comunicarse con Secretar\u00eda. https:\/\/docs.google.com\/forms\/d\/e\/1FAIpQLSdPzF4qmehmKZcCy-aJ7-KydvVV29NHTYu5qhmpSji3kda9UA\/viewform Contactos \u00fatiles Equipx directivx: bellasartesneuquen@gmail.com Secretar\u00eda administrativa: secretariaesba@neuquen.edu.ar Secretar\u00eda acad\u00e9mica: secretariaacademicaesba@gmail.com Secretar\u00eda de extensi\u00f3n: bellasartesextension@gmail.com Secretar\u00eda de investigaci\u00f3n: si.artesnqn@gmail.com Gabinete de Tecnolog\u00edas Digitales: serviciotecnicoesba@gmail.com Mesas de examen<\/p>\n","protected":false},"author":2644,"featured_media":0,"parent":0,"menu_order":0,"comment_status":"closed","ping_status":"closed","template":"","meta":[],"acf":[],"_links":{"self":[{"href":"https:\/\/esba-nqn.infd.edu.ar\/sitio\/wp-json\/wp\/v2\/pages\/5651"}],"collection":[{"href":"https:\/\/esba-nqn.infd.edu.ar\/sitio\/wp-json\/wp\/v2\/pages"}],"about":[{"href":"https:\/\/esba-nqn.infd.edu.ar\/sitio\/wp-json\/wp\/v2\/types\/page"}],"author":[{"embeddable":true,"href":"https:\/\/esba-nqn.infd.edu.ar\/sitio\/wp-json\/wp\/v2\/users\/2644"}],"replies":[{"embeddable":true,"href":"https:\/\/esba-nqn.infd.edu.ar\/sitio\/wp-json\/wp\/v2\/comments?post=5651"}],"version-history":[{"count":59,"href":"https:\/\/esba-nqn.infd.edu.ar\/sitio\/wp-json\/wp\/v2\/pages\/5651\/revisions"}],"predecessor-version":[{"id":7377,"href":"https:\/\/esba-nqn.infd.edu.ar\/sitio\/wp-json\/wp\/v2\/pages\/5651\/revisions\/7377"}],"wp:attachment":[{"href":"https:\/\/esba-nqn.infd.edu.ar\/sitio\/wp-json\/wp\/v2\/media?parent=5651"}],"curies":[{"name":"wp","href":"https:\/\/api.w.org\/{rel}","templated":true}]}}