{"id":5737,"date":"2023-10-10T21:59:16","date_gmt":"2023-10-11T00:59:16","guid":{"rendered":"https:\/\/esba-nqn.infd.edu.ar\/sitio\/?page_id=5737"},"modified":"2025-03-11T22:28:55","modified_gmt":"2025-03-12T01:28:55","slug":"reserva-de-recursos-tecnologicos","status":"publish","type":"page","link":"https:\/\/esba-nqn.infd.edu.ar\/sitio\/reserva-de-recursos-tecnologicos\/","title":{"rendered":"Reserva de recursos tecnol\u00f3gicos"},"content":{"rendered":"\n<figure class=\"wp-block-image alignwide size-full\"><img decoding=\"async\" loading=\"lazy\" width=\"1080\" height=\"150\" src=\"https:\/\/esba-nqn.infd.edu.ar\/sitio\/wp-content\/uploads\/2024\/06\/RECURSOS_Header.png\" alt=\"\" class=\"wp-image-6393\" srcset=\"https:\/\/esba-nqn.infd.edu.ar\/sitio\/wp-content\/uploads\/2024\/06\/RECURSOS_Header.png 1080w, https:\/\/esba-nqn.infd.edu.ar\/sitio\/wp-content\/uploads\/2024\/06\/RECURSOS_Header-1000x139.png 1000w, https:\/\/esba-nqn.infd.edu.ar\/sitio\/wp-content\/uploads\/2024\/06\/RECURSOS_Header-768x107.png 768w\" sizes=\"(max-width: 1080px) 100vw, 1080px\" \/><\/figure>\n\n\n\n<p>Bienvenides al sistema de autogesti\u00f3n de reserva de recursos tecnol\u00f3gicos de la ESBA. En este momento contamos con cinco recursos a disposici\u00f3n para su uso \u00e1ulico. En esta p\u00e1gina pueden conocer el calendario de reservas y, m\u00e1s abajo, tienen un bot\u00f3n para ir al formulario de Google para cargar sus reservas.<\/p>\n\n\n\n<p class=\"has-accent-color has-text-color\"><strong>ATENCI\u00d3N: Los recursos pueden pedirse desde seis d\u00edas antes y hasta el mismo d\u00eda que quieran usarlo.<\/strong><br><strong>Despu\u00e9s de elegir el d\u00eda corroboren que la fecha que figura en el formulario es la correcta.<\/strong><\/p>\n\n\n\n<div class=\"wp-block-group is-nowrap is-layout-flex wp-container-1\">\n<figure class=\"wp-block-image size-full is-resized is-style-default\"><img decoding=\"async\" loading=\"lazy\" src=\"https:\/\/esba-nqn.infd.edu.ar\/sitio\/wp-content\/uploads\/2023\/10\/Imagen_ProyectorViewSonic-2.png\" alt=\"\" class=\"wp-image-5898\" width=\"188\" height=\"188\" srcset=\"https:\/\/esba-nqn.infd.edu.ar\/sitio\/wp-content\/uploads\/2023\/10\/Imagen_ProyectorViewSonic-2.png 750w, https:\/\/esba-nqn.infd.edu.ar\/sitio\/wp-content\/uploads\/2023\/10\/Imagen_ProyectorViewSonic-2-500x500.png 500w\" sizes=\"(max-width: 188px) 100vw, 188px\" \/><figcaption class=\"wp-element-caption\">Proyector ViewSonic<\/figcaption><\/figure>\n\n\n\n<figure class=\"wp-block-image size-full is-resized\"><img decoding=\"async\" loading=\"lazy\" src=\"https:\/\/esba-nqn.infd.edu.ar\/sitio\/wp-content\/uploads\/2023\/10\/Imagen_ProyectorGadnic.png\" alt=\"\" class=\"wp-image-5934\" width=\"188\" height=\"188\" srcset=\"https:\/\/esba-nqn.infd.edu.ar\/sitio\/wp-content\/uploads\/2023\/10\/Imagen_ProyectorGadnic.png 750w, https:\/\/esba-nqn.infd.edu.ar\/sitio\/wp-content\/uploads\/2023\/10\/Imagen_ProyectorGadnic-500x500.png 500w\" sizes=\"(max-width: 188px) 100vw, 188px\" \/><figcaption class=\"wp-element-caption\">Proyector Gadnic<\/figcaption><\/figure>\n\n\n\n<figure class=\"wp-block-image size-full is-resized\"><img decoding=\"async\" loading=\"lazy\" src=\"https:\/\/esba-nqn.infd.edu.ar\/sitio\/wp-content\/uploads\/2023\/10\/Imagen_ADM-2-1.png\" alt=\"\" class=\"wp-image-5900\" width=\"188\" height=\"188\" srcset=\"https:\/\/esba-nqn.infd.edu.ar\/sitio\/wp-content\/uploads\/2023\/10\/Imagen_ADM-2-1.png 750w, https:\/\/esba-nqn.infd.edu.ar\/sitio\/wp-content\/uploads\/2023\/10\/Imagen_ADM-2-1-500x500.png 500w\" sizes=\"(max-width: 188px) 100vw, 188px\" \/><figcaption class=\"wp-element-caption\">Aula Digital M\u00f3vil<\/figcaption><\/figure>\n\n\n\n<figure class=\"wp-block-image size-full is-resized\"><img decoding=\"async\" loading=\"lazy\" src=\"https:\/\/esba-nqn.infd.edu.ar\/sitio\/wp-content\/uploads\/2023\/10\/Imagen_Televisor-3.png\" alt=\"\" class=\"wp-image-5935\" width=\"188\" height=\"188\" srcset=\"https:\/\/esba-nqn.infd.edu.ar\/sitio\/wp-content\/uploads\/2023\/10\/Imagen_Televisor-3.png 750w, https:\/\/esba-nqn.infd.edu.ar\/sitio\/wp-content\/uploads\/2023\/10\/Imagen_Televisor-3-500x500.png 500w\" sizes=\"(max-width: 188px) 100vw, 188px\" \/><figcaption class=\"wp-element-caption\">Televisor<\/figcaption><\/figure>\n\n\n\n<figure class=\"wp-block-image size-full is-resized\"><img decoding=\"async\" loading=\"lazy\" src=\"https:\/\/esba-nqn.infd.edu.ar\/sitio\/wp-content\/uploads\/2024\/09\/Imagen_Caladora.png\" alt=\"\" class=\"wp-image-6751\" width=\"188\" height=\"188\" srcset=\"https:\/\/esba-nqn.infd.edu.ar\/sitio\/wp-content\/uploads\/2024\/09\/Imagen_Caladora.png 750w, https:\/\/esba-nqn.infd.edu.ar\/sitio\/wp-content\/uploads\/2024\/09\/Imagen_Caladora-500x500.png 500w\" sizes=\"(max-width: 188px) 100vw, 188px\" \/><figcaption class=\"wp-element-caption\">Sierra Caladora<\/figcaption><\/figure>\n\n\n\n<figure class=\"wp-block-image size-full is-resized\"><img decoding=\"async\" loading=\"lazy\" src=\"https:\/\/esba-nqn.infd.edu.ar\/sitio\/wp-content\/uploads\/2025\/03\/Imagen_proyector_nvo.png\" alt=\"\" class=\"wp-image-7076\" width=\"188\" height=\"188\" srcset=\"https:\/\/esba-nqn.infd.edu.ar\/sitio\/wp-content\/uploads\/2025\/03\/Imagen_proyector_nvo.png 750w, https:\/\/esba-nqn.infd.edu.ar\/sitio\/wp-content\/uploads\/2025\/03\/Imagen_proyector_nvo-500x500.png 500w\" sizes=\"(max-width: 188px) 100vw, 188px\" \/><figcaption class=\"wp-element-caption\">Proyector nuevo<\/figcaption><\/figure>\n\n\n\n<figure class=\"wp-block-image size-full is-resized\"><img decoding=\"async\" loading=\"lazy\" src=\"https:\/\/esba-nqn.infd.edu.ar\/sitio\/wp-content\/uploads\/2025\/03\/Imagen_Televisor_nvo.png\" alt=\"\" class=\"wp-image-7077\" width=\"188\" height=\"188\" srcset=\"https:\/\/esba-nqn.infd.edu.ar\/sitio\/wp-content\/uploads\/2025\/03\/Imagen_Televisor_nvo.png 750w, https:\/\/esba-nqn.infd.edu.ar\/sitio\/wp-content\/uploads\/2025\/03\/Imagen_Televisor_nvo-500x500.png 500w\" sizes=\"(max-width: 188px) 100vw, 188px\" \/><figcaption class=\"wp-element-caption\">Televisor nuevo<\/figcaption><\/figure>\n<\/div>\n\n\n\n<div class=\"wp-block-group alignwide is-vertical is-content-justification-center is-layout-flex wp-container-2\">\n<iframe loading=\"lazy\" src=\"https:\/\/calendar.google.com\/calendar\/embed?height=400&#038;wkst=2&#038;ctz=America%2FArgentina%2FSalta&#038;showPrint=0&#038;showTabs=0&#038;mode=WEEK&#038;showTz=0&#038;src=ZjgxNGU4OTU1YmYyYmJjYzRkNmVlZGZiMzMxMmQ3MzdlZjM3ODg0OGJhODNkYTM5YjQwMWVhMTY3ZmRlMzcyOEBncm91cC5jYWxlbmRhci5nb29nbGUuY29t&#038;src=MGU2NzRmMzM4OGYyNGQ0NTVmZmU4ZWU5YTM3MGY0NGIyMzNlOGE2ODBkOWQ4MWU1Y2JlMTg0ZjY0OWFmNGE5NEBncm91cC5jYWxlbmRhci5nb29nbGUuY29t&#038;src=YmJmOWVlN2QyY2U4Zjc2NzIzYjA2ZTg5OGE4ZGNiYzAwNjg2MzVkYmI2YTdiMmM1YWZjOGE0ZTk3ZWVmNmEzNUBncm91cC5jYWxlbmRhci5nb29nbGUuY29t&#038;src=MDY2NGI4ZDA1YzVmNjEyZDgxOGE4OGVlNDM5N2Q1YmQ0OWJmYTE0YmY1ZTI5YzU1ZTZjZTFhYjI5MzlkMDc0YkBncm91cC5jYWxlbmRhci5nb29nbGUuY29t&#038;src=ODM3YWFhNWFiN2ZkNDJlMTQwYmJkZGM3MGRiZWQzZmJjMzAwZjk5ZWMwMDU2MDUzNDk1MTUyNzMxNDIzYzBhZUBncm91cC5jYWxlbmRhci5nb29nbGUuY29t&#038;src=YWY5ZjY3OGE2ZTE4MmM3MDE2ZGYyNzBkMmI1YzljOGQ0ZWFlYWQ1ZTE2OTYyMTM5OWI4MmNlOWY5MWFkNTllMEBncm91cC5jYWxlbmRhci5nb29nbGUuY29t&#038;src=OGE5MmJmZDAxZmIzYTRjZmFiODEwY2UzNzRkZTBiNDI0OTFmNzY4MWNhYjVhOTMwODgyMWFkZjUwMWJlNDdiOEBncm91cC5jYWxlbmRhci5nb29nbGUuY29t&#038;color=%23a758cc&#038;color=%232f95ac&#038;color=%230B8043&#038;color=%230074b6&#038;color=%23aeb10e&#038;color=%235a13a2&#038;color=%2300020c\" style=\"border:solid 1px #777\" width=\"800\" height=\"400\" frameborder=\"0\" scrolling=\"no\"><\/iframe>\n\n\n\n<figure class=\"wp-block-image size-full\"><a href=\"https:\/\/docs.google.com\/forms\/d\/1Orw28B37kBrR9yZRxbwvQZFt-oiO2ctZfLJyhAMgD9w\/\"><img decoding=\"async\" loading=\"lazy\" width=\"500\" height=\"70\" src=\"https:\/\/esba-nqn.infd.edu.ar\/sitio\/wp-content\/uploads\/2024\/06\/RESERVAR_Boton.png\" alt=\"\" class=\"wp-image-6394\"\/><\/a><\/figure>\n<\/div>\n","protected":false},"excerpt":{"rendered":"<p>Bienvenides al sistema de autogesti\u00f3n de reserva de recursos tecnol\u00f3gicos de la ESBA. En este momento contamos con cinco recursos a disposici\u00f3n para su uso \u00e1ulico. En esta p\u00e1gina pueden conocer el calendario de reservas y, m\u00e1s abajo, tienen un bot\u00f3n para ir al formulario de Google para cargar sus reservas. ATENCI\u00d3N: Los recursos pueden &#8230; <a title=\"Reserva de recursos tecnol\u00f3gicos\" class=\"read-more\" href=\"https:\/\/esba-nqn.infd.edu.ar\/sitio\/reserva-de-recursos-tecnologicos\/\" aria-label=\"More on Reserva de recursos tecnol\u00f3gicos\">[+]<\/a><\/p>\n","protected":false},"author":2644,"featured_media":0,"parent":0,"menu_order":0,"comment_status":"closed","ping_status":"closed","template":"","meta":[],"acf":[],"_links":{"self":[{"href":"https:\/\/esba-nqn.infd.edu.ar\/sitio\/wp-json\/wp\/v2\/pages\/5737"}],"collection":[{"href":"https:\/\/esba-nqn.infd.edu.ar\/sitio\/wp-json\/wp\/v2\/pages"}],"about":[{"href":"https:\/\/esba-nqn.infd.edu.ar\/sitio\/wp-json\/wp\/v2\/types\/page"}],"author":[{"embeddable":true,"href":"https:\/\/esba-nqn.infd.edu.ar\/sitio\/wp-json\/wp\/v2\/users\/2644"}],"replies":[{"embeddable":true,"href":"https:\/\/esba-nqn.infd.edu.ar\/sitio\/wp-json\/wp\/v2\/comments?post=5737"}],"version-history":[{"count":52,"href":"https:\/\/esba-nqn.infd.edu.ar\/sitio\/wp-json\/wp\/v2\/pages\/5737\/revisions"}],"predecessor-version":[{"id":7080,"href":"https:\/\/esba-nqn.infd.edu.ar\/sitio\/wp-json\/wp\/v2\/pages\/5737\/revisions\/7080"}],"wp:attachment":[{"href":"https:\/\/esba-nqn.infd.edu.ar\/sitio\/wp-json\/wp\/v2\/media?parent=5737"}],"curies":[{"name":"wp","href":"https:\/\/api.w.org\/{rel}","templated":true}]}}