{"id":6241,"date":"2024-04-22T11:25:02","date_gmt":"2024-04-22T14:25:02","guid":{"rendered":"https:\/\/esba-nqn.infd.edu.ar\/sitio\/?page_id=6241"},"modified":"2025-09-29T11:07:58","modified_gmt":"2025-09-29T14:07:58","slug":"gestion-de-la-institucion","status":"publish","type":"page","link":"https:\/\/esba-nqn.infd.edu.ar\/sitio\/gestion-de-la-institucion\/","title":{"rendered":"Gesti\u00f3n de la instituci\u00f3n"},"content":{"rendered":"\n<figure class=\"wp-block-image alignwide size-full\"><img decoding=\"async\" loading=\"lazy\" width=\"1080\" height=\"150\" src=\"https:\/\/esba-nqn.infd.edu.ar\/sitio\/wp-content\/uploads\/2024\/04\/GESTION_Header-1.png\" alt=\"\" class=\"wp-image-6247\" srcset=\"https:\/\/esba-nqn.infd.edu.ar\/sitio\/wp-content\/uploads\/2024\/04\/GESTION_Header-1.png 1080w, https:\/\/esba-nqn.infd.edu.ar\/sitio\/wp-content\/uploads\/2024\/04\/GESTION_Header-1-1000x139.png 1000w, https:\/\/esba-nqn.infd.edu.ar\/sitio\/wp-content\/uploads\/2024\/04\/GESTION_Header-1-768x107.png 768w\" sizes=\"(max-width: 1080px) 100vw, 1080px\" \/><\/figure>\n\n\n\n<div class=\"wp-block-columns is-layout-flex wp-container-3\">\n<div class=\"wp-block-column is-layout-flow\"><div class=\"wp-block-image\">\n<figure class=\"aligncenter size-full\"><img decoding=\"async\" loading=\"lazy\" width=\"300\" height=\"40\" src=\"https:\/\/esba-nqn.infd.edu.ar\/sitio\/wp-content\/uploads\/2024\/04\/GESTION_ED_header.png\" alt=\"\" class=\"wp-image-6249\"\/><\/figure><\/div>\n\n\n<p><\/p>\n\n\n\n<p class=\"has-text-align-center has-medium-font-size\"><strong>Rectora<\/strong>:<br>Romina Casco<\/p>\n\n\n\n<p class=\"has-text-align-center has-medium-font-size\"><strong>Vicerrector<\/strong>:<br>I\u00f1aki Macia<\/p>\n\n\n\n<p class=\"has-text-align-center has-medium-font-size\"><strong>Vicerrectora<\/strong>:<br>Marina Vago<\/p>\n\n\n\n<p class=\"has-text-align-center has-medium-font-size\"><strong>Secretario acad\u00e9mico<\/strong>:<br>Gabriel Gonz\u00e1lez<\/p>\n\n\n\n<p class=\"has-text-align-center has-medium-font-size\"><strong>Directora de CEA\/TOD<\/strong>:<br>Gloria Riquelme<\/p>\n\n\n\n<p class=\"has-text-align-center has-medium-font-size\"><strong>Vicedirectora de CEA\/TOD<\/strong>:<br>Liliana Viru\u00e9s<\/p>\n<\/div>\n\n\n\n<div class=\"wp-block-column is-layout-flow\"><div class=\"wp-block-image\">\n<figure class=\"aligncenter size-full\"><img decoding=\"async\" loading=\"lazy\" width=\"300\" height=\"40\" src=\"https:\/\/esba-nqn.infd.edu.ar\/sitio\/wp-content\/uploads\/2024\/04\/GESTION_CPI_header.png\" alt=\"\" class=\"wp-image-6252\"\/><\/figure><\/div>\n\n\n<p><\/p>\n\n\n\n<p class=\"has-text-align-center has-medium-font-size\"><strong>Rectora<\/strong>:<br>Romina Casco<\/p>\n\n\n\n<p class=\"has-text-align-center\"><strong>Claustro docente<\/strong>:<br>Frutos, Maximiliano; Asmar, Yamile; Fern\u00e1ndez Huescar, Mar\u00eda Jos\u00e9 y Virues, Liliana.<\/p>\n\n\n\n<p class=\"has-text-align-center\"><strong>Claustro estudiantil<\/strong>:<br>Barreto, Mat\u00edas<\/p>\n\n\n\n<p class=\"has-text-align-center\"><strong>Claustro TAE<\/strong>:<br>Vaccaro, Enzo y Botto, Claudia.<\/p>\n\n\n\n<p class=\"has-text-align-center\"><strong>Claustro graduades<\/strong>:<br>(vacante)<\/p>\n\n\n<div class=\"wp-block-image\">\n<figure class=\"aligncenter size-full\"><img decoding=\"async\" loading=\"lazy\" width=\"300\" height=\"40\" src=\"https:\/\/esba-nqn.infd.edu.ar\/sitio\/wp-content\/uploads\/2024\/04\/GESTION_CA_header.png\" alt=\"\" class=\"wp-image-6250\"\/><\/figure><\/div>\n\n\n<p><\/p>\n\n\n\n<p class=\"has-text-align-center\"><strong>Secretar\u00eda acad\u00e9mica<\/strong>: Gabriel Gonz\u00e1lez<br><strong>Secretar\u00eda de Extensi\u00f3n<\/strong>: Ayel\u00e9n Sep\u00falveda<br><strong>Secretar\u00eda de Investigaci\u00f3n<\/strong>: Gabrielle Ibach<br><strong>Coordinaci\u00f3n de Comunicaci\u00f3n<\/strong>: Giselle Kler<br><strong>Coordinaci\u00f3n de Arte Dram\u00e1tico<\/strong>: Elizabeth Navarro<br><strong>Coordinaci\u00f3n de Formaci\u00f3n Espec\u00edfica-Producci\u00f3n<\/strong>: Pablo Aguirre<br><strong>Coordinaci\u00f3n de Circulaci\u00f3n de espect\u00e1culos<\/strong>: Javier Santanera<br><strong>Coordinaci\u00f3n de Gabinete de Idiomas<\/strong>: Morales Valeria<br><strong>Coordinaci\u00f3n de Folklore<\/strong>: Paola C\u00e1rdenas<br><strong>Coordinaci\u00f3n de Pr\u00e1ctica y residencias<\/strong>: Roxana Garre<br><strong>Coordinaci\u00f3n de Formaci\u00f3n Pr\u00e1ctica<\/strong>: Emilse Giardilli<br><strong>Coordinaci\u00f3n del \u00c1rea T\u00e9cnica<\/strong>: Romina Fratarelli<br><strong>Coordinaci\u00f3n del \u00c1rea de Producci\u00f3n<\/strong>: Mauro Rosas<br><strong>Coordinaci\u00f3n de Circulaci\u00f3n de Obras de Arte<\/strong>: Roxana Ferreyra<br><strong>Coordinaci\u00f3n Formaci\u00f3n Docente Continua<\/strong>: Vanina Bradach<\/p>\n<\/div>\n<\/div>\n\n\n\n<hr class=\"wp-block-separator has-alpha-channel-opacity\"\/>\n\n\n\n<div class=\"wp-block-columns is-layout-flex wp-container-7\">\n<div class=\"wp-block-column is-layout-flow\"><div class=\"wp-block-image\">\n<figure class=\"aligncenter size-full\"><img decoding=\"async\" loading=\"lazy\" width=\"300\" height=\"40\" src=\"https:\/\/esba-nqn.infd.edu.ar\/sitio\/wp-content\/uploads\/2024\/04\/GESTION_Secr_header.png\" alt=\"\" class=\"wp-image-6253\"\/><\/figure><\/div>\n\n\n<p><\/p>\n\n\n\n<p class=\"has-text-align-center has-medium-font-size\"><strong>Secretar\u00eda de extensi\u00f3n<\/strong>:<br>Ayel\u00e9n Sep\u00falveda<\/p>\n\n\n\n<p class=\"has-text-align-center\"><strong>Circulaci\u00f3n de espect\u00e1culos<\/strong>:<br>Javier Santanera<\/p>\n\n\n\n<p class=\"has-text-align-center\"><strong>Circulaci\u00f3n de obras de arte<\/strong>:<br>Roxana Ferreyra<\/p>\n\n\n\n<p class=\"has-text-align-center\"><strong>Formaci\u00f3n docente continua<\/strong>:<br>Vanina Bradach<\/p>\n\n\n\n<p class=\"has-text-align-center\"><strong>Vinculaci\u00f3n, extensi\u00f3n y comunicaci\u00f3n<\/strong>:<br>Giselle Kler<\/p>\n\n\n\n<p class=\"has-text-align-center has-medium-font-size\"><strong>Secretar\u00eda de investigaci\u00f3n<\/strong>:<br>Gabrielle Ibach<\/p>\n<\/div>\n\n\n\n<div class=\"wp-block-column is-layout-flow\"><div class=\"wp-block-image\">\n<figure class=\"aligncenter size-full\"><img decoding=\"async\" loading=\"lazy\" width=\"300\" height=\"40\" src=\"https:\/\/esba-nqn.infd.edu.ar\/sitio\/wp-content\/uploads\/2024\/04\/GESTION_Depa_header.png\" alt=\"\" class=\"wp-image-6256\"\/><\/figure><\/div>\n\n\n<p><\/p>\n\n\n<div class=\"wp-block-image\">\n<figure class=\"aligncenter size-full\"><img decoding=\"async\" loading=\"lazy\" width=\"300\" height=\"30\" src=\"https:\/\/esba-nqn.infd.edu.ar\/sitio\/wp-content\/uploads\/2024\/06\/GESTION_AV_header.png\" alt=\"\" class=\"wp-image-6428\"\/><\/figure><\/div>\n\n\n<p class=\"has-text-align-center has-medium-font-size\"><strong>Coordinador<\/strong>:<br>Martin Motta<\/p>\n\n\n\n<p class=\"has-text-align-center\"><strong>Pr\u00e1ctica y residencia docente<\/strong>:<br>Roxana Garre<\/p>\n\n\n\n<p class=\"has-text-align-center\"><strong>Disciplinas socio hist\u00f3ricas<\/strong>:<br>Maximiliano Navarrete<\/p>\n\n\n\n<p class=\"has-text-align-center\"><strong>Producci\u00f3n art\u00edstica<\/strong>:<br>Mauro Rosas<\/p>\n\n\n\n<p class=\"has-text-align-center\"><strong>Fundamentaci\u00f3n lenguaje Visual<\/strong>:<br>Ariela Hale<\/p>\n\n\n\n<figure class=\"wp-block-image size-full\"><img decoding=\"async\" loading=\"lazy\" width=\"300\" height=\"30\" src=\"https:\/\/esba-nqn.infd.edu.ar\/sitio\/wp-content\/uploads\/2024\/06\/GESTION_T_header.png\" alt=\"\" class=\"wp-image-6429\"\/><\/figure>\n\n\n\n<p class=\"has-text-align-center has-medium-font-size\"><strong>Coordinadora<\/strong>:<br>Elizabeth Navarro<\/p>\n\n\n\n<p class=\"has-text-align-center\"><strong>Formaci\u00f3n espec\u00edfica<\/strong>:<br>Pablo Aguirre<\/p>\n\n\n\n<p class=\"has-text-align-center\"><strong>Formaci\u00f3n general<\/strong>: <br>Judith del Pino<\/p>\n\n\n\n<p class=\"has-text-align-center\"><strong>Pr\u00e1ctica y residencia<\/strong>:<br>Emilse Giardili<\/p>\n\n\n\n<p class=\"has-text-align-center\"><strong>T\u00e9cnica<\/strong>:<br>Romina Fratarelli<\/p>\n\n\n\n<figure class=\"wp-block-image size-full\"><img decoding=\"async\" loading=\"lazy\" width=\"300\" height=\"30\" src=\"https:\/\/esba-nqn.infd.edu.ar\/sitio\/wp-content\/uploads\/2024\/06\/GESTION_F_header.png\" alt=\"\" class=\"wp-image-6430\"\/><\/figure>\n\n\n\n<p class=\"has-text-align-center has-medium-font-size\"><strong>Coordinadora<\/strong>:<br>Paola C\u00e1rdenas<\/p>\n<\/div>\n\n\n\n<div class=\"wp-block-column is-layout-flow\"><div class=\"wp-block-image\">\n<figure class=\"aligncenter size-full\"><img decoding=\"async\" loading=\"lazy\" width=\"300\" height=\"40\" src=\"https:\/\/esba-nqn.infd.edu.ar\/sitio\/wp-content\/uploads\/2024\/04\/GESTION_Gabinetes_header.png\" alt=\"\" class=\"wp-image-6258\"\/><\/figure><\/div>\n\n\n<p><\/p>\n\n\n\n<p class=\"has-text-align-center\"> <strong>Gabinete de Tecnolog\u00edas digitales<\/strong>:<br>Alejandro Dur\u00e1n y Enzo Vaccaro<\/p>\n\n\n\n<p class=\"has-text-align-center\"><strong>Gabinete de T\u00e9cnicas de estudio<\/strong>:<br>Gabriela Bencina<\/p>\n\n\n\n<p class=\"has-text-align-center\"><strong>Gabinete de Lenguas extranjeras<\/strong>:<br>Valeria Morales<\/p>\n<\/div>\n<\/div>\n\n\n\n<hr class=\"wp-block-separator has-alpha-channel-opacity\"\/>\n\n\n<div class=\"wp-block-image\">\n<figure class=\"aligncenter size-full\"><a href=\"https:\/\/esba-nqn.infd.edu.ar\/sitio\/\"><img decoding=\"async\" loading=\"lazy\" width=\"44\" height=\"44\" src=\"https:\/\/esba-nqn.infd.edu.ar\/sitio\/wp-content\/uploads\/2024\/05\/Inst_Boton_Home.png\" alt=\"\" class=\"wp-image-6299\"\/><\/a><\/figure><\/div>","protected":false},"excerpt":{"rendered":"<p>Rectora:Romina Casco Vicerrector:I\u00f1aki Macia Vicerrectora:Marina Vago Secretario acad\u00e9mico:Gabriel Gonz\u00e1lez Directora de CEA\/TOD:Gloria Riquelme Vicedirectora de CEA\/TOD:Liliana Viru\u00e9s Rectora:Romina Casco Claustro docente:Frutos, Maximiliano; Asmar, Yamile; Fern\u00e1ndez Huescar, Mar\u00eda Jos\u00e9 y Virues, Liliana. Claustro estudiantil:Barreto, Mat\u00edas Claustro TAE:Vaccaro, Enzo y Botto, Claudia. Claustro graduades:(vacante) Secretar\u00eda acad\u00e9mica: Gabriel Gonz\u00e1lezSecretar\u00eda de Extensi\u00f3n: Ayel\u00e9n Sep\u00falvedaSecretar\u00eda de Investigaci\u00f3n: Gabrielle IbachCoordinaci\u00f3n de &#8230; <a title=\"Gesti\u00f3n de la instituci\u00f3n\" class=\"read-more\" href=\"https:\/\/esba-nqn.infd.edu.ar\/sitio\/gestion-de-la-institucion\/\" aria-label=\"More on Gesti\u00f3n de la instituci\u00f3n\">[+]<\/a><\/p>\n","protected":false},"author":2644,"featured_media":0,"parent":0,"menu_order":0,"comment_status":"closed","ping_status":"closed","template":"","meta":[],"acf":[],"_links":{"self":[{"href":"https:\/\/esba-nqn.infd.edu.ar\/sitio\/wp-json\/wp\/v2\/pages\/6241"}],"collection":[{"href":"https:\/\/esba-nqn.infd.edu.ar\/sitio\/wp-json\/wp\/v2\/pages"}],"about":[{"href":"https:\/\/esba-nqn.infd.edu.ar\/sitio\/wp-json\/wp\/v2\/types\/page"}],"author":[{"embeddable":true,"href":"https:\/\/esba-nqn.infd.edu.ar\/sitio\/wp-json\/wp\/v2\/users\/2644"}],"replies":[{"embeddable":true,"href":"https:\/\/esba-nqn.infd.edu.ar\/sitio\/wp-json\/wp\/v2\/comments?post=6241"}],"version-history":[{"count":43,"href":"https:\/\/esba-nqn.infd.edu.ar\/sitio\/wp-json\/wp\/v2\/pages\/6241\/revisions"}],"predecessor-version":[{"id":7409,"href":"https:\/\/esba-nqn.infd.edu.ar\/sitio\/wp-json\/wp\/v2\/pages\/6241\/revisions\/7409"}],"wp:attachment":[{"href":"https:\/\/esba-nqn.infd.edu.ar\/sitio\/wp-json\/wp\/v2\/media?parent=6241"}],"curies":[{"name":"wp","href":"https:\/\/api.w.org\/{rel}","templated":true}]}}