{"id":6633,"date":"2024-08-05T12:00:59","date_gmt":"2024-08-05T15:00:59","guid":{"rendered":"https:\/\/esba-nqn.infd.edu.ar\/sitio\/?page_id=6633"},"modified":"2025-03-18T21:31:42","modified_gmt":"2025-03-19T00:31:42","slug":"formulario-suscripcion","status":"publish","type":"page","link":"https:\/\/esba-nqn.infd.edu.ar\/sitio\/formulario-suscripcion\/","title":{"rendered":"Formulario de suscripci\u00f3n"},"content":{"rendered":"\n<figure class=\"wp-block-image alignfull size-full\"><img decoding=\"async\" loading=\"lazy\" width=\"1100\" height=\"350\" src=\"https:\/\/esba-nqn.infd.edu.ar\/sitio\/wp-content\/uploads\/2025\/03\/boletin.png\" alt=\"\" class=\"wp-image-7122\" srcset=\"https:\/\/esba-nqn.infd.edu.ar\/sitio\/wp-content\/uploads\/2025\/03\/boletin.png 1100w, https:\/\/esba-nqn.infd.edu.ar\/sitio\/wp-content\/uploads\/2025\/03\/boletin-1000x318.png 1000w, https:\/\/esba-nqn.infd.edu.ar\/sitio\/wp-content\/uploads\/2025\/03\/boletin-768x244.png 768w\" sizes=\"(max-width: 1100px) 100vw, 1100px\" \/><\/figure>\n\n\n\n<div id=\"mc_embed_shell\">\n      <link href=\"\/\/cdn-images.mailchimp.com\/embedcode\/classic-061523.css\" rel=\"stylesheet\" type=\"text\/css\">\n  <style type=\"text\/css\">\n        #mc_embed_signup{background:#fff; false;clear:left; font:14px Helvetica,Arial,sans-serif; width: 100%;}\n        \/* Add your own Mailchimp form style overrides in your site stylesheet or in this style block.\n           We recommend moving this block and the preceding CSS link to the HEAD of your HTML file. *\/\n<\/style>\n<div id=\"mc_embed_signup\">\n    <form action=\"https:\/\/infd.us14.list-manage.com\/subscribe\/post?u=afeb1c8c8faeb64ceae2a5ded&amp;id=e81a34f7fb&amp;f_id=009ec2e1f0\" method=\"post\" id=\"mc-embedded-subscribe-form\" name=\"mc-embedded-subscribe-form\" class=\"validate\" target=\"_blank\">\n        <div id=\"mc_embed_signup_scroll\">\n            <div class=\"indicates-required\"><span class=\"asterisk\">*<\/span> indica que es obligatorio<\/div>\n            <div class=\"mc-field-group\"><label for=\"mce-FNAME\">Nombre <span class=\"asterisk\">*<\/span><\/label><input type=\"text\" name=\"FNAME\" class=\"required text\" id=\"mce-FNAME\" required=\"\" value=\"\"><\/div><div class=\"mc-field-group\"><label for=\"mce-MMERGE2\">\u00c1rea de inter\u00e9s <\/label><select name=\"MMERGE2\" class=\"\" id=\"mce-MMERGE2\"><option value=\"\"><\/option><option value=\"Artes Visuales\">Artes Visuales<\/option><option value=\"Teatro\">Teatro<\/option><option value=\"Folklore\">Folklore<\/option><option value=\"Ni\u00f1os y ni\u00f1as\">Ni\u00f1os y ni\u00f1as<\/option><option value=\"Adolescentes\">Adolescentes<\/option><option value=\"Comunidad\">Comunidad<\/option><option value=\"Docentes\">Docentes<\/option><option value=\"Institucional\">Institucional<\/option><\/select><\/div><div class=\"mc-field-group\"><label for=\"mce-EMAIL\">Direcci\u00f3n de correo electr\u00f3nico <span class=\"asterisk\">*<\/span><\/label><input type=\"email\" name=\"EMAIL\" class=\"required email\" id=\"mce-EMAIL\" required=\"\" value=\"\"><\/div>\n        <div id=\"mce-responses\" class=\"clear foot\">\n            <div class=\"response\" id=\"mce-error-response\" style=\"display: none;\"><\/div>\n            <div class=\"response\" id=\"mce-success-response\" style=\"display: none;\"><\/div>\n        <\/div>\n    <div aria-hidden=\"true\" style=\"position: absolute; left: -5000px;\">\n        \/* real people should not fill this in and expect good things &#8211; do not remove this or risk form bot signups *\/\n        <input type=\"text\" name=\"b_afeb1c8c8faeb64ceae2a5ded_e81a34f7fb\" tabindex=\"-1\" value=\"\">\n    <\/div>\n        <div class=\"optionalParent\">\n            <div class=\"clear foot\">\n                <input type=\"submit\" name=\"subscribe\" id=\"mc-embedded-subscribe\" class=\"button\" value=\"Suscribirse\">\n                <p style=\"margin: 0px auto;\"><a href=\"http:\/\/eepurl.com\/iWd3oI\" title=\"Mailchimp: marketing por correo electr\u00f3nico f\u00e1cil y divertido\"><span style=\"display: inline-block; background-color: transparent; border-radius: 4px;\"><img decoding=\"async\" class=\"refferal_badge\" src=\"https:\/\/digitalasset.intuit.com\/render\/content\/dam\/intuit\/mc-fe\/en_us\/images\/intuit-mc-rewards-text-dark.svg\" alt=\"Intuit Mailchimp\" style=\"width: 220px; height: 40px; display: flex; padding: 2px 0px; justify-content: center; align-items: center;\"><\/span><\/a><\/p>\n            <\/div>\n        <\/div>\n    <\/div>\n<\/form>\n<\/div>\n<script type=\"text\/javascript\" src=\"\/\/s3.amazonaws.com\/downloads.mailchimp.com\/js\/mc-validate.js\"><\/script><script type=\"text\/javascript\">(function($) {window.fnames = new Array(); window.ftypes = new Array();fnames[1]='FNAME';ftypes[1]='text';fnames[2]='MMERGE2';ftypes[2]='dropdown';fnames[0]='EMAIL';ftypes[0]='email';\/*\n * Translated default messages for the $ validation plugin.\n * Locale: ES\n *\/\n$.extend($.validator.messages, {\n  required: \"Este campo es obligatorio.\",\n  remote: \"Por favor, rellena este campo.\",\n  email: \"Por favor, escribe una direcci\u00f3n de correo v\u00e1lida\",\n  url: \"Por favor, escribe una URL v\u00e1lida.\",\n  date: \"Por favor, escribe una fecha v\u00e1lida.\",\n  dateISO: \"Por favor, escribe una fecha (ISO) v\u00e1lida.\",\n  number: \"Por favor, escribe un n\u00famero entero v\u00e1lido.\",\n  digits: \"Por favor, escribe s\u00f3lo d\u00edgitos.\",\n  creditcard: \"Por favor, escribe un n\u00famero de tarjeta v\u00e1lido.\",\n  equalTo: \"Por favor, escribe el mismo valor de nuevo.\",\n  accept: \"Por favor, escribe un valor con una extensi\u00f3n aceptada.\",\n  maxlength: $.validator.format(\"Por favor, no escribas m\u00e1s de {0} caracteres.\"),\n  minlength: $.validator.format(\"Por favor, no escribas menos de {0} caracteres.\"),\n  rangelength: $.validator.format(\"Por favor, escribe un valor entre {0} y {1} caracteres.\"),\n  range: $.validator.format(\"Por favor, escribe un valor entre {0} y {1}.\"),\n  max: $.validator.format(\"Por favor, escribe un valor menor o igual a {0}.\"),\n  min: $.validator.format(\"Por favor, escribe un valor mayor o igual a {0}.\")\n});}(jQuery));var $mcj = jQuery.noConflict(true);<\/script><\/div>\n","protected":false},"excerpt":{"rendered":"<p>* indica que es obligatorio Nombre * \u00c1rea de inter\u00e9s Artes VisualesTeatroFolkloreNi\u00f1os y ni\u00f1asAdolescentesComunidadDocentesInstitucional Direcci\u00f3n de correo electr\u00f3nico * \/* real people should not fill this in and expect good things &#8211; do not remove this or risk form bot signups *\/<\/p>\n","protected":false},"author":2644,"featured_media":0,"parent":0,"menu_order":0,"comment_status":"closed","ping_status":"closed","template":"","meta":[],"acf":[],"_links":{"self":[{"href":"https:\/\/esba-nqn.infd.edu.ar\/sitio\/wp-json\/wp\/v2\/pages\/6633"}],"collection":[{"href":"https:\/\/esba-nqn.infd.edu.ar\/sitio\/wp-json\/wp\/v2\/pages"}],"about":[{"href":"https:\/\/esba-nqn.infd.edu.ar\/sitio\/wp-json\/wp\/v2\/types\/page"}],"author":[{"embeddable":true,"href":"https:\/\/esba-nqn.infd.edu.ar\/sitio\/wp-json\/wp\/v2\/users\/2644"}],"replies":[{"embeddable":true,"href":"https:\/\/esba-nqn.infd.edu.ar\/sitio\/wp-json\/wp\/v2\/comments?post=6633"}],"version-history":[{"count":18,"href":"https:\/\/esba-nqn.infd.edu.ar\/sitio\/wp-json\/wp\/v2\/pages\/6633\/revisions"}],"predecessor-version":[{"id":7125,"href":"https:\/\/esba-nqn.infd.edu.ar\/sitio\/wp-json\/wp\/v2\/pages\/6633\/revisions\/7125"}],"wp:attachment":[{"href":"https:\/\/esba-nqn.infd.edu.ar\/sitio\/wp-json\/wp\/v2\/media?parent=6633"}],"curies":[{"name":"wp","href":"https:\/\/api.w.org\/{rel}","templated":true}]}}