{"id":6861,"date":"2024-10-07T08:40:51","date_gmt":"2024-10-07T11:40:51","guid":{"rendered":"https:\/\/esba-nqn.infd.edu.ar\/sitio\/?page_id=6861"},"modified":"2025-03-18T22:16:35","modified_gmt":"2025-03-19T01:16:35","slug":"elenco-escuela","status":"publish","type":"page","link":"https:\/\/esba-nqn.infd.edu.ar\/sitio\/elenco-escuela\/","title":{"rendered":"Elenco estable de la ESBA"},"content":{"rendered":"\n<figure class=\"wp-block-image size-full\"><img decoding=\"async\" loading=\"lazy\" width=\"1080\" height=\"150\" src=\"https:\/\/esba-nqn.infd.edu.ar\/sitio\/wp-content\/uploads\/2024\/10\/ELENCO_Header-1.png\" alt=\"\" class=\"wp-image-6897\" srcset=\"https:\/\/esba-nqn.infd.edu.ar\/sitio\/wp-content\/uploads\/2024\/10\/ELENCO_Header-1.png 1080w, https:\/\/esba-nqn.infd.edu.ar\/sitio\/wp-content\/uploads\/2024\/10\/ELENCO_Header-1-1000x139.png 1000w, https:\/\/esba-nqn.infd.edu.ar\/sitio\/wp-content\/uploads\/2024\/10\/ELENCO_Header-1-768x107.png 768w\" sizes=\"(max-width: 1080px) 100vw, 1080px\" \/><\/figure>\n\n\n\n<div class=\"wp-block-group is-layout-flex\">\n<figure class=\"wp-block-image size-full is-resized\"><a href=\"https:\/\/esba-nqn.infd.edu.ar\/sitio\/pagina-principal\/\"><img decoding=\"async\" loading=\"lazy\" src=\"https:\/\/esba-nqn.infd.edu.ar\/sitio\/wp-content\/uploads\/2024\/05\/Talleres_Boton_Home.png\" alt=\"\" class=\"wp-image-6364\" width=\"44\" height=\"44\" srcset=\"https:\/\/esba-nqn.infd.edu.ar\/sitio\/wp-content\/uploads\/2024\/05\/Talleres_Boton_Home.png 512w, https:\/\/esba-nqn.infd.edu.ar\/sitio\/wp-content\/uploads\/2024\/05\/Talleres_Boton_Home-500x500.png 500w\" sizes=\"(max-width: 44px) 100vw, 44px\" \/><\/a><\/figure>\n\n\n\n<div class=\"wp-block-buttons is-content-justification-center is-layout-flex wp-container-1\">\n<div class=\"wp-block-button has-custom-font-size has-small-font-size\"><a class=\"wp-block-button__link has-text-color has-background wp-element-button\" href=\"#elenco-actual\" style=\"border-radius:5px;color:#f5f4eb;background-color:#282828\" rel=\"\"><strong>Elenco actual<\/strong><\/a><\/div>\n<\/div>\n\n\n\n<div class=\"wp-block-buttons is-content-justification-center is-layout-flex wp-container-2\">\n<div class=\"wp-block-button has-custom-font-size has-small-font-size\"><a class=\"wp-block-button__link has-text-color has-background wp-element-button\" href=\"#elencos-anteriores\" style=\"border-radius:5px;color:#f5f4eb;background-color:#282828\"><strong>Elencos anteriores<\/strong><\/a><\/div>\n<\/div>\n\n\n\n<div class=\"wp-block-buttons is-content-justification-center is-layout-flex wp-container-3\">\n<div class=\"wp-block-button has-custom-font-size has-small-font-size\"><a class=\"wp-block-button__link has-text-color has-background wp-element-button\" href=\"#redes-sociales\" style=\"border-radius:5px;color:#f5f4eb;background-color:#282828\"><strong>Redes sociales<\/strong><\/a><\/div>\n<\/div>\n\n\n\n<div class=\"wp-block-buttons is-content-justification-center is-layout-flex wp-container-4\">\n<div class=\"wp-block-button has-custom-font-size has-small-font-size\"><a class=\"wp-block-button__link has-text-color has-background wp-element-button\" href=\"https:\/\/drive.google.com\/file\/d\/1Q_dSmSdeEw0kNgXPPoFqr4pP5BcX8zb9\/view?usp=drive_link\" style=\"border-radius:5px;color:#f5f4eb;background-color:#282828\"><strong>Proyecto vigente &#x2197;<\/strong><\/a><\/div>\n<\/div>\n\n\n\n<div class=\"wp-block-buttons is-content-justification-center is-layout-flex wp-container-5\">\n<div class=\"wp-block-button has-custom-font-size has-small-font-size\"><a class=\"wp-block-button__link has-text-color has-background wp-element-button\" href=\"https:\/\/drive.google.com\/file\/d\/1_sGOcUjjfKovEHUytjGvKxkJwEQQ_Gg4\/view?usp=sharing\" style=\"border-radius:5px;color:#f5f4eb;background-color:#282828\"><strong>Reglamento<\/strong> &#x2197;<\/a><\/div>\n<\/div>\n<\/div>\n\n\n\n<hr class=\"wp-block-separator has-alpha-channel-opacity\"\/>\n\n\n\n<figure class=\"wp-block-image alignfull size-full\"><img decoding=\"async\" loading=\"lazy\" width=\"1100\" height=\"350\" src=\"https:\/\/esba-nqn.infd.edu.ar\/sitio\/wp-content\/uploads\/2025\/03\/elenco.png\" alt=\"\" class=\"wp-image-7159\" srcset=\"https:\/\/esba-nqn.infd.edu.ar\/sitio\/wp-content\/uploads\/2025\/03\/elenco.png 1100w, https:\/\/esba-nqn.infd.edu.ar\/sitio\/wp-content\/uploads\/2025\/03\/elenco-1000x318.png 1000w, https:\/\/esba-nqn.infd.edu.ar\/sitio\/wp-content\/uploads\/2025\/03\/elenco-768x244.png 768w\" sizes=\"(max-width: 1100px) 100vw, 1100px\" \/><\/figure>\n\n\n\n<p>El Elenco Escuela de la ESBA tiene como finalidad difundir el lenguaje teatral hacia toda la comunidad y fortalecer el desarrollo de la formaci\u00f3n espec\u00edfica de las carreras de Teatro, Artes Visuales y Folklore. Est\u00e1 integrado por un\/a director\/a y seis actrices\/actores que se renuevan cada dos a\u00f1os a trav\u00e9s de un concurso p\u00fablico de antecedentes y oposici\u00f3n.<\/p>\n\n\n\n<p>Cada periodo, el elenco produce obras teatrales para hacer funciones en el \u00e1mbito del Consejo Provincial de Educaci\u00f3n de la Provincia del Neuqu\u00e9n, aunque sus funciones no se limitan solo al montaje de obras teatrales sino que, adem\u00e1s, el Elenco se constituye como un espacio de producci\u00f3n, investigaci\u00f3n y pr\u00e1ctica en estrecha articulaci\u00f3n con las c\u00e1tedras de las carreras de la ESBA y sus \u00e1reas pedag\u00f3gicas.&nbsp;<\/p>\n\n\n\n<p>El Elenco Escuela constituye un espacio de producci\u00f3n art\u00edstica pedag\u00f3gica. Su quehacer se encuentra enmarcado en el proyecto presentado por su Director, y oportunamente seleccionado por un equipo evaluador constituido a tal fin.<\/p>\n\n\n\n<hr class=\"wp-block-separator has-alpha-channel-opacity\"\/>\n\n\n\n<h2 class=\"wp-block-heading\" id=\"elenco-actual\">Elenco actual<\/h2>\n\n\n\n<div class=\"wp-block-columns is-not-stacked-on-mobile is-layout-flex wp-container-9\">\n<div class=\"wp-block-column is-vertically-aligned-center is-layout-flow\" style=\"flex-basis:50%\">\n<p>El proyecto vigente (2024-2026) entr\u00f3 en funciones en agosto del 2024, y contempla la producci\u00f3n de 5 obras teatrales de diversos formatos.<\/p>\n\n\n\n<p>Integrantes: <\/p>\n\n\n\n<p>Director:<\/p>\n<\/div>\n\n\n\n<div class=\"wp-block-column is-vertically-aligned-center is-layout-flow\" style=\"flex-basis:50%\">\n<figure class=\"wp-block-image size-large\"><img decoding=\"async\" loading=\"lazy\" width=\"1900\" height=\"1425\" src=\"https:\/\/esba-nqn.infd.edu.ar\/sitio\/wp-content\/uploads\/2025\/03\/WhatsApp-Image-2025-03-18-at-22.12.08-1900x1425.jpeg\" alt=\"\" class=\"wp-image-7166\" srcset=\"https:\/\/esba-nqn.infd.edu.ar\/sitio\/wp-content\/uploads\/2025\/03\/WhatsApp-Image-2025-03-18-at-22.12.08-1900x1425.jpeg 1900w, https:\/\/esba-nqn.infd.edu.ar\/sitio\/wp-content\/uploads\/2025\/03\/WhatsApp-Image-2025-03-18-at-22.12.08-1000x750.jpeg 1000w, https:\/\/esba-nqn.infd.edu.ar\/sitio\/wp-content\/uploads\/2025\/03\/WhatsApp-Image-2025-03-18-at-22.12.08-768x576.jpeg 768w, https:\/\/esba-nqn.infd.edu.ar\/sitio\/wp-content\/uploads\/2025\/03\/WhatsApp-Image-2025-03-18-at-22.12.08-1536x1152.jpeg 1536w, https:\/\/esba-nqn.infd.edu.ar\/sitio\/wp-content\/uploads\/2025\/03\/WhatsApp-Image-2025-03-18-at-22.12.08-2048x1536.jpeg 2048w\" sizes=\"(max-width: 1900px) 100vw, 1900px\" \/><\/figure>\n<\/div>\n<\/div>\n\n\n\n<hr class=\"wp-block-separator has-alpha-channel-opacity\"\/>\n\n\n\n<h2 class=\"wp-block-heading\" id=\"elencos-anteriores\">Elencos anteriores<\/h2>\n\n\n\n<p>Desde su creaci\u00f3n se han desarrollado tres proyectos de direcci\u00f3n con diferentes formaciones:<\/p>\n\n\n\n<p>IMAGEN<\/p>\n\n\n\n<p>Integrantes: Julieta Cabanes, Gast\u00f3n Krahulec, Brayan Arias, Grisel Nicolau, Diego Seage, Tamara Frezza, Marina Trenkner (desde marzo de 2016).<\/p>\n\n\n\n<p>Director: Sebasti\u00e1n Fanello<\/p>\n\n\n\n<p>Obras montadas:<\/p>\n\n\n\n<p>\u201cMatriovska\u201d &#8211; Dramaturgia colectiva dirigida por Sebasti\u00e1n Fanello (Estreno 16\/04\/2016)<\/p>\n\n\n\n<p>\u201cEl combate de los pozos\u201d de Andrea Garrote (Estreno 04\/11\/2016)<\/p>\n\n\n\n<p>IMAGEN<\/p>\n\n\n\n<p>Integrantes: Cecilia Micci, Denise Gonzalez, Luciana Berrutti, Manuel Trovato, Diego Jofr\u00e9, Diego Seage, Elunei Beltr\u00e1n (suplente julio de 2019), Nelson Bormida (desde noviembre de 2018), Paula Giavedoni (desde septiembre de 2019).&nbsp;<\/p>\n\n\n\n<p>Director: Gustavo Urrutia<\/p>\n\n\n\n<p>Obras montadas:<\/p>\n\n\n\n<p>\u201cMurga\u201d de Ana Barletta (Estreno 24\/08\/2018)<\/p>\n\n\n\n<p>\u201cAlgo que no era\u201d de Pablo Quiroga (Estreno 14\/08\/2019)<\/p>\n\n\n\n<p>IMAGEN<\/p>\n\n\n\n<p>Integrantes: Tulio Hajos, Ray\u00e9n Calf\u00fa, Ayel\u00e9n Painebilo, Elunei Beltr\u00e1n, Sof\u00eda Elizalde, Bel\u00e9n Bijarra, Julia Verussa (desde julio de 2022).<\/p>\n\n\n\n<p>Directora: Sofy Avila<\/p>\n\n\n\n<p>Obras montadas:&nbsp;<\/p>\n\n\n\n<p>\u201cEl Mirlo Bolichecheno canta hasta quedar af\u00f3nico\u201d de Fernando Avila (Estreno: 01\/12\/2021)<\/p>\n\n\n\n<p>\u201cGrotesco Kerm\u00e9s\u201d de Sofy Avila (Estreno: 21\/09\/2022)<\/p>\n\n\n\n<hr class=\"wp-block-separator has-alpha-channel-opacity\"\/>\n\n\n\n<h2 class=\"wp-block-heading\" id=\"redes-sociales\">Redes sociales<\/h2>\n\n\n\n<p><\/p>\n\n\n\n<hr class=\"wp-block-separator has-alpha-channel-opacity\"\/>\n\n\n<div class=\"wp-block-image\">\n<figure class=\"aligncenter size-full is-resized\"><a href=\"https:\/\/esba-nqn.infd.edu.ar\/sitio\/\"><img decoding=\"async\" loading=\"lazy\" src=\"https:\/\/esba-nqn.infd.edu.ar\/sitio\/wp-content\/uploads\/2024\/05\/Talleres_Boton_Home.png\" alt=\"\" class=\"wp-image-6364\" width=\"44\" height=\"44\" srcset=\"https:\/\/esba-nqn.infd.edu.ar\/sitio\/wp-content\/uploads\/2024\/05\/Talleres_Boton_Home.png 512w, https:\/\/esba-nqn.infd.edu.ar\/sitio\/wp-content\/uploads\/2024\/05\/Talleres_Boton_Home-500x500.png 500w\" sizes=\"(max-width: 44px) 100vw, 44px\" \/><\/a><\/figure><\/div>","protected":false},"excerpt":{"rendered":"<p>El Elenco Escuela de la ESBA tiene como finalidad difundir el lenguaje teatral hacia toda la comunidad y fortalecer el desarrollo de la formaci\u00f3n espec\u00edfica de las carreras de Teatro, Artes Visuales y Folklore. Est\u00e1 integrado por un\/a director\/a y seis actrices\/actores que se renuevan cada dos a\u00f1os a trav\u00e9s de un concurso p\u00fablico de &#8230; <a title=\"Elenco estable de la ESBA\" class=\"read-more\" href=\"https:\/\/esba-nqn.infd.edu.ar\/sitio\/elenco-escuela\/\" aria-label=\"More on Elenco estable de la ESBA\">[+]<\/a><\/p>\n","protected":false},"author":2644,"featured_media":0,"parent":0,"menu_order":0,"comment_status":"closed","ping_status":"closed","template":"","meta":[],"acf":[],"_links":{"self":[{"href":"https:\/\/esba-nqn.infd.edu.ar\/sitio\/wp-json\/wp\/v2\/pages\/6861"}],"collection":[{"href":"https:\/\/esba-nqn.infd.edu.ar\/sitio\/wp-json\/wp\/v2\/pages"}],"about":[{"href":"https:\/\/esba-nqn.infd.edu.ar\/sitio\/wp-json\/wp\/v2\/types\/page"}],"author":[{"embeddable":true,"href":"https:\/\/esba-nqn.infd.edu.ar\/sitio\/wp-json\/wp\/v2\/users\/2644"}],"replies":[{"embeddable":true,"href":"https:\/\/esba-nqn.infd.edu.ar\/sitio\/wp-json\/wp\/v2\/comments?post=6861"}],"version-history":[{"count":12,"href":"https:\/\/esba-nqn.infd.edu.ar\/sitio\/wp-json\/wp\/v2\/pages\/6861\/revisions"}],"predecessor-version":[{"id":7167,"href":"https:\/\/esba-nqn.infd.edu.ar\/sitio\/wp-json\/wp\/v2\/pages\/6861\/revisions\/7167"}],"wp:attachment":[{"href":"https:\/\/esba-nqn.infd.edu.ar\/sitio\/wp-json\/wp\/v2\/media?parent=6861"}],"curies":[{"name":"wp","href":"https:\/\/api.w.org\/{rel}","templated":true}]}}